{"id":29825,"date":"2025-07-30T11:25:28","date_gmt":"2025-07-30T11:25:28","guid":{"rendered":"https:\/\/floristeriasantibella.com\/?page_id=29825"},"modified":"2025-08-28T23:26:04","modified_gmt":"2025-08-28T23:26:04","slug":"compra-desde-el-exterior","status":"publish","type":"page","link":"https:\/\/floristeriasantibella.com\/en\/compra-desde-el-exterior\/","title":{"rendered":"Enviar flores a Medell\u00edn desde el exterior"},"content":{"rendered":"<p>\u00bfVives fuera de Colombia? Compra aqu\u00ed y nosotros entregamos tus flores hoy en Medell\u00edn y municipios cercanos. Pago internacional seguro, seguimiento por WhatsApp y <strong>foto de la entrega<\/strong>.<\/p>\n\n\n\n<h3 class=\"wp-block-heading\">Surprise from anywhere in the world.<\/h3>\n\n\n\n<p>At Santibella Florist, we make it possible for your love to cross borders. If you live outside Colombia and want to send flowers, breakfasts, or special gifts to Medell\u00edn, you're in the right place.<\/p>\n\n\n\n<figure class=\"wp-block-image aligncenter size-large\"><img fetchpriority=\"high\" decoding=\"async\" width=\"450\" height=\"800\" src=\"http:\/\/floristeriasantibella.com\/wp-content\/uploads\/2021\/10\/WhatsApp-Image-2025-07-31-at-4.02.27-PM-450x800.jpeg\" alt=\"\" class=\"wp-image-30097\" srcset=\"https:\/\/floristeriasantibella.com\/wp-content\/uploads\/2021\/10\/WhatsApp-Image-2025-07-31-at-4.02.27-PM-450x800.jpeg 450w, https:\/\/floristeriasantibella.com\/wp-content\/uploads\/2021\/10\/WhatsApp-Image-2025-07-31-at-4.02.27-PM-150x267.jpeg 150w, https:\/\/floristeriasantibella.com\/wp-content\/uploads\/2021\/10\/WhatsApp-Image-2025-07-31-at-4.02.27-PM-700x1245.jpeg 700w, https:\/\/floristeriasantibella.com\/wp-content\/uploads\/2021\/10\/WhatsApp-Image-2025-07-31-at-4.02.27-PM-169x300.jpeg 169w, https:\/\/floristeriasantibella.com\/wp-content\/uploads\/2021\/10\/WhatsApp-Image-2025-07-31-at-4.02.27-PM.jpeg 736w\" sizes=\"(max-width: 450px) 100vw, 450px\" \/><\/figure>\n\n\n\n<p><\/p>\n\n\n\n<h3 class=\"wp-block-heading\"> Where can you buy from?<\/h3>\n\n\n\n<p>We receive orders from:<\/p>\n\n\n\n<ul class=\"wp-block-list\">\n<li>United States \ud83c\uddfa\ud83c\uddf8<\/li>\n\n\n\n<li>Canada \ud83c\udde8\ud83c\udde6<\/li>\n\n\n\n<li>Spain \ud83c\uddea\ud83c\uddf8<\/li>\n\n\n\n<li>United Kingdom \ud83c\uddec\ud83c\udde7<\/li>\n\n\n\n<li>Germany, Switzerland, Italy, France \ud83c\uddea\ud83c\uddfa<\/li>\n\n\n\n<li>And any other country with international payment methods.<\/li>\n<\/ul>\n\n\n\n<figure class=\"wp-block-image aligncenter size-large\"><img decoding=\"async\" width=\"534\" height=\"800\" src=\"http:\/\/floristeriasantibella.com\/wp-content\/uploads\/2021\/10\/WhatsApp-Image-2025-07-31-at-3.56.26-PM-534x800.jpeg\" alt=\"\" class=\"wp-image-30096\" srcset=\"https:\/\/floristeriasantibella.com\/wp-content\/uploads\/2021\/10\/WhatsApp-Image-2025-07-31-at-3.56.26-PM-534x800.jpeg 534w, https:\/\/floristeriasantibella.com\/wp-content\/uploads\/2021\/10\/WhatsApp-Image-2025-07-31-at-3.56.26-PM-150x225.jpeg 150w, https:\/\/floristeriasantibella.com\/wp-content\/uploads\/2021\/10\/WhatsApp-Image-2025-07-31-at-3.56.26-PM-700x1049.jpeg 700w, https:\/\/floristeriasantibella.com\/wp-content\/uploads\/2021\/10\/WhatsApp-Image-2025-07-31-at-3.56.26-PM-200x300.jpeg 200w, https:\/\/floristeriasantibella.com\/wp-content\/uploads\/2021\/10\/WhatsApp-Image-2025-07-31-at-3.56.26-PM.jpeg 736w\" sizes=\"(max-width: 534px) 100vw, 534px\" \/><\/figure>\n\n\n\n<h3 class=\"wp-block-heading\">\ud83d\udcb3 Payment methods for international orders<\/h3>\n\n\n\n<p>We offer secure options so you can pay with peace of mind:<\/p>\n\n\n\n<ul class=\"wp-block-list\">\n<li>International credit cards (Visa, Mastercard, etc.)<\/li>\n\n\n\n<li>Transfers or digital platforms depending on your country.<\/li>\n\n\n\n<li>Personalized assistance via WhatsApp to help you step by step.<\/li>\n<\/ul>\n\n\n\n<figure class=\"wp-block-image aligncenter size-full\"><img decoding=\"async\" width=\"496\" height=\"503\" src=\"http:\/\/floristeriasantibella.com\/wp-content\/uploads\/2021\/10\/WhatsApp_Image_2025-07-31_at_3.55.50_PM-removebg-preview.png\" alt=\"\" class=\"wp-image-30120\" srcset=\"https:\/\/floristeriasantibella.com\/wp-content\/uploads\/2021\/10\/WhatsApp_Image_2025-07-31_at_3.55.50_PM-removebg-preview.png 496w, https:\/\/floristeriasantibella.com\/wp-content\/uploads\/2021\/10\/WhatsApp_Image_2025-07-31_at_3.55.50_PM-removebg-preview-150x152.png 150w, https:\/\/floristeriasantibella.com\/wp-content\/uploads\/2021\/10\/WhatsApp_Image_2025-07-31_at_3.55.50_PM-removebg-preview-296x300.png 296w, https:\/\/floristeriasantibella.com\/wp-content\/uploads\/2021\/10\/WhatsApp_Image_2025-07-31_at_3.55.50_PM-removebg-preview-430x436.png 430w\" sizes=\"(max-width: 496px) 100vw, 496px\" \/><\/figure>\n\n\n\n<h3 class=\"wp-block-heading\">\ud83d\udce6 Reliable Delivery in Medell\u00edn<\/h3>\n\n\n\n<ul class=\"wp-block-list\">\n<li>We deliver directly in Medell\u00edn and surrounding areas.<\/li>\n\n\n\n<li>Impeccable Presentation Guaranteed<\/li>\n\n\n\n<li>Same-day delivery is available depending on the time and product.<\/li>\n\n\n\n<li>Personalized delivery confirmation<\/li>\n<\/ul>\n\n\n\n<p>If you need advice, special quotes, or assistance with your purchase, write to us on WhatsApp. We will respond with the same warmth with which we prepare each arrangement.<\/p>\n\n\n\n<p><strong>Place your order today and make those who are far away feel close.<\/strong><br><\/p>\n\n\n\n<p>\ud83d\udcac <a href=\"https:\/\/wa.me\/573046833692\">Write to us on WhatsApp.<\/a>            \ud83d\uded2 <a href=\"http:\/\/href=&quot;https:\/\/floristeriasantibella.com\/tienda\/\">View Flower Catalog<\/a><\/p>\n\n\n\n<p><\/p>","protected":false},"excerpt":{"rendered":"<p>\u00bfVives fuera de Colombia? Compra aqu\u00ed y nosotros entregamos tus flores hoy en Medell\u00edn y municipios cercanos. Pago internacional seguro,<\/p>","protected":false},"author":3,"featured_media":30097,"parent":0,"menu_order":0,"comment_status":"closed","ping_status":"closed","template":"","meta":{"footnotes":""},"class_list":["post-29825","page","type-page","status-publish","has-post-thumbnail","hentry"],"yoast_head":"<!-- This site is optimized with the Yoast SEO plugin v25.3.1 - https:\/\/yoast.com\/wordpress\/plugins\/seo\/ -->\n<title>Enviar flores a Medell\u00edn desde el exterior - Floristeria Santibella<\/title>\n<meta name=\"robots\" content=\"index, follow, max-snippet:-1, max-image-preview:large, max-video-preview:-1\" \/>\n<link rel=\"canonical\" href=\"https:\/\/floristeriasantibella.com\/en\/compra-desde-el-exterior\/\" \/>\n<meta property=\"og:locale\" content=\"en_US\" \/>\n<meta property=\"og:type\" content=\"article\" \/>\n<meta property=\"og:title\" content=\"Enviar flores a Medell\u00edn desde el exterior - Floristeria Santibella\" \/>\n<meta property=\"og:description\" content=\"\u00bfVives fuera de Colombia? Compra aqu\u00ed y nosotros entregamos tus flores hoy en Medell\u00edn y municipios cercanos. Pago internacional seguro,\" \/>\n<meta property=\"og:url\" content=\"https:\/\/floristeriasantibella.com\/en\/compra-desde-el-exterior\/\" \/>\n<meta property=\"og:site_name\" content=\"Floristeria Santibella\" \/>\n<meta property=\"article:modified_time\" content=\"2025-08-28T23:26:04+00:00\" \/>\n<meta property=\"og:image\" content=\"https:\/\/floristeriasantibella.com\/wp-content\/uploads\/2021\/10\/WhatsApp-Image-2025-07-31-at-4.02.27-PM.jpeg\" \/>\n\t<meta property=\"og:image:width\" content=\"736\" \/>\n\t<meta property=\"og:image:height\" content=\"1309\" \/>\n\t<meta property=\"og:image:type\" content=\"image\/jpeg\" \/>\n<meta name=\"twitter:card\" content=\"summary_large_image\" \/>\n<meta name=\"twitter:label1\" content=\"Est. reading time\" \/>\n\t<meta name=\"twitter:data1\" content=\"2 minutes\" \/>\n<script type=\"application\/ld+json\" class=\"yoast-schema-graph\">{\"@context\":\"https:\/\/schema.org\",\"@graph\":[{\"@type\":\"WebPage\",\"@id\":\"https:\/\/floristeriasantibella.com\/compra-desde-el-exterior\/\",\"url\":\"https:\/\/floristeriasantibella.com\/compra-desde-el-exterior\/\",\"name\":\"Enviar flores a Medell\u00edn desde el exterior - Floristeria Santibella\",\"isPartOf\":{\"@id\":\"https:\/\/floristeriasantibella.com\/#website\"},\"primaryImageOfPage\":{\"@id\":\"https:\/\/floristeriasantibella.com\/compra-desde-el-exterior\/#primaryimage\"},\"image\":{\"@id\":\"https:\/\/floristeriasantibella.com\/compra-desde-el-exterior\/#primaryimage\"},\"thumbnailUrl\":\"https:\/\/floristeriasantibella.com\/wp-content\/uploads\/2021\/10\/WhatsApp-Image-2025-07-31-at-4.02.27-PM.jpeg\",\"datePublished\":\"2025-07-30T11:25:28+00:00\",\"dateModified\":\"2025-08-28T23:26:04+00:00\",\"breadcrumb\":{\"@id\":\"https:\/\/floristeriasantibella.com\/compra-desde-el-exterior\/#breadcrumb\"},\"inLanguage\":\"en-US\",\"potentialAction\":[{\"@type\":\"ReadAction\",\"target\":[\"https:\/\/floristeriasantibella.com\/compra-desde-el-exterior\/\"]}]},{\"@type\":\"ImageObject\",\"inLanguage\":\"en-US\",\"@id\":\"https:\/\/floristeriasantibella.com\/compra-desde-el-exterior\/#primaryimage\",\"url\":\"https:\/\/floristeriasantibella.com\/wp-content\/uploads\/2021\/10\/WhatsApp-Image-2025-07-31-at-4.02.27-PM.jpeg\",\"contentUrl\":\"https:\/\/floristeriasantibella.com\/wp-content\/uploads\/2021\/10\/WhatsApp-Image-2025-07-31-at-4.02.27-PM.jpeg\",\"width\":736,\"height\":1309},{\"@type\":\"BreadcrumbList\",\"@id\":\"https:\/\/floristeriasantibella.com\/compra-desde-el-exterior\/#breadcrumb\",\"itemListElement\":[{\"@type\":\"ListItem\",\"position\":1,\"name\":\"Home\",\"item\":\"https:\/\/floristeriasantibella.com\/\"},{\"@type\":\"ListItem\",\"position\":2,\"name\":\"Enviar flores a Medell\u00edn desde el exterior\"}]},{\"@type\":\"WebSite\",\"@id\":\"https:\/\/floristeriasantibella.com\/#website\",\"url\":\"https:\/\/floristeriasantibella.com\/\",\"name\":\"Floristeria Santibella\",\"description\":\"Env\u00eda flores a Medell\u00edn desde cualquier parte del mundo. Entregas r\u00e1pidas, dise\u00f1os personalizados y atenci\u00f3n de calidad. \u00a1Compra ahora online!\",\"publisher\":{\"@id\":\"https:\/\/floristeriasantibella.com\/#organization\"},\"potentialAction\":[{\"@type\":\"SearchAction\",\"target\":{\"@type\":\"EntryPoint\",\"urlTemplate\":\"https:\/\/floristeriasantibella.com\/?s={search_term_string}\"},\"query-input\":{\"@type\":\"PropertyValueSpecification\",\"valueRequired\":true,\"valueName\":\"search_term_string\"}}],\"inLanguage\":\"en-US\"},{\"@type\":\"Organization\",\"@id\":\"https:\/\/floristeriasantibella.com\/#organization\",\"name\":\"Floristeria Santibella\",\"url\":\"https:\/\/floristeriasantibella.com\/\",\"logo\":{\"@type\":\"ImageObject\",\"inLanguage\":\"en-US\",\"@id\":\"https:\/\/floristeriasantibella.com\/#\/schema\/logo\/image\/\",\"url\":\"http:\/\/floristeriasantibella.com\/wp-content\/uploads\/2025\/07\/LOGO-SANTIBELLA-03.png\",\"contentUrl\":\"http:\/\/floristeriasantibella.com\/wp-content\/uploads\/2025\/07\/LOGO-SANTIBELLA-03.png\",\"width\":1080,\"height\":1080,\"caption\":\"Floristeria Santibella\"},\"image\":{\"@id\":\"https:\/\/floristeriasantibella.com\/#\/schema\/logo\/image\/\"}}]}<\/script>\n<!-- \/ Yoast SEO plugin. -->","yoast_head_json":{"title":"Enviar flores a Medell\u00edn desde el exterior - Floristeria Santibella","robots":{"index":"index","follow":"follow","max-snippet":"max-snippet:-1","max-image-preview":"max-image-preview:large","max-video-preview":"max-video-preview:-1"},"canonical":"https:\/\/floristeriasantibella.com\/en\/compra-desde-el-exterior\/","og_locale":"en_US","og_type":"article","og_title":"Enviar flores a Medell\u00edn desde el exterior - Floristeria Santibella","og_description":"\u00bfVives fuera de Colombia? Compra aqu\u00ed y nosotros entregamos tus flores hoy en Medell\u00edn y municipios cercanos. Pago internacional seguro,","og_url":"https:\/\/floristeriasantibella.com\/en\/compra-desde-el-exterior\/","og_site_name":"Floristeria Santibella","article_modified_time":"2025-08-28T23:26:04+00:00","og_image":[{"width":736,"height":1309,"url":"https:\/\/floristeriasantibella.com\/wp-content\/uploads\/2021\/10\/WhatsApp-Image-2025-07-31-at-4.02.27-PM.jpeg","type":"image\/jpeg"}],"twitter_card":"summary_large_image","twitter_misc":{"Est. reading time":"2 minutes"},"schema":{"@context":"https:\/\/schema.org","@graph":[{"@type":"WebPage","@id":"https:\/\/floristeriasantibella.com\/compra-desde-el-exterior\/","url":"https:\/\/floristeriasantibella.com\/compra-desde-el-exterior\/","name":"Enviar flores a Medell\u00edn desde el exterior - Floristeria Santibella","isPartOf":{"@id":"https:\/\/floristeriasantibella.com\/#website"},"primaryImageOfPage":{"@id":"https:\/\/floristeriasantibella.com\/compra-desde-el-exterior\/#primaryimage"},"image":{"@id":"https:\/\/floristeriasantibella.com\/compra-desde-el-exterior\/#primaryimage"},"thumbnailUrl":"https:\/\/floristeriasantibella.com\/wp-content\/uploads\/2021\/10\/WhatsApp-Image-2025-07-31-at-4.02.27-PM.jpeg","datePublished":"2025-07-30T11:25:28+00:00","dateModified":"2025-08-28T23:26:04+00:00","breadcrumb":{"@id":"https:\/\/floristeriasantibella.com\/compra-desde-el-exterior\/#breadcrumb"},"inLanguage":"en-US","potentialAction":[{"@type":"ReadAction","target":["https:\/\/floristeriasantibella.com\/compra-desde-el-exterior\/"]}]},{"@type":"ImageObject","inLanguage":"en-US","@id":"https:\/\/floristeriasantibella.com\/compra-desde-el-exterior\/#primaryimage","url":"https:\/\/floristeriasantibella.com\/wp-content\/uploads\/2021\/10\/WhatsApp-Image-2025-07-31-at-4.02.27-PM.jpeg","contentUrl":"https:\/\/floristeriasantibella.com\/wp-content\/uploads\/2021\/10\/WhatsApp-Image-2025-07-31-at-4.02.27-PM.jpeg","width":736,"height":1309},{"@type":"BreadcrumbList","@id":"https:\/\/floristeriasantibella.com\/compra-desde-el-exterior\/#breadcrumb","itemListElement":[{"@type":"ListItem","position":1,"name":"Home","item":"https:\/\/floristeriasantibella.com\/"},{"@type":"ListItem","position":2,"name":"Enviar flores a Medell\u00edn desde el exterior"}]},{"@type":"WebSite","@id":"https:\/\/floristeriasantibella.com\/#website","url":"https:\/\/floristeriasantibella.com\/","name":"Floristeria Santibella","description":"Env\u00eda flores a Medell\u00edn desde cualquier parte del mundo. Entregas r\u00e1pidas, dise\u00f1os personalizados y atenci\u00f3n de calidad. \u00a1Compra ahora online!","publisher":{"@id":"https:\/\/floristeriasantibella.com\/#organization"},"potentialAction":[{"@type":"SearchAction","target":{"@type":"EntryPoint","urlTemplate":"https:\/\/floristeriasantibella.com\/?s={search_term_string}"},"query-input":{"@type":"PropertyValueSpecification","valueRequired":true,"valueName":"search_term_string"}}],"inLanguage":"en-US"},{"@type":"Organization","@id":"https:\/\/floristeriasantibella.com\/#organization","name":"Floristeria Santibella","url":"https:\/\/floristeriasantibella.com\/","logo":{"@type":"ImageObject","inLanguage":"en-US","@id":"https:\/\/floristeriasantibella.com\/#\/schema\/logo\/image\/","url":"http:\/\/floristeriasantibella.com\/wp-content\/uploads\/2025\/07\/LOGO-SANTIBELLA-03.png","contentUrl":"http:\/\/floristeriasantibella.com\/wp-content\/uploads\/2025\/07\/LOGO-SANTIBELLA-03.png","width":1080,"height":1080,"caption":"Floristeria Santibella"},"image":{"@id":"https:\/\/floristeriasantibella.com\/#\/schema\/logo\/image\/"}}]}},"jetpack_sharing_enabled":true,"_links":{"self":[{"href":"https:\/\/floristeriasantibella.com\/en\/wp-json\/wp\/v2\/pages\/29825","targetHints":{"allow":["GET"]}}],"collection":[{"href":"https:\/\/floristeriasantibella.com\/en\/wp-json\/wp\/v2\/pages"}],"about":[{"href":"https:\/\/floristeriasantibella.com\/en\/wp-json\/wp\/v2\/types\/page"}],"author":[{"embeddable":true,"href":"https:\/\/floristeriasantibella.com\/en\/wp-json\/wp\/v2\/users\/3"}],"replies":[{"embeddable":true,"href":"https:\/\/floristeriasantibella.com\/en\/wp-json\/wp\/v2\/comments?post=29825"}],"version-history":[{"count":6,"href":"https:\/\/floristeriasantibella.com\/en\/wp-json\/wp\/v2\/pages\/29825\/revisions"}],"predecessor-version":[{"id":30998,"href":"https:\/\/floristeriasantibella.com\/en\/wp-json\/wp\/v2\/pages\/29825\/revisions\/30998"}],"wp:featuredmedia":[{"embeddable":true,"href":"https:\/\/floristeriasantibella.com\/en\/wp-json\/wp\/v2\/media\/30097"}],"wp:attachment":[{"href":"https:\/\/floristeriasantibella.com\/en\/wp-json\/wp\/v2\/media?parent=29825"}],"curies":[{"name":"wp","href":"https:\/\/api.w.org\/{rel}","templated":true}]}}