{"id":29102,"date":"2025-07-29T12:27:40","date_gmt":"2025-07-29T12:27:40","guid":{"rendered":"https:\/\/floristeriasantibella.com\/?post_type=product&#038;p=29102"},"modified":"2026-04-14T15:18:27","modified_gmt":"2026-04-14T15:18:27","slug":"bouquet-ensueno","status":"publish","type":"product","link":"https:\/\/floristeriasantibella.com\/en\/product\/bouquet-ensueno\/","title":{"rendered":"Rosas fucsias y rosadas Ramo de ensue\u00f1o"},"content":{"rendered":"<p>Un bouquet de 72 rosas en tonos fucsia y rosado decorado con papel importado, mensaje personalizado. Su vibrante combinaci\u00f3n de colores y detalles hacen de este dise\u00f1o una muestra de amor, pasi\u00f3n y ternura. Este dise\u00f1o incluye mec\u00e1nica de base que mantiene la flor hidratada.<\/p>\n<p><span data-sheets-root=\"1\">\u00a0<\/span><\/p>","protected":false},"excerpt":{"rendered":"<p>Un bouquet de 72 rosas en tonos fucsia y rosado decorado con papel importado, mensaje personalizado. Su vibrante combinaci\u00f3n de colores y detalles hacen de este dise\u00f1o una muestra de amor, pasi\u00f3n y ternura. Este dise\u00f1o incluye mec\u00e1nica de base que mantiene la flor hidratada.<\/p>\n<p><span data-sheets-root=\"1\">\u00a0<\/span><\/p>","protected":false},"featured_media":30673,"comment_status":"open","ping_status":"closed","template":"","meta":[],"product_brand":[123],"product_cat":[122,73,74,78],"product_tag":[],"class_list":{"0":"post-29102","1":"product","2":"type-product","3":"status-publish","4":"has-post-thumbnail","6":"product_brand-floristeria-santibella","7":"product_cat-amor-y-amistad","8":"product_cat-amor-y-aniversario","9":"product_cat-cumpleanos","10":"product_cat-san-valentin","12":"first","13":"instock","14":"shipping-taxable","15":"purchasable","16":"product-type-simple"},"yoast_head":"<!-- This site is optimized with the Yoast SEO plugin v25.3.1 - https:\/\/yoast.com\/wordpress\/plugins\/seo\/ -->\n<title>Rosas fucsias y rosadas Ramo de ensue\u00f1o - Floristeria Santibella<\/title>\n<meta name=\"description\" content=\"Un bouquet de 100 rosas en tonos fucsia y rosado decorado con papel importado, mensaje personalizado.Su vibrante combinaci\u00f3n de colores y detalles hacen de este dise\u00f1o una muestra de amor, pasi\u00f3n y ternura. Este dise\u00f1o incluye mec\u00e1nica de base que mantiene la flor hidratada.\" \/>\n<meta name=\"robots\" content=\"index, follow, max-snippet:-1, max-image-preview:large, max-video-preview:-1\" \/>\n<link rel=\"canonical\" href=\"https:\/\/floristeriasantibella.com\/en\/product\/bouquet-ensueno\/\" \/>\n<meta property=\"og:locale\" content=\"en_US\" \/>\n<meta property=\"og:type\" content=\"article\" \/>\n<meta property=\"og:title\" content=\"Rosas fucsias y rosadas Ramo de ensue\u00f1o - Floristeria Santibella\" \/>\n<meta property=\"og:description\" content=\"Un bouquet de 100 rosas en tonos fucsia y rosado decorado con papel importado, mensaje personalizado.Su vibrante combinaci\u00f3n de colores y detalles hacen de este dise\u00f1o una muestra de amor, pasi\u00f3n y ternura. Este dise\u00f1o incluye mec\u00e1nica de base que mantiene la flor hidratada.\" \/>\n<meta property=\"og:url\" content=\"https:\/\/floristeriasantibella.com\/en\/product\/bouquet-ensueno\/\" \/>\n<meta property=\"og:site_name\" content=\"Floristeria Santibella\" \/>\n<meta property=\"article:modified_time\" content=\"2026-04-14T15:18:27+00:00\" \/>\n<meta property=\"og:image\" content=\"https:\/\/floristeriasantibella.com\/wp-content\/uploads\/2025\/07\/15-4.png\" \/>\n\t<meta property=\"og:image:width\" content=\"1500\" \/>\n\t<meta property=\"og:image:height\" content=\"1500\" \/>\n\t<meta property=\"og:image:type\" content=\"image\/png\" \/>\n<meta name=\"twitter:card\" content=\"summary_large_image\" \/>\n<meta name=\"twitter:label1\" content=\"Est. reading time\" \/>\n\t<meta name=\"twitter:data1\" content=\"1 minute\" \/>\n<script type=\"application\/ld+json\" class=\"yoast-schema-graph\">{\"@context\":\"https:\/\/schema.org\",\"@graph\":[{\"@type\":\"WebPage\",\"@id\":\"https:\/\/floristeriasantibella.com\/producto\/bouquet-ensueno\/\",\"url\":\"https:\/\/floristeriasantibella.com\/producto\/bouquet-ensueno\/\",\"name\":\"Rosas fucsias y rosadas Ramo de ensue\u00f1o - Floristeria Santibella\",\"isPartOf\":{\"@id\":\"https:\/\/floristeriasantibella.com\/#website\"},\"primaryImageOfPage\":{\"@id\":\"https:\/\/floristeriasantibella.com\/producto\/bouquet-ensueno\/#primaryimage\"},\"image\":{\"@id\":\"https:\/\/floristeriasantibella.com\/producto\/bouquet-ensueno\/#primaryimage\"},\"thumbnailUrl\":\"https:\/\/floristeriasantibella.com\/wp-content\/uploads\/2025\/07\/15-4.png\",\"datePublished\":\"2025-07-29T12:27:40+00:00\",\"dateModified\":\"2026-04-14T15:18:27+00:00\",\"description\":\"Un bouquet de 100 rosas en tonos fucsia y rosado decorado con papel importado, mensaje personalizado.Su vibrante combinaci\u00f3n de colores y detalles hacen de este dise\u00f1o una muestra de amor, pasi\u00f3n y ternura. Este dise\u00f1o incluye mec\u00e1nica de base que mantiene la flor hidratada.\",\"breadcrumb\":{\"@id\":\"https:\/\/floristeriasantibella.com\/producto\/bouquet-ensueno\/#breadcrumb\"},\"inLanguage\":\"en-US\",\"potentialAction\":[{\"@type\":\"ReadAction\",\"target\":[\"https:\/\/floristeriasantibella.com\/producto\/bouquet-ensueno\/\"]}]},{\"@type\":\"ImageObject\",\"inLanguage\":\"en-US\",\"@id\":\"https:\/\/floristeriasantibella.com\/producto\/bouquet-ensueno\/#primaryimage\",\"url\":\"https:\/\/floristeriasantibella.com\/wp-content\/uploads\/2025\/07\/15-4.png\",\"contentUrl\":\"https:\/\/floristeriasantibella.com\/wp-content\/uploads\/2025\/07\/15-4.png\",\"width\":1500,\"height\":1500},{\"@type\":\"BreadcrumbList\",\"@id\":\"https:\/\/floristeriasantibella.com\/producto\/bouquet-ensueno\/#breadcrumb\",\"itemListElement\":[{\"@type\":\"ListItem\",\"position\":1,\"name\":\"Home\",\"item\":\"https:\/\/floristeriasantibella.com\/\"},{\"@type\":\"ListItem\",\"position\":2,\"name\":\"Tienda\",\"item\":\"https:\/\/floristeriasantibella.com\/tienda\/\"},{\"@type\":\"ListItem\",\"position\":3,\"name\":\"Rosas fucsias y rosadas Ramo de ensue\u00f1o\"}]},{\"@type\":\"WebSite\",\"@id\":\"https:\/\/floristeriasantibella.com\/#website\",\"url\":\"https:\/\/floristeriasantibella.com\/\",\"name\":\"Floristeria Santibella\",\"description\":\"Env\u00eda flores a Medell\u00edn desde cualquier parte del mundo. Entregas r\u00e1pidas, dise\u00f1os personalizados y atenci\u00f3n de calidad. \u00a1Compra ahora online!\",\"publisher\":{\"@id\":\"https:\/\/floristeriasantibella.com\/#organization\"},\"potentialAction\":[{\"@type\":\"SearchAction\",\"target\":{\"@type\":\"EntryPoint\",\"urlTemplate\":\"https:\/\/floristeriasantibella.com\/?s={search_term_string}\"},\"query-input\":{\"@type\":\"PropertyValueSpecification\",\"valueRequired\":true,\"valueName\":\"search_term_string\"}}],\"inLanguage\":\"en-US\"},{\"@type\":\"Organization\",\"@id\":\"https:\/\/floristeriasantibella.com\/#organization\",\"name\":\"Floristeria Santibella\",\"url\":\"https:\/\/floristeriasantibella.com\/\",\"logo\":{\"@type\":\"ImageObject\",\"inLanguage\":\"en-US\",\"@id\":\"https:\/\/floristeriasantibella.com\/#\/schema\/logo\/image\/\",\"url\":\"http:\/\/floristeriasantibella.com\/wp-content\/uploads\/2025\/07\/LOGO-SANTIBELLA-03.png\",\"contentUrl\":\"http:\/\/floristeriasantibella.com\/wp-content\/uploads\/2025\/07\/LOGO-SANTIBELLA-03.png\",\"width\":1080,\"height\":1080,\"caption\":\"Floristeria Santibella\"},\"image\":{\"@id\":\"https:\/\/floristeriasantibella.com\/#\/schema\/logo\/image\/\"}}]}<\/script>\n<!-- \/ Yoast SEO plugin. -->","yoast_head_json":{"title":"Rosas fucsias y rosadas Ramo de ensue\u00f1o - Floristeria Santibella","description":"Un bouquet de 100 rosas en tonos fucsia y rosado decorado con papel importado, mensaje personalizado.Su vibrante combinaci\u00f3n de colores y detalles hacen de este dise\u00f1o una muestra de amor, pasi\u00f3n y ternura. Este dise\u00f1o incluye mec\u00e1nica de base que mantiene la flor hidratada.","robots":{"index":"index","follow":"follow","max-snippet":"max-snippet:-1","max-image-preview":"max-image-preview:large","max-video-preview":"max-video-preview:-1"},"canonical":"https:\/\/floristeriasantibella.com\/en\/product\/bouquet-ensueno\/","og_locale":"en_US","og_type":"article","og_title":"Rosas fucsias y rosadas Ramo de ensue\u00f1o - Floristeria Santibella","og_description":"Un bouquet de 100 rosas en tonos fucsia y rosado decorado con papel importado, mensaje personalizado.Su vibrante combinaci\u00f3n de colores y detalles hacen de este dise\u00f1o una muestra de amor, pasi\u00f3n y ternura. Este dise\u00f1o incluye mec\u00e1nica de base que mantiene la flor hidratada.","og_url":"https:\/\/floristeriasantibella.com\/en\/product\/bouquet-ensueno\/","og_site_name":"Floristeria Santibella","article_modified_time":"2026-04-14T15:18:27+00:00","og_image":[{"width":1500,"height":1500,"url":"https:\/\/floristeriasantibella.com\/wp-content\/uploads\/2025\/07\/15-4.png","type":"image\/png"}],"twitter_card":"summary_large_image","twitter_misc":{"Est. reading time":"1 minute"},"schema":{"@context":"https:\/\/schema.org","@graph":[{"@type":"WebPage","@id":"https:\/\/floristeriasantibella.com\/producto\/bouquet-ensueno\/","url":"https:\/\/floristeriasantibella.com\/producto\/bouquet-ensueno\/","name":"Rosas fucsias y rosadas Ramo de ensue\u00f1o - Floristeria Santibella","isPartOf":{"@id":"https:\/\/floristeriasantibella.com\/#website"},"primaryImageOfPage":{"@id":"https:\/\/floristeriasantibella.com\/producto\/bouquet-ensueno\/#primaryimage"},"image":{"@id":"https:\/\/floristeriasantibella.com\/producto\/bouquet-ensueno\/#primaryimage"},"thumbnailUrl":"https:\/\/floristeriasantibella.com\/wp-content\/uploads\/2025\/07\/15-4.png","datePublished":"2025-07-29T12:27:40+00:00","dateModified":"2026-04-14T15:18:27+00:00","description":"Un bouquet de 100 rosas en tonos fucsia y rosado decorado con papel importado, mensaje personalizado.Su vibrante combinaci\u00f3n de colores y detalles hacen de este dise\u00f1o una muestra de amor, pasi\u00f3n y ternura. Este dise\u00f1o incluye mec\u00e1nica de base que mantiene la flor hidratada.","breadcrumb":{"@id":"https:\/\/floristeriasantibella.com\/producto\/bouquet-ensueno\/#breadcrumb"},"inLanguage":"en-US","potentialAction":[{"@type":"ReadAction","target":["https:\/\/floristeriasantibella.com\/producto\/bouquet-ensueno\/"]}]},{"@type":"ImageObject","inLanguage":"en-US","@id":"https:\/\/floristeriasantibella.com\/producto\/bouquet-ensueno\/#primaryimage","url":"https:\/\/floristeriasantibella.com\/wp-content\/uploads\/2025\/07\/15-4.png","contentUrl":"https:\/\/floristeriasantibella.com\/wp-content\/uploads\/2025\/07\/15-4.png","width":1500,"height":1500},{"@type":"BreadcrumbList","@id":"https:\/\/floristeriasantibella.com\/producto\/bouquet-ensueno\/#breadcrumb","itemListElement":[{"@type":"ListItem","position":1,"name":"Home","item":"https:\/\/floristeriasantibella.com\/"},{"@type":"ListItem","position":2,"name":"Tienda","item":"https:\/\/floristeriasantibella.com\/tienda\/"},{"@type":"ListItem","position":3,"name":"Rosas fucsias y rosadas Ramo de ensue\u00f1o"}]},{"@type":"WebSite","@id":"https:\/\/floristeriasantibella.com\/#website","url":"https:\/\/floristeriasantibella.com\/","name":"Floristeria Santibella","description":"Env\u00eda flores a Medell\u00edn desde cualquier parte del mundo. Entregas r\u00e1pidas, dise\u00f1os personalizados y atenci\u00f3n de calidad. \u00a1Compra ahora online!","publisher":{"@id":"https:\/\/floristeriasantibella.com\/#organization"},"potentialAction":[{"@type":"SearchAction","target":{"@type":"EntryPoint","urlTemplate":"https:\/\/floristeriasantibella.com\/?s={search_term_string}"},"query-input":{"@type":"PropertyValueSpecification","valueRequired":true,"valueName":"search_term_string"}}],"inLanguage":"en-US"},{"@type":"Organization","@id":"https:\/\/floristeriasantibella.com\/#organization","name":"Floristeria Santibella","url":"https:\/\/floristeriasantibella.com\/","logo":{"@type":"ImageObject","inLanguage":"en-US","@id":"https:\/\/floristeriasantibella.com\/#\/schema\/logo\/image\/","url":"http:\/\/floristeriasantibella.com\/wp-content\/uploads\/2025\/07\/LOGO-SANTIBELLA-03.png","contentUrl":"http:\/\/floristeriasantibella.com\/wp-content\/uploads\/2025\/07\/LOGO-SANTIBELLA-03.png","width":1080,"height":1080,"caption":"Floristeria Santibella"},"image":{"@id":"https:\/\/floristeriasantibella.com\/#\/schema\/logo\/image\/"}}]}},"jetpack_sharing_enabled":true,"_links":{"self":[{"href":"https:\/\/floristeriasantibella.com\/en\/wp-json\/wp\/v2\/product\/29102","targetHints":{"allow":["GET"]}}],"collection":[{"href":"https:\/\/floristeriasantibella.com\/en\/wp-json\/wp\/v2\/product"}],"about":[{"href":"https:\/\/floristeriasantibella.com\/en\/wp-json\/wp\/v2\/types\/product"}],"replies":[{"embeddable":true,"href":"https:\/\/floristeriasantibella.com\/en\/wp-json\/wp\/v2\/comments?post=29102"}],"version-history":[{"count":3,"href":"https:\/\/floristeriasantibella.com\/en\/wp-json\/wp\/v2\/product\/29102\/revisions"}],"predecessor-version":[{"id":30672,"href":"https:\/\/floristeriasantibella.com\/en\/wp-json\/wp\/v2\/product\/29102\/revisions\/30672"}],"wp:featuredmedia":[{"embeddable":true,"href":"https:\/\/floristeriasantibella.com\/en\/wp-json\/wp\/v2\/media\/30673"}],"wp:attachment":[{"href":"https:\/\/floristeriasantibella.com\/en\/wp-json\/wp\/v2\/media?parent=29102"}],"wp:term":[{"taxonomy":"product_brand","embeddable":true,"href":"https:\/\/floristeriasantibella.com\/en\/wp-json\/wp\/v2\/product_brand?post=29102"},{"taxonomy":"product_cat","embeddable":true,"href":"https:\/\/floristeriasantibella.com\/en\/wp-json\/wp\/v2\/product_cat?post=29102"},{"taxonomy":"product_tag","embeddable":true,"href":"https:\/\/floristeriasantibella.com\/en\/wp-json\/wp\/v2\/product_tag?post=29102"}],"curies":[{"name":"wp","href":"https:\/\/api.w.org\/{rel}","templated":true}]}}