{"id":29264,"date":"2025-07-29T12:29:12","date_gmt":"2025-07-29T12:29:12","guid":{"rendered":"https:\/\/floristeriasantibella.com\/?post_type=product&#038;p=29264"},"modified":"2025-09-03T18:56:24","modified_gmt":"2025-09-03T18:56:24","slug":"bouquet-betsy","status":"publish","type":"product","link":"https:\/\/floristeriasantibella.com\/en\/product\/bouquet-betsy\/","title":{"rendered":"Peluche y rosas rojas betsy"},"content":{"rendered":"<p><span data-sheets-root=\"1\">Ramo de rosas con peluche elaborado con 75 rosas, peluche, mariposas, decorado con papel importado. Incluye tarjeta.Este dise\u00f1o incluye mec\u00e1nica de base que mantiene la flor hidratada no requiere florero.<\/span><\/p>","protected":false},"excerpt":{"rendered":"<p><span data-sheets-root=\"1\">Ramo de rosas con peluche elaborado con 75 rosas, peluche, mariposas, decorado con papel importado. Incluye tarjeta.Este dise\u00f1o incluye mec\u00e1nica de base que mantiene la flor hidratada no requiere florero.<\/span><\/p>","protected":false},"featured_media":29327,"comment_status":"open","ping_status":"closed","template":"","meta":[],"product_brand":[123],"product_cat":[122,74,75,78],"product_tag":[],"class_list":{"0":"post-29264","1":"product","2":"type-product","3":"status-publish","4":"has-post-thumbnail","6":"product_brand-floristeria-santibella","7":"product_cat-amor-y-amistad","8":"product_cat-cumpleanos","9":"product_cat-fechas-especiales","10":"product_cat-san-valentin","12":"first","13":"instock","14":"shipping-taxable","15":"purchasable","16":"product-type-simple"},"yoast_head":"<!-- This site is optimized with the Yoast SEO plugin v25.3.1 - https:\/\/yoast.com\/wordpress\/plugins\/seo\/ -->\n<title>Peluche y rosas rojas betsy - Floristeria Santibella<\/title>\n<meta name=\"description\" content=\"Sum\u00e9rgete en un mundo de amor y ternura con nuestro exquisito ramo de flores con peluche. Dise\u00f1o elaborado con 70 rosas, peluche, mariposas, decorado con papel importado. Incluye tarjeta.Este dise\u00f1o incluye mec\u00e1nica de base que mantiene la flor hidratada no requiere florero\" \/>\n<meta name=\"robots\" content=\"index, follow, max-snippet:-1, max-image-preview:large, max-video-preview:-1\" \/>\n<link rel=\"canonical\" href=\"https:\/\/floristeriasantibella.com\/en\/product\/bouquet-betsy\/\" \/>\n<meta property=\"og:locale\" content=\"en_US\" \/>\n<meta property=\"og:type\" content=\"article\" \/>\n<meta property=\"og:title\" content=\"Peluche y rosas rojas betsy - Floristeria Santibella\" \/>\n<meta property=\"og:description\" content=\"Sum\u00e9rgete en un mundo de amor y ternura con nuestro exquisito ramo de flores con peluche. Dise\u00f1o elaborado con 70 rosas, peluche, mariposas, decorado con papel importado. Incluye tarjeta.Este dise\u00f1o incluye mec\u00e1nica de base que mantiene la flor hidratada no requiere florero\" \/>\n<meta property=\"og:url\" content=\"https:\/\/floristeriasantibella.com\/en\/product\/bouquet-betsy\/\" \/>\n<meta property=\"og:site_name\" content=\"Floristeria Santibella\" \/>\n<meta property=\"article:modified_time\" content=\"2025-09-03T18:56:24+00:00\" \/>\n<meta property=\"og:image\" content=\"https:\/\/floristeriasantibella.com\/wp-content\/uploads\/2025\/07\/Bouquet-Betsy-.png\" \/>\n\t<meta property=\"og:image:width\" content=\"1200\" \/>\n\t<meta property=\"og:image:height\" content=\"1200\" \/>\n\t<meta property=\"og:image:type\" content=\"image\/png\" \/>\n<meta name=\"twitter:card\" content=\"summary_large_image\" \/>\n<meta name=\"twitter:label1\" content=\"Est. reading time\" \/>\n\t<meta name=\"twitter:data1\" content=\"1 minute\" \/>\n<script type=\"application\/ld+json\" class=\"yoast-schema-graph\">{\"@context\":\"https:\/\/schema.org\",\"@graph\":[{\"@type\":\"WebPage\",\"@id\":\"https:\/\/floristeriasantibella.com\/producto\/bouquet-betsy\/\",\"url\":\"https:\/\/floristeriasantibella.com\/producto\/bouquet-betsy\/\",\"name\":\"Peluche y rosas rojas betsy - Floristeria Santibella\",\"isPartOf\":{\"@id\":\"https:\/\/floristeriasantibella.com\/#website\"},\"primaryImageOfPage\":{\"@id\":\"https:\/\/floristeriasantibella.com\/producto\/bouquet-betsy\/#primaryimage\"},\"image\":{\"@id\":\"https:\/\/floristeriasantibella.com\/producto\/bouquet-betsy\/#primaryimage\"},\"thumbnailUrl\":\"https:\/\/floristeriasantibella.com\/wp-content\/uploads\/2025\/07\/Bouquet-Betsy-.png\",\"datePublished\":\"2025-07-29T12:29:12+00:00\",\"dateModified\":\"2025-09-03T18:56:24+00:00\",\"description\":\"Sum\u00e9rgete en un mundo de amor y ternura con nuestro exquisito ramo de flores con peluche. Dise\u00f1o elaborado con 70 rosas, peluche, mariposas, decorado con papel importado. Incluye tarjeta.Este dise\u00f1o incluye mec\u00e1nica de base que mantiene la flor hidratada no requiere florero\",\"breadcrumb\":{\"@id\":\"https:\/\/floristeriasantibella.com\/producto\/bouquet-betsy\/#breadcrumb\"},\"inLanguage\":\"en-US\",\"potentialAction\":[{\"@type\":\"ReadAction\",\"target\":[\"https:\/\/floristeriasantibella.com\/producto\/bouquet-betsy\/\"]}]},{\"@type\":\"ImageObject\",\"inLanguage\":\"en-US\",\"@id\":\"https:\/\/floristeriasantibella.com\/producto\/bouquet-betsy\/#primaryimage\",\"url\":\"https:\/\/floristeriasantibella.com\/wp-content\/uploads\/2025\/07\/Bouquet-Betsy-.png\",\"contentUrl\":\"https:\/\/floristeriasantibella.com\/wp-content\/uploads\/2025\/07\/Bouquet-Betsy-.png\",\"width\":1200,\"height\":1200},{\"@type\":\"BreadcrumbList\",\"@id\":\"https:\/\/floristeriasantibella.com\/producto\/bouquet-betsy\/#breadcrumb\",\"itemListElement\":[{\"@type\":\"ListItem\",\"position\":1,\"name\":\"Home\",\"item\":\"https:\/\/floristeriasantibella.com\/\"},{\"@type\":\"ListItem\",\"position\":2,\"name\":\"Tienda\",\"item\":\"https:\/\/floristeriasantibella.com\/tienda\/\"},{\"@type\":\"ListItem\",\"position\":3,\"name\":\"Peluche y rosas rojas betsy\"}]},{\"@type\":\"WebSite\",\"@id\":\"https:\/\/floristeriasantibella.com\/#website\",\"url\":\"https:\/\/floristeriasantibella.com\/\",\"name\":\"Floristeria Santibella\",\"description\":\"Env\u00eda flores a Medell\u00edn desde cualquier parte del mundo. Entregas r\u00e1pidas, dise\u00f1os personalizados y atenci\u00f3n de calidad. \u00a1Compra ahora online!\",\"publisher\":{\"@id\":\"https:\/\/floristeriasantibella.com\/#organization\"},\"potentialAction\":[{\"@type\":\"SearchAction\",\"target\":{\"@type\":\"EntryPoint\",\"urlTemplate\":\"https:\/\/floristeriasantibella.com\/?s={search_term_string}\"},\"query-input\":{\"@type\":\"PropertyValueSpecification\",\"valueRequired\":true,\"valueName\":\"search_term_string\"}}],\"inLanguage\":\"en-US\"},{\"@type\":\"Organization\",\"@id\":\"https:\/\/floristeriasantibella.com\/#organization\",\"name\":\"Floristeria Santibella\",\"url\":\"https:\/\/floristeriasantibella.com\/\",\"logo\":{\"@type\":\"ImageObject\",\"inLanguage\":\"en-US\",\"@id\":\"https:\/\/floristeriasantibella.com\/#\/schema\/logo\/image\/\",\"url\":\"http:\/\/floristeriasantibella.com\/wp-content\/uploads\/2025\/07\/LOGO-SANTIBELLA-03.png\",\"contentUrl\":\"http:\/\/floristeriasantibella.com\/wp-content\/uploads\/2025\/07\/LOGO-SANTIBELLA-03.png\",\"width\":1080,\"height\":1080,\"caption\":\"Floristeria Santibella\"},\"image\":{\"@id\":\"https:\/\/floristeriasantibella.com\/#\/schema\/logo\/image\/\"}}]}<\/script>\n<!-- \/ Yoast SEO plugin. -->","yoast_head_json":{"title":"Peluche y rosas rojas betsy - Floristeria Santibella","description":"Sum\u00e9rgete en un mundo de amor y ternura con nuestro exquisito ramo de flores con peluche. Dise\u00f1o elaborado con 70 rosas, peluche, mariposas, decorado con papel importado. Incluye tarjeta.Este dise\u00f1o incluye mec\u00e1nica de base que mantiene la flor hidratada no requiere florero","robots":{"index":"index","follow":"follow","max-snippet":"max-snippet:-1","max-image-preview":"max-image-preview:large","max-video-preview":"max-video-preview:-1"},"canonical":"https:\/\/floristeriasantibella.com\/en\/product\/bouquet-betsy\/","og_locale":"en_US","og_type":"article","og_title":"Peluche y rosas rojas betsy - Floristeria Santibella","og_description":"Sum\u00e9rgete en un mundo de amor y ternura con nuestro exquisito ramo de flores con peluche. Dise\u00f1o elaborado con 70 rosas, peluche, mariposas, decorado con papel importado. Incluye tarjeta.Este dise\u00f1o incluye mec\u00e1nica de base que mantiene la flor hidratada no requiere florero","og_url":"https:\/\/floristeriasantibella.com\/en\/product\/bouquet-betsy\/","og_site_name":"Floristeria Santibella","article_modified_time":"2025-09-03T18:56:24+00:00","og_image":[{"width":1200,"height":1200,"url":"https:\/\/floristeriasantibella.com\/wp-content\/uploads\/2025\/07\/Bouquet-Betsy-.png","type":"image\/png"}],"twitter_card":"summary_large_image","twitter_misc":{"Est. reading time":"1 minute"},"schema":{"@context":"https:\/\/schema.org","@graph":[{"@type":"WebPage","@id":"https:\/\/floristeriasantibella.com\/producto\/bouquet-betsy\/","url":"https:\/\/floristeriasantibella.com\/producto\/bouquet-betsy\/","name":"Peluche y rosas rojas betsy - Floristeria Santibella","isPartOf":{"@id":"https:\/\/floristeriasantibella.com\/#website"},"primaryImageOfPage":{"@id":"https:\/\/floristeriasantibella.com\/producto\/bouquet-betsy\/#primaryimage"},"image":{"@id":"https:\/\/floristeriasantibella.com\/producto\/bouquet-betsy\/#primaryimage"},"thumbnailUrl":"https:\/\/floristeriasantibella.com\/wp-content\/uploads\/2025\/07\/Bouquet-Betsy-.png","datePublished":"2025-07-29T12:29:12+00:00","dateModified":"2025-09-03T18:56:24+00:00","description":"Sum\u00e9rgete en un mundo de amor y ternura con nuestro exquisito ramo de flores con peluche. Dise\u00f1o elaborado con 70 rosas, peluche, mariposas, decorado con papel importado. Incluye tarjeta.Este dise\u00f1o incluye mec\u00e1nica de base que mantiene la flor hidratada no requiere florero","breadcrumb":{"@id":"https:\/\/floristeriasantibella.com\/producto\/bouquet-betsy\/#breadcrumb"},"inLanguage":"en-US","potentialAction":[{"@type":"ReadAction","target":["https:\/\/floristeriasantibella.com\/producto\/bouquet-betsy\/"]}]},{"@type":"ImageObject","inLanguage":"en-US","@id":"https:\/\/floristeriasantibella.com\/producto\/bouquet-betsy\/#primaryimage","url":"https:\/\/floristeriasantibella.com\/wp-content\/uploads\/2025\/07\/Bouquet-Betsy-.png","contentUrl":"https:\/\/floristeriasantibella.com\/wp-content\/uploads\/2025\/07\/Bouquet-Betsy-.png","width":1200,"height":1200},{"@type":"BreadcrumbList","@id":"https:\/\/floristeriasantibella.com\/producto\/bouquet-betsy\/#breadcrumb","itemListElement":[{"@type":"ListItem","position":1,"name":"Home","item":"https:\/\/floristeriasantibella.com\/"},{"@type":"ListItem","position":2,"name":"Tienda","item":"https:\/\/floristeriasantibella.com\/tienda\/"},{"@type":"ListItem","position":3,"name":"Peluche y rosas rojas betsy"}]},{"@type":"WebSite","@id":"https:\/\/floristeriasantibella.com\/#website","url":"https:\/\/floristeriasantibella.com\/","name":"Floristeria Santibella","description":"Env\u00eda flores a Medell\u00edn desde cualquier parte del mundo. Entregas r\u00e1pidas, dise\u00f1os personalizados y atenci\u00f3n de calidad. \u00a1Compra ahora online!","publisher":{"@id":"https:\/\/floristeriasantibella.com\/#organization"},"potentialAction":[{"@type":"SearchAction","target":{"@type":"EntryPoint","urlTemplate":"https:\/\/floristeriasantibella.com\/?s={search_term_string}"},"query-input":{"@type":"PropertyValueSpecification","valueRequired":true,"valueName":"search_term_string"}}],"inLanguage":"en-US"},{"@type":"Organization","@id":"https:\/\/floristeriasantibella.com\/#organization","name":"Floristeria Santibella","url":"https:\/\/floristeriasantibella.com\/","logo":{"@type":"ImageObject","inLanguage":"en-US","@id":"https:\/\/floristeriasantibella.com\/#\/schema\/logo\/image\/","url":"http:\/\/floristeriasantibella.com\/wp-content\/uploads\/2025\/07\/LOGO-SANTIBELLA-03.png","contentUrl":"http:\/\/floristeriasantibella.com\/wp-content\/uploads\/2025\/07\/LOGO-SANTIBELLA-03.png","width":1080,"height":1080,"caption":"Floristeria Santibella"},"image":{"@id":"https:\/\/floristeriasantibella.com\/#\/schema\/logo\/image\/"}}]}},"jetpack_sharing_enabled":true,"_links":{"self":[{"href":"https:\/\/floristeriasantibella.com\/en\/wp-json\/wp\/v2\/product\/29264","targetHints":{"allow":["GET"]}}],"collection":[{"href":"https:\/\/floristeriasantibella.com\/en\/wp-json\/wp\/v2\/product"}],"about":[{"href":"https:\/\/floristeriasantibella.com\/en\/wp-json\/wp\/v2\/types\/product"}],"replies":[{"embeddable":true,"href":"https:\/\/floristeriasantibella.com\/en\/wp-json\/wp\/v2\/comments?post=29264"}],"version-history":[{"count":3,"href":"https:\/\/floristeriasantibella.com\/en\/wp-json\/wp\/v2\/product\/29264\/revisions"}],"predecessor-version":[{"id":30659,"href":"https:\/\/floristeriasantibella.com\/en\/wp-json\/wp\/v2\/product\/29264\/revisions\/30659"}],"wp:featuredmedia":[{"embeddable":true,"href":"https:\/\/floristeriasantibella.com\/en\/wp-json\/wp\/v2\/media\/29327"}],"wp:attachment":[{"href":"https:\/\/floristeriasantibella.com\/en\/wp-json\/wp\/v2\/media?parent=29264"}],"wp:term":[{"taxonomy":"product_brand","embeddable":true,"href":"https:\/\/floristeriasantibella.com\/en\/wp-json\/wp\/v2\/product_brand?post=29264"},{"taxonomy":"product_cat","embeddable":true,"href":"https:\/\/floristeriasantibella.com\/en\/wp-json\/wp\/v2\/product_cat?post=29264"},{"taxonomy":"product_tag","embeddable":true,"href":"https:\/\/floristeriasantibella.com\/en\/wp-json\/wp\/v2\/product_tag?post=29264"}],"curies":[{"name":"wp","href":"https:\/\/api.w.org\/{rel}","templated":true}]}}