{"id":29272,"date":"2025-07-29T12:29:12","date_gmt":"2025-07-29T12:29:12","guid":{"rendered":"https:\/\/floristeriasantibella.com\/?post_type=product&#038;p=29272"},"modified":"2025-09-19T15:35:59","modified_gmt":"2025-09-19T15:35:59","slug":"oro-de-verano","status":"publish","type":"product","link":"https:\/\/floristeriasantibella.com\/en\/product\/oro-de-verano\/","title":{"rendered":"Ramo girasoles Oro de Verano"},"content":{"rendered":"<p>Ramo buchon de 40 girasoles, gitsofilias, 3 mariposas, envuelto en papel decorativo. Incluye tarjeta personalizada. Este dise\u00f1o incluye mec\u00e1nica de base que mantiene la flor hidratada. No requiere de florero. Ideal para cualquier ocasion especial. Incluye tarjeta personalizada y entrega a domicilio en Medell\u00edn y municipios cercanos.<\/p>","protected":false},"excerpt":{"rendered":"<p>Ramo buchon de 40 girasoles, gitsofilias, 3 mariposas, envuelto en papel decorativo. Incluye tarjeta personalizada. Este dise\u00f1o incluye mec\u00e1nica de base que mantiene la flor hidratada. No requiere de florero. Ideal para cualquier ocasion especial. Incluye tarjeta personalizada y entrega a domicilio en Medell\u00edn y municipios cercanos.<\/p>","protected":false},"featured_media":29351,"comment_status":"open","ping_status":"closed","template":"","meta":[],"product_brand":[123],"product_cat":[74],"product_tag":[],"class_list":{"0":"post-29272","1":"product","2":"type-product","3":"status-publish","4":"has-post-thumbnail","6":"product_brand-floristeria-santibella","7":"product_cat-cumpleanos","9":"first","10":"instock","11":"shipping-taxable","12":"purchasable","13":"product-type-simple"},"yoast_head":"<!-- This site is optimized with the Yoast SEO plugin v25.3.1 - https:\/\/yoast.com\/wordpress\/plugins\/seo\/ -->\n<title>Ramo girasoles Oro de Verano - Floristeria Santibella<\/title>\n<meta name=\"description\" content=\"Ramo buchon de 40 girasoles, gitsofilias, 3 mariposas, envuelto en papel decorativo. Incluye tarjeta personalizada. Este dise\u00f1o incluye mec\u00e1nica de base que mantiene la flor hidratada. No requiere de florero. Ideal para cualquier ocasion especial.\u00a0\" \/>\n<meta name=\"robots\" content=\"index, follow, max-snippet:-1, max-image-preview:large, max-video-preview:-1\" \/>\n<link rel=\"canonical\" href=\"https:\/\/floristeriasantibella.com\/en\/product\/oro-de-verano\/\" \/>\n<meta property=\"og:locale\" content=\"en_US\" \/>\n<meta property=\"og:type\" content=\"article\" \/>\n<meta property=\"og:title\" content=\"Ramo girasoles Oro de Verano - Floristeria Santibella\" \/>\n<meta property=\"og:description\" content=\"Ramo buchon de 40 girasoles, gitsofilias, 3 mariposas, envuelto en papel decorativo. Incluye tarjeta personalizada. Este dise\u00f1o incluye mec\u00e1nica de base que mantiene la flor hidratada. No requiere de florero. Ideal para cualquier ocasion especial.\u00a0\" \/>\n<meta property=\"og:url\" content=\"https:\/\/floristeriasantibella.com\/en\/product\/oro-de-verano\/\" \/>\n<meta property=\"og:site_name\" content=\"Floristeria Santibella\" \/>\n<meta property=\"article:modified_time\" content=\"2025-09-19T15:35:59+00:00\" \/>\n<meta property=\"og:image\" content=\"https:\/\/floristeriasantibella.com\/wp-content\/uploads\/2025\/07\/Oro-de-Verano.png\" \/>\n\t<meta property=\"og:image:width\" content=\"1200\" \/>\n\t<meta property=\"og:image:height\" content=\"1200\" \/>\n\t<meta property=\"og:image:type\" content=\"image\/png\" \/>\n<meta name=\"twitter:card\" content=\"summary_large_image\" \/>\n<meta name=\"twitter:label1\" content=\"Est. reading time\" \/>\n\t<meta name=\"twitter:data1\" content=\"1 minute\" \/>\n<script type=\"application\/ld+json\" class=\"yoast-schema-graph\">{\"@context\":\"https:\/\/schema.org\",\"@graph\":[{\"@type\":\"WebPage\",\"@id\":\"https:\/\/floristeriasantibella.com\/producto\/oro-de-verano\/\",\"url\":\"https:\/\/floristeriasantibella.com\/producto\/oro-de-verano\/\",\"name\":\"Ramo girasoles Oro de Verano - Floristeria Santibella\",\"isPartOf\":{\"@id\":\"https:\/\/floristeriasantibella.com\/#website\"},\"primaryImageOfPage\":{\"@id\":\"https:\/\/floristeriasantibella.com\/producto\/oro-de-verano\/#primaryimage\"},\"image\":{\"@id\":\"https:\/\/floristeriasantibella.com\/producto\/oro-de-verano\/#primaryimage\"},\"thumbnailUrl\":\"https:\/\/floristeriasantibella.com\/wp-content\/uploads\/2025\/07\/Oro-de-Verano.png\",\"datePublished\":\"2025-07-29T12:29:12+00:00\",\"dateModified\":\"2025-09-19T15:35:59+00:00\",\"description\":\"Ramo buchon de 40 girasoles, gitsofilias, 3 mariposas, envuelto en papel decorativo. Incluye tarjeta personalizada. Este dise\u00f1o incluye mec\u00e1nica de base que mantiene la flor hidratada. No requiere de florero. Ideal para cualquier ocasion especial.\u00a0\",\"breadcrumb\":{\"@id\":\"https:\/\/floristeriasantibella.com\/producto\/oro-de-verano\/#breadcrumb\"},\"inLanguage\":\"en-US\",\"potentialAction\":[{\"@type\":\"ReadAction\",\"target\":[\"https:\/\/floristeriasantibella.com\/producto\/oro-de-verano\/\"]}]},{\"@type\":\"ImageObject\",\"inLanguage\":\"en-US\",\"@id\":\"https:\/\/floristeriasantibella.com\/producto\/oro-de-verano\/#primaryimage\",\"url\":\"https:\/\/floristeriasantibella.com\/wp-content\/uploads\/2025\/07\/Oro-de-Verano.png\",\"contentUrl\":\"https:\/\/floristeriasantibella.com\/wp-content\/uploads\/2025\/07\/Oro-de-Verano.png\",\"width\":1200,\"height\":1200},{\"@type\":\"BreadcrumbList\",\"@id\":\"https:\/\/floristeriasantibella.com\/producto\/oro-de-verano\/#breadcrumb\",\"itemListElement\":[{\"@type\":\"ListItem\",\"position\":1,\"name\":\"Home\",\"item\":\"https:\/\/floristeriasantibella.com\/\"},{\"@type\":\"ListItem\",\"position\":2,\"name\":\"Tienda\",\"item\":\"https:\/\/floristeriasantibella.com\/tienda\/\"},{\"@type\":\"ListItem\",\"position\":3,\"name\":\"Ramo girasoles Oro de Verano\"}]},{\"@type\":\"WebSite\",\"@id\":\"https:\/\/floristeriasantibella.com\/#website\",\"url\":\"https:\/\/floristeriasantibella.com\/\",\"name\":\"Floristeria Santibella\",\"description\":\"Env\u00eda flores a Medell\u00edn desde cualquier parte del mundo. Entregas r\u00e1pidas, dise\u00f1os personalizados y atenci\u00f3n de calidad. \u00a1Compra ahora online!\",\"publisher\":{\"@id\":\"https:\/\/floristeriasantibella.com\/#organization\"},\"potentialAction\":[{\"@type\":\"SearchAction\",\"target\":{\"@type\":\"EntryPoint\",\"urlTemplate\":\"https:\/\/floristeriasantibella.com\/?s={search_term_string}\"},\"query-input\":{\"@type\":\"PropertyValueSpecification\",\"valueRequired\":true,\"valueName\":\"search_term_string\"}}],\"inLanguage\":\"en-US\"},{\"@type\":\"Organization\",\"@id\":\"https:\/\/floristeriasantibella.com\/#organization\",\"name\":\"Floristeria Santibella\",\"url\":\"https:\/\/floristeriasantibella.com\/\",\"logo\":{\"@type\":\"ImageObject\",\"inLanguage\":\"en-US\",\"@id\":\"https:\/\/floristeriasantibella.com\/#\/schema\/logo\/image\/\",\"url\":\"http:\/\/floristeriasantibella.com\/wp-content\/uploads\/2025\/07\/LOGO-SANTIBELLA-03.png\",\"contentUrl\":\"http:\/\/floristeriasantibella.com\/wp-content\/uploads\/2025\/07\/LOGO-SANTIBELLA-03.png\",\"width\":1080,\"height\":1080,\"caption\":\"Floristeria Santibella\"},\"image\":{\"@id\":\"https:\/\/floristeriasantibella.com\/#\/schema\/logo\/image\/\"}}]}<\/script>\n<!-- \/ Yoast SEO plugin. -->","yoast_head_json":{"title":"Ramo girasoles Oro de Verano - Floristeria Santibella","description":"Ramo buchon de 40 girasoles, gitsofilias, 3 mariposas, envuelto en papel decorativo. Incluye tarjeta personalizada. Este dise\u00f1o incluye mec\u00e1nica de base que mantiene la flor hidratada. No requiere de florero. Ideal para cualquier ocasion especial.\u00a0","robots":{"index":"index","follow":"follow","max-snippet":"max-snippet:-1","max-image-preview":"max-image-preview:large","max-video-preview":"max-video-preview:-1"},"canonical":"https:\/\/floristeriasantibella.com\/en\/product\/oro-de-verano\/","og_locale":"en_US","og_type":"article","og_title":"Ramo girasoles Oro de Verano - Floristeria Santibella","og_description":"Ramo buchon de 40 girasoles, gitsofilias, 3 mariposas, envuelto en papel decorativo. Incluye tarjeta personalizada. Este dise\u00f1o incluye mec\u00e1nica de base que mantiene la flor hidratada. No requiere de florero. Ideal para cualquier ocasion especial.\u00a0","og_url":"https:\/\/floristeriasantibella.com\/en\/product\/oro-de-verano\/","og_site_name":"Floristeria Santibella","article_modified_time":"2025-09-19T15:35:59+00:00","og_image":[{"width":1200,"height":1200,"url":"https:\/\/floristeriasantibella.com\/wp-content\/uploads\/2025\/07\/Oro-de-Verano.png","type":"image\/png"}],"twitter_card":"summary_large_image","twitter_misc":{"Est. reading time":"1 minute"},"schema":{"@context":"https:\/\/schema.org","@graph":[{"@type":"WebPage","@id":"https:\/\/floristeriasantibella.com\/producto\/oro-de-verano\/","url":"https:\/\/floristeriasantibella.com\/producto\/oro-de-verano\/","name":"Ramo girasoles Oro de Verano - Floristeria Santibella","isPartOf":{"@id":"https:\/\/floristeriasantibella.com\/#website"},"primaryImageOfPage":{"@id":"https:\/\/floristeriasantibella.com\/producto\/oro-de-verano\/#primaryimage"},"image":{"@id":"https:\/\/floristeriasantibella.com\/producto\/oro-de-verano\/#primaryimage"},"thumbnailUrl":"https:\/\/floristeriasantibella.com\/wp-content\/uploads\/2025\/07\/Oro-de-Verano.png","datePublished":"2025-07-29T12:29:12+00:00","dateModified":"2025-09-19T15:35:59+00:00","description":"Ramo buchon de 40 girasoles, gitsofilias, 3 mariposas, envuelto en papel decorativo. Incluye tarjeta personalizada. Este dise\u00f1o incluye mec\u00e1nica de base que mantiene la flor hidratada. No requiere de florero. Ideal para cualquier ocasion especial.\u00a0","breadcrumb":{"@id":"https:\/\/floristeriasantibella.com\/producto\/oro-de-verano\/#breadcrumb"},"inLanguage":"en-US","potentialAction":[{"@type":"ReadAction","target":["https:\/\/floristeriasantibella.com\/producto\/oro-de-verano\/"]}]},{"@type":"ImageObject","inLanguage":"en-US","@id":"https:\/\/floristeriasantibella.com\/producto\/oro-de-verano\/#primaryimage","url":"https:\/\/floristeriasantibella.com\/wp-content\/uploads\/2025\/07\/Oro-de-Verano.png","contentUrl":"https:\/\/floristeriasantibella.com\/wp-content\/uploads\/2025\/07\/Oro-de-Verano.png","width":1200,"height":1200},{"@type":"BreadcrumbList","@id":"https:\/\/floristeriasantibella.com\/producto\/oro-de-verano\/#breadcrumb","itemListElement":[{"@type":"ListItem","position":1,"name":"Home","item":"https:\/\/floristeriasantibella.com\/"},{"@type":"ListItem","position":2,"name":"Tienda","item":"https:\/\/floristeriasantibella.com\/tienda\/"},{"@type":"ListItem","position":3,"name":"Ramo girasoles Oro de Verano"}]},{"@type":"WebSite","@id":"https:\/\/floristeriasantibella.com\/#website","url":"https:\/\/floristeriasantibella.com\/","name":"Floristeria Santibella","description":"Env\u00eda flores a Medell\u00edn desde cualquier parte del mundo. Entregas r\u00e1pidas, dise\u00f1os personalizados y atenci\u00f3n de calidad. \u00a1Compra ahora online!","publisher":{"@id":"https:\/\/floristeriasantibella.com\/#organization"},"potentialAction":[{"@type":"SearchAction","target":{"@type":"EntryPoint","urlTemplate":"https:\/\/floristeriasantibella.com\/?s={search_term_string}"},"query-input":{"@type":"PropertyValueSpecification","valueRequired":true,"valueName":"search_term_string"}}],"inLanguage":"en-US"},{"@type":"Organization","@id":"https:\/\/floristeriasantibella.com\/#organization","name":"Floristeria Santibella","url":"https:\/\/floristeriasantibella.com\/","logo":{"@type":"ImageObject","inLanguage":"en-US","@id":"https:\/\/floristeriasantibella.com\/#\/schema\/logo\/image\/","url":"http:\/\/floristeriasantibella.com\/wp-content\/uploads\/2025\/07\/LOGO-SANTIBELLA-03.png","contentUrl":"http:\/\/floristeriasantibella.com\/wp-content\/uploads\/2025\/07\/LOGO-SANTIBELLA-03.png","width":1080,"height":1080,"caption":"Floristeria Santibella"},"image":{"@id":"https:\/\/floristeriasantibella.com\/#\/schema\/logo\/image\/"}}]}},"jetpack_sharing_enabled":true,"_links":{"self":[{"href":"https:\/\/floristeriasantibella.com\/en\/wp-json\/wp\/v2\/product\/29272","targetHints":{"allow":["GET"]}}],"collection":[{"href":"https:\/\/floristeriasantibella.com\/en\/wp-json\/wp\/v2\/product"}],"about":[{"href":"https:\/\/floristeriasantibella.com\/en\/wp-json\/wp\/v2\/types\/product"}],"replies":[{"embeddable":true,"href":"https:\/\/floristeriasantibella.com\/en\/wp-json\/wp\/v2\/comments?post=29272"}],"version-history":[{"count":2,"href":"https:\/\/floristeriasantibella.com\/en\/wp-json\/wp\/v2\/product\/29272\/revisions"}],"predecessor-version":[{"id":30738,"href":"https:\/\/floristeriasantibella.com\/en\/wp-json\/wp\/v2\/product\/29272\/revisions\/30738"}],"wp:featuredmedia":[{"embeddable":true,"href":"https:\/\/floristeriasantibella.com\/en\/wp-json\/wp\/v2\/media\/29351"}],"wp:attachment":[{"href":"https:\/\/floristeriasantibella.com\/en\/wp-json\/wp\/v2\/media?parent=29272"}],"wp:term":[{"taxonomy":"product_brand","embeddable":true,"href":"https:\/\/floristeriasantibella.com\/en\/wp-json\/wp\/v2\/product_brand?post=29272"},{"taxonomy":"product_cat","embeddable":true,"href":"https:\/\/floristeriasantibella.com\/en\/wp-json\/wp\/v2\/product_cat?post=29272"},{"taxonomy":"product_tag","embeddable":true,"href":"https:\/\/floristeriasantibella.com\/en\/wp-json\/wp\/v2\/product_tag?post=29272"}],"curies":[{"name":"wp","href":"https:\/\/api.w.org\/{rel}","templated":true}]}}