{"id":29274,"date":"2025-07-29T12:29:12","date_gmt":"2025-07-29T12:29:12","guid":{"rendered":"https:\/\/floristeriasantibella.com\/?post_type=product&#038;p=29274"},"modified":"2025-08-27T03:00:42","modified_gmt":"2025-08-27T03:00:42","slug":"reflejo-de-amor","status":"publish","type":"product","link":"https:\/\/floristeriasantibella.com\/en\/product\/reflejo-de-amor\/","title":{"rendered":"Rosas y claveles rosados Reflejo de Amor"},"content":{"rendered":"<p><span data-sheets-root=\"1\">Ramo floral compuesto por 50 rosas y\u00a0 20 claveles en tonos rosado, perfecto para expresar gratitud infinita a quien nos da todo su amor y sorprender en cualquier ocasion. Incluye tarjeta personalizada. Entrega a domicilio en Medell\u00edn y municipios cercanos.<\/span><\/p>","protected":false},"excerpt":{"rendered":"<p><span data-sheets-root=\"1\">Ramo floral compuesto por 50 rosas y\u00a0 20 claveles en tonos rosado, perfecto para expresar gratitud infinita a quien nos da todo su amor y sorprender en cualquier ocasion. Incluye tarjeta personalizada. Entrega a domicilio en Medell\u00edn y municipios cercanos.<\/span><\/p>","protected":false},"featured_media":30756,"comment_status":"open","ping_status":"closed","template":"","meta":[],"product_brand":[],"product_cat":[73,74,76,77],"product_tag":[],"class_list":{"0":"post-29274","1":"product","2":"type-product","3":"status-publish","4":"has-post-thumbnail","6":"product_cat-amor-y-aniversario","7":"product_cat-cumpleanos","8":"product_cat-dia-de-la-madre","9":"product_cat-dia-de-la-mujer","11":"first","12":"instock","13":"shipping-taxable","14":"purchasable","15":"product-type-simple"},"yoast_head":"<!-- This site is optimized with the Yoast SEO plugin v25.3.1 - https:\/\/yoast.com\/wordpress\/plugins\/seo\/ -->\n<title>Rosas y claveles rosados Reflejo de Amor - Floristeria Santibella<\/title>\n<meta name=\"description\" content=\"Ramo floral compuesto por 50 rosas y\u00a0 20 claveles en tonos rosado, perfecto para expresar gratitud infinita a quien nos da todo su amor y sorprender en cualquier ocasion.\" \/>\n<meta name=\"robots\" content=\"index, follow, max-snippet:-1, max-image-preview:large, max-video-preview:-1\" \/>\n<link rel=\"canonical\" href=\"https:\/\/floristeriasantibella.com\/en\/product\/reflejo-de-amor\/\" \/>\n<meta property=\"og:locale\" content=\"en_US\" \/>\n<meta property=\"og:type\" content=\"article\" \/>\n<meta property=\"og:title\" content=\"Rosas y claveles rosados Reflejo de Amor - Floristeria Santibella\" \/>\n<meta property=\"og:description\" content=\"Ramo floral compuesto por 50 rosas y\u00a0 20 claveles en tonos rosado, perfecto para expresar gratitud infinita a quien nos da todo su amor y sorprender en cualquier ocasion.\" \/>\n<meta property=\"og:url\" content=\"https:\/\/floristeriasantibella.com\/en\/product\/reflejo-de-amor\/\" \/>\n<meta property=\"og:site_name\" content=\"Floristeria Santibella\" \/>\n<meta property=\"article:modified_time\" content=\"2025-08-27T03:00:42+00:00\" \/>\n<meta property=\"og:image\" content=\"https:\/\/floristeriasantibella.com\/wp-content\/uploads\/2025\/07\/48.png\" \/>\n\t<meta property=\"og:image:width\" content=\"1350\" \/>\n\t<meta property=\"og:image:height\" content=\"1350\" \/>\n\t<meta property=\"og:image:type\" content=\"image\/png\" \/>\n<meta name=\"twitter:card\" content=\"summary_large_image\" \/>\n<meta name=\"twitter:label1\" content=\"Est. reading time\" \/>\n\t<meta name=\"twitter:data1\" content=\"1 minute\" \/>\n<script type=\"application\/ld+json\" class=\"yoast-schema-graph\">{\"@context\":\"https:\/\/schema.org\",\"@graph\":[{\"@type\":\"WebPage\",\"@id\":\"https:\/\/floristeriasantibella.com\/producto\/reflejo-de-amor\/\",\"url\":\"https:\/\/floristeriasantibella.com\/producto\/reflejo-de-amor\/\",\"name\":\"Rosas y claveles rosados Reflejo de Amor - Floristeria Santibella\",\"isPartOf\":{\"@id\":\"https:\/\/floristeriasantibella.com\/#website\"},\"primaryImageOfPage\":{\"@id\":\"https:\/\/floristeriasantibella.com\/producto\/reflejo-de-amor\/#primaryimage\"},\"image\":{\"@id\":\"https:\/\/floristeriasantibella.com\/producto\/reflejo-de-amor\/#primaryimage\"},\"thumbnailUrl\":\"https:\/\/floristeriasantibella.com\/wp-content\/uploads\/2025\/07\/48.png\",\"datePublished\":\"2025-07-29T12:29:12+00:00\",\"dateModified\":\"2025-08-27T03:00:42+00:00\",\"description\":\"Ramo floral compuesto por 50 rosas y\u00a0 20 claveles en tonos rosado, perfecto para expresar gratitud infinita a quien nos da todo su amor y sorprender en cualquier ocasion.\",\"breadcrumb\":{\"@id\":\"https:\/\/floristeriasantibella.com\/producto\/reflejo-de-amor\/#breadcrumb\"},\"inLanguage\":\"en-US\",\"potentialAction\":[{\"@type\":\"ReadAction\",\"target\":[\"https:\/\/floristeriasantibella.com\/producto\/reflejo-de-amor\/\"]}]},{\"@type\":\"ImageObject\",\"inLanguage\":\"en-US\",\"@id\":\"https:\/\/floristeriasantibella.com\/producto\/reflejo-de-amor\/#primaryimage\",\"url\":\"https:\/\/floristeriasantibella.com\/wp-content\/uploads\/2025\/07\/48.png\",\"contentUrl\":\"https:\/\/floristeriasantibella.com\/wp-content\/uploads\/2025\/07\/48.png\",\"width\":1350,\"height\":1350},{\"@type\":\"BreadcrumbList\",\"@id\":\"https:\/\/floristeriasantibella.com\/producto\/reflejo-de-amor\/#breadcrumb\",\"itemListElement\":[{\"@type\":\"ListItem\",\"position\":1,\"name\":\"Home\",\"item\":\"https:\/\/floristeriasantibella.com\/\"},{\"@type\":\"ListItem\",\"position\":2,\"name\":\"Tienda\",\"item\":\"https:\/\/floristeriasantibella.com\/tienda\/\"},{\"@type\":\"ListItem\",\"position\":3,\"name\":\"Rosas y claveles rosados Reflejo de Amor\"}]},{\"@type\":\"WebSite\",\"@id\":\"https:\/\/floristeriasantibella.com\/#website\",\"url\":\"https:\/\/floristeriasantibella.com\/\",\"name\":\"Floristeria Santibella\",\"description\":\"Env\u00eda flores a Medell\u00edn desde cualquier parte del mundo. Entregas r\u00e1pidas, dise\u00f1os personalizados y atenci\u00f3n de calidad. \u00a1Compra ahora online!\",\"publisher\":{\"@id\":\"https:\/\/floristeriasantibella.com\/#organization\"},\"potentialAction\":[{\"@type\":\"SearchAction\",\"target\":{\"@type\":\"EntryPoint\",\"urlTemplate\":\"https:\/\/floristeriasantibella.com\/?s={search_term_string}\"},\"query-input\":{\"@type\":\"PropertyValueSpecification\",\"valueRequired\":true,\"valueName\":\"search_term_string\"}}],\"inLanguage\":\"en-US\"},{\"@type\":\"Organization\",\"@id\":\"https:\/\/floristeriasantibella.com\/#organization\",\"name\":\"Floristeria Santibella\",\"url\":\"https:\/\/floristeriasantibella.com\/\",\"logo\":{\"@type\":\"ImageObject\",\"inLanguage\":\"en-US\",\"@id\":\"https:\/\/floristeriasantibella.com\/#\/schema\/logo\/image\/\",\"url\":\"http:\/\/floristeriasantibella.com\/wp-content\/uploads\/2025\/07\/LOGO-SANTIBELLA-03.png\",\"contentUrl\":\"http:\/\/floristeriasantibella.com\/wp-content\/uploads\/2025\/07\/LOGO-SANTIBELLA-03.png\",\"width\":1080,\"height\":1080,\"caption\":\"Floristeria Santibella\"},\"image\":{\"@id\":\"https:\/\/floristeriasantibella.com\/#\/schema\/logo\/image\/\"}}]}<\/script>\n<!-- \/ Yoast SEO plugin. -->","yoast_head_json":{"title":"Rosas y claveles rosados Reflejo de Amor - Floristeria Santibella","description":"Ramo floral compuesto por 50 rosas y\u00a0 20 claveles en tonos rosado, perfecto para expresar gratitud infinita a quien nos da todo su amor y sorprender en cualquier ocasion.","robots":{"index":"index","follow":"follow","max-snippet":"max-snippet:-1","max-image-preview":"max-image-preview:large","max-video-preview":"max-video-preview:-1"},"canonical":"https:\/\/floristeriasantibella.com\/en\/product\/reflejo-de-amor\/","og_locale":"en_US","og_type":"article","og_title":"Rosas y claveles rosados Reflejo de Amor - Floristeria Santibella","og_description":"Ramo floral compuesto por 50 rosas y\u00a0 20 claveles en tonos rosado, perfecto para expresar gratitud infinita a quien nos da todo su amor y sorprender en cualquier ocasion.","og_url":"https:\/\/floristeriasantibella.com\/en\/product\/reflejo-de-amor\/","og_site_name":"Floristeria Santibella","article_modified_time":"2025-08-27T03:00:42+00:00","og_image":[{"width":1350,"height":1350,"url":"https:\/\/floristeriasantibella.com\/wp-content\/uploads\/2025\/07\/48.png","type":"image\/png"}],"twitter_card":"summary_large_image","twitter_misc":{"Est. reading time":"1 minute"},"schema":{"@context":"https:\/\/schema.org","@graph":[{"@type":"WebPage","@id":"https:\/\/floristeriasantibella.com\/producto\/reflejo-de-amor\/","url":"https:\/\/floristeriasantibella.com\/producto\/reflejo-de-amor\/","name":"Rosas y claveles rosados Reflejo de Amor - Floristeria Santibella","isPartOf":{"@id":"https:\/\/floristeriasantibella.com\/#website"},"primaryImageOfPage":{"@id":"https:\/\/floristeriasantibella.com\/producto\/reflejo-de-amor\/#primaryimage"},"image":{"@id":"https:\/\/floristeriasantibella.com\/producto\/reflejo-de-amor\/#primaryimage"},"thumbnailUrl":"https:\/\/floristeriasantibella.com\/wp-content\/uploads\/2025\/07\/48.png","datePublished":"2025-07-29T12:29:12+00:00","dateModified":"2025-08-27T03:00:42+00:00","description":"Ramo floral compuesto por 50 rosas y\u00a0 20 claveles en tonos rosado, perfecto para expresar gratitud infinita a quien nos da todo su amor y sorprender en cualquier ocasion.","breadcrumb":{"@id":"https:\/\/floristeriasantibella.com\/producto\/reflejo-de-amor\/#breadcrumb"},"inLanguage":"en-US","potentialAction":[{"@type":"ReadAction","target":["https:\/\/floristeriasantibella.com\/producto\/reflejo-de-amor\/"]}]},{"@type":"ImageObject","inLanguage":"en-US","@id":"https:\/\/floristeriasantibella.com\/producto\/reflejo-de-amor\/#primaryimage","url":"https:\/\/floristeriasantibella.com\/wp-content\/uploads\/2025\/07\/48.png","contentUrl":"https:\/\/floristeriasantibella.com\/wp-content\/uploads\/2025\/07\/48.png","width":1350,"height":1350},{"@type":"BreadcrumbList","@id":"https:\/\/floristeriasantibella.com\/producto\/reflejo-de-amor\/#breadcrumb","itemListElement":[{"@type":"ListItem","position":1,"name":"Home","item":"https:\/\/floristeriasantibella.com\/"},{"@type":"ListItem","position":2,"name":"Tienda","item":"https:\/\/floristeriasantibella.com\/tienda\/"},{"@type":"ListItem","position":3,"name":"Rosas y claveles rosados Reflejo de Amor"}]},{"@type":"WebSite","@id":"https:\/\/floristeriasantibella.com\/#website","url":"https:\/\/floristeriasantibella.com\/","name":"Floristeria Santibella","description":"Env\u00eda flores a Medell\u00edn desde cualquier parte del mundo. Entregas r\u00e1pidas, dise\u00f1os personalizados y atenci\u00f3n de calidad. \u00a1Compra ahora online!","publisher":{"@id":"https:\/\/floristeriasantibella.com\/#organization"},"potentialAction":[{"@type":"SearchAction","target":{"@type":"EntryPoint","urlTemplate":"https:\/\/floristeriasantibella.com\/?s={search_term_string}"},"query-input":{"@type":"PropertyValueSpecification","valueRequired":true,"valueName":"search_term_string"}}],"inLanguage":"en-US"},{"@type":"Organization","@id":"https:\/\/floristeriasantibella.com\/#organization","name":"Floristeria Santibella","url":"https:\/\/floristeriasantibella.com\/","logo":{"@type":"ImageObject","inLanguage":"en-US","@id":"https:\/\/floristeriasantibella.com\/#\/schema\/logo\/image\/","url":"http:\/\/floristeriasantibella.com\/wp-content\/uploads\/2025\/07\/LOGO-SANTIBELLA-03.png","contentUrl":"http:\/\/floristeriasantibella.com\/wp-content\/uploads\/2025\/07\/LOGO-SANTIBELLA-03.png","width":1080,"height":1080,"caption":"Floristeria Santibella"},"image":{"@id":"https:\/\/floristeriasantibella.com\/#\/schema\/logo\/image\/"}}]}},"jetpack_sharing_enabled":true,"_links":{"self":[{"href":"https:\/\/floristeriasantibella.com\/en\/wp-json\/wp\/v2\/product\/29274","targetHints":{"allow":["GET"]}}],"collection":[{"href":"https:\/\/floristeriasantibella.com\/en\/wp-json\/wp\/v2\/product"}],"about":[{"href":"https:\/\/floristeriasantibella.com\/en\/wp-json\/wp\/v2\/types\/product"}],"replies":[{"embeddable":true,"href":"https:\/\/floristeriasantibella.com\/en\/wp-json\/wp\/v2\/comments?post=29274"}],"version-history":[{"count":3,"href":"https:\/\/floristeriasantibella.com\/en\/wp-json\/wp\/v2\/product\/29274\/revisions"}],"predecessor-version":[{"id":30757,"href":"https:\/\/floristeriasantibella.com\/en\/wp-json\/wp\/v2\/product\/29274\/revisions\/30757"}],"wp:featuredmedia":[{"embeddable":true,"href":"https:\/\/floristeriasantibella.com\/en\/wp-json\/wp\/v2\/media\/30756"}],"wp:attachment":[{"href":"https:\/\/floristeriasantibella.com\/en\/wp-json\/wp\/v2\/media?parent=29274"}],"wp:term":[{"taxonomy":"product_brand","embeddable":true,"href":"https:\/\/floristeriasantibella.com\/en\/wp-json\/wp\/v2\/product_brand?post=29274"},{"taxonomy":"product_cat","embeddable":true,"href":"https:\/\/floristeriasantibella.com\/en\/wp-json\/wp\/v2\/product_cat?post=29274"},{"taxonomy":"product_tag","embeddable":true,"href":"https:\/\/floristeriasantibella.com\/en\/wp-json\/wp\/v2\/product_tag?post=29274"}],"curies":[{"name":"wp","href":"https:\/\/api.w.org\/{rel}","templated":true}]}}