{"id":29311,"date":"2025-07-29T12:29:35","date_gmt":"2025-07-29T12:29:35","guid":{"rendered":"https:\/\/floristeriasantibella.com\/?post_type=product&#038;p=29311"},"modified":"2026-01-29T02:33:38","modified_gmt":"2026-01-29T02:33:38","slug":"letras-y-petalos","status":"publish","type":"product","link":"https:\/\/floristeriasantibella.com\/en\/product\/letras-y-petalos\/","title":{"rendered":"Rosas rojas Letras y Petalos"},"content":{"rendered":"<p><span data-sheets-root=\"1\">Este ramo de 100 rosas combina la belleza cl\u00e1sica de las rosas con un toque personalizado que lo hace inolvidable. En el centro se incorpora una letra decorativa elaborada con flores naturales\u00a0 aportando un toque distintivo. El conjunto se completa con un elegante envoltorio y lazo, ideal para ocasiones especiales como aniversarios, cumplea\u00f1os o declaraciones de amor. Incluye tarjeta personalizada y entrega a domicilio en Medell\u00edn y municipios cercanos.<\/span><\/p>","protected":false},"excerpt":{"rendered":"<p><span data-sheets-root=\"1\">Este ramo de 100 rosas combina la belleza cl\u00e1sica de las rosas con un toque personalizado que lo hace inolvidable. En el centro se incorpora una letra decorativa elaborada con flores naturales\u00a0 aportando un toque distintivo. El conjunto se completa con un elegante envoltorio y lazo, ideal para ocasiones especiales como aniversarios, cumplea\u00f1os o declaraciones de amor. Incluye tarjeta personalizada y entrega a domicilio en Medell\u00edn y municipios cercanos.<\/span><\/p>","protected":false},"featured_media":29373,"comment_status":"open","ping_status":"closed","template":"","meta":[],"product_brand":[123],"product_cat":[122,73,74,75,78],"product_tag":[],"class_list":{"0":"post-29311","1":"product","2":"type-product","3":"status-publish","4":"has-post-thumbnail","6":"product_brand-floristeria-santibella","7":"product_cat-amor-y-amistad","8":"product_cat-amor-y-aniversario","9":"product_cat-cumpleanos","10":"product_cat-fechas-especiales","11":"product_cat-san-valentin","13":"first","14":"instock","15":"shipping-taxable","16":"purchasable","17":"product-type-simple"},"yoast_head":"<!-- This site is optimized with the Yoast SEO plugin v25.3.1 - https:\/\/yoast.com\/wordpress\/plugins\/seo\/ -->\n<title>Rosas rojas Letras y Petalos - Floristeria Santibella<\/title>\n<meta name=\"description\" content=\"Este ramo de 100 rosas combina la belleza cl\u00e1sica de las rosas con un toque personalizado que lo hace inolvidable. En el centro se incorpora una letra decorativa aportando un toque distintivo. El conjunto se completa con un elegante envoltorio y lazo, ideal para ocasiones especiales como aniversarios, cumplea\u00f1os o declaraciones de amor.\" \/>\n<meta name=\"robots\" content=\"index, follow, max-snippet:-1, max-image-preview:large, max-video-preview:-1\" \/>\n<link rel=\"canonical\" href=\"https:\/\/floristeriasantibella.com\/en\/product\/letras-y-petalos\/\" \/>\n<meta property=\"og:locale\" content=\"en_US\" \/>\n<meta property=\"og:type\" content=\"article\" \/>\n<meta property=\"og:title\" content=\"Rosas rojas Letras y Petalos - Floristeria Santibella\" \/>\n<meta property=\"og:description\" content=\"Este ramo de 100 rosas combina la belleza cl\u00e1sica de las rosas con un toque personalizado que lo hace inolvidable. En el centro se incorpora una letra decorativa aportando un toque distintivo. El conjunto se completa con un elegante envoltorio y lazo, ideal para ocasiones especiales como aniversarios, cumplea\u00f1os o declaraciones de amor.\" \/>\n<meta property=\"og:url\" content=\"https:\/\/floristeriasantibella.com\/en\/product\/letras-y-petalos\/\" \/>\n<meta property=\"og:site_name\" content=\"Floristeria Santibella\" \/>\n<meta property=\"article:modified_time\" content=\"2026-01-29T02:33:38+00:00\" \/>\n<meta property=\"og:image\" content=\"https:\/\/floristeriasantibella.com\/wp-content\/uploads\/2025\/07\/Letras-y-Petalos.png\" \/>\n\t<meta property=\"og:image:width\" content=\"1200\" \/>\n\t<meta property=\"og:image:height\" content=\"1200\" \/>\n\t<meta property=\"og:image:type\" content=\"image\/png\" \/>\n<meta name=\"twitter:card\" content=\"summary_large_image\" \/>\n<meta name=\"twitter:label1\" content=\"Est. reading time\" \/>\n\t<meta name=\"twitter:data1\" content=\"1 minute\" \/>\n<script type=\"application\/ld+json\" class=\"yoast-schema-graph\">{\"@context\":\"https:\/\/schema.org\",\"@graph\":[{\"@type\":\"WebPage\",\"@id\":\"https:\/\/floristeriasantibella.com\/producto\/letras-y-petalos\/\",\"url\":\"https:\/\/floristeriasantibella.com\/producto\/letras-y-petalos\/\",\"name\":\"Rosas rojas Letras y Petalos - Floristeria Santibella\",\"isPartOf\":{\"@id\":\"https:\/\/floristeriasantibella.com\/#website\"},\"primaryImageOfPage\":{\"@id\":\"https:\/\/floristeriasantibella.com\/producto\/letras-y-petalos\/#primaryimage\"},\"image\":{\"@id\":\"https:\/\/floristeriasantibella.com\/producto\/letras-y-petalos\/#primaryimage\"},\"thumbnailUrl\":\"https:\/\/floristeriasantibella.com\/wp-content\/uploads\/2025\/07\/Letras-y-Petalos.png\",\"datePublished\":\"2025-07-29T12:29:35+00:00\",\"dateModified\":\"2026-01-29T02:33:38+00:00\",\"description\":\"Este ramo de 100 rosas combina la belleza cl\u00e1sica de las rosas con un toque personalizado que lo hace inolvidable. En el centro se incorpora una letra decorativa aportando un toque distintivo. El conjunto se completa con un elegante envoltorio y lazo, ideal para ocasiones especiales como aniversarios, cumplea\u00f1os o declaraciones de amor.\",\"breadcrumb\":{\"@id\":\"https:\/\/floristeriasantibella.com\/producto\/letras-y-petalos\/#breadcrumb\"},\"inLanguage\":\"en-US\",\"potentialAction\":[{\"@type\":\"ReadAction\",\"target\":[\"https:\/\/floristeriasantibella.com\/producto\/letras-y-petalos\/\"]}]},{\"@type\":\"ImageObject\",\"inLanguage\":\"en-US\",\"@id\":\"https:\/\/floristeriasantibella.com\/producto\/letras-y-petalos\/#primaryimage\",\"url\":\"https:\/\/floristeriasantibella.com\/wp-content\/uploads\/2025\/07\/Letras-y-Petalos.png\",\"contentUrl\":\"https:\/\/floristeriasantibella.com\/wp-content\/uploads\/2025\/07\/Letras-y-Petalos.png\",\"width\":1200,\"height\":1200},{\"@type\":\"BreadcrumbList\",\"@id\":\"https:\/\/floristeriasantibella.com\/producto\/letras-y-petalos\/#breadcrumb\",\"itemListElement\":[{\"@type\":\"ListItem\",\"position\":1,\"name\":\"Home\",\"item\":\"https:\/\/floristeriasantibella.com\/\"},{\"@type\":\"ListItem\",\"position\":2,\"name\":\"Tienda\",\"item\":\"https:\/\/floristeriasantibella.com\/tienda\/\"},{\"@type\":\"ListItem\",\"position\":3,\"name\":\"Rosas rojas Letras y Petalos\"}]},{\"@type\":\"WebSite\",\"@id\":\"https:\/\/floristeriasantibella.com\/#website\",\"url\":\"https:\/\/floristeriasantibella.com\/\",\"name\":\"Floristeria Santibella\",\"description\":\"Env\u00eda flores a Medell\u00edn desde cualquier parte del mundo. Entregas r\u00e1pidas, dise\u00f1os personalizados y atenci\u00f3n de calidad. \u00a1Compra ahora online!\",\"publisher\":{\"@id\":\"https:\/\/floristeriasantibella.com\/#organization\"},\"potentialAction\":[{\"@type\":\"SearchAction\",\"target\":{\"@type\":\"EntryPoint\",\"urlTemplate\":\"https:\/\/floristeriasantibella.com\/?s={search_term_string}\"},\"query-input\":{\"@type\":\"PropertyValueSpecification\",\"valueRequired\":true,\"valueName\":\"search_term_string\"}}],\"inLanguage\":\"en-US\"},{\"@type\":\"Organization\",\"@id\":\"https:\/\/floristeriasantibella.com\/#organization\",\"name\":\"Floristeria Santibella\",\"url\":\"https:\/\/floristeriasantibella.com\/\",\"logo\":{\"@type\":\"ImageObject\",\"inLanguage\":\"en-US\",\"@id\":\"https:\/\/floristeriasantibella.com\/#\/schema\/logo\/image\/\",\"url\":\"http:\/\/floristeriasantibella.com\/wp-content\/uploads\/2025\/07\/LOGO-SANTIBELLA-03.png\",\"contentUrl\":\"http:\/\/floristeriasantibella.com\/wp-content\/uploads\/2025\/07\/LOGO-SANTIBELLA-03.png\",\"width\":1080,\"height\":1080,\"caption\":\"Floristeria Santibella\"},\"image\":{\"@id\":\"https:\/\/floristeriasantibella.com\/#\/schema\/logo\/image\/\"}}]}<\/script>\n<!-- \/ Yoast SEO plugin. -->","yoast_head_json":{"title":"Rosas rojas Letras y Petalos - Floristeria Santibella","description":"Este ramo de 100 rosas combina la belleza cl\u00e1sica de las rosas con un toque personalizado que lo hace inolvidable. En el centro se incorpora una letra decorativa aportando un toque distintivo. El conjunto se completa con un elegante envoltorio y lazo, ideal para ocasiones especiales como aniversarios, cumplea\u00f1os o declaraciones de amor.","robots":{"index":"index","follow":"follow","max-snippet":"max-snippet:-1","max-image-preview":"max-image-preview:large","max-video-preview":"max-video-preview:-1"},"canonical":"https:\/\/floristeriasantibella.com\/en\/product\/letras-y-petalos\/","og_locale":"en_US","og_type":"article","og_title":"Rosas rojas Letras y Petalos - Floristeria Santibella","og_description":"Este ramo de 100 rosas combina la belleza cl\u00e1sica de las rosas con un toque personalizado que lo hace inolvidable. En el centro se incorpora una letra decorativa aportando un toque distintivo. El conjunto se completa con un elegante envoltorio y lazo, ideal para ocasiones especiales como aniversarios, cumplea\u00f1os o declaraciones de amor.","og_url":"https:\/\/floristeriasantibella.com\/en\/product\/letras-y-petalos\/","og_site_name":"Floristeria Santibella","article_modified_time":"2026-01-29T02:33:38+00:00","og_image":[{"width":1200,"height":1200,"url":"https:\/\/floristeriasantibella.com\/wp-content\/uploads\/2025\/07\/Letras-y-Petalos.png","type":"image\/png"}],"twitter_card":"summary_large_image","twitter_misc":{"Est. reading time":"1 minute"},"schema":{"@context":"https:\/\/schema.org","@graph":[{"@type":"WebPage","@id":"https:\/\/floristeriasantibella.com\/producto\/letras-y-petalos\/","url":"https:\/\/floristeriasantibella.com\/producto\/letras-y-petalos\/","name":"Rosas rojas Letras y Petalos - Floristeria Santibella","isPartOf":{"@id":"https:\/\/floristeriasantibella.com\/#website"},"primaryImageOfPage":{"@id":"https:\/\/floristeriasantibella.com\/producto\/letras-y-petalos\/#primaryimage"},"image":{"@id":"https:\/\/floristeriasantibella.com\/producto\/letras-y-petalos\/#primaryimage"},"thumbnailUrl":"https:\/\/floristeriasantibella.com\/wp-content\/uploads\/2025\/07\/Letras-y-Petalos.png","datePublished":"2025-07-29T12:29:35+00:00","dateModified":"2026-01-29T02:33:38+00:00","description":"Este ramo de 100 rosas combina la belleza cl\u00e1sica de las rosas con un toque personalizado que lo hace inolvidable. En el centro se incorpora una letra decorativa aportando un toque distintivo. El conjunto se completa con un elegante envoltorio y lazo, ideal para ocasiones especiales como aniversarios, cumplea\u00f1os o declaraciones de amor.","breadcrumb":{"@id":"https:\/\/floristeriasantibella.com\/producto\/letras-y-petalos\/#breadcrumb"},"inLanguage":"en-US","potentialAction":[{"@type":"ReadAction","target":["https:\/\/floristeriasantibella.com\/producto\/letras-y-petalos\/"]}]},{"@type":"ImageObject","inLanguage":"en-US","@id":"https:\/\/floristeriasantibella.com\/producto\/letras-y-petalos\/#primaryimage","url":"https:\/\/floristeriasantibella.com\/wp-content\/uploads\/2025\/07\/Letras-y-Petalos.png","contentUrl":"https:\/\/floristeriasantibella.com\/wp-content\/uploads\/2025\/07\/Letras-y-Petalos.png","width":1200,"height":1200},{"@type":"BreadcrumbList","@id":"https:\/\/floristeriasantibella.com\/producto\/letras-y-petalos\/#breadcrumb","itemListElement":[{"@type":"ListItem","position":1,"name":"Home","item":"https:\/\/floristeriasantibella.com\/"},{"@type":"ListItem","position":2,"name":"Tienda","item":"https:\/\/floristeriasantibella.com\/tienda\/"},{"@type":"ListItem","position":3,"name":"Rosas rojas Letras y Petalos"}]},{"@type":"WebSite","@id":"https:\/\/floristeriasantibella.com\/#website","url":"https:\/\/floristeriasantibella.com\/","name":"Floristeria Santibella","description":"Env\u00eda flores a Medell\u00edn desde cualquier parte del mundo. Entregas r\u00e1pidas, dise\u00f1os personalizados y atenci\u00f3n de calidad. \u00a1Compra ahora online!","publisher":{"@id":"https:\/\/floristeriasantibella.com\/#organization"},"potentialAction":[{"@type":"SearchAction","target":{"@type":"EntryPoint","urlTemplate":"https:\/\/floristeriasantibella.com\/?s={search_term_string}"},"query-input":{"@type":"PropertyValueSpecification","valueRequired":true,"valueName":"search_term_string"}}],"inLanguage":"en-US"},{"@type":"Organization","@id":"https:\/\/floristeriasantibella.com\/#organization","name":"Floristeria Santibella","url":"https:\/\/floristeriasantibella.com\/","logo":{"@type":"ImageObject","inLanguage":"en-US","@id":"https:\/\/floristeriasantibella.com\/#\/schema\/logo\/image\/","url":"http:\/\/floristeriasantibella.com\/wp-content\/uploads\/2025\/07\/LOGO-SANTIBELLA-03.png","contentUrl":"http:\/\/floristeriasantibella.com\/wp-content\/uploads\/2025\/07\/LOGO-SANTIBELLA-03.png","width":1080,"height":1080,"caption":"Floristeria Santibella"},"image":{"@id":"https:\/\/floristeriasantibella.com\/#\/schema\/logo\/image\/"}}]}},"jetpack_sharing_enabled":true,"_links":{"self":[{"href":"https:\/\/floristeriasantibella.com\/en\/wp-json\/wp\/v2\/product\/29311","targetHints":{"allow":["GET"]}}],"collection":[{"href":"https:\/\/floristeriasantibella.com\/en\/wp-json\/wp\/v2\/product"}],"about":[{"href":"https:\/\/floristeriasantibella.com\/en\/wp-json\/wp\/v2\/types\/product"}],"replies":[{"embeddable":true,"href":"https:\/\/floristeriasantibella.com\/en\/wp-json\/wp\/v2\/comments?post=29311"}],"version-history":[{"count":4,"href":"https:\/\/floristeriasantibella.com\/en\/wp-json\/wp\/v2\/product\/29311\/revisions"}],"predecessor-version":[{"id":31490,"href":"https:\/\/floristeriasantibella.com\/en\/wp-json\/wp\/v2\/product\/29311\/revisions\/31490"}],"wp:featuredmedia":[{"embeddable":true,"href":"https:\/\/floristeriasantibella.com\/en\/wp-json\/wp\/v2\/media\/29373"}],"wp:attachment":[{"href":"https:\/\/floristeriasantibella.com\/en\/wp-json\/wp\/v2\/media?parent=29311"}],"wp:term":[{"taxonomy":"product_brand","embeddable":true,"href":"https:\/\/floristeriasantibella.com\/en\/wp-json\/wp\/v2\/product_brand?post=29311"},{"taxonomy":"product_cat","embeddable":true,"href":"https:\/\/floristeriasantibella.com\/en\/wp-json\/wp\/v2\/product_cat?post=29311"},{"taxonomy":"product_tag","embeddable":true,"href":"https:\/\/floristeriasantibella.com\/en\/wp-json\/wp\/v2\/product_tag?post=29311"}],"curies":[{"name":"wp","href":"https:\/\/api.w.org\/{rel}","templated":true}]}}