{"id":29312,"date":"2025-07-29T12:29:35","date_gmt":"2025-07-29T12:29:35","guid":{"rendered":"https:\/\/floristeriasantibella.com\/?post_type=product&#038;p=29312"},"modified":"2025-08-27T03:00:42","modified_gmt":"2025-08-27T03:00:42","slug":"cincuenta-razones","status":"publish","type":"product","link":"https:\/\/floristeriasantibella.com\/en\/product\/cincuenta-razones\/","title":{"rendered":"Rosas rojas y rosadas Cincuenta Razones"},"content":{"rendered":"<p><span data-sheets-root=\"1\">Cincuenta rosas, 25 rojas y 25 rosas rosadas que cuentan una historia de amor eterno, dise\u00f1adas para hacer latir m\u00e1s fuerte el coraz\u00f3n, decorado con papel importado, mo\u00f1o y tarjeta. Impacta con un detalle inolvidable. Entregas exclusivas en Medell\u00edn y municipios aleda\u00f1os.<\/span><\/p>","protected":false},"excerpt":{"rendered":"<p><span data-sheets-root=\"1\">Maxi ramo elaborado con cincuenta rosas, 25 rojas y 25 rosas rosadas que cuentan una historia de amor eterno, dise\u00f1adas para hacer latir m\u00e1s fuerte el coraz\u00f3n, decorado con papel importado, mo\u00f1o y tarjeta. Impacta con un detalle inolvidable.<\/span><\/p>","protected":false},"featured_media":30702,"comment_status":"open","ping_status":"closed","template":"","meta":[],"product_brand":[],"product_cat":[73,74,78],"product_tag":[],"class_list":{"0":"post-29312","1":"product","2":"type-product","3":"status-publish","4":"has-post-thumbnail","6":"product_cat-amor-y-aniversario","7":"product_cat-cumpleanos","8":"product_cat-san-valentin","10":"first","11":"instock","12":"shipping-taxable","13":"purchasable","14":"product-type-simple"},"yoast_head":"<!-- This site is optimized with the Yoast SEO plugin v25.3.1 - https:\/\/yoast.com\/wordpress\/plugins\/seo\/ -->\n<title>Rosas rojas y rosadas Cincuenta Razones - Floristeria Santibella<\/title>\n<meta name=\"description\" content=\"Cincuenta rosas, 25 rojas y 25 rosas rosadas que cuentan una historia de amor eterno, dise\u00f1adas para hacer latir m\u00e1s fuerte el coraz\u00f3n, decorado con papel importado, mo\u00f1o y tarjeta.\" \/>\n<meta name=\"robots\" content=\"index, follow, max-snippet:-1, max-image-preview:large, max-video-preview:-1\" \/>\n<link rel=\"canonical\" href=\"https:\/\/floristeriasantibella.com\/en\/product\/cincuenta-razones\/\" \/>\n<meta property=\"og:locale\" content=\"en_US\" \/>\n<meta property=\"og:type\" content=\"article\" \/>\n<meta property=\"og:title\" content=\"Rosas rojas y rosadas Cincuenta Razones - Floristeria Santibella\" \/>\n<meta property=\"og:description\" content=\"Cincuenta rosas, 25 rojas y 25 rosas rosadas que cuentan una historia de amor eterno, dise\u00f1adas para hacer latir m\u00e1s fuerte el coraz\u00f3n, decorado con papel importado, mo\u00f1o y tarjeta.\" \/>\n<meta property=\"og:url\" content=\"https:\/\/floristeriasantibella.com\/en\/product\/cincuenta-razones\/\" \/>\n<meta property=\"og:site_name\" content=\"Floristeria Santibella\" \/>\n<meta property=\"article:modified_time\" content=\"2025-08-27T03:00:42+00:00\" \/>\n<meta property=\"og:image\" content=\"https:\/\/floristeriasantibella.com\/wp-content\/uploads\/2025\/07\/28.png\" \/>\n\t<meta property=\"og:image:width\" content=\"500\" \/>\n\t<meta property=\"og:image:height\" content=\"500\" \/>\n\t<meta property=\"og:image:type\" content=\"image\/png\" \/>\n<meta name=\"twitter:card\" content=\"summary_large_image\" \/>\n<meta name=\"twitter:label1\" content=\"Est. reading time\" \/>\n\t<meta name=\"twitter:data1\" content=\"1 minute\" \/>\n<script type=\"application\/ld+json\" class=\"yoast-schema-graph\">{\"@context\":\"https:\/\/schema.org\",\"@graph\":[{\"@type\":\"WebPage\",\"@id\":\"https:\/\/floristeriasantibella.com\/producto\/cincuenta-razones\/\",\"url\":\"https:\/\/floristeriasantibella.com\/producto\/cincuenta-razones\/\",\"name\":\"Rosas rojas y rosadas Cincuenta Razones - Floristeria Santibella\",\"isPartOf\":{\"@id\":\"https:\/\/floristeriasantibella.com\/#website\"},\"primaryImageOfPage\":{\"@id\":\"https:\/\/floristeriasantibella.com\/producto\/cincuenta-razones\/#primaryimage\"},\"image\":{\"@id\":\"https:\/\/floristeriasantibella.com\/producto\/cincuenta-razones\/#primaryimage\"},\"thumbnailUrl\":\"https:\/\/floristeriasantibella.com\/wp-content\/uploads\/2025\/07\/28.png\",\"datePublished\":\"2025-07-29T12:29:35+00:00\",\"dateModified\":\"2025-08-27T03:00:42+00:00\",\"description\":\"Cincuenta rosas, 25 rojas y 25 rosas rosadas que cuentan una historia de amor eterno, dise\u00f1adas para hacer latir m\u00e1s fuerte el coraz\u00f3n, decorado con papel importado, mo\u00f1o y tarjeta.\",\"breadcrumb\":{\"@id\":\"https:\/\/floristeriasantibella.com\/producto\/cincuenta-razones\/#breadcrumb\"},\"inLanguage\":\"en-US\",\"potentialAction\":[{\"@type\":\"ReadAction\",\"target\":[\"https:\/\/floristeriasantibella.com\/producto\/cincuenta-razones\/\"]}]},{\"@type\":\"ImageObject\",\"inLanguage\":\"en-US\",\"@id\":\"https:\/\/floristeriasantibella.com\/producto\/cincuenta-razones\/#primaryimage\",\"url\":\"https:\/\/floristeriasantibella.com\/wp-content\/uploads\/2025\/07\/28.png\",\"contentUrl\":\"https:\/\/floristeriasantibella.com\/wp-content\/uploads\/2025\/07\/28.png\",\"width\":500,\"height\":500},{\"@type\":\"BreadcrumbList\",\"@id\":\"https:\/\/floristeriasantibella.com\/producto\/cincuenta-razones\/#breadcrumb\",\"itemListElement\":[{\"@type\":\"ListItem\",\"position\":1,\"name\":\"Home\",\"item\":\"https:\/\/floristeriasantibella.com\/\"},{\"@type\":\"ListItem\",\"position\":2,\"name\":\"Tienda\",\"item\":\"https:\/\/floristeriasantibella.com\/tienda\/\"},{\"@type\":\"ListItem\",\"position\":3,\"name\":\"Rosas rojas y rosadas Cincuenta Razones\"}]},{\"@type\":\"WebSite\",\"@id\":\"https:\/\/floristeriasantibella.com\/#website\",\"url\":\"https:\/\/floristeriasantibella.com\/\",\"name\":\"Floristeria Santibella\",\"description\":\"Env\u00eda flores a Medell\u00edn desde cualquier parte del mundo. Entregas r\u00e1pidas, dise\u00f1os personalizados y atenci\u00f3n de calidad. \u00a1Compra ahora online!\",\"publisher\":{\"@id\":\"https:\/\/floristeriasantibella.com\/#organization\"},\"potentialAction\":[{\"@type\":\"SearchAction\",\"target\":{\"@type\":\"EntryPoint\",\"urlTemplate\":\"https:\/\/floristeriasantibella.com\/?s={search_term_string}\"},\"query-input\":{\"@type\":\"PropertyValueSpecification\",\"valueRequired\":true,\"valueName\":\"search_term_string\"}}],\"inLanguage\":\"en-US\"},{\"@type\":\"Organization\",\"@id\":\"https:\/\/floristeriasantibella.com\/#organization\",\"name\":\"Floristeria Santibella\",\"url\":\"https:\/\/floristeriasantibella.com\/\",\"logo\":{\"@type\":\"ImageObject\",\"inLanguage\":\"en-US\",\"@id\":\"https:\/\/floristeriasantibella.com\/#\/schema\/logo\/image\/\",\"url\":\"http:\/\/floristeriasantibella.com\/wp-content\/uploads\/2025\/07\/LOGO-SANTIBELLA-03.png\",\"contentUrl\":\"http:\/\/floristeriasantibella.com\/wp-content\/uploads\/2025\/07\/LOGO-SANTIBELLA-03.png\",\"width\":1080,\"height\":1080,\"caption\":\"Floristeria Santibella\"},\"image\":{\"@id\":\"https:\/\/floristeriasantibella.com\/#\/schema\/logo\/image\/\"}}]}<\/script>\n<!-- \/ Yoast SEO plugin. -->","yoast_head_json":{"title":"Rosas rojas y rosadas Cincuenta Razones - Floristeria Santibella","description":"Cincuenta rosas, 25 rojas y 25 rosas rosadas que cuentan una historia de amor eterno, dise\u00f1adas para hacer latir m\u00e1s fuerte el coraz\u00f3n, decorado con papel importado, mo\u00f1o y tarjeta.","robots":{"index":"index","follow":"follow","max-snippet":"max-snippet:-1","max-image-preview":"max-image-preview:large","max-video-preview":"max-video-preview:-1"},"canonical":"https:\/\/floristeriasantibella.com\/en\/product\/cincuenta-razones\/","og_locale":"en_US","og_type":"article","og_title":"Rosas rojas y rosadas Cincuenta Razones - Floristeria Santibella","og_description":"Cincuenta rosas, 25 rojas y 25 rosas rosadas que cuentan una historia de amor eterno, dise\u00f1adas para hacer latir m\u00e1s fuerte el coraz\u00f3n, decorado con papel importado, mo\u00f1o y tarjeta.","og_url":"https:\/\/floristeriasantibella.com\/en\/product\/cincuenta-razones\/","og_site_name":"Floristeria Santibella","article_modified_time":"2025-08-27T03:00:42+00:00","og_image":[{"width":500,"height":500,"url":"https:\/\/floristeriasantibella.com\/wp-content\/uploads\/2025\/07\/28.png","type":"image\/png"}],"twitter_card":"summary_large_image","twitter_misc":{"Est. reading time":"1 minute"},"schema":{"@context":"https:\/\/schema.org","@graph":[{"@type":"WebPage","@id":"https:\/\/floristeriasantibella.com\/producto\/cincuenta-razones\/","url":"https:\/\/floristeriasantibella.com\/producto\/cincuenta-razones\/","name":"Rosas rojas y rosadas Cincuenta Razones - Floristeria Santibella","isPartOf":{"@id":"https:\/\/floristeriasantibella.com\/#website"},"primaryImageOfPage":{"@id":"https:\/\/floristeriasantibella.com\/producto\/cincuenta-razones\/#primaryimage"},"image":{"@id":"https:\/\/floristeriasantibella.com\/producto\/cincuenta-razones\/#primaryimage"},"thumbnailUrl":"https:\/\/floristeriasantibella.com\/wp-content\/uploads\/2025\/07\/28.png","datePublished":"2025-07-29T12:29:35+00:00","dateModified":"2025-08-27T03:00:42+00:00","description":"Cincuenta rosas, 25 rojas y 25 rosas rosadas que cuentan una historia de amor eterno, dise\u00f1adas para hacer latir m\u00e1s fuerte el coraz\u00f3n, decorado con papel importado, mo\u00f1o y tarjeta.","breadcrumb":{"@id":"https:\/\/floristeriasantibella.com\/producto\/cincuenta-razones\/#breadcrumb"},"inLanguage":"en-US","potentialAction":[{"@type":"ReadAction","target":["https:\/\/floristeriasantibella.com\/producto\/cincuenta-razones\/"]}]},{"@type":"ImageObject","inLanguage":"en-US","@id":"https:\/\/floristeriasantibella.com\/producto\/cincuenta-razones\/#primaryimage","url":"https:\/\/floristeriasantibella.com\/wp-content\/uploads\/2025\/07\/28.png","contentUrl":"https:\/\/floristeriasantibella.com\/wp-content\/uploads\/2025\/07\/28.png","width":500,"height":500},{"@type":"BreadcrumbList","@id":"https:\/\/floristeriasantibella.com\/producto\/cincuenta-razones\/#breadcrumb","itemListElement":[{"@type":"ListItem","position":1,"name":"Home","item":"https:\/\/floristeriasantibella.com\/"},{"@type":"ListItem","position":2,"name":"Tienda","item":"https:\/\/floristeriasantibella.com\/tienda\/"},{"@type":"ListItem","position":3,"name":"Rosas rojas y rosadas Cincuenta Razones"}]},{"@type":"WebSite","@id":"https:\/\/floristeriasantibella.com\/#website","url":"https:\/\/floristeriasantibella.com\/","name":"Floristeria Santibella","description":"Env\u00eda flores a Medell\u00edn desde cualquier parte del mundo. Entregas r\u00e1pidas, dise\u00f1os personalizados y atenci\u00f3n de calidad. \u00a1Compra ahora online!","publisher":{"@id":"https:\/\/floristeriasantibella.com\/#organization"},"potentialAction":[{"@type":"SearchAction","target":{"@type":"EntryPoint","urlTemplate":"https:\/\/floristeriasantibella.com\/?s={search_term_string}"},"query-input":{"@type":"PropertyValueSpecification","valueRequired":true,"valueName":"search_term_string"}}],"inLanguage":"en-US"},{"@type":"Organization","@id":"https:\/\/floristeriasantibella.com\/#organization","name":"Floristeria Santibella","url":"https:\/\/floristeriasantibella.com\/","logo":{"@type":"ImageObject","inLanguage":"en-US","@id":"https:\/\/floristeriasantibella.com\/#\/schema\/logo\/image\/","url":"http:\/\/floristeriasantibella.com\/wp-content\/uploads\/2025\/07\/LOGO-SANTIBELLA-03.png","contentUrl":"http:\/\/floristeriasantibella.com\/wp-content\/uploads\/2025\/07\/LOGO-SANTIBELLA-03.png","width":1080,"height":1080,"caption":"Floristeria Santibella"},"image":{"@id":"https:\/\/floristeriasantibella.com\/#\/schema\/logo\/image\/"}}]}},"jetpack_sharing_enabled":true,"_links":{"self":[{"href":"https:\/\/floristeriasantibella.com\/en\/wp-json\/wp\/v2\/product\/29312","targetHints":{"allow":["GET"]}}],"collection":[{"href":"https:\/\/floristeriasantibella.com\/en\/wp-json\/wp\/v2\/product"}],"about":[{"href":"https:\/\/floristeriasantibella.com\/en\/wp-json\/wp\/v2\/types\/product"}],"replies":[{"embeddable":true,"href":"https:\/\/floristeriasantibella.com\/en\/wp-json\/wp\/v2\/comments?post=29312"}],"version-history":[{"count":3,"href":"https:\/\/floristeriasantibella.com\/en\/wp-json\/wp\/v2\/product\/29312\/revisions"}],"predecessor-version":[{"id":30704,"href":"https:\/\/floristeriasantibella.com\/en\/wp-json\/wp\/v2\/product\/29312\/revisions\/30704"}],"wp:featuredmedia":[{"embeddable":true,"href":"https:\/\/floristeriasantibella.com\/en\/wp-json\/wp\/v2\/media\/30702"}],"wp:attachment":[{"href":"https:\/\/floristeriasantibella.com\/en\/wp-json\/wp\/v2\/media?parent=29312"}],"wp:term":[{"taxonomy":"product_brand","embeddable":true,"href":"https:\/\/floristeriasantibella.com\/en\/wp-json\/wp\/v2\/product_brand?post=29312"},{"taxonomy":"product_cat","embeddable":true,"href":"https:\/\/floristeriasantibella.com\/en\/wp-json\/wp\/v2\/product_cat?post=29312"},{"taxonomy":"product_tag","embeddable":true,"href":"https:\/\/floristeriasantibella.com\/en\/wp-json\/wp\/v2\/product_tag?post=29312"}],"curies":[{"name":"wp","href":"https:\/\/api.w.org\/{rel}","templated":true}]}}