{"id":29313,"date":"2025-07-29T12:29:35","date_gmt":"2025-07-29T12:29:35","guid":{"rendered":"https:\/\/floristeriasantibella.com\/?post_type=product&#038;p=29313"},"modified":"2026-03-17T22:23:23","modified_gmt":"2026-03-17T22:23:23","slug":"corazon-en-flor","status":"publish","type":"product","link":"https:\/\/floristeriasantibella.com\/en\/product\/corazon-en-flor\/","title":{"rendered":"50 rosas rojas Amor y mariposas"},"content":{"rendered":"<p><span data-sheets-root=\"1\">Este majestuoso ramillete de 70 rosas es la manera perfecta de decir &#8216;te amo&#8217; con pasi\u00f3n y elegancia.Incluye tarjeta .Entrega en Medell\u00edn y alrededores.<\/span><\/p>","protected":false},"excerpt":{"rendered":"<p><span data-sheets-root=\"1\">Este majestuoso ramillete de 50 rosas es la manera perfecta de decir &#8216;te amo&#8217; con pasi\u00f3n y elegancia.Incluye tarjeta .Entrega en Medell\u00edn y alrededores.<\/span><\/p>","protected":false},"featured_media":29377,"comment_status":"open","ping_status":"closed","template":"","meta":[],"product_brand":[123],"product_cat":[122,73,74,77,78],"product_tag":[],"class_list":{"0":"post-29313","1":"product","2":"type-product","3":"status-publish","4":"has-post-thumbnail","6":"product_brand-floristeria-santibella","7":"product_cat-amor-y-amistad","8":"product_cat-amor-y-aniversario","9":"product_cat-cumpleanos","10":"product_cat-dia-de-la-mujer","11":"product_cat-san-valentin","13":"first","14":"instock","15":"shipping-taxable","16":"purchasable","17":"product-type-simple"},"yoast_head":"<!-- This site is optimized with the Yoast SEO plugin v25.3.1 - https:\/\/yoast.com\/wordpress\/plugins\/seo\/ -->\n<title>50 rosas rojas Amor y mariposas - Floristeria Santibella<\/title>\n<meta name=\"description\" content=\"Este majestuoso ramillete de 50 rosas es la manera perfecta de decir &#039;te amo&#039; con pasi\u00f3n y elegancia.Incluye tarjeta .Entrega en Medell\u00edn y alrededores.\" \/>\n<meta name=\"robots\" content=\"index, follow, max-snippet:-1, max-image-preview:large, max-video-preview:-1\" \/>\n<link rel=\"canonical\" href=\"https:\/\/floristeriasantibella.com\/en\/product\/corazon-en-flor\/\" \/>\n<meta property=\"og:locale\" content=\"en_US\" \/>\n<meta property=\"og:type\" content=\"article\" \/>\n<meta property=\"og:title\" content=\"50 rosas rojas Amor y mariposas - Floristeria Santibella\" \/>\n<meta property=\"og:description\" content=\"Este majestuoso ramillete de 50 rosas es la manera perfecta de decir &#039;te amo&#039; con pasi\u00f3n y elegancia.Incluye tarjeta .Entrega en Medell\u00edn y alrededores.\" \/>\n<meta property=\"og:url\" content=\"https:\/\/floristeriasantibella.com\/en\/product\/corazon-en-flor\/\" \/>\n<meta property=\"og:site_name\" content=\"Floristeria Santibella\" \/>\n<meta property=\"article:modified_time\" content=\"2026-03-17T22:23:23+00:00\" \/>\n<meta property=\"og:image\" content=\"https:\/\/floristeriasantibella.com\/wp-content\/uploads\/2025\/07\/Corazon-en-Flor.png\" \/>\n\t<meta property=\"og:image:width\" content=\"1200\" \/>\n\t<meta property=\"og:image:height\" content=\"1200\" \/>\n\t<meta property=\"og:image:type\" content=\"image\/png\" \/>\n<meta name=\"twitter:card\" content=\"summary_large_image\" \/>\n<meta name=\"twitter:label1\" content=\"Est. reading time\" \/>\n\t<meta name=\"twitter:data1\" content=\"1 minute\" \/>\n<script type=\"application\/ld+json\" class=\"yoast-schema-graph\">{\"@context\":\"https:\/\/schema.org\",\"@graph\":[{\"@type\":\"WebPage\",\"@id\":\"https:\/\/floristeriasantibella.com\/producto\/corazon-en-flor\/\",\"url\":\"https:\/\/floristeriasantibella.com\/producto\/corazon-en-flor\/\",\"name\":\"50 rosas rojas Amor y mariposas - Floristeria Santibella\",\"isPartOf\":{\"@id\":\"https:\/\/floristeriasantibella.com\/#website\"},\"primaryImageOfPage\":{\"@id\":\"https:\/\/floristeriasantibella.com\/producto\/corazon-en-flor\/#primaryimage\"},\"image\":{\"@id\":\"https:\/\/floristeriasantibella.com\/producto\/corazon-en-flor\/#primaryimage\"},\"thumbnailUrl\":\"https:\/\/floristeriasantibella.com\/wp-content\/uploads\/2025\/07\/Corazon-en-Flor.png\",\"datePublished\":\"2025-07-29T12:29:35+00:00\",\"dateModified\":\"2026-03-17T22:23:23+00:00\",\"description\":\"Este majestuoso ramillete de 50 rosas es la manera perfecta de decir 'te amo' con pasi\u00f3n y elegancia.Incluye tarjeta .Entrega en Medell\u00edn y alrededores.\",\"breadcrumb\":{\"@id\":\"https:\/\/floristeriasantibella.com\/producto\/corazon-en-flor\/#breadcrumb\"},\"inLanguage\":\"en-US\",\"potentialAction\":[{\"@type\":\"ReadAction\",\"target\":[\"https:\/\/floristeriasantibella.com\/producto\/corazon-en-flor\/\"]}]},{\"@type\":\"ImageObject\",\"inLanguage\":\"en-US\",\"@id\":\"https:\/\/floristeriasantibella.com\/producto\/corazon-en-flor\/#primaryimage\",\"url\":\"https:\/\/floristeriasantibella.com\/wp-content\/uploads\/2025\/07\/Corazon-en-Flor.png\",\"contentUrl\":\"https:\/\/floristeriasantibella.com\/wp-content\/uploads\/2025\/07\/Corazon-en-Flor.png\",\"width\":1200,\"height\":1200},{\"@type\":\"BreadcrumbList\",\"@id\":\"https:\/\/floristeriasantibella.com\/producto\/corazon-en-flor\/#breadcrumb\",\"itemListElement\":[{\"@type\":\"ListItem\",\"position\":1,\"name\":\"Home\",\"item\":\"https:\/\/floristeriasantibella.com\/\"},{\"@type\":\"ListItem\",\"position\":2,\"name\":\"Tienda\",\"item\":\"https:\/\/floristeriasantibella.com\/tienda\/\"},{\"@type\":\"ListItem\",\"position\":3,\"name\":\"50 rosas rojas Amor y mariposas\"}]},{\"@type\":\"WebSite\",\"@id\":\"https:\/\/floristeriasantibella.com\/#website\",\"url\":\"https:\/\/floristeriasantibella.com\/\",\"name\":\"Floristeria Santibella\",\"description\":\"Env\u00eda flores a Medell\u00edn desde cualquier parte del mundo. Entregas r\u00e1pidas, dise\u00f1os personalizados y atenci\u00f3n de calidad. \u00a1Compra ahora online!\",\"publisher\":{\"@id\":\"https:\/\/floristeriasantibella.com\/#organization\"},\"potentialAction\":[{\"@type\":\"SearchAction\",\"target\":{\"@type\":\"EntryPoint\",\"urlTemplate\":\"https:\/\/floristeriasantibella.com\/?s={search_term_string}\"},\"query-input\":{\"@type\":\"PropertyValueSpecification\",\"valueRequired\":true,\"valueName\":\"search_term_string\"}}],\"inLanguage\":\"en-US\"},{\"@type\":\"Organization\",\"@id\":\"https:\/\/floristeriasantibella.com\/#organization\",\"name\":\"Floristeria Santibella\",\"url\":\"https:\/\/floristeriasantibella.com\/\",\"logo\":{\"@type\":\"ImageObject\",\"inLanguage\":\"en-US\",\"@id\":\"https:\/\/floristeriasantibella.com\/#\/schema\/logo\/image\/\",\"url\":\"http:\/\/floristeriasantibella.com\/wp-content\/uploads\/2025\/07\/LOGO-SANTIBELLA-03.png\",\"contentUrl\":\"http:\/\/floristeriasantibella.com\/wp-content\/uploads\/2025\/07\/LOGO-SANTIBELLA-03.png\",\"width\":1080,\"height\":1080,\"caption\":\"Floristeria Santibella\"},\"image\":{\"@id\":\"https:\/\/floristeriasantibella.com\/#\/schema\/logo\/image\/\"}}]}<\/script>\n<!-- \/ Yoast SEO plugin. -->","yoast_head_json":{"title":"50 rosas rojas Amor y mariposas - Floristeria Santibella","description":"Este majestuoso ramillete de 50 rosas es la manera perfecta de decir 'te amo' con pasi\u00f3n y elegancia.Incluye tarjeta .Entrega en Medell\u00edn y alrededores.","robots":{"index":"index","follow":"follow","max-snippet":"max-snippet:-1","max-image-preview":"max-image-preview:large","max-video-preview":"max-video-preview:-1"},"canonical":"https:\/\/floristeriasantibella.com\/en\/product\/corazon-en-flor\/","og_locale":"en_US","og_type":"article","og_title":"50 rosas rojas Amor y mariposas - Floristeria Santibella","og_description":"Este majestuoso ramillete de 50 rosas es la manera perfecta de decir 'te amo' con pasi\u00f3n y elegancia.Incluye tarjeta .Entrega en Medell\u00edn y alrededores.","og_url":"https:\/\/floristeriasantibella.com\/en\/product\/corazon-en-flor\/","og_site_name":"Floristeria Santibella","article_modified_time":"2026-03-17T22:23:23+00:00","og_image":[{"width":1200,"height":1200,"url":"https:\/\/floristeriasantibella.com\/wp-content\/uploads\/2025\/07\/Corazon-en-Flor.png","type":"image\/png"}],"twitter_card":"summary_large_image","twitter_misc":{"Est. reading time":"1 minute"},"schema":{"@context":"https:\/\/schema.org","@graph":[{"@type":"WebPage","@id":"https:\/\/floristeriasantibella.com\/producto\/corazon-en-flor\/","url":"https:\/\/floristeriasantibella.com\/producto\/corazon-en-flor\/","name":"50 rosas rojas Amor y mariposas - Floristeria Santibella","isPartOf":{"@id":"https:\/\/floristeriasantibella.com\/#website"},"primaryImageOfPage":{"@id":"https:\/\/floristeriasantibella.com\/producto\/corazon-en-flor\/#primaryimage"},"image":{"@id":"https:\/\/floristeriasantibella.com\/producto\/corazon-en-flor\/#primaryimage"},"thumbnailUrl":"https:\/\/floristeriasantibella.com\/wp-content\/uploads\/2025\/07\/Corazon-en-Flor.png","datePublished":"2025-07-29T12:29:35+00:00","dateModified":"2026-03-17T22:23:23+00:00","description":"Este majestuoso ramillete de 50 rosas es la manera perfecta de decir 'te amo' con pasi\u00f3n y elegancia.Incluye tarjeta .Entrega en Medell\u00edn y alrededores.","breadcrumb":{"@id":"https:\/\/floristeriasantibella.com\/producto\/corazon-en-flor\/#breadcrumb"},"inLanguage":"en-US","potentialAction":[{"@type":"ReadAction","target":["https:\/\/floristeriasantibella.com\/producto\/corazon-en-flor\/"]}]},{"@type":"ImageObject","inLanguage":"en-US","@id":"https:\/\/floristeriasantibella.com\/producto\/corazon-en-flor\/#primaryimage","url":"https:\/\/floristeriasantibella.com\/wp-content\/uploads\/2025\/07\/Corazon-en-Flor.png","contentUrl":"https:\/\/floristeriasantibella.com\/wp-content\/uploads\/2025\/07\/Corazon-en-Flor.png","width":1200,"height":1200},{"@type":"BreadcrumbList","@id":"https:\/\/floristeriasantibella.com\/producto\/corazon-en-flor\/#breadcrumb","itemListElement":[{"@type":"ListItem","position":1,"name":"Home","item":"https:\/\/floristeriasantibella.com\/"},{"@type":"ListItem","position":2,"name":"Tienda","item":"https:\/\/floristeriasantibella.com\/tienda\/"},{"@type":"ListItem","position":3,"name":"50 rosas rojas Amor y mariposas"}]},{"@type":"WebSite","@id":"https:\/\/floristeriasantibella.com\/#website","url":"https:\/\/floristeriasantibella.com\/","name":"Floristeria Santibella","description":"Env\u00eda flores a Medell\u00edn desde cualquier parte del mundo. Entregas r\u00e1pidas, dise\u00f1os personalizados y atenci\u00f3n de calidad. \u00a1Compra ahora online!","publisher":{"@id":"https:\/\/floristeriasantibella.com\/#organization"},"potentialAction":[{"@type":"SearchAction","target":{"@type":"EntryPoint","urlTemplate":"https:\/\/floristeriasantibella.com\/?s={search_term_string}"},"query-input":{"@type":"PropertyValueSpecification","valueRequired":true,"valueName":"search_term_string"}}],"inLanguage":"en-US"},{"@type":"Organization","@id":"https:\/\/floristeriasantibella.com\/#organization","name":"Floristeria Santibella","url":"https:\/\/floristeriasantibella.com\/","logo":{"@type":"ImageObject","inLanguage":"en-US","@id":"https:\/\/floristeriasantibella.com\/#\/schema\/logo\/image\/","url":"http:\/\/floristeriasantibella.com\/wp-content\/uploads\/2025\/07\/LOGO-SANTIBELLA-03.png","contentUrl":"http:\/\/floristeriasantibella.com\/wp-content\/uploads\/2025\/07\/LOGO-SANTIBELLA-03.png","width":1080,"height":1080,"caption":"Floristeria Santibella"},"image":{"@id":"https:\/\/floristeriasantibella.com\/#\/schema\/logo\/image\/"}}]}},"jetpack_sharing_enabled":true,"_links":{"self":[{"href":"https:\/\/floristeriasantibella.com\/en\/wp-json\/wp\/v2\/product\/29313","targetHints":{"allow":["GET"]}}],"collection":[{"href":"https:\/\/floristeriasantibella.com\/en\/wp-json\/wp\/v2\/product"}],"about":[{"href":"https:\/\/floristeriasantibella.com\/en\/wp-json\/wp\/v2\/types\/product"}],"replies":[{"embeddable":true,"href":"https:\/\/floristeriasantibella.com\/en\/wp-json\/wp\/v2\/comments?post=29313"}],"version-history":[{"count":4,"href":"https:\/\/floristeriasantibella.com\/en\/wp-json\/wp\/v2\/product\/29313\/revisions"}],"predecessor-version":[{"id":30917,"href":"https:\/\/floristeriasantibella.com\/en\/wp-json\/wp\/v2\/product\/29313\/revisions\/30917"}],"wp:featuredmedia":[{"embeddable":true,"href":"https:\/\/floristeriasantibella.com\/en\/wp-json\/wp\/v2\/media\/29377"}],"wp:attachment":[{"href":"https:\/\/floristeriasantibella.com\/en\/wp-json\/wp\/v2\/media?parent=29313"}],"wp:term":[{"taxonomy":"product_brand","embeddable":true,"href":"https:\/\/floristeriasantibella.com\/en\/wp-json\/wp\/v2\/product_brand?post=29313"},{"taxonomy":"product_cat","embeddable":true,"href":"https:\/\/floristeriasantibella.com\/en\/wp-json\/wp\/v2\/product_cat?post=29313"},{"taxonomy":"product_tag","embeddable":true,"href":"https:\/\/floristeriasantibella.com\/en\/wp-json\/wp\/v2\/product_tag?post=29313"}],"curies":[{"name":"wp","href":"https:\/\/api.w.org\/{rel}","templated":true}]}}