{"id":29420,"date":"2025-07-29T12:31:10","date_gmt":"2025-07-29T12:31:10","guid":{"rendered":"https:\/\/floristeriasantibella.com\/?post_type=product&#038;p=29420"},"modified":"2025-08-27T03:00:19","modified_gmt":"2025-08-27T03:00:19","slug":"fuerza-y-belleza","status":"publish","type":"product","link":"https:\/\/floristeriasantibella.com\/en\/product\/fuerza-y-belleza\/","title":{"rendered":"Rosas rojas y blancas Fuerza y Belleza"},"content":{"rendered":"<p>Dise\u00f1ado con 25 rosas blancas y 25 rosas rojas con detalles florales en gitsofilia, decorado con papel importado. Incluye tarjeta personalizada. Entrega a domicilio en Medell\u00edn y municipios cercanos.<\/p>\n<p>&nbsp;<\/p>","protected":false},"excerpt":{"rendered":"<p>Dise\u00f1ado con 25 rosas blancas y 25 rosas rojas con detalles florales en gitsofilia, decorado con papel importado. Incluye tarjeta personalizada.<\/p>","protected":false},"featured_media":29506,"comment_status":"open","ping_status":"closed","template":"","meta":[],"product_brand":[123],"product_cat":[73,74,76,77],"product_tag":[],"class_list":{"0":"post-29420","1":"product","2":"type-product","3":"status-publish","4":"has-post-thumbnail","6":"product_brand-floristeria-santibella","7":"product_cat-amor-y-aniversario","8":"product_cat-cumpleanos","9":"product_cat-dia-de-la-madre","10":"product_cat-dia-de-la-mujer","12":"first","13":"instock","14":"shipping-taxable","15":"purchasable","16":"product-type-simple"},"yoast_head":"<!-- This site is optimized with the Yoast SEO plugin v25.3.1 - https:\/\/yoast.com\/wordpress\/plugins\/seo\/ -->\n<title>Rosas rojas y blancas Fuerza y Belleza - Floristeria Santibella<\/title>\n<meta name=\"description\" content=\"Un ramo que celebra la fortaleza, la elegancia y la pasi\u00f3n de cada mujer. Con 25 rosas blancas y 25 rosas rojas, s\u00edmbolo de pureza y admiraci\u00f3n, y rojas, que representan amor y respeto, este ramo es el regalo perfecto para conmemorar su esencia \u00fanica en el D\u00eda de la Mujer. Incluye tarjeta personalizada.\" \/>\n<meta name=\"robots\" content=\"index, follow, max-snippet:-1, max-image-preview:large, max-video-preview:-1\" \/>\n<link rel=\"canonical\" href=\"https:\/\/floristeriasantibella.com\/en\/product\/fuerza-y-belleza\/\" \/>\n<meta property=\"og:locale\" content=\"en_US\" \/>\n<meta property=\"og:type\" content=\"article\" \/>\n<meta property=\"og:title\" content=\"Rosas rojas y blancas Fuerza y Belleza - Floristeria Santibella\" \/>\n<meta property=\"og:description\" content=\"Un ramo que celebra la fortaleza, la elegancia y la pasi\u00f3n de cada mujer. Con 25 rosas blancas y 25 rosas rojas, s\u00edmbolo de pureza y admiraci\u00f3n, y rojas, que representan amor y respeto, este ramo es el regalo perfecto para conmemorar su esencia \u00fanica en el D\u00eda de la Mujer. Incluye tarjeta personalizada.\" \/>\n<meta property=\"og:url\" content=\"https:\/\/floristeriasantibella.com\/en\/product\/fuerza-y-belleza\/\" \/>\n<meta property=\"og:site_name\" content=\"Floristeria Santibella\" \/>\n<meta property=\"article:modified_time\" content=\"2025-08-27T03:00:19+00:00\" \/>\n<meta property=\"og:image\" content=\"https:\/\/floristeriasantibella.com\/wp-content\/uploads\/2025\/07\/Fuerza-y-Belleza.png\" \/>\n\t<meta property=\"og:image:width\" content=\"1200\" \/>\n\t<meta property=\"og:image:height\" content=\"1200\" \/>\n\t<meta property=\"og:image:type\" content=\"image\/png\" \/>\n<meta name=\"twitter:card\" content=\"summary_large_image\" \/>\n<meta name=\"twitter:label1\" content=\"Est. reading time\" \/>\n\t<meta name=\"twitter:data1\" content=\"1 minute\" \/>\n<script type=\"application\/ld+json\" class=\"yoast-schema-graph\">{\"@context\":\"https:\/\/schema.org\",\"@graph\":[{\"@type\":\"WebPage\",\"@id\":\"https:\/\/floristeriasantibella.com\/producto\/fuerza-y-belleza\/\",\"url\":\"https:\/\/floristeriasantibella.com\/producto\/fuerza-y-belleza\/\",\"name\":\"Rosas rojas y blancas Fuerza y Belleza - Floristeria Santibella\",\"isPartOf\":{\"@id\":\"https:\/\/floristeriasantibella.com\/#website\"},\"primaryImageOfPage\":{\"@id\":\"https:\/\/floristeriasantibella.com\/producto\/fuerza-y-belleza\/#primaryimage\"},\"image\":{\"@id\":\"https:\/\/floristeriasantibella.com\/producto\/fuerza-y-belleza\/#primaryimage\"},\"thumbnailUrl\":\"https:\/\/floristeriasantibella.com\/wp-content\/uploads\/2025\/07\/Fuerza-y-Belleza.png\",\"datePublished\":\"2025-07-29T12:31:10+00:00\",\"dateModified\":\"2025-08-27T03:00:19+00:00\",\"description\":\"Un ramo que celebra la fortaleza, la elegancia y la pasi\u00f3n de cada mujer. Con 25 rosas blancas y 25 rosas rojas, s\u00edmbolo de pureza y admiraci\u00f3n, y rojas, que representan amor y respeto, este ramo es el regalo perfecto para conmemorar su esencia \u00fanica en el D\u00eda de la Mujer. Incluye tarjeta personalizada.\",\"breadcrumb\":{\"@id\":\"https:\/\/floristeriasantibella.com\/producto\/fuerza-y-belleza\/#breadcrumb\"},\"inLanguage\":\"en-US\",\"potentialAction\":[{\"@type\":\"ReadAction\",\"target\":[\"https:\/\/floristeriasantibella.com\/producto\/fuerza-y-belleza\/\"]}]},{\"@type\":\"ImageObject\",\"inLanguage\":\"en-US\",\"@id\":\"https:\/\/floristeriasantibella.com\/producto\/fuerza-y-belleza\/#primaryimage\",\"url\":\"https:\/\/floristeriasantibella.com\/wp-content\/uploads\/2025\/07\/Fuerza-y-Belleza.png\",\"contentUrl\":\"https:\/\/floristeriasantibella.com\/wp-content\/uploads\/2025\/07\/Fuerza-y-Belleza.png\",\"width\":1200,\"height\":1200},{\"@type\":\"BreadcrumbList\",\"@id\":\"https:\/\/floristeriasantibella.com\/producto\/fuerza-y-belleza\/#breadcrumb\",\"itemListElement\":[{\"@type\":\"ListItem\",\"position\":1,\"name\":\"Home\",\"item\":\"https:\/\/floristeriasantibella.com\/\"},{\"@type\":\"ListItem\",\"position\":2,\"name\":\"Tienda\",\"item\":\"https:\/\/floristeriasantibella.com\/tienda\/\"},{\"@type\":\"ListItem\",\"position\":3,\"name\":\"Rosas rojas y blancas Fuerza y Belleza\"}]},{\"@type\":\"WebSite\",\"@id\":\"https:\/\/floristeriasantibella.com\/#website\",\"url\":\"https:\/\/floristeriasantibella.com\/\",\"name\":\"Floristeria Santibella\",\"description\":\"Env\u00eda flores a Medell\u00edn desde cualquier parte del mundo. Entregas r\u00e1pidas, dise\u00f1os personalizados y atenci\u00f3n de calidad. \u00a1Compra ahora online!\",\"publisher\":{\"@id\":\"https:\/\/floristeriasantibella.com\/#organization\"},\"potentialAction\":[{\"@type\":\"SearchAction\",\"target\":{\"@type\":\"EntryPoint\",\"urlTemplate\":\"https:\/\/floristeriasantibella.com\/?s={search_term_string}\"},\"query-input\":{\"@type\":\"PropertyValueSpecification\",\"valueRequired\":true,\"valueName\":\"search_term_string\"}}],\"inLanguage\":\"en-US\"},{\"@type\":\"Organization\",\"@id\":\"https:\/\/floristeriasantibella.com\/#organization\",\"name\":\"Floristeria Santibella\",\"url\":\"https:\/\/floristeriasantibella.com\/\",\"logo\":{\"@type\":\"ImageObject\",\"inLanguage\":\"en-US\",\"@id\":\"https:\/\/floristeriasantibella.com\/#\/schema\/logo\/image\/\",\"url\":\"http:\/\/floristeriasantibella.com\/wp-content\/uploads\/2025\/07\/LOGO-SANTIBELLA-03.png\",\"contentUrl\":\"http:\/\/floristeriasantibella.com\/wp-content\/uploads\/2025\/07\/LOGO-SANTIBELLA-03.png\",\"width\":1080,\"height\":1080,\"caption\":\"Floristeria Santibella\"},\"image\":{\"@id\":\"https:\/\/floristeriasantibella.com\/#\/schema\/logo\/image\/\"}}]}<\/script>\n<!-- \/ Yoast SEO plugin. -->","yoast_head_json":{"title":"Rosas rojas y blancas Fuerza y Belleza - Floristeria Santibella","description":"Un ramo que celebra la fortaleza, la elegancia y la pasi\u00f3n de cada mujer. Con 25 rosas blancas y 25 rosas rojas, s\u00edmbolo de pureza y admiraci\u00f3n, y rojas, que representan amor y respeto, este ramo es el regalo perfecto para conmemorar su esencia \u00fanica en el D\u00eda de la Mujer. Incluye tarjeta personalizada.","robots":{"index":"index","follow":"follow","max-snippet":"max-snippet:-1","max-image-preview":"max-image-preview:large","max-video-preview":"max-video-preview:-1"},"canonical":"https:\/\/floristeriasantibella.com\/en\/product\/fuerza-y-belleza\/","og_locale":"en_US","og_type":"article","og_title":"Rosas rojas y blancas Fuerza y Belleza - Floristeria Santibella","og_description":"Un ramo que celebra la fortaleza, la elegancia y la pasi\u00f3n de cada mujer. Con 25 rosas blancas y 25 rosas rojas, s\u00edmbolo de pureza y admiraci\u00f3n, y rojas, que representan amor y respeto, este ramo es el regalo perfecto para conmemorar su esencia \u00fanica en el D\u00eda de la Mujer. Incluye tarjeta personalizada.","og_url":"https:\/\/floristeriasantibella.com\/en\/product\/fuerza-y-belleza\/","og_site_name":"Floristeria Santibella","article_modified_time":"2025-08-27T03:00:19+00:00","og_image":[{"width":1200,"height":1200,"url":"https:\/\/floristeriasantibella.com\/wp-content\/uploads\/2025\/07\/Fuerza-y-Belleza.png","type":"image\/png"}],"twitter_card":"summary_large_image","twitter_misc":{"Est. reading time":"1 minute"},"schema":{"@context":"https:\/\/schema.org","@graph":[{"@type":"WebPage","@id":"https:\/\/floristeriasantibella.com\/producto\/fuerza-y-belleza\/","url":"https:\/\/floristeriasantibella.com\/producto\/fuerza-y-belleza\/","name":"Rosas rojas y blancas Fuerza y Belleza - Floristeria Santibella","isPartOf":{"@id":"https:\/\/floristeriasantibella.com\/#website"},"primaryImageOfPage":{"@id":"https:\/\/floristeriasantibella.com\/producto\/fuerza-y-belleza\/#primaryimage"},"image":{"@id":"https:\/\/floristeriasantibella.com\/producto\/fuerza-y-belleza\/#primaryimage"},"thumbnailUrl":"https:\/\/floristeriasantibella.com\/wp-content\/uploads\/2025\/07\/Fuerza-y-Belleza.png","datePublished":"2025-07-29T12:31:10+00:00","dateModified":"2025-08-27T03:00:19+00:00","description":"Un ramo que celebra la fortaleza, la elegancia y la pasi\u00f3n de cada mujer. Con 25 rosas blancas y 25 rosas rojas, s\u00edmbolo de pureza y admiraci\u00f3n, y rojas, que representan amor y respeto, este ramo es el regalo perfecto para conmemorar su esencia \u00fanica en el D\u00eda de la Mujer. Incluye tarjeta personalizada.","breadcrumb":{"@id":"https:\/\/floristeriasantibella.com\/producto\/fuerza-y-belleza\/#breadcrumb"},"inLanguage":"en-US","potentialAction":[{"@type":"ReadAction","target":["https:\/\/floristeriasantibella.com\/producto\/fuerza-y-belleza\/"]}]},{"@type":"ImageObject","inLanguage":"en-US","@id":"https:\/\/floristeriasantibella.com\/producto\/fuerza-y-belleza\/#primaryimage","url":"https:\/\/floristeriasantibella.com\/wp-content\/uploads\/2025\/07\/Fuerza-y-Belleza.png","contentUrl":"https:\/\/floristeriasantibella.com\/wp-content\/uploads\/2025\/07\/Fuerza-y-Belleza.png","width":1200,"height":1200},{"@type":"BreadcrumbList","@id":"https:\/\/floristeriasantibella.com\/producto\/fuerza-y-belleza\/#breadcrumb","itemListElement":[{"@type":"ListItem","position":1,"name":"Home","item":"https:\/\/floristeriasantibella.com\/"},{"@type":"ListItem","position":2,"name":"Tienda","item":"https:\/\/floristeriasantibella.com\/tienda\/"},{"@type":"ListItem","position":3,"name":"Rosas rojas y blancas Fuerza y Belleza"}]},{"@type":"WebSite","@id":"https:\/\/floristeriasantibella.com\/#website","url":"https:\/\/floristeriasantibella.com\/","name":"Floristeria Santibella","description":"Env\u00eda flores a Medell\u00edn desde cualquier parte del mundo. Entregas r\u00e1pidas, dise\u00f1os personalizados y atenci\u00f3n de calidad. \u00a1Compra ahora online!","publisher":{"@id":"https:\/\/floristeriasantibella.com\/#organization"},"potentialAction":[{"@type":"SearchAction","target":{"@type":"EntryPoint","urlTemplate":"https:\/\/floristeriasantibella.com\/?s={search_term_string}"},"query-input":{"@type":"PropertyValueSpecification","valueRequired":true,"valueName":"search_term_string"}}],"inLanguage":"en-US"},{"@type":"Organization","@id":"https:\/\/floristeriasantibella.com\/#organization","name":"Floristeria Santibella","url":"https:\/\/floristeriasantibella.com\/","logo":{"@type":"ImageObject","inLanguage":"en-US","@id":"https:\/\/floristeriasantibella.com\/#\/schema\/logo\/image\/","url":"http:\/\/floristeriasantibella.com\/wp-content\/uploads\/2025\/07\/LOGO-SANTIBELLA-03.png","contentUrl":"http:\/\/floristeriasantibella.com\/wp-content\/uploads\/2025\/07\/LOGO-SANTIBELLA-03.png","width":1080,"height":1080,"caption":"Floristeria Santibella"},"image":{"@id":"https:\/\/floristeriasantibella.com\/#\/schema\/logo\/image\/"}}]}},"jetpack_sharing_enabled":true,"_links":{"self":[{"href":"https:\/\/floristeriasantibella.com\/en\/wp-json\/wp\/v2\/product\/29420","targetHints":{"allow":["GET"]}}],"collection":[{"href":"https:\/\/floristeriasantibella.com\/en\/wp-json\/wp\/v2\/product"}],"about":[{"href":"https:\/\/floristeriasantibella.com\/en\/wp-json\/wp\/v2\/types\/product"}],"replies":[{"embeddable":true,"href":"https:\/\/floristeriasantibella.com\/en\/wp-json\/wp\/v2\/comments?post=29420"}],"version-history":[{"count":4,"href":"https:\/\/floristeriasantibella.com\/en\/wp-json\/wp\/v2\/product\/29420\/revisions"}],"predecessor-version":[{"id":30730,"href":"https:\/\/floristeriasantibella.com\/en\/wp-json\/wp\/v2\/product\/29420\/revisions\/30730"}],"wp:featuredmedia":[{"embeddable":true,"href":"https:\/\/floristeriasantibella.com\/en\/wp-json\/wp\/v2\/media\/29506"}],"wp:attachment":[{"href":"https:\/\/floristeriasantibella.com\/en\/wp-json\/wp\/v2\/media?parent=29420"}],"wp:term":[{"taxonomy":"product_brand","embeddable":true,"href":"https:\/\/floristeriasantibella.com\/en\/wp-json\/wp\/v2\/product_brand?post=29420"},{"taxonomy":"product_cat","embeddable":true,"href":"https:\/\/floristeriasantibella.com\/en\/wp-json\/wp\/v2\/product_cat?post=29420"},{"taxonomy":"product_tag","embeddable":true,"href":"https:\/\/floristeriasantibella.com\/en\/wp-json\/wp\/v2\/product_tag?post=29420"}],"curies":[{"name":"wp","href":"https:\/\/api.w.org\/{rel}","templated":true}]}}