{"id":29454,"date":"2025-07-29T12:31:32","date_gmt":"2025-07-29T12:31:32","guid":{"rendered":"https:\/\/floristeriasantibella.com\/?post_type=product&#038;p=29454"},"modified":"2026-02-22T23:08:57","modified_gmt":"2026-02-22T23:08:57","slug":"desayuno-te-veo-en-el-altar","status":"publish","type":"product","link":"https:\/\/floristeriasantibella.com\/en\/product\/desayuno-te-veo-en-el-altar\/","title":{"rendered":"Desayuno sorpresa \u201cTe espero en el altar\u201d"},"content":{"rendered":"<p><strong data-start=\"361\" data-end=\"410\">Para la Novia de Hoy y la Esposa de Siempre\u00bb<\/strong><br data-start=\"410\" data-end=\"413\" \/><em data-start=\"416\" data-end=\"458\">El primer desayuno del resto de tu vida<\/em><\/p>\n<blockquote data-start=\"289\" data-end=\"930\"><p>*1 Jugo de naranja<\/p>\n<p>*Parfait ( Yogurt con granola)<\/p>\n<p>*S\u00e1ndwich granjero: Pan artesanal brioche y artesano, pollo marinado, tocineta, queso mozzarella, lechuga crespa, salsa de la casa (sin ajo)<\/p>\n<p>*Porci\u00f3n de fruta<\/p>\n<p>*Pinchos de mini pancakes con fruta y nutella (3 unds)<\/p>\n<p>*Ramo de 24 rosas.<\/p>\n<h3><strong>Descripci\u00f3n para la tarjeta personalizada con QR<\/strong><\/h3>\n<p>Dentro del desayuno encontrar\u00e1s una tarjeta \u00fanica y hecha con amor.<br \/>\nEn su interior lleva un\u00a0<strong>c\u00f3digo QR especial<\/strong>, que al escanearlo desde su celular,\u00a0 llevar\u00e1 a una p\u00e1gina privada donde podr\u00e1:<\/p>\n<p>\ud83c\udf99\ufe0f Escuchar un\u00a0<strong>mensaje de voz<\/strong>\u00a0grabado especialmente para la persona, con palabras desde el coraz\u00f3n.<br \/>\n\ud83c\udfb5 Disfrutar de la<strong>\u00a0canci\u00f3n favorita<\/strong>, esa que los ha acompa\u00f1ado en tantos momentos especiales.<br \/>\n\ud83d\udcf8 Ver un carrusel de\u00a0<strong>fotos<\/strong>, capturando risas, abrazos y sue\u00f1os compartidos.<\/p>\n<p><strong>*Este producto se solicita con 24 horas de anticipaci\u00f3n. Consultar disponibilidad*<\/strong><\/p>\n<p>&nbsp;<\/p><\/blockquote>","protected":false},"excerpt":{"rendered":"<p><strong data-start=\"361\" data-end=\"410\">Para la Novia de Hoy y la Esposa de Siempre\u00bb<\/strong><br data-start=\"410\" data-end=\"413\" \/><em data-start=\"416\" data-end=\"458\">El primer desayuno del resto de tu vida<\/em><\/p>\n<p>*1 Jugo de naranja<\/p>\n<p>*Parfait ( Yogurt con granola)<\/p>\n<p>*S\u00e1ndwich granjero: Pan artesanal brioche y artesano,pollo marinado, tocineta, queso mozzarella, lechuga crespa, salsa de la casa (sin ajo)<\/p>\n<p>*Porcion de fruta<\/p>\n<p>*Pinchos de mini pancakes confruta y nutella (3 unds)<\/p>\n<p>**Ramo de 24 rosas<\/p>\n<h3 class=\"\" data-start=\"228\" data-end=\"287\"><strong data-start=\"235\" data-end=\"287\">Descripci\u00f3n para la tarjeta personalizada con QR<\/strong><\/h3>\n<blockquote data-start=\"289\" data-end=\"930\">\n<p class=\"\" data-start=\"291\" data-end=\"492\">Dentro del desayuno encontrar\u00e1s una tarjeta \u00fanica y hecha con amor.<br data-start=\"358\" data-end=\"361\" \/>En su interior lleva un <strong data-start=\"387\" data-end=\"409\">c\u00f3digo QR especial<\/strong>, que al escanearlo desde su celular,\u00a0 llevar\u00e1 a una p\u00e1gina privada donde podr\u00e1:<\/p>\n<p class=\"\" data-start=\"497\" data-end=\"797\">\ud83c\udf99\ufe0f Escuchar un <strong data-start=\"513\" data-end=\"531\">mensaje de voz<\/strong> grabado especialmente para la persona, con palabras desde el coraz\u00f3n.<br data-start=\"593\" data-end=\"596\" \/>\ud83c\udfb5 Disfrutar de la<strong data-start=\"614\" data-end=\"642\">\u00a0canci\u00f3n favorita<\/strong>, esa que los ha acompa\u00f1ado en tantos momentos especiales.<br data-start=\"700\" data-end=\"703\" \/>\ud83d\udcf8 Ver un carrusel de <strong data-start=\"727\" data-end=\"748\">fotos<\/strong>, capturando risas, abrazos y sue\u00f1os compartidos.<\/p>\n<p class=\"\" data-start=\"802\" data-end=\"930\">Porque no hay mejor forma de empezar este d\u00eda que con el sonido de su voz, y la historia en im\u00e1genes y la m\u00fasica que los une.<\/p>\n<\/blockquote>","protected":false},"featured_media":29541,"comment_status":"open","ping_status":"closed","template":"","meta":[],"product_brand":[123],"product_cat":[73,74,90,96],"product_tag":[],"class_list":{"0":"post-29454","1":"product","2":"type-product","3":"status-publish","4":"has-post-thumbnail","6":"product_brand-floristeria-santibella","7":"product_cat-amor-y-aniversario","8":"product_cat-cumpleanos","9":"product_cat-delicias-y-sabores","10":"product_cat-desayunos-sorpresa","12":"first","13":"instock","14":"shipping-taxable","15":"purchasable","16":"product-type-simple"},"yoast_head":"<!-- This site is optimized with the Yoast SEO plugin v25.3.1 - https:\/\/yoast.com\/wordpress\/plugins\/seo\/ -->\n<title>Desayuno sorpresa \u201cTe espero en el altar\u201d - Floristeria Santibella<\/title>\n<meta name=\"description\" content=\"Para la Novia de Hoy y la Esposa de Siempre&quot;El primer desayuno del resto de tu vida*1 Jugo de naranja*Parfait ( Yogurt con granola)*S\u00e1ndwich granjero: Pan artesanal brioche y artesano,pollo marinado, tocineta, queso mozzarella, lechuga crespa, salsa de la casa (sin ajo)*Porcion de fruta*Pinchos de mini pancakes confruta y nutella (3 unds) *Ramo de 24 rosasDescripci\u00f3n para la tarjeta personalizada con QRDentro del desayuno encontrar\u00e1s una tarjeta \u00fanica y hecha con amor.En su interior lleva un c\u00f3digo QR especial, que al escanearlo desde su celular,\u00a0 llevar\u00e1 a una p\u00e1gina privada donde podr\u00e1:\ud83c\udf99\ufe0f Escuchar un mensaje de voz grabado especialmente para la persona, con palabras desde el coraz\u00f3n.\ud83c\udfb5 Disfrutar de la\u00a0canci\u00f3n favorita, esa que los ha acompa\u00f1ado en tantos momentos especiales.\ud83d\udcf8 Ver un carrusel de fotos, capturando risas, abrazos y sue\u00f1os compartidos.Porque no hay mejor forma de empezar este d\u00eda que con el sonido de su voz, y la historia en im\u00e1genes y la m\u00fasica que los une.\" \/>\n<meta name=\"robots\" content=\"index, follow, max-snippet:-1, max-image-preview:large, max-video-preview:-1\" \/>\n<link rel=\"canonical\" href=\"https:\/\/floristeriasantibella.com\/en\/product\/desayuno-te-veo-en-el-altar\/\" \/>\n<meta property=\"og:locale\" content=\"en_US\" \/>\n<meta property=\"og:type\" content=\"article\" \/>\n<meta property=\"og:title\" content=\"Desayuno sorpresa \u201cTe espero en el altar\u201d - Floristeria Santibella\" \/>\n<meta property=\"og:description\" content=\"Para la Novia de Hoy y la Esposa de Siempre&quot;El primer desayuno del resto de tu vida*1 Jugo de naranja*Parfait ( Yogurt con granola)*S\u00e1ndwich granjero: Pan artesanal brioche y artesano,pollo marinado, tocineta, queso mozzarella, lechuga crespa, salsa de la casa (sin ajo)*Porcion de fruta*Pinchos de mini pancakes confruta y nutella (3 unds) *Ramo de 24 rosasDescripci\u00f3n para la tarjeta personalizada con QRDentro del desayuno encontrar\u00e1s una tarjeta \u00fanica y hecha con amor.En su interior lleva un c\u00f3digo QR especial, que al escanearlo desde su celular,\u00a0 llevar\u00e1 a una p\u00e1gina privada donde podr\u00e1:\ud83c\udf99\ufe0f Escuchar un mensaje de voz grabado especialmente para la persona, con palabras desde el coraz\u00f3n.\ud83c\udfb5 Disfrutar de la\u00a0canci\u00f3n favorita, esa que los ha acompa\u00f1ado en tantos momentos especiales.\ud83d\udcf8 Ver un carrusel de fotos, capturando risas, abrazos y sue\u00f1os compartidos.Porque no hay mejor forma de empezar este d\u00eda que con el sonido de su voz, y la historia en im\u00e1genes y la m\u00fasica que los une.\" \/>\n<meta property=\"og:url\" content=\"https:\/\/floristeriasantibella.com\/en\/product\/desayuno-te-veo-en-el-altar\/\" \/>\n<meta property=\"og:site_name\" content=\"Floristeria Santibella\" \/>\n<meta property=\"article:modified_time\" content=\"2026-02-22T23:08:57+00:00\" \/>\n<meta property=\"og:image\" content=\"https:\/\/floristeriasantibella.com\/wp-content\/uploads\/2025\/07\/WhatsApp_Image_2025-04-27_at_3.39.39_PM-removebg-preview-1.png\" \/>\n\t<meta property=\"og:image:width\" content=\"1200\" \/>\n\t<meta property=\"og:image:height\" content=\"1200\" \/>\n\t<meta property=\"og:image:type\" content=\"image\/png\" \/>\n<meta name=\"twitter:card\" content=\"summary_large_image\" \/>\n<meta name=\"twitter:label1\" content=\"Est. reading time\" \/>\n\t<meta name=\"twitter:data1\" content=\"1 minute\" \/>\n<script type=\"application\/ld+json\" class=\"yoast-schema-graph\">{\"@context\":\"https:\/\/schema.org\",\"@graph\":[{\"@type\":\"WebPage\",\"@id\":\"https:\/\/floristeriasantibella.com\/producto\/desayuno-te-veo-en-el-altar\/\",\"url\":\"https:\/\/floristeriasantibella.com\/producto\/desayuno-te-veo-en-el-altar\/\",\"name\":\"Desayuno sorpresa \u201cTe espero en el altar\u201d - Floristeria Santibella\",\"isPartOf\":{\"@id\":\"https:\/\/floristeriasantibella.com\/#website\"},\"primaryImageOfPage\":{\"@id\":\"https:\/\/floristeriasantibella.com\/producto\/desayuno-te-veo-en-el-altar\/#primaryimage\"},\"image\":{\"@id\":\"https:\/\/floristeriasantibella.com\/producto\/desayuno-te-veo-en-el-altar\/#primaryimage\"},\"thumbnailUrl\":\"https:\/\/floristeriasantibella.com\/wp-content\/uploads\/2025\/07\/WhatsApp_Image_2025-04-27_at_3.39.39_PM-removebg-preview-1.png\",\"datePublished\":\"2025-07-29T12:31:32+00:00\",\"dateModified\":\"2026-02-22T23:08:57+00:00\",\"description\":\"Para la Novia de Hoy y la Esposa de Siempre\\\"El primer desayuno del resto de tu vida*1 Jugo de naranja*Parfait ( Yogurt con granola)*S\u00e1ndwich granjero: Pan artesanal brioche y artesano,pollo marinado, tocineta, queso mozzarella, lechuga crespa, salsa de la casa (sin ajo)*Porcion de fruta*Pinchos de mini pancakes confruta y nutella (3 unds) *Ramo de 24 rosasDescripci\u00f3n para la tarjeta personalizada con QRDentro del desayuno encontrar\u00e1s una tarjeta \u00fanica y hecha con amor.En su interior lleva un c\u00f3digo QR especial, que al escanearlo desde su celular,\u00a0 llevar\u00e1 a una p\u00e1gina privada donde podr\u00e1:\ud83c\udf99\ufe0f Escuchar un mensaje de voz grabado especialmente para la persona, con palabras desde el coraz\u00f3n.\ud83c\udfb5 Disfrutar de la\u00a0canci\u00f3n favorita, esa que los ha acompa\u00f1ado en tantos momentos especiales.\ud83d\udcf8 Ver un carrusel de fotos, capturando risas, abrazos y sue\u00f1os compartidos.Porque no hay mejor forma de empezar este d\u00eda que con el sonido de su voz, y la historia en im\u00e1genes y la m\u00fasica que los une.\",\"breadcrumb\":{\"@id\":\"https:\/\/floristeriasantibella.com\/producto\/desayuno-te-veo-en-el-altar\/#breadcrumb\"},\"inLanguage\":\"en-US\",\"potentialAction\":[{\"@type\":\"ReadAction\",\"target\":[\"https:\/\/floristeriasantibella.com\/producto\/desayuno-te-veo-en-el-altar\/\"]}]},{\"@type\":\"ImageObject\",\"inLanguage\":\"en-US\",\"@id\":\"https:\/\/floristeriasantibella.com\/producto\/desayuno-te-veo-en-el-altar\/#primaryimage\",\"url\":\"https:\/\/floristeriasantibella.com\/wp-content\/uploads\/2025\/07\/WhatsApp_Image_2025-04-27_at_3.39.39_PM-removebg-preview-1.png\",\"contentUrl\":\"https:\/\/floristeriasantibella.com\/wp-content\/uploads\/2025\/07\/WhatsApp_Image_2025-04-27_at_3.39.39_PM-removebg-preview-1.png\",\"width\":1200,\"height\":1200},{\"@type\":\"BreadcrumbList\",\"@id\":\"https:\/\/floristeriasantibella.com\/producto\/desayuno-te-veo-en-el-altar\/#breadcrumb\",\"itemListElement\":[{\"@type\":\"ListItem\",\"position\":1,\"name\":\"Home\",\"item\":\"https:\/\/floristeriasantibella.com\/\"},{\"@type\":\"ListItem\",\"position\":2,\"name\":\"Tienda\",\"item\":\"https:\/\/floristeriasantibella.com\/tienda\/\"},{\"@type\":\"ListItem\",\"position\":3,\"name\":\"Desayuno sorpresa \u201cTe espero en el altar\u201d\"}]},{\"@type\":\"WebSite\",\"@id\":\"https:\/\/floristeriasantibella.com\/#website\",\"url\":\"https:\/\/floristeriasantibella.com\/\",\"name\":\"Floristeria Santibella\",\"description\":\"Env\u00eda flores a Medell\u00edn desde cualquier parte del mundo. Entregas r\u00e1pidas, dise\u00f1os personalizados y atenci\u00f3n de calidad. \u00a1Compra ahora online!\",\"publisher\":{\"@id\":\"https:\/\/floristeriasantibella.com\/#organization\"},\"potentialAction\":[{\"@type\":\"SearchAction\",\"target\":{\"@type\":\"EntryPoint\",\"urlTemplate\":\"https:\/\/floristeriasantibella.com\/?s={search_term_string}\"},\"query-input\":{\"@type\":\"PropertyValueSpecification\",\"valueRequired\":true,\"valueName\":\"search_term_string\"}}],\"inLanguage\":\"en-US\"},{\"@type\":\"Organization\",\"@id\":\"https:\/\/floristeriasantibella.com\/#organization\",\"name\":\"Floristeria Santibella\",\"url\":\"https:\/\/floristeriasantibella.com\/\",\"logo\":{\"@type\":\"ImageObject\",\"inLanguage\":\"en-US\",\"@id\":\"https:\/\/floristeriasantibella.com\/#\/schema\/logo\/image\/\",\"url\":\"http:\/\/floristeriasantibella.com\/wp-content\/uploads\/2025\/07\/LOGO-SANTIBELLA-03.png\",\"contentUrl\":\"http:\/\/floristeriasantibella.com\/wp-content\/uploads\/2025\/07\/LOGO-SANTIBELLA-03.png\",\"width\":1080,\"height\":1080,\"caption\":\"Floristeria Santibella\"},\"image\":{\"@id\":\"https:\/\/floristeriasantibella.com\/#\/schema\/logo\/image\/\"}}]}<\/script>\n<!-- \/ Yoast SEO plugin. -->","yoast_head_json":{"title":"Desayuno sorpresa \u201cTe espero en el altar\u201d - Floristeria Santibella","description":"Para la Novia de Hoy y la Esposa de Siempre\"El primer desayuno del resto de tu vida*1 Jugo de naranja*Parfait ( Yogurt con granola)*S\u00e1ndwich granjero: Pan artesanal brioche y artesano,pollo marinado, tocineta, queso mozzarella, lechuga crespa, salsa de la casa (sin ajo)*Porcion de fruta*Pinchos de mini pancakes confruta y nutella (3 unds) *Ramo de 24 rosasDescripci\u00f3n para la tarjeta personalizada con QRDentro del desayuno encontrar\u00e1s una tarjeta \u00fanica y hecha con amor.En su interior lleva un c\u00f3digo QR especial, que al escanearlo desde su celular,\u00a0 llevar\u00e1 a una p\u00e1gina privada donde podr\u00e1:\ud83c\udf99\ufe0f Escuchar un mensaje de voz grabado especialmente para la persona, con palabras desde el coraz\u00f3n.\ud83c\udfb5 Disfrutar de la\u00a0canci\u00f3n favorita, esa que los ha acompa\u00f1ado en tantos momentos especiales.\ud83d\udcf8 Ver un carrusel de fotos, capturando risas, abrazos y sue\u00f1os compartidos.Porque no hay mejor forma de empezar este d\u00eda que con el sonido de su voz, y la historia en im\u00e1genes y la m\u00fasica que los une.","robots":{"index":"index","follow":"follow","max-snippet":"max-snippet:-1","max-image-preview":"max-image-preview:large","max-video-preview":"max-video-preview:-1"},"canonical":"https:\/\/floristeriasantibella.com\/en\/product\/desayuno-te-veo-en-el-altar\/","og_locale":"en_US","og_type":"article","og_title":"Desayuno sorpresa \u201cTe espero en el altar\u201d - Floristeria Santibella","og_description":"Para la Novia de Hoy y la Esposa de Siempre\"El primer desayuno del resto de tu vida*1 Jugo de naranja*Parfait ( Yogurt con granola)*S\u00e1ndwich granjero: Pan artesanal brioche y artesano,pollo marinado, tocineta, queso mozzarella, lechuga crespa, salsa de la casa (sin ajo)*Porcion de fruta*Pinchos de mini pancakes confruta y nutella (3 unds) *Ramo de 24 rosasDescripci\u00f3n para la tarjeta personalizada con QRDentro del desayuno encontrar\u00e1s una tarjeta \u00fanica y hecha con amor.En su interior lleva un c\u00f3digo QR especial, que al escanearlo desde su celular,\u00a0 llevar\u00e1 a una p\u00e1gina privada donde podr\u00e1:\ud83c\udf99\ufe0f Escuchar un mensaje de voz grabado especialmente para la persona, con palabras desde el coraz\u00f3n.\ud83c\udfb5 Disfrutar de la\u00a0canci\u00f3n favorita, esa que los ha acompa\u00f1ado en tantos momentos especiales.\ud83d\udcf8 Ver un carrusel de fotos, capturando risas, abrazos y sue\u00f1os compartidos.Porque no hay mejor forma de empezar este d\u00eda que con el sonido de su voz, y la historia en im\u00e1genes y la m\u00fasica que los une.","og_url":"https:\/\/floristeriasantibella.com\/en\/product\/desayuno-te-veo-en-el-altar\/","og_site_name":"Floristeria Santibella","article_modified_time":"2026-02-22T23:08:57+00:00","og_image":[{"width":1200,"height":1200,"url":"https:\/\/floristeriasantibella.com\/wp-content\/uploads\/2025\/07\/WhatsApp_Image_2025-04-27_at_3.39.39_PM-removebg-preview-1.png","type":"image\/png"}],"twitter_card":"summary_large_image","twitter_misc":{"Est. reading time":"1 minute"},"schema":{"@context":"https:\/\/schema.org","@graph":[{"@type":"WebPage","@id":"https:\/\/floristeriasantibella.com\/producto\/desayuno-te-veo-en-el-altar\/","url":"https:\/\/floristeriasantibella.com\/producto\/desayuno-te-veo-en-el-altar\/","name":"Desayuno sorpresa \u201cTe espero en el altar\u201d - Floristeria Santibella","isPartOf":{"@id":"https:\/\/floristeriasantibella.com\/#website"},"primaryImageOfPage":{"@id":"https:\/\/floristeriasantibella.com\/producto\/desayuno-te-veo-en-el-altar\/#primaryimage"},"image":{"@id":"https:\/\/floristeriasantibella.com\/producto\/desayuno-te-veo-en-el-altar\/#primaryimage"},"thumbnailUrl":"https:\/\/floristeriasantibella.com\/wp-content\/uploads\/2025\/07\/WhatsApp_Image_2025-04-27_at_3.39.39_PM-removebg-preview-1.png","datePublished":"2025-07-29T12:31:32+00:00","dateModified":"2026-02-22T23:08:57+00:00","description":"Para la Novia de Hoy y la Esposa de Siempre\"El primer desayuno del resto de tu vida*1 Jugo de naranja*Parfait ( Yogurt con granola)*S\u00e1ndwich granjero: Pan artesanal brioche y artesano,pollo marinado, tocineta, queso mozzarella, lechuga crespa, salsa de la casa (sin ajo)*Porcion de fruta*Pinchos de mini pancakes confruta y nutella (3 unds) *Ramo de 24 rosasDescripci\u00f3n para la tarjeta personalizada con QRDentro del desayuno encontrar\u00e1s una tarjeta \u00fanica y hecha con amor.En su interior lleva un c\u00f3digo QR especial, que al escanearlo desde su celular,\u00a0 llevar\u00e1 a una p\u00e1gina privada donde podr\u00e1:\ud83c\udf99\ufe0f Escuchar un mensaje de voz grabado especialmente para la persona, con palabras desde el coraz\u00f3n.\ud83c\udfb5 Disfrutar de la\u00a0canci\u00f3n favorita, esa que los ha acompa\u00f1ado en tantos momentos especiales.\ud83d\udcf8 Ver un carrusel de fotos, capturando risas, abrazos y sue\u00f1os compartidos.Porque no hay mejor forma de empezar este d\u00eda que con el sonido de su voz, y la historia en im\u00e1genes y la m\u00fasica que los une.","breadcrumb":{"@id":"https:\/\/floristeriasantibella.com\/producto\/desayuno-te-veo-en-el-altar\/#breadcrumb"},"inLanguage":"en-US","potentialAction":[{"@type":"ReadAction","target":["https:\/\/floristeriasantibella.com\/producto\/desayuno-te-veo-en-el-altar\/"]}]},{"@type":"ImageObject","inLanguage":"en-US","@id":"https:\/\/floristeriasantibella.com\/producto\/desayuno-te-veo-en-el-altar\/#primaryimage","url":"https:\/\/floristeriasantibella.com\/wp-content\/uploads\/2025\/07\/WhatsApp_Image_2025-04-27_at_3.39.39_PM-removebg-preview-1.png","contentUrl":"https:\/\/floristeriasantibella.com\/wp-content\/uploads\/2025\/07\/WhatsApp_Image_2025-04-27_at_3.39.39_PM-removebg-preview-1.png","width":1200,"height":1200},{"@type":"BreadcrumbList","@id":"https:\/\/floristeriasantibella.com\/producto\/desayuno-te-veo-en-el-altar\/#breadcrumb","itemListElement":[{"@type":"ListItem","position":1,"name":"Home","item":"https:\/\/floristeriasantibella.com\/"},{"@type":"ListItem","position":2,"name":"Tienda","item":"https:\/\/floristeriasantibella.com\/tienda\/"},{"@type":"ListItem","position":3,"name":"Desayuno sorpresa \u201cTe espero en el altar\u201d"}]},{"@type":"WebSite","@id":"https:\/\/floristeriasantibella.com\/#website","url":"https:\/\/floristeriasantibella.com\/","name":"Floristeria Santibella","description":"Env\u00eda flores a Medell\u00edn desde cualquier parte del mundo. Entregas r\u00e1pidas, dise\u00f1os personalizados y atenci\u00f3n de calidad. \u00a1Compra ahora online!","publisher":{"@id":"https:\/\/floristeriasantibella.com\/#organization"},"potentialAction":[{"@type":"SearchAction","target":{"@type":"EntryPoint","urlTemplate":"https:\/\/floristeriasantibella.com\/?s={search_term_string}"},"query-input":{"@type":"PropertyValueSpecification","valueRequired":true,"valueName":"search_term_string"}}],"inLanguage":"en-US"},{"@type":"Organization","@id":"https:\/\/floristeriasantibella.com\/#organization","name":"Floristeria Santibella","url":"https:\/\/floristeriasantibella.com\/","logo":{"@type":"ImageObject","inLanguage":"en-US","@id":"https:\/\/floristeriasantibella.com\/#\/schema\/logo\/image\/","url":"http:\/\/floristeriasantibella.com\/wp-content\/uploads\/2025\/07\/LOGO-SANTIBELLA-03.png","contentUrl":"http:\/\/floristeriasantibella.com\/wp-content\/uploads\/2025\/07\/LOGO-SANTIBELLA-03.png","width":1080,"height":1080,"caption":"Floristeria Santibella"},"image":{"@id":"https:\/\/floristeriasantibella.com\/#\/schema\/logo\/image\/"}}]}},"jetpack_sharing_enabled":true,"_links":{"self":[{"href":"https:\/\/floristeriasantibella.com\/en\/wp-json\/wp\/v2\/product\/29454","targetHints":{"allow":["GET"]}}],"collection":[{"href":"https:\/\/floristeriasantibella.com\/en\/wp-json\/wp\/v2\/product"}],"about":[{"href":"https:\/\/floristeriasantibella.com\/en\/wp-json\/wp\/v2\/types\/product"}],"replies":[{"embeddable":true,"href":"https:\/\/floristeriasantibella.com\/en\/wp-json\/wp\/v2\/comments?post=29454"}],"version-history":[{"count":4,"href":"https:\/\/floristeriasantibella.com\/en\/wp-json\/wp\/v2\/product\/29454\/revisions"}],"predecessor-version":[{"id":31811,"href":"https:\/\/floristeriasantibella.com\/en\/wp-json\/wp\/v2\/product\/29454\/revisions\/31811"}],"wp:featuredmedia":[{"embeddable":true,"href":"https:\/\/floristeriasantibella.com\/en\/wp-json\/wp\/v2\/media\/29541"}],"wp:attachment":[{"href":"https:\/\/floristeriasantibella.com\/en\/wp-json\/wp\/v2\/media?parent=29454"}],"wp:term":[{"taxonomy":"product_brand","embeddable":true,"href":"https:\/\/floristeriasantibella.com\/en\/wp-json\/wp\/v2\/product_brand?post=29454"},{"taxonomy":"product_cat","embeddable":true,"href":"https:\/\/floristeriasantibella.com\/en\/wp-json\/wp\/v2\/product_cat?post=29454"},{"taxonomy":"product_tag","embeddable":true,"href":"https:\/\/floristeriasantibella.com\/en\/wp-json\/wp\/v2\/product_tag?post=29454"}],"curies":[{"name":"wp","href":"https:\/\/api.w.org\/{rel}","templated":true}]}}