{"id":29545,"date":"2025-07-29T12:33:30","date_gmt":"2025-07-29T12:33:30","guid":{"rendered":"https:\/\/floristeriasantibella.com\/?post_type=product&#038;p=29545"},"modified":"2025-08-27T02:59:36","modified_gmt":"2025-08-27T02:59:36","slug":"rojo-triunfal","status":"publish","type":"product","link":"https:\/\/floristeriasantibella.com\/en\/product\/rojo-triunfal\/","title":{"rendered":"Ramo rosas rojas grado Rojo Triunfal"},"content":{"rendered":"<p>Elegante ramo de 75 rosas rojas, gitsoflias decorado con papel importa , letrero y mo\u00f1o. Un ramo que mira hacia adelante, celebrando los logros pasados y los sue\u00f1os por venir.Incluye tarjeta personalizada. Entrega a domicilio en Medell\u00edn y \u00e1rea metropolitana.<\/p>","protected":false},"excerpt":{"rendered":"<p>Elegante ramo de 75 rosas rojas, gitsoflias decorado con papel importa , letrero y mo\u00f1o. Un ramo que mira hacia adelante, celebrando los logros pasados y los sue\u00f1os por venir.Incluye tarjeta personalizada. Entrega a domicilio en Medell\u00edn y \u00e1rea metropolitana.<\/p>","protected":false},"featured_media":29614,"comment_status":"open","ping_status":"closed","template":"","meta":[],"product_brand":[123],"product_cat":[97,72],"product_tag":[],"class_list":{"0":"post-29545","1":"product","2":"type-product","3":"status-publish","4":"has-post-thumbnail","6":"product_brand-floristeria-santibella","7":"product_cat-grados","8":"product_cat-ocasiones","10":"first","11":"instock","12":"shipping-taxable","13":"purchasable","14":"product-type-simple"},"yoast_head":"<!-- This site is optimized with the Yoast SEO plugin v25.3.1 - https:\/\/yoast.com\/wordpress\/plugins\/seo\/ -->\n<title>Ramo rosas rojas grado Rojo Triunfal - Floristeria Santibella<\/title>\n<meta name=\"description\" content=\"Elegante ramo de 75 rosas rojas, gitsoflias decorado con papel importa , letrero y mo\u00f1o. Un ramo que mira hacia adelante, celebrando los logros pasados y los sue\u00f1os por venir.\" \/>\n<meta name=\"robots\" content=\"index, follow, max-snippet:-1, max-image-preview:large, max-video-preview:-1\" \/>\n<link rel=\"canonical\" href=\"https:\/\/floristeriasantibella.com\/en\/product\/rojo-triunfal\/\" \/>\n<meta property=\"og:locale\" content=\"en_US\" \/>\n<meta property=\"og:type\" content=\"article\" \/>\n<meta property=\"og:title\" content=\"Ramo rosas rojas grado Rojo Triunfal - Floristeria Santibella\" \/>\n<meta property=\"og:description\" content=\"Elegante ramo de 75 rosas rojas, gitsoflias decorado con papel importa , letrero y mo\u00f1o. Un ramo que mira hacia adelante, celebrando los logros pasados y los sue\u00f1os por venir.\" \/>\n<meta property=\"og:url\" content=\"https:\/\/floristeriasantibella.com\/en\/product\/rojo-triunfal\/\" \/>\n<meta property=\"og:site_name\" content=\"Floristeria Santibella\" \/>\n<meta property=\"article:modified_time\" content=\"2025-08-27T02:59:36+00:00\" \/>\n<meta property=\"og:image\" content=\"https:\/\/floristeriasantibella.com\/wp-content\/uploads\/2025\/07\/WhatsApp_Image_2025-06-06_at_2.32.51_PM-removebg-preview-1.png\" \/>\n\t<meta property=\"og:image:width\" content=\"1200\" \/>\n\t<meta property=\"og:image:height\" content=\"1200\" \/>\n\t<meta property=\"og:image:type\" content=\"image\/png\" \/>\n<meta name=\"twitter:card\" content=\"summary_large_image\" \/>\n<meta name=\"twitter:label1\" content=\"Est. reading time\" \/>\n\t<meta name=\"twitter:data1\" content=\"1 minute\" \/>\n<script type=\"application\/ld+json\" class=\"yoast-schema-graph\">{\"@context\":\"https:\/\/schema.org\",\"@graph\":[{\"@type\":\"WebPage\",\"@id\":\"https:\/\/floristeriasantibella.com\/producto\/rojo-triunfal\/\",\"url\":\"https:\/\/floristeriasantibella.com\/producto\/rojo-triunfal\/\",\"name\":\"Ramo rosas rojas grado Rojo Triunfal - Floristeria Santibella\",\"isPartOf\":{\"@id\":\"https:\/\/floristeriasantibella.com\/#website\"},\"primaryImageOfPage\":{\"@id\":\"https:\/\/floristeriasantibella.com\/producto\/rojo-triunfal\/#primaryimage\"},\"image\":{\"@id\":\"https:\/\/floristeriasantibella.com\/producto\/rojo-triunfal\/#primaryimage\"},\"thumbnailUrl\":\"https:\/\/floristeriasantibella.com\/wp-content\/uploads\/2025\/07\/WhatsApp_Image_2025-06-06_at_2.32.51_PM-removebg-preview-1.png\",\"datePublished\":\"2025-07-29T12:33:30+00:00\",\"dateModified\":\"2025-08-27T02:59:36+00:00\",\"description\":\"Elegante ramo de 75 rosas rojas, gitsoflias decorado con papel importa , letrero y mo\u00f1o. Un ramo que mira hacia adelante, celebrando los logros pasados y los sue\u00f1os por venir.\",\"breadcrumb\":{\"@id\":\"https:\/\/floristeriasantibella.com\/producto\/rojo-triunfal\/#breadcrumb\"},\"inLanguage\":\"en-US\",\"potentialAction\":[{\"@type\":\"ReadAction\",\"target\":[\"https:\/\/floristeriasantibella.com\/producto\/rojo-triunfal\/\"]}]},{\"@type\":\"ImageObject\",\"inLanguage\":\"en-US\",\"@id\":\"https:\/\/floristeriasantibella.com\/producto\/rojo-triunfal\/#primaryimage\",\"url\":\"https:\/\/floristeriasantibella.com\/wp-content\/uploads\/2025\/07\/WhatsApp_Image_2025-06-06_at_2.32.51_PM-removebg-preview-1.png\",\"contentUrl\":\"https:\/\/floristeriasantibella.com\/wp-content\/uploads\/2025\/07\/WhatsApp_Image_2025-06-06_at_2.32.51_PM-removebg-preview-1.png\",\"width\":1200,\"height\":1200},{\"@type\":\"BreadcrumbList\",\"@id\":\"https:\/\/floristeriasantibella.com\/producto\/rojo-triunfal\/#breadcrumb\",\"itemListElement\":[{\"@type\":\"ListItem\",\"position\":1,\"name\":\"Home\",\"item\":\"https:\/\/floristeriasantibella.com\/\"},{\"@type\":\"ListItem\",\"position\":2,\"name\":\"Tienda\",\"item\":\"https:\/\/floristeriasantibella.com\/tienda\/\"},{\"@type\":\"ListItem\",\"position\":3,\"name\":\"Ramo rosas rojas grado Rojo Triunfal\"}]},{\"@type\":\"WebSite\",\"@id\":\"https:\/\/floristeriasantibella.com\/#website\",\"url\":\"https:\/\/floristeriasantibella.com\/\",\"name\":\"Floristeria Santibella\",\"description\":\"Env\u00eda flores a Medell\u00edn desde cualquier parte del mundo. Entregas r\u00e1pidas, dise\u00f1os personalizados y atenci\u00f3n de calidad. \u00a1Compra ahora online!\",\"publisher\":{\"@id\":\"https:\/\/floristeriasantibella.com\/#organization\"},\"potentialAction\":[{\"@type\":\"SearchAction\",\"target\":{\"@type\":\"EntryPoint\",\"urlTemplate\":\"https:\/\/floristeriasantibella.com\/?s={search_term_string}\"},\"query-input\":{\"@type\":\"PropertyValueSpecification\",\"valueRequired\":true,\"valueName\":\"search_term_string\"}}],\"inLanguage\":\"en-US\"},{\"@type\":\"Organization\",\"@id\":\"https:\/\/floristeriasantibella.com\/#organization\",\"name\":\"Floristeria Santibella\",\"url\":\"https:\/\/floristeriasantibella.com\/\",\"logo\":{\"@type\":\"ImageObject\",\"inLanguage\":\"en-US\",\"@id\":\"https:\/\/floristeriasantibella.com\/#\/schema\/logo\/image\/\",\"url\":\"http:\/\/floristeriasantibella.com\/wp-content\/uploads\/2025\/07\/LOGO-SANTIBELLA-03.png\",\"contentUrl\":\"http:\/\/floristeriasantibella.com\/wp-content\/uploads\/2025\/07\/LOGO-SANTIBELLA-03.png\",\"width\":1080,\"height\":1080,\"caption\":\"Floristeria Santibella\"},\"image\":{\"@id\":\"https:\/\/floristeriasantibella.com\/#\/schema\/logo\/image\/\"}}]}<\/script>\n<!-- \/ Yoast SEO plugin. -->","yoast_head_json":{"title":"Ramo rosas rojas grado Rojo Triunfal - Floristeria Santibella","description":"Elegante ramo de 75 rosas rojas, gitsoflias decorado con papel importa , letrero y mo\u00f1o. Un ramo que mira hacia adelante, celebrando los logros pasados y los sue\u00f1os por venir.","robots":{"index":"index","follow":"follow","max-snippet":"max-snippet:-1","max-image-preview":"max-image-preview:large","max-video-preview":"max-video-preview:-1"},"canonical":"https:\/\/floristeriasantibella.com\/en\/product\/rojo-triunfal\/","og_locale":"en_US","og_type":"article","og_title":"Ramo rosas rojas grado Rojo Triunfal - Floristeria Santibella","og_description":"Elegante ramo de 75 rosas rojas, gitsoflias decorado con papel importa , letrero y mo\u00f1o. Un ramo que mira hacia adelante, celebrando los logros pasados y los sue\u00f1os por venir.","og_url":"https:\/\/floristeriasantibella.com\/en\/product\/rojo-triunfal\/","og_site_name":"Floristeria Santibella","article_modified_time":"2025-08-27T02:59:36+00:00","og_image":[{"width":1200,"height":1200,"url":"https:\/\/floristeriasantibella.com\/wp-content\/uploads\/2025\/07\/WhatsApp_Image_2025-06-06_at_2.32.51_PM-removebg-preview-1.png","type":"image\/png"}],"twitter_card":"summary_large_image","twitter_misc":{"Est. reading time":"1 minute"},"schema":{"@context":"https:\/\/schema.org","@graph":[{"@type":"WebPage","@id":"https:\/\/floristeriasantibella.com\/producto\/rojo-triunfal\/","url":"https:\/\/floristeriasantibella.com\/producto\/rojo-triunfal\/","name":"Ramo rosas rojas grado Rojo Triunfal - Floristeria Santibella","isPartOf":{"@id":"https:\/\/floristeriasantibella.com\/#website"},"primaryImageOfPage":{"@id":"https:\/\/floristeriasantibella.com\/producto\/rojo-triunfal\/#primaryimage"},"image":{"@id":"https:\/\/floristeriasantibella.com\/producto\/rojo-triunfal\/#primaryimage"},"thumbnailUrl":"https:\/\/floristeriasantibella.com\/wp-content\/uploads\/2025\/07\/WhatsApp_Image_2025-06-06_at_2.32.51_PM-removebg-preview-1.png","datePublished":"2025-07-29T12:33:30+00:00","dateModified":"2025-08-27T02:59:36+00:00","description":"Elegante ramo de 75 rosas rojas, gitsoflias decorado con papel importa , letrero y mo\u00f1o. Un ramo que mira hacia adelante, celebrando los logros pasados y los sue\u00f1os por venir.","breadcrumb":{"@id":"https:\/\/floristeriasantibella.com\/producto\/rojo-triunfal\/#breadcrumb"},"inLanguage":"en-US","potentialAction":[{"@type":"ReadAction","target":["https:\/\/floristeriasantibella.com\/producto\/rojo-triunfal\/"]}]},{"@type":"ImageObject","inLanguage":"en-US","@id":"https:\/\/floristeriasantibella.com\/producto\/rojo-triunfal\/#primaryimage","url":"https:\/\/floristeriasantibella.com\/wp-content\/uploads\/2025\/07\/WhatsApp_Image_2025-06-06_at_2.32.51_PM-removebg-preview-1.png","contentUrl":"https:\/\/floristeriasantibella.com\/wp-content\/uploads\/2025\/07\/WhatsApp_Image_2025-06-06_at_2.32.51_PM-removebg-preview-1.png","width":1200,"height":1200},{"@type":"BreadcrumbList","@id":"https:\/\/floristeriasantibella.com\/producto\/rojo-triunfal\/#breadcrumb","itemListElement":[{"@type":"ListItem","position":1,"name":"Home","item":"https:\/\/floristeriasantibella.com\/"},{"@type":"ListItem","position":2,"name":"Tienda","item":"https:\/\/floristeriasantibella.com\/tienda\/"},{"@type":"ListItem","position":3,"name":"Ramo rosas rojas grado Rojo Triunfal"}]},{"@type":"WebSite","@id":"https:\/\/floristeriasantibella.com\/#website","url":"https:\/\/floristeriasantibella.com\/","name":"Floristeria Santibella","description":"Env\u00eda flores a Medell\u00edn desde cualquier parte del mundo. Entregas r\u00e1pidas, dise\u00f1os personalizados y atenci\u00f3n de calidad. \u00a1Compra ahora online!","publisher":{"@id":"https:\/\/floristeriasantibella.com\/#organization"},"potentialAction":[{"@type":"SearchAction","target":{"@type":"EntryPoint","urlTemplate":"https:\/\/floristeriasantibella.com\/?s={search_term_string}"},"query-input":{"@type":"PropertyValueSpecification","valueRequired":true,"valueName":"search_term_string"}}],"inLanguage":"en-US"},{"@type":"Organization","@id":"https:\/\/floristeriasantibella.com\/#organization","name":"Floristeria Santibella","url":"https:\/\/floristeriasantibella.com\/","logo":{"@type":"ImageObject","inLanguage":"en-US","@id":"https:\/\/floristeriasantibella.com\/#\/schema\/logo\/image\/","url":"http:\/\/floristeriasantibella.com\/wp-content\/uploads\/2025\/07\/LOGO-SANTIBELLA-03.png","contentUrl":"http:\/\/floristeriasantibella.com\/wp-content\/uploads\/2025\/07\/LOGO-SANTIBELLA-03.png","width":1080,"height":1080,"caption":"Floristeria Santibella"},"image":{"@id":"https:\/\/floristeriasantibella.com\/#\/schema\/logo\/image\/"}}]}},"jetpack_sharing_enabled":true,"_links":{"self":[{"href":"https:\/\/floristeriasantibella.com\/en\/wp-json\/wp\/v2\/product\/29545","targetHints":{"allow":["GET"]}}],"collection":[{"href":"https:\/\/floristeriasantibella.com\/en\/wp-json\/wp\/v2\/product"}],"about":[{"href":"https:\/\/floristeriasantibella.com\/en\/wp-json\/wp\/v2\/types\/product"}],"replies":[{"embeddable":true,"href":"https:\/\/floristeriasantibella.com\/en\/wp-json\/wp\/v2\/comments?post=29545"}],"version-history":[{"count":2,"href":"https:\/\/floristeriasantibella.com\/en\/wp-json\/wp\/v2\/product\/29545\/revisions"}],"predecessor-version":[{"id":30808,"href":"https:\/\/floristeriasantibella.com\/en\/wp-json\/wp\/v2\/product\/29545\/revisions\/30808"}],"wp:featuredmedia":[{"embeddable":true,"href":"https:\/\/floristeriasantibella.com\/en\/wp-json\/wp\/v2\/media\/29614"}],"wp:attachment":[{"href":"https:\/\/floristeriasantibella.com\/en\/wp-json\/wp\/v2\/media?parent=29545"}],"wp:term":[{"taxonomy":"product_brand","embeddable":true,"href":"https:\/\/floristeriasantibella.com\/en\/wp-json\/wp\/v2\/product_brand?post=29545"},{"taxonomy":"product_cat","embeddable":true,"href":"https:\/\/floristeriasantibella.com\/en\/wp-json\/wp\/v2\/product_cat?post=29545"},{"taxonomy":"product_tag","embeddable":true,"href":"https:\/\/floristeriasantibella.com\/en\/wp-json\/wp\/v2\/product_tag?post=29545"}],"curies":[{"name":"wp","href":"https:\/\/api.w.org\/{rel}","templated":true}]}}