{"id":29570,"date":"2025-07-29T12:33:52","date_gmt":"2025-07-29T12:33:52","guid":{"rendered":"https:\/\/floristeriasantibella.com\/?post_type=product&#038;p=29570"},"modified":"2026-04-14T11:39:33","modified_gmt":"2026-04-14T11:39:33","slug":"desayuno-gladiador","status":"publish","type":"product","link":"https:\/\/floristeriasantibella.com\/en\/product\/desayuno-gladiador\/","title":{"rendered":"Desayuno sorpresa Gladiador"},"content":{"rendered":"<p>Ideal para empezar el d\u00eda como un verdadero ganador.<\/p>\n<p>*1 Bebida ( Te Hatsu,jugo de naranja, caf\u00e9 Juan Valdes, CocaCola)<\/p>\n<p>*Porci\u00f3n de fruta<\/p>\n<p>*Huevos benedictinos,con base de panartesanal de queso,tocineta, espinacas enjulianas salteadas concrema de leche.<\/p>\n<p>*S\u00e1ndwich americano:Pan artesanal focaccia, julianas de lomo de res maduradas salteadas en salsa negra, ma\u00edz dulce, lechuga,tomates secos,terminado con una salsa de reducci\u00f3n de queso americano<\/p>\n<p>*Parfait ( Yogurt con granola)<\/p>\n<p>Alfajor arequipe y coco o pastelitos de bocadillo (elegir una de las dos opciones)<\/p>","protected":false},"excerpt":{"rendered":"<p>*1 Bebida ( Te Hatsu,jugo de naranja, caf\u00e9 Juan Valdes, CocaCola)<\/p>\n<p>*Porci\u00f3n de fruta<\/p>\n<p>*Huevos benedictinos,con base de panartesanal de queso,tocineta, espinacas enjulianas salteadas concrema de leche.<\/p>\n<p>*S\u00e1ndwich americano:Pan artesanal focaccia, julianas de lomo de res maduradas salteadas en salsa negra, ma\u00edz dulce, lechuga,tomates secos,terminado con una salsa de reducci\u00f3n de queso americano<\/p>\n<p>*Parfait ( Yogurt con granola)<\/p>\n<p>Alfajor arequipe y coco o pastelitos de bocadillo (elegir una de las dos opciones)<\/p>","protected":false},"featured_media":29632,"comment_status":"open","ping_status":"closed","template":"","meta":[],"product_brand":[123],"product_cat":[90,96,94,95],"product_tag":[],"class_list":{"0":"post-29570","1":"product","2":"type-product","3":"status-publish","4":"has-post-thumbnail","6":"product_brand-floristeria-santibella","7":"product_cat-delicias-y-sabores","8":"product_cat-desayunos-sorpresa","9":"product_cat-dia-del-padre","10":"product_cat-para-ellos","12":"first","13":"instock","14":"shipping-taxable","15":"purchasable","16":"product-type-simple"},"yoast_head":"<!-- This site is optimized with the Yoast SEO plugin v25.3.1 - https:\/\/yoast.com\/wordpress\/plugins\/seo\/ -->\n<title>Desayuno sorpresa Gladiador - Floristeria Santibella<\/title>\n<meta name=\"description\" content=\"*1 Bebida ( Te Hatsu,jugo de naranja, caf\u00e9 Juan Valdes, CocaCola)*Porci\u00f3n de fruta*Huevos benedictinos,con base de panartesanal de queso,tocineta, espinacas enjulianas salteadas concrema de leche.*S\u00e1ndwich americano:Pan artesanal focaccia, julianas de lomo de res maduradas salteadas en salsa negra, ma\u00edz dulce, lechuga,tomates secos,terminado con una salsa de reducci\u00f3n de queso americano*Parfait ( Yogurt con granola)Alfajor arequipe y coco o pastelitos de bocadillo (elegir una de las dos opciones)\" \/>\n<meta name=\"robots\" content=\"index, follow, max-snippet:-1, max-image-preview:large, max-video-preview:-1\" \/>\n<link rel=\"canonical\" href=\"https:\/\/floristeriasantibella.com\/en\/product\/desayuno-gladiador\/\" \/>\n<meta property=\"og:locale\" content=\"en_US\" \/>\n<meta property=\"og:type\" content=\"article\" \/>\n<meta property=\"og:title\" content=\"Desayuno sorpresa Gladiador - Floristeria Santibella\" \/>\n<meta property=\"og:description\" content=\"*1 Bebida ( Te Hatsu,jugo de naranja, caf\u00e9 Juan Valdes, CocaCola)*Porci\u00f3n de fruta*Huevos benedictinos,con base de panartesanal de queso,tocineta, espinacas enjulianas salteadas concrema de leche.*S\u00e1ndwich americano:Pan artesanal focaccia, julianas de lomo de res maduradas salteadas en salsa negra, ma\u00edz dulce, lechuga,tomates secos,terminado con una salsa de reducci\u00f3n de queso americano*Parfait ( Yogurt con granola)Alfajor arequipe y coco o pastelitos de bocadillo (elegir una de las dos opciones)\" \/>\n<meta property=\"og:url\" content=\"https:\/\/floristeriasantibella.com\/en\/product\/desayuno-gladiador\/\" \/>\n<meta property=\"og:site_name\" content=\"Floristeria Santibella\" \/>\n<meta property=\"article:modified_time\" content=\"2026-04-14T11:39:33+00:00\" \/>\n<meta property=\"og:image\" content=\"https:\/\/floristeriasantibella.com\/wp-content\/uploads\/2025\/07\/WhatsApp_Image_2025-04-28_at_6.24.15_AM-removebg-preview-1.png\" \/>\n\t<meta property=\"og:image:width\" content=\"1200\" \/>\n\t<meta property=\"og:image:height\" content=\"1200\" \/>\n\t<meta property=\"og:image:type\" content=\"image\/png\" \/>\n<meta name=\"twitter:card\" content=\"summary_large_image\" \/>\n<meta name=\"twitter:label1\" content=\"Est. reading time\" \/>\n\t<meta name=\"twitter:data1\" content=\"1 minute\" \/>\n<script type=\"application\/ld+json\" class=\"yoast-schema-graph\">{\"@context\":\"https:\/\/schema.org\",\"@graph\":[{\"@type\":\"WebPage\",\"@id\":\"https:\/\/floristeriasantibella.com\/producto\/desayuno-gladiador\/\",\"url\":\"https:\/\/floristeriasantibella.com\/producto\/desayuno-gladiador\/\",\"name\":\"Desayuno sorpresa Gladiador - Floristeria Santibella\",\"isPartOf\":{\"@id\":\"https:\/\/floristeriasantibella.com\/#website\"},\"primaryImageOfPage\":{\"@id\":\"https:\/\/floristeriasantibella.com\/producto\/desayuno-gladiador\/#primaryimage\"},\"image\":{\"@id\":\"https:\/\/floristeriasantibella.com\/producto\/desayuno-gladiador\/#primaryimage\"},\"thumbnailUrl\":\"https:\/\/floristeriasantibella.com\/wp-content\/uploads\/2025\/07\/WhatsApp_Image_2025-04-28_at_6.24.15_AM-removebg-preview-1.png\",\"datePublished\":\"2025-07-29T12:33:52+00:00\",\"dateModified\":\"2026-04-14T11:39:33+00:00\",\"description\":\"*1 Bebida ( Te Hatsu,jugo de naranja, caf\u00e9 Juan Valdes, CocaCola)*Porci\u00f3n de fruta*Huevos benedictinos,con base de panartesanal de queso,tocineta, espinacas enjulianas salteadas concrema de leche.*S\u00e1ndwich americano:Pan artesanal focaccia, julianas de lomo de res maduradas salteadas en salsa negra, ma\u00edz dulce, lechuga,tomates secos,terminado con una salsa de reducci\u00f3n de queso americano*Parfait ( Yogurt con granola)Alfajor arequipe y coco o pastelitos de bocadillo (elegir una de las dos opciones)\",\"breadcrumb\":{\"@id\":\"https:\/\/floristeriasantibella.com\/producto\/desayuno-gladiador\/#breadcrumb\"},\"inLanguage\":\"en-US\",\"potentialAction\":[{\"@type\":\"ReadAction\",\"target\":[\"https:\/\/floristeriasantibella.com\/producto\/desayuno-gladiador\/\"]}]},{\"@type\":\"ImageObject\",\"inLanguage\":\"en-US\",\"@id\":\"https:\/\/floristeriasantibella.com\/producto\/desayuno-gladiador\/#primaryimage\",\"url\":\"https:\/\/floristeriasantibella.com\/wp-content\/uploads\/2025\/07\/WhatsApp_Image_2025-04-28_at_6.24.15_AM-removebg-preview-1.png\",\"contentUrl\":\"https:\/\/floristeriasantibella.com\/wp-content\/uploads\/2025\/07\/WhatsApp_Image_2025-04-28_at_6.24.15_AM-removebg-preview-1.png\",\"width\":1200,\"height\":1200},{\"@type\":\"BreadcrumbList\",\"@id\":\"https:\/\/floristeriasantibella.com\/producto\/desayuno-gladiador\/#breadcrumb\",\"itemListElement\":[{\"@type\":\"ListItem\",\"position\":1,\"name\":\"Home\",\"item\":\"https:\/\/floristeriasantibella.com\/\"},{\"@type\":\"ListItem\",\"position\":2,\"name\":\"Tienda\",\"item\":\"https:\/\/floristeriasantibella.com\/tienda\/\"},{\"@type\":\"ListItem\",\"position\":3,\"name\":\"Desayuno sorpresa Gladiador\"}]},{\"@type\":\"WebSite\",\"@id\":\"https:\/\/floristeriasantibella.com\/#website\",\"url\":\"https:\/\/floristeriasantibella.com\/\",\"name\":\"Floristeria Santibella\",\"description\":\"Env\u00eda flores a Medell\u00edn desde cualquier parte del mundo. Entregas r\u00e1pidas, dise\u00f1os personalizados y atenci\u00f3n de calidad. \u00a1Compra ahora online!\",\"publisher\":{\"@id\":\"https:\/\/floristeriasantibella.com\/#organization\"},\"potentialAction\":[{\"@type\":\"SearchAction\",\"target\":{\"@type\":\"EntryPoint\",\"urlTemplate\":\"https:\/\/floristeriasantibella.com\/?s={search_term_string}\"},\"query-input\":{\"@type\":\"PropertyValueSpecification\",\"valueRequired\":true,\"valueName\":\"search_term_string\"}}],\"inLanguage\":\"en-US\"},{\"@type\":\"Organization\",\"@id\":\"https:\/\/floristeriasantibella.com\/#organization\",\"name\":\"Floristeria Santibella\",\"url\":\"https:\/\/floristeriasantibella.com\/\",\"logo\":{\"@type\":\"ImageObject\",\"inLanguage\":\"en-US\",\"@id\":\"https:\/\/floristeriasantibella.com\/#\/schema\/logo\/image\/\",\"url\":\"http:\/\/floristeriasantibella.com\/wp-content\/uploads\/2025\/07\/LOGO-SANTIBELLA-03.png\",\"contentUrl\":\"http:\/\/floristeriasantibella.com\/wp-content\/uploads\/2025\/07\/LOGO-SANTIBELLA-03.png\",\"width\":1080,\"height\":1080,\"caption\":\"Floristeria Santibella\"},\"image\":{\"@id\":\"https:\/\/floristeriasantibella.com\/#\/schema\/logo\/image\/\"}}]}<\/script>\n<!-- \/ Yoast SEO plugin. -->","yoast_head_json":{"title":"Desayuno sorpresa Gladiador - Floristeria Santibella","description":"*1 Bebida ( Te Hatsu,jugo de naranja, caf\u00e9 Juan Valdes, CocaCola)*Porci\u00f3n de fruta*Huevos benedictinos,con base de panartesanal de queso,tocineta, espinacas enjulianas salteadas concrema de leche.*S\u00e1ndwich americano:Pan artesanal focaccia, julianas de lomo de res maduradas salteadas en salsa negra, ma\u00edz dulce, lechuga,tomates secos,terminado con una salsa de reducci\u00f3n de queso americano*Parfait ( Yogurt con granola)Alfajor arequipe y coco o pastelitos de bocadillo (elegir una de las dos opciones)","robots":{"index":"index","follow":"follow","max-snippet":"max-snippet:-1","max-image-preview":"max-image-preview:large","max-video-preview":"max-video-preview:-1"},"canonical":"https:\/\/floristeriasantibella.com\/en\/product\/desayuno-gladiador\/","og_locale":"en_US","og_type":"article","og_title":"Desayuno sorpresa Gladiador - Floristeria Santibella","og_description":"*1 Bebida ( Te Hatsu,jugo de naranja, caf\u00e9 Juan Valdes, CocaCola)*Porci\u00f3n de fruta*Huevos benedictinos,con base de panartesanal de queso,tocineta, espinacas enjulianas salteadas concrema de leche.*S\u00e1ndwich americano:Pan artesanal focaccia, julianas de lomo de res maduradas salteadas en salsa negra, ma\u00edz dulce, lechuga,tomates secos,terminado con una salsa de reducci\u00f3n de queso americano*Parfait ( Yogurt con granola)Alfajor arequipe y coco o pastelitos de bocadillo (elegir una de las dos opciones)","og_url":"https:\/\/floristeriasantibella.com\/en\/product\/desayuno-gladiador\/","og_site_name":"Floristeria Santibella","article_modified_time":"2026-04-14T11:39:33+00:00","og_image":[{"width":1200,"height":1200,"url":"https:\/\/floristeriasantibella.com\/wp-content\/uploads\/2025\/07\/WhatsApp_Image_2025-04-28_at_6.24.15_AM-removebg-preview-1.png","type":"image\/png"}],"twitter_card":"summary_large_image","twitter_misc":{"Est. reading time":"1 minute"},"schema":{"@context":"https:\/\/schema.org","@graph":[{"@type":"WebPage","@id":"https:\/\/floristeriasantibella.com\/producto\/desayuno-gladiador\/","url":"https:\/\/floristeriasantibella.com\/producto\/desayuno-gladiador\/","name":"Desayuno sorpresa Gladiador - Floristeria Santibella","isPartOf":{"@id":"https:\/\/floristeriasantibella.com\/#website"},"primaryImageOfPage":{"@id":"https:\/\/floristeriasantibella.com\/producto\/desayuno-gladiador\/#primaryimage"},"image":{"@id":"https:\/\/floristeriasantibella.com\/producto\/desayuno-gladiador\/#primaryimage"},"thumbnailUrl":"https:\/\/floristeriasantibella.com\/wp-content\/uploads\/2025\/07\/WhatsApp_Image_2025-04-28_at_6.24.15_AM-removebg-preview-1.png","datePublished":"2025-07-29T12:33:52+00:00","dateModified":"2026-04-14T11:39:33+00:00","description":"*1 Bebida ( Te Hatsu,jugo de naranja, caf\u00e9 Juan Valdes, CocaCola)*Porci\u00f3n de fruta*Huevos benedictinos,con base de panartesanal de queso,tocineta, espinacas enjulianas salteadas concrema de leche.*S\u00e1ndwich americano:Pan artesanal focaccia, julianas de lomo de res maduradas salteadas en salsa negra, ma\u00edz dulce, lechuga,tomates secos,terminado con una salsa de reducci\u00f3n de queso americano*Parfait ( Yogurt con granola)Alfajor arequipe y coco o pastelitos de bocadillo (elegir una de las dos opciones)","breadcrumb":{"@id":"https:\/\/floristeriasantibella.com\/producto\/desayuno-gladiador\/#breadcrumb"},"inLanguage":"en-US","potentialAction":[{"@type":"ReadAction","target":["https:\/\/floristeriasantibella.com\/producto\/desayuno-gladiador\/"]}]},{"@type":"ImageObject","inLanguage":"en-US","@id":"https:\/\/floristeriasantibella.com\/producto\/desayuno-gladiador\/#primaryimage","url":"https:\/\/floristeriasantibella.com\/wp-content\/uploads\/2025\/07\/WhatsApp_Image_2025-04-28_at_6.24.15_AM-removebg-preview-1.png","contentUrl":"https:\/\/floristeriasantibella.com\/wp-content\/uploads\/2025\/07\/WhatsApp_Image_2025-04-28_at_6.24.15_AM-removebg-preview-1.png","width":1200,"height":1200},{"@type":"BreadcrumbList","@id":"https:\/\/floristeriasantibella.com\/producto\/desayuno-gladiador\/#breadcrumb","itemListElement":[{"@type":"ListItem","position":1,"name":"Home","item":"https:\/\/floristeriasantibella.com\/"},{"@type":"ListItem","position":2,"name":"Tienda","item":"https:\/\/floristeriasantibella.com\/tienda\/"},{"@type":"ListItem","position":3,"name":"Desayuno sorpresa Gladiador"}]},{"@type":"WebSite","@id":"https:\/\/floristeriasantibella.com\/#website","url":"https:\/\/floristeriasantibella.com\/","name":"Floristeria Santibella","description":"Env\u00eda flores a Medell\u00edn desde cualquier parte del mundo. Entregas r\u00e1pidas, dise\u00f1os personalizados y atenci\u00f3n de calidad. \u00a1Compra ahora online!","publisher":{"@id":"https:\/\/floristeriasantibella.com\/#organization"},"potentialAction":[{"@type":"SearchAction","target":{"@type":"EntryPoint","urlTemplate":"https:\/\/floristeriasantibella.com\/?s={search_term_string}"},"query-input":{"@type":"PropertyValueSpecification","valueRequired":true,"valueName":"search_term_string"}}],"inLanguage":"en-US"},{"@type":"Organization","@id":"https:\/\/floristeriasantibella.com\/#organization","name":"Floristeria Santibella","url":"https:\/\/floristeriasantibella.com\/","logo":{"@type":"ImageObject","inLanguage":"en-US","@id":"https:\/\/floristeriasantibella.com\/#\/schema\/logo\/image\/","url":"http:\/\/floristeriasantibella.com\/wp-content\/uploads\/2025\/07\/LOGO-SANTIBELLA-03.png","contentUrl":"http:\/\/floristeriasantibella.com\/wp-content\/uploads\/2025\/07\/LOGO-SANTIBELLA-03.png","width":1080,"height":1080,"caption":"Floristeria Santibella"},"image":{"@id":"https:\/\/floristeriasantibella.com\/#\/schema\/logo\/image\/"}}]}},"jetpack_sharing_enabled":true,"_links":{"self":[{"href":"https:\/\/floristeriasantibella.com\/en\/wp-json\/wp\/v2\/product\/29570","targetHints":{"allow":["GET"]}}],"collection":[{"href":"https:\/\/floristeriasantibella.com\/en\/wp-json\/wp\/v2\/product"}],"about":[{"href":"https:\/\/floristeriasantibella.com\/en\/wp-json\/wp\/v2\/types\/product"}],"replies":[{"embeddable":true,"href":"https:\/\/floristeriasantibella.com\/en\/wp-json\/wp\/v2\/comments?post=29570"}],"version-history":[{"count":2,"href":"https:\/\/floristeriasantibella.com\/en\/wp-json\/wp\/v2\/product\/29570\/revisions"}],"predecessor-version":[{"id":30894,"href":"https:\/\/floristeriasantibella.com\/en\/wp-json\/wp\/v2\/product\/29570\/revisions\/30894"}],"wp:featuredmedia":[{"embeddable":true,"href":"https:\/\/floristeriasantibella.com\/en\/wp-json\/wp\/v2\/media\/29632"}],"wp:attachment":[{"href":"https:\/\/floristeriasantibella.com\/en\/wp-json\/wp\/v2\/media?parent=29570"}],"wp:term":[{"taxonomy":"product_brand","embeddable":true,"href":"https:\/\/floristeriasantibella.com\/en\/wp-json\/wp\/v2\/product_brand?post=29570"},{"taxonomy":"product_cat","embeddable":true,"href":"https:\/\/floristeriasantibella.com\/en\/wp-json\/wp\/v2\/product_cat?post=29570"},{"taxonomy":"product_tag","embeddable":true,"href":"https:\/\/floristeriasantibella.com\/en\/wp-json\/wp\/v2\/product_tag?post=29570"}],"curies":[{"name":"wp","href":"https:\/\/api.w.org\/{rel}","templated":true}]}}