{"id":29572,"date":"2025-07-29T12:33:52","date_gmt":"2025-07-29T12:33:52","guid":{"rendered":"https:\/\/floristeriasantibella.com\/?post_type=product&#038;p=29572"},"modified":"2026-03-12T22:45:52","modified_gmt":"2026-03-12T22:45:52","slug":"susurros-del-alma","status":"publish","type":"product","link":"https:\/\/floristeriasantibella.com\/en\/product\/susurros-del-alma\/","title":{"rendered":"Corona funebre Susurros del Alma"},"content":{"rendered":"<p data-start=\"551\" data-end=\"692\">Corona f\u00fanebre confeccionada con rosas\u00a0 gerberas lirios\u00a0 hortensias\u00a0 en rosa pastel y blanco que expresan respeto, amor y solidaridad en el momento de la partida. Su forma circular representa el ciclo de la vida y la esperanza eterna, convirti\u00e9ndose en un homenaje lleno de paz y serenidad para quien ya descansa y un gesto de apoyo para sus seres queridos.<br data-start=\"432\" data-end=\"435\" \/>Incluye cinta con dedicatoria y tarjeta personalizada. Servicio de entrega en Medell\u00edn y \u00e1rea metropolitana.<\/p>","protected":false},"excerpt":{"rendered":"<p>Corona f\u00fanebre confeccionada con rosas\u00a0 gerberas lirios\u00a0 hortensias\u00a0 en rosa pastel y blanco que expresan respeto, amor y solidaridad en el momento de la partida. Su forma circular representa el ciclo de la vida y la esperanza eterna, convirti\u00e9ndose en un homenaje lleno de paz y serenidad para quien ya descansa y un gesto de apoyo para sus seres queridos.<br data-start=\"432\" data-end=\"435\" \/>Incluye cinta con dedicatoria y tarjeta personalizada. Servicio de entrega en Medell\u00edn y \u00e1rea metropolitana.<\/p>","protected":false},"featured_media":31957,"comment_status":"open","ping_status":"closed","template":"","meta":[],"product_brand":[123],"product_cat":[92],"product_tag":[],"class_list":{"0":"post-29572","1":"product","2":"type-product","3":"status-publish","4":"has-post-thumbnail","6":"product_brand-floristeria-santibella","7":"product_cat-condolencias","9":"first","10":"instock","11":"shipping-taxable","12":"purchasable","13":"product-type-simple"},"yoast_head":"<!-- This site is optimized with the Yoast SEO plugin v25.3.1 - https:\/\/yoast.com\/wordpress\/plugins\/seo\/ -->\n<title>Corona funebre Susurros del Alma - Floristeria Santibella<\/title>\n<meta name=\"description\" content=\"Corona funebre elaborada con flores tonos blancos y pastel. Domicilios Medellin y Valle de Aburra.\" \/>\n<meta name=\"robots\" content=\"index, follow, max-snippet:-1, max-image-preview:large, max-video-preview:-1\" \/>\n<link rel=\"canonical\" href=\"https:\/\/floristeriasantibella.com\/en\/product\/susurros-del-alma\/\" \/>\n<meta property=\"og:locale\" content=\"en_US\" \/>\n<meta property=\"og:type\" content=\"article\" \/>\n<meta property=\"og:title\" content=\"Corona funebre Susurros del Alma - Floristeria Santibella\" \/>\n<meta property=\"og:description\" content=\"Corona funebre elaborada con flores tonos blancos y pastel. Domicilios Medellin y Valle de Aburra.\" \/>\n<meta property=\"og:url\" content=\"https:\/\/floristeriasantibella.com\/en\/product\/susurros-del-alma\/\" \/>\n<meta property=\"og:site_name\" content=\"Floristeria Santibella\" \/>\n<meta property=\"article:modified_time\" content=\"2026-03-12T22:45:52+00:00\" \/>\n<meta property=\"og:image\" content=\"https:\/\/floristeriasantibella.com\/wp-content\/uploads\/2025\/07\/Diseno-sin-titulo-28.jpg\" \/>\n\t<meta property=\"og:image:width\" content=\"500\" \/>\n\t<meta property=\"og:image:height\" content=\"500\" \/>\n\t<meta property=\"og:image:type\" content=\"image\/jpeg\" \/>\n<meta name=\"twitter:card\" content=\"summary_large_image\" \/>\n<meta name=\"twitter:label1\" content=\"Est. reading time\" \/>\n\t<meta name=\"twitter:data1\" content=\"1 minute\" \/>\n<script type=\"application\/ld+json\" class=\"yoast-schema-graph\">{\"@context\":\"https:\/\/schema.org\",\"@graph\":[{\"@type\":\"WebPage\",\"@id\":\"https:\/\/floristeriasantibella.com\/producto\/susurros-del-alma\/\",\"url\":\"https:\/\/floristeriasantibella.com\/producto\/susurros-del-alma\/\",\"name\":\"Corona funebre Susurros del Alma - Floristeria Santibella\",\"isPartOf\":{\"@id\":\"https:\/\/floristeriasantibella.com\/#website\"},\"primaryImageOfPage\":{\"@id\":\"https:\/\/floristeriasantibella.com\/producto\/susurros-del-alma\/#primaryimage\"},\"image\":{\"@id\":\"https:\/\/floristeriasantibella.com\/producto\/susurros-del-alma\/#primaryimage\"},\"thumbnailUrl\":\"https:\/\/floristeriasantibella.com\/wp-content\/uploads\/2025\/07\/Diseno-sin-titulo-28.jpg\",\"datePublished\":\"2025-07-29T12:33:52+00:00\",\"dateModified\":\"2026-03-12T22:45:52+00:00\",\"description\":\"Corona funebre elaborada con flores tonos blancos y pastel. Domicilios Medellin y Valle de Aburra.\",\"breadcrumb\":{\"@id\":\"https:\/\/floristeriasantibella.com\/producto\/susurros-del-alma\/#breadcrumb\"},\"inLanguage\":\"en-US\",\"potentialAction\":[{\"@type\":\"ReadAction\",\"target\":[\"https:\/\/floristeriasantibella.com\/producto\/susurros-del-alma\/\"]}]},{\"@type\":\"ImageObject\",\"inLanguage\":\"en-US\",\"@id\":\"https:\/\/floristeriasantibella.com\/producto\/susurros-del-alma\/#primaryimage\",\"url\":\"https:\/\/floristeriasantibella.com\/wp-content\/uploads\/2025\/07\/Diseno-sin-titulo-28.jpg\",\"contentUrl\":\"https:\/\/floristeriasantibella.com\/wp-content\/uploads\/2025\/07\/Diseno-sin-titulo-28.jpg\",\"width\":500,\"height\":500},{\"@type\":\"BreadcrumbList\",\"@id\":\"https:\/\/floristeriasantibella.com\/producto\/susurros-del-alma\/#breadcrumb\",\"itemListElement\":[{\"@type\":\"ListItem\",\"position\":1,\"name\":\"Home\",\"item\":\"https:\/\/floristeriasantibella.com\/\"},{\"@type\":\"ListItem\",\"position\":2,\"name\":\"Tienda\",\"item\":\"https:\/\/floristeriasantibella.com\/tienda\/\"},{\"@type\":\"ListItem\",\"position\":3,\"name\":\"Corona funebre Susurros del Alma\"}]},{\"@type\":\"WebSite\",\"@id\":\"https:\/\/floristeriasantibella.com\/#website\",\"url\":\"https:\/\/floristeriasantibella.com\/\",\"name\":\"Floristeria Santibella\",\"description\":\"Env\u00eda flores a Medell\u00edn desde cualquier parte del mundo. Entregas r\u00e1pidas, dise\u00f1os personalizados y atenci\u00f3n de calidad. \u00a1Compra ahora online!\",\"publisher\":{\"@id\":\"https:\/\/floristeriasantibella.com\/#organization\"},\"potentialAction\":[{\"@type\":\"SearchAction\",\"target\":{\"@type\":\"EntryPoint\",\"urlTemplate\":\"https:\/\/floristeriasantibella.com\/?s={search_term_string}\"},\"query-input\":{\"@type\":\"PropertyValueSpecification\",\"valueRequired\":true,\"valueName\":\"search_term_string\"}}],\"inLanguage\":\"en-US\"},{\"@type\":\"Organization\",\"@id\":\"https:\/\/floristeriasantibella.com\/#organization\",\"name\":\"Floristeria Santibella\",\"url\":\"https:\/\/floristeriasantibella.com\/\",\"logo\":{\"@type\":\"ImageObject\",\"inLanguage\":\"en-US\",\"@id\":\"https:\/\/floristeriasantibella.com\/#\/schema\/logo\/image\/\",\"url\":\"http:\/\/floristeriasantibella.com\/wp-content\/uploads\/2025\/07\/LOGO-SANTIBELLA-03.png\",\"contentUrl\":\"http:\/\/floristeriasantibella.com\/wp-content\/uploads\/2025\/07\/LOGO-SANTIBELLA-03.png\",\"width\":1080,\"height\":1080,\"caption\":\"Floristeria Santibella\"},\"image\":{\"@id\":\"https:\/\/floristeriasantibella.com\/#\/schema\/logo\/image\/\"}}]}<\/script>\n<!-- \/ Yoast SEO plugin. -->","yoast_head_json":{"title":"Corona funebre Susurros del Alma - Floristeria Santibella","description":"Corona funebre elaborada con flores tonos blancos y pastel. Domicilios Medellin y Valle de Aburra.","robots":{"index":"index","follow":"follow","max-snippet":"max-snippet:-1","max-image-preview":"max-image-preview:large","max-video-preview":"max-video-preview:-1"},"canonical":"https:\/\/floristeriasantibella.com\/en\/product\/susurros-del-alma\/","og_locale":"en_US","og_type":"article","og_title":"Corona funebre Susurros del Alma - Floristeria Santibella","og_description":"Corona funebre elaborada con flores tonos blancos y pastel. Domicilios Medellin y Valle de Aburra.","og_url":"https:\/\/floristeriasantibella.com\/en\/product\/susurros-del-alma\/","og_site_name":"Floristeria Santibella","article_modified_time":"2026-03-12T22:45:52+00:00","og_image":[{"width":500,"height":500,"url":"https:\/\/floristeriasantibella.com\/wp-content\/uploads\/2025\/07\/Diseno-sin-titulo-28.jpg","type":"image\/jpeg"}],"twitter_card":"summary_large_image","twitter_misc":{"Est. reading time":"1 minute"},"schema":{"@context":"https:\/\/schema.org","@graph":[{"@type":"WebPage","@id":"https:\/\/floristeriasantibella.com\/producto\/susurros-del-alma\/","url":"https:\/\/floristeriasantibella.com\/producto\/susurros-del-alma\/","name":"Corona funebre Susurros del Alma - Floristeria Santibella","isPartOf":{"@id":"https:\/\/floristeriasantibella.com\/#website"},"primaryImageOfPage":{"@id":"https:\/\/floristeriasantibella.com\/producto\/susurros-del-alma\/#primaryimage"},"image":{"@id":"https:\/\/floristeriasantibella.com\/producto\/susurros-del-alma\/#primaryimage"},"thumbnailUrl":"https:\/\/floristeriasantibella.com\/wp-content\/uploads\/2025\/07\/Diseno-sin-titulo-28.jpg","datePublished":"2025-07-29T12:33:52+00:00","dateModified":"2026-03-12T22:45:52+00:00","description":"Corona funebre elaborada con flores tonos blancos y pastel. Domicilios Medellin y Valle de Aburra.","breadcrumb":{"@id":"https:\/\/floristeriasantibella.com\/producto\/susurros-del-alma\/#breadcrumb"},"inLanguage":"en-US","potentialAction":[{"@type":"ReadAction","target":["https:\/\/floristeriasantibella.com\/producto\/susurros-del-alma\/"]}]},{"@type":"ImageObject","inLanguage":"en-US","@id":"https:\/\/floristeriasantibella.com\/producto\/susurros-del-alma\/#primaryimage","url":"https:\/\/floristeriasantibella.com\/wp-content\/uploads\/2025\/07\/Diseno-sin-titulo-28.jpg","contentUrl":"https:\/\/floristeriasantibella.com\/wp-content\/uploads\/2025\/07\/Diseno-sin-titulo-28.jpg","width":500,"height":500},{"@type":"BreadcrumbList","@id":"https:\/\/floristeriasantibella.com\/producto\/susurros-del-alma\/#breadcrumb","itemListElement":[{"@type":"ListItem","position":1,"name":"Home","item":"https:\/\/floristeriasantibella.com\/"},{"@type":"ListItem","position":2,"name":"Tienda","item":"https:\/\/floristeriasantibella.com\/tienda\/"},{"@type":"ListItem","position":3,"name":"Corona funebre Susurros del Alma"}]},{"@type":"WebSite","@id":"https:\/\/floristeriasantibella.com\/#website","url":"https:\/\/floristeriasantibella.com\/","name":"Floristeria Santibella","description":"Env\u00eda flores a Medell\u00edn desde cualquier parte del mundo. Entregas r\u00e1pidas, dise\u00f1os personalizados y atenci\u00f3n de calidad. \u00a1Compra ahora online!","publisher":{"@id":"https:\/\/floristeriasantibella.com\/#organization"},"potentialAction":[{"@type":"SearchAction","target":{"@type":"EntryPoint","urlTemplate":"https:\/\/floristeriasantibella.com\/?s={search_term_string}"},"query-input":{"@type":"PropertyValueSpecification","valueRequired":true,"valueName":"search_term_string"}}],"inLanguage":"en-US"},{"@type":"Organization","@id":"https:\/\/floristeriasantibella.com\/#organization","name":"Floristeria Santibella","url":"https:\/\/floristeriasantibella.com\/","logo":{"@type":"ImageObject","inLanguage":"en-US","@id":"https:\/\/floristeriasantibella.com\/#\/schema\/logo\/image\/","url":"http:\/\/floristeriasantibella.com\/wp-content\/uploads\/2025\/07\/LOGO-SANTIBELLA-03.png","contentUrl":"http:\/\/floristeriasantibella.com\/wp-content\/uploads\/2025\/07\/LOGO-SANTIBELLA-03.png","width":1080,"height":1080,"caption":"Floristeria Santibella"},"image":{"@id":"https:\/\/floristeriasantibella.com\/#\/schema\/logo\/image\/"}}]}},"jetpack_sharing_enabled":true,"_links":{"self":[{"href":"https:\/\/floristeriasantibella.com\/en\/wp-json\/wp\/v2\/product\/29572","targetHints":{"allow":["GET"]}}],"collection":[{"href":"https:\/\/floristeriasantibella.com\/en\/wp-json\/wp\/v2\/product"}],"about":[{"href":"https:\/\/floristeriasantibella.com\/en\/wp-json\/wp\/v2\/types\/product"}],"replies":[{"embeddable":true,"href":"https:\/\/floristeriasantibella.com\/en\/wp-json\/wp\/v2\/comments?post=29572"}],"version-history":[{"count":3,"href":"https:\/\/floristeriasantibella.com\/en\/wp-json\/wp\/v2\/product\/29572\/revisions"}],"predecessor-version":[{"id":30898,"href":"https:\/\/floristeriasantibella.com\/en\/wp-json\/wp\/v2\/product\/29572\/revisions\/30898"}],"wp:featuredmedia":[{"embeddable":true,"href":"https:\/\/floristeriasantibella.com\/en\/wp-json\/wp\/v2\/media\/31957"}],"wp:attachment":[{"href":"https:\/\/floristeriasantibella.com\/en\/wp-json\/wp\/v2\/media?parent=29572"}],"wp:term":[{"taxonomy":"product_brand","embeddable":true,"href":"https:\/\/floristeriasantibella.com\/en\/wp-json\/wp\/v2\/product_brand?post=29572"},{"taxonomy":"product_cat","embeddable":true,"href":"https:\/\/floristeriasantibella.com\/en\/wp-json\/wp\/v2\/product_cat?post=29572"},{"taxonomy":"product_tag","embeddable":true,"href":"https:\/\/floristeriasantibella.com\/en\/wp-json\/wp\/v2\/product_tag?post=29572"}],"curies":[{"name":"wp","href":"https:\/\/api.w.org\/{rel}","templated":true}]}}