{"id":30929,"date":"2025-08-24T20:55:32","date_gmt":"2025-08-24T20:55:32","guid":{"rendered":"https:\/\/floristeriasantibella.com\/?post_type=product&#038;p=30929"},"modified":"2026-04-05T16:00:37","modified_gmt":"2026-04-05T16:00:37","slug":"flores-por-suscripcion","status":"publish","type":"product","link":"https:\/\/floristeriasantibella.com\/en\/product\/flores-por-suscripcion\/","title":{"rendered":"Flores por Suscripci\u00f3n"},"content":{"rendered":"<h3 data-start=\"282\" data-end=\"310\"><strong data-start=\"289\" data-end=\"310\">Suscripci\u00f3n Hogar<\/strong><\/h3>\n<ul data-start=\"311\" data-end=\"451\">\n<li data-start=\"311\" data-end=\"337\">\n<p data-start=\"313\" data-end=\"337\"><strong data-start=\"313\" data-end=\"335\">1 ramo cada semana<\/strong><\/p>\n<\/li>\n<li data-start=\"338\" data-end=\"383\">\n<p data-start=\"340\" data-end=\"383\">Flores frescas variadas, estilo sorpresa.<\/p>\n<\/li>\n<li data-start=\"384\" data-end=\"451\">\n<p data-start=\"386\" data-end=\"451\">Ideal para decorar tu sala o comedor.<br data-start=\"423\" data-end=\"426\" \/>\ud83d\udc49\u00a0 <strong data-start=\"435\" data-end=\"451\">$600.000\/mes<\/strong><\/p>\n<\/li>\n<\/ul>\n<hr data-start=\"453\" data-end=\"456\" \/>\n<h3 data-start=\"458\" data-end=\"496\">\ud83c\udfe2 <strong data-start=\"465\" data-end=\"496\">Suscripci\u00f3n Oficina\/Empresa<\/strong><\/h3>\n<ul data-start=\"497\" data-end=\"662\">\n<li data-start=\"497\" data-end=\"531\">\n<p data-start=\"499\" data-end=\"531\"><strong data-start=\"499\" data-end=\"529\">1 ramo grande cada 15 d\u00edas<\/strong><\/p>\n<\/li>\n<li data-start=\"532\" data-end=\"573\">\n<p data-start=\"534\" data-end=\"573\">Dise\u00f1os elegantes con flores premium.<\/p>\n<\/li>\n<li data-start=\"574\" data-end=\"662\">\n<p data-start=\"576\" data-end=\"662\">Perfecto para recepciones, salas de juntas o restaurantes.<br data-start=\"634\" data-end=\"637\" \/>\ud83d\udc49 <strong data-start=\"646\" data-end=\"662\">$450.000\/mes<\/strong><\/p>\n<\/li>\n<\/ul>\n<hr data-start=\"664\" data-end=\"667\" \/>\n<h3 data-start=\"669\" data-end=\"706\">\ud83d\udc95 <strong data-start=\"676\" data-end=\"706\">Suscripci\u00f3n Amor &amp; Amistad<\/strong><\/h3>\n<ul data-start=\"707\" data-end=\"850\">\n<li data-start=\"707\" data-end=\"730\">\n<p data-start=\"709\" data-end=\"730\"><strong data-start=\"709\" data-end=\"728\">1 ramo cada mes<\/strong><\/p>\n<\/li>\n<li data-start=\"731\" data-end=\"773\">\n<p data-start=\"733\" data-end=\"773\">Rosas, girasoles o mixtos.<\/p>\n<\/li>\n<li data-start=\"774\" data-end=\"850\">\n<p data-start=\"776\" data-end=\"850\">Incluye tarjeta personalizada en cada entrega.<br data-start=\"822\" data-end=\"825\" \/>\ud83d\udc49 Desde <strong data-start=\"834\" data-end=\"850\">$250.000\/mes<\/strong><\/p>\n<\/li>\n<\/ul>\n<hr data-start=\"852\" data-end=\"855\" \/>\n<h3 data-start=\"857\" data-end=\"884\">\ud83c\udf1f Opciones de duraci\u00f3n<\/h3>\n<ul data-start=\"885\" data-end=\"960\">\n<li data-start=\"885\" data-end=\"900\">\n<p data-start=\"887\" data-end=\"900\"><strong data-start=\"887\" data-end=\"898\">2 meses<\/strong><\/p>\n<\/li>\n<li data-start=\"901\" data-end=\"916\">\n<p data-start=\"903\" data-end=\"916\"><strong data-start=\"903\" data-end=\"914\">3 meses<\/strong><\/p>\n<\/li>\n<li data-start=\"917\" data-end=\"960\">\n<p data-start=\"919\" data-end=\"960\"><strong data-start=\"919\" data-end=\"930\">6 meses<\/strong> (\u2728 con 1 entrega de cortes\u00eda)<\/p>\n<\/li>\n<\/ul>\n<hr data-start=\"962\" data-end=\"965\" \/>\n<h3 data-start=\"967\" data-end=\"984\">\ud83d\udce6 Beneficios<\/h3>\n<p data-start=\"985\" data-end=\"1178\">\u2714\ufe0f Entrega a domicilio en Medell\u00edn y alrededores<br data-start=\"1033\" data-end=\"1036\" \/>\u2714\ufe0f Pago seguro desde Colombia o el exterior (tarjeta, Bold, ePayco, Western Union)<br data-start=\"1118\" data-end=\"1121\" \/>\u2714\ufe0f Posibilidad de pausar o cambiar direcci\u00f3n de entrega<\/p>","protected":false},"excerpt":{"rendered":"<p>Env\u00eda flores a Medell\u00edn desde cualquier parte del mundo \ud83c\udf0e. Suscripci\u00f3n mensual, pago seguro y entrega a domicilio.<\/p>","protected":false},"featured_media":30925,"comment_status":"open","ping_status":"closed","template":"","meta":[],"product_brand":[123],"product_cat":[20],"product_tag":[],"class_list":{"0":"post-30929","1":"product","2":"type-product","3":"status-publish","4":"has-post-thumbnail","6":"product_brand-floristeria-santibella","7":"product_cat-flores-por-suscripcion","9":"first","10":"instock","11":"shipping-taxable","12":"purchasable","13":"product-type-simple"},"yoast_head":"<!-- This site is optimized with the Yoast SEO plugin v25.3.1 - https:\/\/yoast.com\/wordpress\/plugins\/seo\/ -->\n<title>Flores por Suscripci\u00f3n - Floristeria Santibella<\/title>\n<meta name=\"description\" content=\"Recibe flores frescas cada semana, quincena o mes en Medell\u00edn. Suscripci\u00f3n flexible, pago seguro y entrega a domicilio.\" \/>\n<meta name=\"robots\" content=\"index, follow, max-snippet:-1, max-image-preview:large, max-video-preview:-1\" \/>\n<link rel=\"canonical\" href=\"https:\/\/floristeriasantibella.com\/en\/product\/flores-por-suscripcion\/\" \/>\n<meta property=\"og:locale\" content=\"en_US\" \/>\n<meta property=\"og:type\" content=\"article\" \/>\n<meta property=\"og:title\" content=\"Flores por Suscripci\u00f3n - Floristeria Santibella\" \/>\n<meta property=\"og:description\" content=\"Recibe flores frescas cada semana, quincena o mes en Medell\u00edn. Suscripci\u00f3n flexible, pago seguro y entrega a domicilio.\" \/>\n<meta property=\"og:url\" content=\"https:\/\/floristeriasantibella.com\/en\/product\/flores-por-suscripcion\/\" \/>\n<meta property=\"og:site_name\" content=\"Floristeria Santibella\" \/>\n<meta property=\"article:modified_time\" content=\"2026-04-05T16:00:37+00:00\" \/>\n<meta property=\"og:image\" content=\"https:\/\/floristeriasantibella.com\/wp-content\/uploads\/2025\/08\/WhatsApp-Image-2025-08-24-at-3.01.28-PM-1.jpeg\" \/>\n\t<meta property=\"og:image:width\" content=\"800\" \/>\n\t<meta property=\"og:image:height\" content=\"800\" \/>\n\t<meta property=\"og:image:type\" content=\"image\/jpeg\" \/>\n<meta name=\"twitter:card\" content=\"summary_large_image\" \/>\n<meta name=\"twitter:label1\" content=\"Est. reading time\" \/>\n\t<meta name=\"twitter:data1\" content=\"1 minute\" \/>\n<script type=\"application\/ld+json\" class=\"yoast-schema-graph\">{\"@context\":\"https:\/\/schema.org\",\"@graph\":[{\"@type\":\"WebPage\",\"@id\":\"https:\/\/floristeriasantibella.com\/producto\/flores-por-suscripcion\/\",\"url\":\"https:\/\/floristeriasantibella.com\/producto\/flores-por-suscripcion\/\",\"name\":\"Flores por Suscripci\u00f3n - Floristeria Santibella\",\"isPartOf\":{\"@id\":\"https:\/\/floristeriasantibella.com\/#website\"},\"primaryImageOfPage\":{\"@id\":\"https:\/\/floristeriasantibella.com\/producto\/flores-por-suscripcion\/#primaryimage\"},\"image\":{\"@id\":\"https:\/\/floristeriasantibella.com\/producto\/flores-por-suscripcion\/#primaryimage\"},\"thumbnailUrl\":\"https:\/\/floristeriasantibella.com\/wp-content\/uploads\/2025\/08\/WhatsApp-Image-2025-08-24-at-3.01.28-PM-1.jpeg\",\"datePublished\":\"2025-08-24T20:55:32+00:00\",\"dateModified\":\"2026-04-05T16:00:37+00:00\",\"description\":\"Recibe flores frescas cada semana, quincena o mes en Medell\u00edn. Suscripci\u00f3n flexible, pago seguro y entrega a domicilio.\",\"breadcrumb\":{\"@id\":\"https:\/\/floristeriasantibella.com\/producto\/flores-por-suscripcion\/#breadcrumb\"},\"inLanguage\":\"en-US\",\"potentialAction\":[{\"@type\":\"ReadAction\",\"target\":[\"https:\/\/floristeriasantibella.com\/producto\/flores-por-suscripcion\/\"]}]},{\"@type\":\"ImageObject\",\"inLanguage\":\"en-US\",\"@id\":\"https:\/\/floristeriasantibella.com\/producto\/flores-por-suscripcion\/#primaryimage\",\"url\":\"https:\/\/floristeriasantibella.com\/wp-content\/uploads\/2025\/08\/WhatsApp-Image-2025-08-24-at-3.01.28-PM-1.jpeg\",\"contentUrl\":\"https:\/\/floristeriasantibella.com\/wp-content\/uploads\/2025\/08\/WhatsApp-Image-2025-08-24-at-3.01.28-PM-1.jpeg\",\"width\":800,\"height\":800},{\"@type\":\"BreadcrumbList\",\"@id\":\"https:\/\/floristeriasantibella.com\/producto\/flores-por-suscripcion\/#breadcrumb\",\"itemListElement\":[{\"@type\":\"ListItem\",\"position\":1,\"name\":\"Home\",\"item\":\"https:\/\/floristeriasantibella.com\/\"},{\"@type\":\"ListItem\",\"position\":2,\"name\":\"Tienda\",\"item\":\"https:\/\/floristeriasantibella.com\/tienda\/\"},{\"@type\":\"ListItem\",\"position\":3,\"name\":\"Flores por Suscripci\u00f3n\"}]},{\"@type\":\"WebSite\",\"@id\":\"https:\/\/floristeriasantibella.com\/#website\",\"url\":\"https:\/\/floristeriasantibella.com\/\",\"name\":\"Floristeria Santibella\",\"description\":\"Env\u00eda flores a Medell\u00edn desde cualquier parte del mundo. Entregas r\u00e1pidas, dise\u00f1os personalizados y atenci\u00f3n de calidad. \u00a1Compra ahora online!\",\"publisher\":{\"@id\":\"https:\/\/floristeriasantibella.com\/#organization\"},\"potentialAction\":[{\"@type\":\"SearchAction\",\"target\":{\"@type\":\"EntryPoint\",\"urlTemplate\":\"https:\/\/floristeriasantibella.com\/?s={search_term_string}\"},\"query-input\":{\"@type\":\"PropertyValueSpecification\",\"valueRequired\":true,\"valueName\":\"search_term_string\"}}],\"inLanguage\":\"en-US\"},{\"@type\":\"Organization\",\"@id\":\"https:\/\/floristeriasantibella.com\/#organization\",\"name\":\"Floristeria Santibella\",\"url\":\"https:\/\/floristeriasantibella.com\/\",\"logo\":{\"@type\":\"ImageObject\",\"inLanguage\":\"en-US\",\"@id\":\"https:\/\/floristeriasantibella.com\/#\/schema\/logo\/image\/\",\"url\":\"http:\/\/floristeriasantibella.com\/wp-content\/uploads\/2025\/07\/LOGO-SANTIBELLA-03.png\",\"contentUrl\":\"http:\/\/floristeriasantibella.com\/wp-content\/uploads\/2025\/07\/LOGO-SANTIBELLA-03.png\",\"width\":1080,\"height\":1080,\"caption\":\"Floristeria Santibella\"},\"image\":{\"@id\":\"https:\/\/floristeriasantibella.com\/#\/schema\/logo\/image\/\"}}]}<\/script>\n<!-- \/ Yoast SEO plugin. -->","yoast_head_json":{"title":"Flores por Suscripci\u00f3n - Floristeria Santibella","description":"Recibe flores frescas cada semana, quincena o mes en Medell\u00edn. Suscripci\u00f3n flexible, pago seguro y entrega a domicilio.","robots":{"index":"index","follow":"follow","max-snippet":"max-snippet:-1","max-image-preview":"max-image-preview:large","max-video-preview":"max-video-preview:-1"},"canonical":"https:\/\/floristeriasantibella.com\/en\/product\/flores-por-suscripcion\/","og_locale":"en_US","og_type":"article","og_title":"Flores por Suscripci\u00f3n - Floristeria Santibella","og_description":"Recibe flores frescas cada semana, quincena o mes en Medell\u00edn. Suscripci\u00f3n flexible, pago seguro y entrega a domicilio.","og_url":"https:\/\/floristeriasantibella.com\/en\/product\/flores-por-suscripcion\/","og_site_name":"Floristeria Santibella","article_modified_time":"2026-04-05T16:00:37+00:00","og_image":[{"width":800,"height":800,"url":"https:\/\/floristeriasantibella.com\/wp-content\/uploads\/2025\/08\/WhatsApp-Image-2025-08-24-at-3.01.28-PM-1.jpeg","type":"image\/jpeg"}],"twitter_card":"summary_large_image","twitter_misc":{"Est. reading time":"1 minute"},"schema":{"@context":"https:\/\/schema.org","@graph":[{"@type":"WebPage","@id":"https:\/\/floristeriasantibella.com\/producto\/flores-por-suscripcion\/","url":"https:\/\/floristeriasantibella.com\/producto\/flores-por-suscripcion\/","name":"Flores por Suscripci\u00f3n - Floristeria Santibella","isPartOf":{"@id":"https:\/\/floristeriasantibella.com\/#website"},"primaryImageOfPage":{"@id":"https:\/\/floristeriasantibella.com\/producto\/flores-por-suscripcion\/#primaryimage"},"image":{"@id":"https:\/\/floristeriasantibella.com\/producto\/flores-por-suscripcion\/#primaryimage"},"thumbnailUrl":"https:\/\/floristeriasantibella.com\/wp-content\/uploads\/2025\/08\/WhatsApp-Image-2025-08-24-at-3.01.28-PM-1.jpeg","datePublished":"2025-08-24T20:55:32+00:00","dateModified":"2026-04-05T16:00:37+00:00","description":"Recibe flores frescas cada semana, quincena o mes en Medell\u00edn. Suscripci\u00f3n flexible, pago seguro y entrega a domicilio.","breadcrumb":{"@id":"https:\/\/floristeriasantibella.com\/producto\/flores-por-suscripcion\/#breadcrumb"},"inLanguage":"en-US","potentialAction":[{"@type":"ReadAction","target":["https:\/\/floristeriasantibella.com\/producto\/flores-por-suscripcion\/"]}]},{"@type":"ImageObject","inLanguage":"en-US","@id":"https:\/\/floristeriasantibella.com\/producto\/flores-por-suscripcion\/#primaryimage","url":"https:\/\/floristeriasantibella.com\/wp-content\/uploads\/2025\/08\/WhatsApp-Image-2025-08-24-at-3.01.28-PM-1.jpeg","contentUrl":"https:\/\/floristeriasantibella.com\/wp-content\/uploads\/2025\/08\/WhatsApp-Image-2025-08-24-at-3.01.28-PM-1.jpeg","width":800,"height":800},{"@type":"BreadcrumbList","@id":"https:\/\/floristeriasantibella.com\/producto\/flores-por-suscripcion\/#breadcrumb","itemListElement":[{"@type":"ListItem","position":1,"name":"Home","item":"https:\/\/floristeriasantibella.com\/"},{"@type":"ListItem","position":2,"name":"Tienda","item":"https:\/\/floristeriasantibella.com\/tienda\/"},{"@type":"ListItem","position":3,"name":"Flores por Suscripci\u00f3n"}]},{"@type":"WebSite","@id":"https:\/\/floristeriasantibella.com\/#website","url":"https:\/\/floristeriasantibella.com\/","name":"Floristeria Santibella","description":"Env\u00eda flores a Medell\u00edn desde cualquier parte del mundo. Entregas r\u00e1pidas, dise\u00f1os personalizados y atenci\u00f3n de calidad. \u00a1Compra ahora online!","publisher":{"@id":"https:\/\/floristeriasantibella.com\/#organization"},"potentialAction":[{"@type":"SearchAction","target":{"@type":"EntryPoint","urlTemplate":"https:\/\/floristeriasantibella.com\/?s={search_term_string}"},"query-input":{"@type":"PropertyValueSpecification","valueRequired":true,"valueName":"search_term_string"}}],"inLanguage":"en-US"},{"@type":"Organization","@id":"https:\/\/floristeriasantibella.com\/#organization","name":"Floristeria Santibella","url":"https:\/\/floristeriasantibella.com\/","logo":{"@type":"ImageObject","inLanguage":"en-US","@id":"https:\/\/floristeriasantibella.com\/#\/schema\/logo\/image\/","url":"http:\/\/floristeriasantibella.com\/wp-content\/uploads\/2025\/07\/LOGO-SANTIBELLA-03.png","contentUrl":"http:\/\/floristeriasantibella.com\/wp-content\/uploads\/2025\/07\/LOGO-SANTIBELLA-03.png","width":1080,"height":1080,"caption":"Floristeria Santibella"},"image":{"@id":"https:\/\/floristeriasantibella.com\/#\/schema\/logo\/image\/"}}]}},"jetpack_sharing_enabled":true,"_links":{"self":[{"href":"https:\/\/floristeriasantibella.com\/en\/wp-json\/wp\/v2\/product\/30929","targetHints":{"allow":["GET"]}}],"collection":[{"href":"https:\/\/floristeriasantibella.com\/en\/wp-json\/wp\/v2\/product"}],"about":[{"href":"https:\/\/floristeriasantibella.com\/en\/wp-json\/wp\/v2\/types\/product"}],"replies":[{"embeddable":true,"href":"https:\/\/floristeriasantibella.com\/en\/wp-json\/wp\/v2\/comments?post=30929"}],"version-history":[{"count":3,"href":"https:\/\/floristeriasantibella.com\/en\/wp-json\/wp\/v2\/product\/30929\/revisions"}],"predecessor-version":[{"id":31990,"href":"https:\/\/floristeriasantibella.com\/en\/wp-json\/wp\/v2\/product\/30929\/revisions\/31990"}],"wp:featuredmedia":[{"embeddable":true,"href":"https:\/\/floristeriasantibella.com\/en\/wp-json\/wp\/v2\/media\/30925"}],"wp:attachment":[{"href":"https:\/\/floristeriasantibella.com\/en\/wp-json\/wp\/v2\/media?parent=30929"}],"wp:term":[{"taxonomy":"product_brand","embeddable":true,"href":"https:\/\/floristeriasantibella.com\/en\/wp-json\/wp\/v2\/product_brand?post=30929"},{"taxonomy":"product_cat","embeddable":true,"href":"https:\/\/floristeriasantibella.com\/en\/wp-json\/wp\/v2\/product_cat?post=30929"},{"taxonomy":"product_tag","embeddable":true,"href":"https:\/\/floristeriasantibella.com\/en\/wp-json\/wp\/v2\/product_tag?post=30929"}],"curies":[{"name":"wp","href":"https:\/\/api.w.org\/{rel}","templated":true}]}}