{"id":31275,"date":"2025-09-06T15:33:09","date_gmt":"2025-09-06T15:33:09","guid":{"rendered":"https:\/\/floristeriasantibella.com\/?post_type=product&#038;p=31275"},"modified":"2026-01-20T22:22:15","modified_gmt":"2026-01-20T22:22:15","slug":"24-rosas-amarillas-premium-medellin","status":"publish","type":"product","link":"https:\/\/floristeriasantibella.com\/en\/product\/24-rosas-amarillas-premium-medellin\/","title":{"rendered":"24 Amarillas con Follajes Deluxe"},"content":{"rendered":"<p>Bouquet de 24 rosas amarillas con follajes, papel importado y mo\u00f1o. Incluye tarjeta. Entrega en Medell\u00edn y municipios aleda\u00f1os.Ideal para el <strong data-start=\"1816\" data-end=\"1847\">D\u00eda de las Flores Amarillas<\/strong>, cumplea\u00f1os, agradecimientos o para iluminar cualquier d\u00eda.<\/p>","protected":false},"excerpt":{"rendered":"<p>Bouquet de 24 rosas amarillas con follajes, papel importado y mo\u00f1o. Incluye tarjeta. Entrega en Medell\u00edn y municipios aleda\u00f1os.Ideal para el <strong data-start=\"1816\" data-end=\"1847\">D\u00eda de las Flores Amarillas<\/strong>, cumplea\u00f1os, agradecimientos o para iluminar cualquier d\u00eda.<\/p>","protected":false},"featured_media":31273,"comment_status":"open","ping_status":"closed","template":"","meta":[],"product_brand":[],"product_cat":[74,75,79],"product_tag":[],"class_list":{"0":"post-31275","1":"product","2":"type-product","3":"status-publish","4":"has-post-thumbnail","6":"product_cat-cumpleanos","7":"product_cat-fechas-especiales","8":"product_cat-flores-amarillas","10":"first","11":"instock","12":"shipping-taxable","13":"purchasable","14":"product-type-simple"},"yoast_head":"<!-- This site is optimized with the Yoast SEO plugin v25.3.1 - https:\/\/yoast.com\/wordpress\/plugins\/seo\/ -->\n<title>24 Amarillas con Follajes Deluxe - Floristeria Santibella<\/title>\n<meta name=\"description\" content=\"Bouquet de 24 rosas amarillas con follajes, papel importado y mo\u00f1o. Incluye tarjeta. Entrega en Medell\u00edn y municipios aleda\u00f1os.Ideal para el D\u00eda de las Flores Amarillas, cumplea\u00f1os, agradecimientos o para iluminar cualquier d\u00eda.\" \/>\n<meta name=\"robots\" content=\"index, follow, max-snippet:-1, max-image-preview:large, max-video-preview:-1\" \/>\n<link rel=\"canonical\" href=\"https:\/\/floristeriasantibella.com\/en\/product\/24-rosas-amarillas-premium-medellin\/\" \/>\n<meta property=\"og:locale\" content=\"en_US\" \/>\n<meta property=\"og:type\" content=\"article\" \/>\n<meta property=\"og:title\" content=\"24 Amarillas con Follajes Deluxe - Floristeria Santibella\" \/>\n<meta property=\"og:description\" content=\"Bouquet de 24 rosas amarillas con follajes, papel importado y mo\u00f1o. Incluye tarjeta. Entrega en Medell\u00edn y municipios aleda\u00f1os.Ideal para el D\u00eda de las Flores Amarillas, cumplea\u00f1os, agradecimientos o para iluminar cualquier d\u00eda.\" \/>\n<meta property=\"og:url\" content=\"https:\/\/floristeriasantibella.com\/en\/product\/24-rosas-amarillas-premium-medellin\/\" \/>\n<meta property=\"og:site_name\" content=\"Floristeria Santibella\" \/>\n<meta property=\"article:modified_time\" content=\"2026-01-20T22:22:15+00:00\" \/>\n<meta property=\"og:image\" content=\"https:\/\/floristeriasantibella.com\/wp-content\/uploads\/2025\/09\/image.jpg\" \/>\n\t<meta property=\"og:image:width\" content=\"781\" \/>\n\t<meta property=\"og:image:height\" content=\"781\" \/>\n\t<meta property=\"og:image:type\" content=\"image\/jpeg\" \/>\n<meta name=\"twitter:card\" content=\"summary_large_image\" \/>\n<meta name=\"twitter:label1\" content=\"Est. reading time\" \/>\n\t<meta name=\"twitter:data1\" content=\"1 minute\" \/>\n<script type=\"application\/ld+json\" class=\"yoast-schema-graph\">{\"@context\":\"https:\/\/schema.org\",\"@graph\":[{\"@type\":\"WebPage\",\"@id\":\"https:\/\/floristeriasantibella.com\/producto\/24-rosas-amarillas-premium-medellin\/\",\"url\":\"https:\/\/floristeriasantibella.com\/producto\/24-rosas-amarillas-premium-medellin\/\",\"name\":\"24 Amarillas con Follajes Deluxe - Floristeria Santibella\",\"isPartOf\":{\"@id\":\"https:\/\/floristeriasantibella.com\/#website\"},\"primaryImageOfPage\":{\"@id\":\"https:\/\/floristeriasantibella.com\/producto\/24-rosas-amarillas-premium-medellin\/#primaryimage\"},\"image\":{\"@id\":\"https:\/\/floristeriasantibella.com\/producto\/24-rosas-amarillas-premium-medellin\/#primaryimage\"},\"thumbnailUrl\":\"https:\/\/floristeriasantibella.com\/wp-content\/uploads\/2025\/09\/image.jpg\",\"datePublished\":\"2025-09-06T15:33:09+00:00\",\"dateModified\":\"2026-01-20T22:22:15+00:00\",\"description\":\"Bouquet de 24 rosas amarillas con follajes, papel importado y mo\u00f1o. Incluye tarjeta. Entrega en Medell\u00edn y municipios aleda\u00f1os.Ideal para el D\u00eda de las Flores Amarillas, cumplea\u00f1os, agradecimientos o para iluminar cualquier d\u00eda.\",\"breadcrumb\":{\"@id\":\"https:\/\/floristeriasantibella.com\/producto\/24-rosas-amarillas-premium-medellin\/#breadcrumb\"},\"inLanguage\":\"en-US\",\"potentialAction\":[{\"@type\":\"ReadAction\",\"target\":[\"https:\/\/floristeriasantibella.com\/producto\/24-rosas-amarillas-premium-medellin\/\"]}]},{\"@type\":\"ImageObject\",\"inLanguage\":\"en-US\",\"@id\":\"https:\/\/floristeriasantibella.com\/producto\/24-rosas-amarillas-premium-medellin\/#primaryimage\",\"url\":\"https:\/\/floristeriasantibella.com\/wp-content\/uploads\/2025\/09\/image.jpg\",\"contentUrl\":\"https:\/\/floristeriasantibella.com\/wp-content\/uploads\/2025\/09\/image.jpg\",\"width\":781,\"height\":781},{\"@type\":\"BreadcrumbList\",\"@id\":\"https:\/\/floristeriasantibella.com\/producto\/24-rosas-amarillas-premium-medellin\/#breadcrumb\",\"itemListElement\":[{\"@type\":\"ListItem\",\"position\":1,\"name\":\"Home\",\"item\":\"https:\/\/floristeriasantibella.com\/\"},{\"@type\":\"ListItem\",\"position\":2,\"name\":\"Tienda\",\"item\":\"https:\/\/floristeriasantibella.com\/tienda\/\"},{\"@type\":\"ListItem\",\"position\":3,\"name\":\"24 Amarillas con Follajes Deluxe\"}]},{\"@type\":\"WebSite\",\"@id\":\"https:\/\/floristeriasantibella.com\/#website\",\"url\":\"https:\/\/floristeriasantibella.com\/\",\"name\":\"Floristeria Santibella\",\"description\":\"Env\u00eda flores a Medell\u00edn desde cualquier parte del mundo. Entregas r\u00e1pidas, dise\u00f1os personalizados y atenci\u00f3n de calidad. \u00a1Compra ahora online!\",\"publisher\":{\"@id\":\"https:\/\/floristeriasantibella.com\/#organization\"},\"potentialAction\":[{\"@type\":\"SearchAction\",\"target\":{\"@type\":\"EntryPoint\",\"urlTemplate\":\"https:\/\/floristeriasantibella.com\/?s={search_term_string}\"},\"query-input\":{\"@type\":\"PropertyValueSpecification\",\"valueRequired\":true,\"valueName\":\"search_term_string\"}}],\"inLanguage\":\"en-US\"},{\"@type\":\"Organization\",\"@id\":\"https:\/\/floristeriasantibella.com\/#organization\",\"name\":\"Floristeria Santibella\",\"url\":\"https:\/\/floristeriasantibella.com\/\",\"logo\":{\"@type\":\"ImageObject\",\"inLanguage\":\"en-US\",\"@id\":\"https:\/\/floristeriasantibella.com\/#\/schema\/logo\/image\/\",\"url\":\"http:\/\/floristeriasantibella.com\/wp-content\/uploads\/2025\/07\/LOGO-SANTIBELLA-03.png\",\"contentUrl\":\"http:\/\/floristeriasantibella.com\/wp-content\/uploads\/2025\/07\/LOGO-SANTIBELLA-03.png\",\"width\":1080,\"height\":1080,\"caption\":\"Floristeria Santibella\"},\"image\":{\"@id\":\"https:\/\/floristeriasantibella.com\/#\/schema\/logo\/image\/\"}}]}<\/script>\n<!-- \/ Yoast SEO plugin. -->","yoast_head_json":{"title":"24 Amarillas con Follajes Deluxe - Floristeria Santibella","description":"Bouquet de 24 rosas amarillas con follajes, papel importado y mo\u00f1o. Incluye tarjeta. Entrega en Medell\u00edn y municipios aleda\u00f1os.Ideal para el D\u00eda de las Flores Amarillas, cumplea\u00f1os, agradecimientos o para iluminar cualquier d\u00eda.","robots":{"index":"index","follow":"follow","max-snippet":"max-snippet:-1","max-image-preview":"max-image-preview:large","max-video-preview":"max-video-preview:-1"},"canonical":"https:\/\/floristeriasantibella.com\/en\/product\/24-rosas-amarillas-premium-medellin\/","og_locale":"en_US","og_type":"article","og_title":"24 Amarillas con Follajes Deluxe - Floristeria Santibella","og_description":"Bouquet de 24 rosas amarillas con follajes, papel importado y mo\u00f1o. Incluye tarjeta. Entrega en Medell\u00edn y municipios aleda\u00f1os.Ideal para el D\u00eda de las Flores Amarillas, cumplea\u00f1os, agradecimientos o para iluminar cualquier d\u00eda.","og_url":"https:\/\/floristeriasantibella.com\/en\/product\/24-rosas-amarillas-premium-medellin\/","og_site_name":"Floristeria Santibella","article_modified_time":"2026-01-20T22:22:15+00:00","og_image":[{"width":781,"height":781,"url":"https:\/\/floristeriasantibella.com\/wp-content\/uploads\/2025\/09\/image.jpg","type":"image\/jpeg"}],"twitter_card":"summary_large_image","twitter_misc":{"Est. reading time":"1 minute"},"schema":{"@context":"https:\/\/schema.org","@graph":[{"@type":"WebPage","@id":"https:\/\/floristeriasantibella.com\/producto\/24-rosas-amarillas-premium-medellin\/","url":"https:\/\/floristeriasantibella.com\/producto\/24-rosas-amarillas-premium-medellin\/","name":"24 Amarillas con Follajes Deluxe - Floristeria Santibella","isPartOf":{"@id":"https:\/\/floristeriasantibella.com\/#website"},"primaryImageOfPage":{"@id":"https:\/\/floristeriasantibella.com\/producto\/24-rosas-amarillas-premium-medellin\/#primaryimage"},"image":{"@id":"https:\/\/floristeriasantibella.com\/producto\/24-rosas-amarillas-premium-medellin\/#primaryimage"},"thumbnailUrl":"https:\/\/floristeriasantibella.com\/wp-content\/uploads\/2025\/09\/image.jpg","datePublished":"2025-09-06T15:33:09+00:00","dateModified":"2026-01-20T22:22:15+00:00","description":"Bouquet de 24 rosas amarillas con follajes, papel importado y mo\u00f1o. Incluye tarjeta. Entrega en Medell\u00edn y municipios aleda\u00f1os.Ideal para el D\u00eda de las Flores Amarillas, cumplea\u00f1os, agradecimientos o para iluminar cualquier d\u00eda.","breadcrumb":{"@id":"https:\/\/floristeriasantibella.com\/producto\/24-rosas-amarillas-premium-medellin\/#breadcrumb"},"inLanguage":"en-US","potentialAction":[{"@type":"ReadAction","target":["https:\/\/floristeriasantibella.com\/producto\/24-rosas-amarillas-premium-medellin\/"]}]},{"@type":"ImageObject","inLanguage":"en-US","@id":"https:\/\/floristeriasantibella.com\/producto\/24-rosas-amarillas-premium-medellin\/#primaryimage","url":"https:\/\/floristeriasantibella.com\/wp-content\/uploads\/2025\/09\/image.jpg","contentUrl":"https:\/\/floristeriasantibella.com\/wp-content\/uploads\/2025\/09\/image.jpg","width":781,"height":781},{"@type":"BreadcrumbList","@id":"https:\/\/floristeriasantibella.com\/producto\/24-rosas-amarillas-premium-medellin\/#breadcrumb","itemListElement":[{"@type":"ListItem","position":1,"name":"Home","item":"https:\/\/floristeriasantibella.com\/"},{"@type":"ListItem","position":2,"name":"Tienda","item":"https:\/\/floristeriasantibella.com\/tienda\/"},{"@type":"ListItem","position":3,"name":"24 Amarillas con Follajes Deluxe"}]},{"@type":"WebSite","@id":"https:\/\/floristeriasantibella.com\/#website","url":"https:\/\/floristeriasantibella.com\/","name":"Floristeria Santibella","description":"Env\u00eda flores a Medell\u00edn desde cualquier parte del mundo. Entregas r\u00e1pidas, dise\u00f1os personalizados y atenci\u00f3n de calidad. \u00a1Compra ahora online!","publisher":{"@id":"https:\/\/floristeriasantibella.com\/#organization"},"potentialAction":[{"@type":"SearchAction","target":{"@type":"EntryPoint","urlTemplate":"https:\/\/floristeriasantibella.com\/?s={search_term_string}"},"query-input":{"@type":"PropertyValueSpecification","valueRequired":true,"valueName":"search_term_string"}}],"inLanguage":"en-US"},{"@type":"Organization","@id":"https:\/\/floristeriasantibella.com\/#organization","name":"Floristeria Santibella","url":"https:\/\/floristeriasantibella.com\/","logo":{"@type":"ImageObject","inLanguage":"en-US","@id":"https:\/\/floristeriasantibella.com\/#\/schema\/logo\/image\/","url":"http:\/\/floristeriasantibella.com\/wp-content\/uploads\/2025\/07\/LOGO-SANTIBELLA-03.png","contentUrl":"http:\/\/floristeriasantibella.com\/wp-content\/uploads\/2025\/07\/LOGO-SANTIBELLA-03.png","width":1080,"height":1080,"caption":"Floristeria Santibella"},"image":{"@id":"https:\/\/floristeriasantibella.com\/#\/schema\/logo\/image\/"}}]}},"jetpack_sharing_enabled":true,"_links":{"self":[{"href":"https:\/\/floristeriasantibella.com\/en\/wp-json\/wp\/v2\/product\/31275","targetHints":{"allow":["GET"]}}],"collection":[{"href":"https:\/\/floristeriasantibella.com\/en\/wp-json\/wp\/v2\/product"}],"about":[{"href":"https:\/\/floristeriasantibella.com\/en\/wp-json\/wp\/v2\/types\/product"}],"replies":[{"embeddable":true,"href":"https:\/\/floristeriasantibella.com\/en\/wp-json\/wp\/v2\/comments?post=31275"}],"version-history":[{"count":1,"href":"https:\/\/floristeriasantibella.com\/en\/wp-json\/wp\/v2\/product\/31275\/revisions"}],"predecessor-version":[{"id":31276,"href":"https:\/\/floristeriasantibella.com\/en\/wp-json\/wp\/v2\/product\/31275\/revisions\/31276"}],"wp:featuredmedia":[{"embeddable":true,"href":"https:\/\/floristeriasantibella.com\/en\/wp-json\/wp\/v2\/media\/31273"}],"wp:attachment":[{"href":"https:\/\/floristeriasantibella.com\/en\/wp-json\/wp\/v2\/media?parent=31275"}],"wp:term":[{"taxonomy":"product_brand","embeddable":true,"href":"https:\/\/floristeriasantibella.com\/en\/wp-json\/wp\/v2\/product_brand?post=31275"},{"taxonomy":"product_cat","embeddable":true,"href":"https:\/\/floristeriasantibella.com\/en\/wp-json\/wp\/v2\/product_cat?post=31275"},{"taxonomy":"product_tag","embeddable":true,"href":"https:\/\/floristeriasantibella.com\/en\/wp-json\/wp\/v2\/product_tag?post=31275"}],"curies":[{"name":"wp","href":"https:\/\/api.w.org\/{rel}","templated":true}]}}