{"id":31366,"date":"2025-09-11T23:44:27","date_gmt":"2025-09-11T23:44:27","guid":{"rendered":"https:\/\/floristeriasantibella.com\/?post_type=product&#038;p=31366"},"modified":"2026-03-12T15:30:47","modified_gmt":"2026-03-12T15:30:47","slug":"cupcakes-amarillos-6-unidades","status":"publish","type":"product","link":"https:\/\/floristeriasantibella.com\/en\/product\/cupcakes-amarillos-6-unidades\/","title":{"rendered":"Cupcakes amarillos 6 unidades"},"content":{"rendered":"<p>Caja con 6 deliciosos cupcakes amarillos para sorprender el \u00abDia de las Flores amarillas\u00bb. Incluye tarjeta impresa. Domicilio medellin y municipios aleda\u00f1os.<\/p>","protected":false},"excerpt":{"rendered":"<p>Caja con 6 deliciosos cupcakes amarillos para sorprender el \u00abDia de las Flores amarillas\u00bb. Incluye tarjeta impresa. Domicilio medellin y municipios aleda\u00f1os.<\/p>","protected":false},"featured_media":31933,"comment_status":"open","ping_status":"closed","template":"","meta":[],"product_brand":[],"product_cat":[91,90,79],"product_tag":[],"class_list":{"0":"post-31366","1":"product","2":"type-product","3":"status-publish","4":"has-post-thumbnail","6":"product_cat-cupcackes","7":"product_cat-delicias-y-sabores","8":"product_cat-flores-amarillas","10":"first","11":"instock","12":"shipping-taxable","13":"purchasable","14":"product-type-simple"},"yoast_head":"<!-- This site is optimized with the Yoast SEO plugin v25.3.1 - https:\/\/yoast.com\/wordpress\/plugins\/seo\/ -->\n<title>Cupcakes amarillos 6 unidades - Floristeria Santibella<\/title>\n<meta name=\"description\" content=\"Caja de cupcakes amarillos ideal para regalar en fechas especiales, cumplea\u00f1os y sorpresas. Domicilios en Medell\u00edn y Valle de Aburr\u00e1.\" \/>\n<meta name=\"robots\" content=\"index, follow, max-snippet:-1, max-image-preview:large, max-video-preview:-1\" \/>\n<link rel=\"canonical\" href=\"https:\/\/floristeriasantibella.com\/en\/product\/cupcakes-amarillos-6-unidades\/\" \/>\n<meta property=\"og:locale\" content=\"en_US\" \/>\n<meta property=\"og:type\" content=\"article\" \/>\n<meta property=\"og:title\" content=\"Cupcakes amarillos 6 unidades - Floristeria Santibella\" \/>\n<meta property=\"og:description\" content=\"Caja de cupcakes amarillos ideal para regalar en fechas especiales, cumplea\u00f1os y sorpresas. Domicilios en Medell\u00edn y Valle de Aburr\u00e1.\" \/>\n<meta property=\"og:url\" content=\"https:\/\/floristeriasantibella.com\/en\/product\/cupcakes-amarillos-6-unidades\/\" \/>\n<meta property=\"og:site_name\" content=\"Floristeria Santibella\" \/>\n<meta property=\"article:modified_time\" content=\"2026-03-12T15:30:47+00:00\" \/>\n<meta property=\"og:image\" content=\"https:\/\/floristeriasantibella.com\/wp-content\/uploads\/2025\/09\/Diseno-sin-titulo-24.jpg\" \/>\n\t<meta property=\"og:image:width\" content=\"500\" \/>\n\t<meta property=\"og:image:height\" content=\"500\" \/>\n\t<meta property=\"og:image:type\" content=\"image\/jpeg\" \/>\n<meta name=\"twitter:card\" content=\"summary_large_image\" \/>\n<meta name=\"twitter:label1\" content=\"Est. reading time\" \/>\n\t<meta name=\"twitter:data1\" content=\"1 minute\" \/>\n<script type=\"application\/ld+json\" class=\"yoast-schema-graph\">{\"@context\":\"https:\/\/schema.org\",\"@graph\":[{\"@type\":\"WebPage\",\"@id\":\"https:\/\/floristeriasantibella.com\/producto\/cupcakes-amarillos-6-unidades\/\",\"url\":\"https:\/\/floristeriasantibella.com\/producto\/cupcakes-amarillos-6-unidades\/\",\"name\":\"Cupcakes amarillos 6 unidades - Floristeria Santibella\",\"isPartOf\":{\"@id\":\"https:\/\/floristeriasantibella.com\/#website\"},\"primaryImageOfPage\":{\"@id\":\"https:\/\/floristeriasantibella.com\/producto\/cupcakes-amarillos-6-unidades\/#primaryimage\"},\"image\":{\"@id\":\"https:\/\/floristeriasantibella.com\/producto\/cupcakes-amarillos-6-unidades\/#primaryimage\"},\"thumbnailUrl\":\"https:\/\/floristeriasantibella.com\/wp-content\/uploads\/2025\/09\/Diseno-sin-titulo-24.jpg\",\"datePublished\":\"2025-09-11T23:44:27+00:00\",\"dateModified\":\"2026-03-12T15:30:47+00:00\",\"description\":\"Caja de cupcakes amarillos ideal para regalar en fechas especiales, cumplea\u00f1os y sorpresas. Domicilios en Medell\u00edn y Valle de Aburr\u00e1.\",\"breadcrumb\":{\"@id\":\"https:\/\/floristeriasantibella.com\/producto\/cupcakes-amarillos-6-unidades\/#breadcrumb\"},\"inLanguage\":\"en-US\",\"potentialAction\":[{\"@type\":\"ReadAction\",\"target\":[\"https:\/\/floristeriasantibella.com\/producto\/cupcakes-amarillos-6-unidades\/\"]}]},{\"@type\":\"ImageObject\",\"inLanguage\":\"en-US\",\"@id\":\"https:\/\/floristeriasantibella.com\/producto\/cupcakes-amarillos-6-unidades\/#primaryimage\",\"url\":\"https:\/\/floristeriasantibella.com\/wp-content\/uploads\/2025\/09\/Diseno-sin-titulo-24.jpg\",\"contentUrl\":\"https:\/\/floristeriasantibella.com\/wp-content\/uploads\/2025\/09\/Diseno-sin-titulo-24.jpg\",\"width\":500,\"height\":500},{\"@type\":\"BreadcrumbList\",\"@id\":\"https:\/\/floristeriasantibella.com\/producto\/cupcakes-amarillos-6-unidades\/#breadcrumb\",\"itemListElement\":[{\"@type\":\"ListItem\",\"position\":1,\"name\":\"Home\",\"item\":\"https:\/\/floristeriasantibella.com\/\"},{\"@type\":\"ListItem\",\"position\":2,\"name\":\"Tienda\",\"item\":\"https:\/\/floristeriasantibella.com\/tienda\/\"},{\"@type\":\"ListItem\",\"position\":3,\"name\":\"Cupcakes amarillos 6 unidades\"}]},{\"@type\":\"WebSite\",\"@id\":\"https:\/\/floristeriasantibella.com\/#website\",\"url\":\"https:\/\/floristeriasantibella.com\/\",\"name\":\"Floristeria Santibella\",\"description\":\"Env\u00eda flores a Medell\u00edn desde cualquier parte del mundo. Entregas r\u00e1pidas, dise\u00f1os personalizados y atenci\u00f3n de calidad. \u00a1Compra ahora online!\",\"publisher\":{\"@id\":\"https:\/\/floristeriasantibella.com\/#organization\"},\"potentialAction\":[{\"@type\":\"SearchAction\",\"target\":{\"@type\":\"EntryPoint\",\"urlTemplate\":\"https:\/\/floristeriasantibella.com\/?s={search_term_string}\"},\"query-input\":{\"@type\":\"PropertyValueSpecification\",\"valueRequired\":true,\"valueName\":\"search_term_string\"}}],\"inLanguage\":\"en-US\"},{\"@type\":\"Organization\",\"@id\":\"https:\/\/floristeriasantibella.com\/#organization\",\"name\":\"Floristeria Santibella\",\"url\":\"https:\/\/floristeriasantibella.com\/\",\"logo\":{\"@type\":\"ImageObject\",\"inLanguage\":\"en-US\",\"@id\":\"https:\/\/floristeriasantibella.com\/#\/schema\/logo\/image\/\",\"url\":\"http:\/\/floristeriasantibella.com\/wp-content\/uploads\/2025\/07\/LOGO-SANTIBELLA-03.png\",\"contentUrl\":\"http:\/\/floristeriasantibella.com\/wp-content\/uploads\/2025\/07\/LOGO-SANTIBELLA-03.png\",\"width\":1080,\"height\":1080,\"caption\":\"Floristeria Santibella\"},\"image\":{\"@id\":\"https:\/\/floristeriasantibella.com\/#\/schema\/logo\/image\/\"}}]}<\/script>\n<!-- \/ Yoast SEO plugin. -->","yoast_head_json":{"title":"Cupcakes amarillos 6 unidades - Floristeria Santibella","description":"Caja de cupcakes amarillos ideal para regalar en fechas especiales, cumplea\u00f1os y sorpresas. Domicilios en Medell\u00edn y Valle de Aburr\u00e1.","robots":{"index":"index","follow":"follow","max-snippet":"max-snippet:-1","max-image-preview":"max-image-preview:large","max-video-preview":"max-video-preview:-1"},"canonical":"https:\/\/floristeriasantibella.com\/en\/product\/cupcakes-amarillos-6-unidades\/","og_locale":"en_US","og_type":"article","og_title":"Cupcakes amarillos 6 unidades - Floristeria Santibella","og_description":"Caja de cupcakes amarillos ideal para regalar en fechas especiales, cumplea\u00f1os y sorpresas. Domicilios en Medell\u00edn y Valle de Aburr\u00e1.","og_url":"https:\/\/floristeriasantibella.com\/en\/product\/cupcakes-amarillos-6-unidades\/","og_site_name":"Floristeria Santibella","article_modified_time":"2026-03-12T15:30:47+00:00","og_image":[{"width":500,"height":500,"url":"https:\/\/floristeriasantibella.com\/wp-content\/uploads\/2025\/09\/Diseno-sin-titulo-24.jpg","type":"image\/jpeg"}],"twitter_card":"summary_large_image","twitter_misc":{"Est. reading time":"1 minute"},"schema":{"@context":"https:\/\/schema.org","@graph":[{"@type":"WebPage","@id":"https:\/\/floristeriasantibella.com\/producto\/cupcakes-amarillos-6-unidades\/","url":"https:\/\/floristeriasantibella.com\/producto\/cupcakes-amarillos-6-unidades\/","name":"Cupcakes amarillos 6 unidades - Floristeria Santibella","isPartOf":{"@id":"https:\/\/floristeriasantibella.com\/#website"},"primaryImageOfPage":{"@id":"https:\/\/floristeriasantibella.com\/producto\/cupcakes-amarillos-6-unidades\/#primaryimage"},"image":{"@id":"https:\/\/floristeriasantibella.com\/producto\/cupcakes-amarillos-6-unidades\/#primaryimage"},"thumbnailUrl":"https:\/\/floristeriasantibella.com\/wp-content\/uploads\/2025\/09\/Diseno-sin-titulo-24.jpg","datePublished":"2025-09-11T23:44:27+00:00","dateModified":"2026-03-12T15:30:47+00:00","description":"Caja de cupcakes amarillos ideal para regalar en fechas especiales, cumplea\u00f1os y sorpresas. Domicilios en Medell\u00edn y Valle de Aburr\u00e1.","breadcrumb":{"@id":"https:\/\/floristeriasantibella.com\/producto\/cupcakes-amarillos-6-unidades\/#breadcrumb"},"inLanguage":"en-US","potentialAction":[{"@type":"ReadAction","target":["https:\/\/floristeriasantibella.com\/producto\/cupcakes-amarillos-6-unidades\/"]}]},{"@type":"ImageObject","inLanguage":"en-US","@id":"https:\/\/floristeriasantibella.com\/producto\/cupcakes-amarillos-6-unidades\/#primaryimage","url":"https:\/\/floristeriasantibella.com\/wp-content\/uploads\/2025\/09\/Diseno-sin-titulo-24.jpg","contentUrl":"https:\/\/floristeriasantibella.com\/wp-content\/uploads\/2025\/09\/Diseno-sin-titulo-24.jpg","width":500,"height":500},{"@type":"BreadcrumbList","@id":"https:\/\/floristeriasantibella.com\/producto\/cupcakes-amarillos-6-unidades\/#breadcrumb","itemListElement":[{"@type":"ListItem","position":1,"name":"Home","item":"https:\/\/floristeriasantibella.com\/"},{"@type":"ListItem","position":2,"name":"Tienda","item":"https:\/\/floristeriasantibella.com\/tienda\/"},{"@type":"ListItem","position":3,"name":"Cupcakes amarillos 6 unidades"}]},{"@type":"WebSite","@id":"https:\/\/floristeriasantibella.com\/#website","url":"https:\/\/floristeriasantibella.com\/","name":"Floristeria Santibella","description":"Env\u00eda flores a Medell\u00edn desde cualquier parte del mundo. Entregas r\u00e1pidas, dise\u00f1os personalizados y atenci\u00f3n de calidad. \u00a1Compra ahora online!","publisher":{"@id":"https:\/\/floristeriasantibella.com\/#organization"},"potentialAction":[{"@type":"SearchAction","target":{"@type":"EntryPoint","urlTemplate":"https:\/\/floristeriasantibella.com\/?s={search_term_string}"},"query-input":{"@type":"PropertyValueSpecification","valueRequired":true,"valueName":"search_term_string"}}],"inLanguage":"en-US"},{"@type":"Organization","@id":"https:\/\/floristeriasantibella.com\/#organization","name":"Floristeria Santibella","url":"https:\/\/floristeriasantibella.com\/","logo":{"@type":"ImageObject","inLanguage":"en-US","@id":"https:\/\/floristeriasantibella.com\/#\/schema\/logo\/image\/","url":"http:\/\/floristeriasantibella.com\/wp-content\/uploads\/2025\/07\/LOGO-SANTIBELLA-03.png","contentUrl":"http:\/\/floristeriasantibella.com\/wp-content\/uploads\/2025\/07\/LOGO-SANTIBELLA-03.png","width":1080,"height":1080,"caption":"Floristeria Santibella"},"image":{"@id":"https:\/\/floristeriasantibella.com\/#\/schema\/logo\/image\/"}}]}},"jetpack_sharing_enabled":true,"_links":{"self":[{"href":"https:\/\/floristeriasantibella.com\/en\/wp-json\/wp\/v2\/product\/31366","targetHints":{"allow":["GET"]}}],"collection":[{"href":"https:\/\/floristeriasantibella.com\/en\/wp-json\/wp\/v2\/product"}],"about":[{"href":"https:\/\/floristeriasantibella.com\/en\/wp-json\/wp\/v2\/types\/product"}],"replies":[{"embeddable":true,"href":"https:\/\/floristeriasantibella.com\/en\/wp-json\/wp\/v2\/comments?post=31366"}],"version-history":[{"count":3,"href":"https:\/\/floristeriasantibella.com\/en\/wp-json\/wp\/v2\/product\/31366\/revisions"}],"predecessor-version":[{"id":31934,"href":"https:\/\/floristeriasantibella.com\/en\/wp-json\/wp\/v2\/product\/31366\/revisions\/31934"}],"wp:featuredmedia":[{"embeddable":true,"href":"https:\/\/floristeriasantibella.com\/en\/wp-json\/wp\/v2\/media\/31933"}],"wp:attachment":[{"href":"https:\/\/floristeriasantibella.com\/en\/wp-json\/wp\/v2\/media?parent=31366"}],"wp:term":[{"taxonomy":"product_brand","embeddable":true,"href":"https:\/\/floristeriasantibella.com\/en\/wp-json\/wp\/v2\/product_brand?post=31366"},{"taxonomy":"product_cat","embeddable":true,"href":"https:\/\/floristeriasantibella.com\/en\/wp-json\/wp\/v2\/product_cat?post=31366"},{"taxonomy":"product_tag","embeddable":true,"href":"https:\/\/floristeriasantibella.com\/en\/wp-json\/wp\/v2\/product_tag?post=31366"}],"curies":[{"name":"wp","href":"https:\/\/api.w.org\/{rel}","templated":true}]}}