{"id":31472,"date":"2025-11-10T17:45:09","date_gmt":"2025-11-10T17:45:09","guid":{"rendered":"https:\/\/floristeriasantibella.com\/?post_type=product&#038;p=31472"},"modified":"2026-02-27T22:00:09","modified_gmt":"2026-02-27T22:00:09","slug":"ramo-de-fuego-en-medellin-corazon-que-revela-sorpresa-santibella","status":"publish","type":"product","link":"https:\/\/floristeriasantibella.com\/en\/product\/ramo-de-fuego-en-medellin-corazon-que-revela-sorpresa-santibella\/","title":{"rendered":"Ramo de Fuego en Medell\u00edn \u2013 Coraz\u00f3n que revela sorpresa | Santibella"},"content":{"rendered":"<p data-start=\"626\" data-end=\"1123\">El <strong data-start=\"629\" data-end=\"657\">Ramo de Fuego Santibella<\/strong> es la forma m\u00e1s emocionante de decir \u201cte amo\u201d. Un coraz\u00f3n elaborado con 100 rosas<strong data-start=\"730\" data-end=\"756\">\u00a0frescas premium<\/strong> guarda en su centro una <strong data-start=\"781\" data-end=\"803\">zona para encender<\/strong> que, al activarse, revela <strong data-start=\"830\" data-end=\"856\">una sorpresa o mensaje<\/strong> (puede ser anillo, foto, mini carta o frase impresa).<br data-start=\"910\" data-end=\"913\" \/>Ideal para aniversarios, pedidas, cumplea\u00f1os y momentos inolvidables. Puedes <strong data-start=\"990\" data-end=\"1034\">personalizar colores, mensaje y sorpresa<\/strong>, y a\u00f1adir <strong data-start=\"1045\" data-end=\"1070\">tarjeta con c\u00f3digo QR<\/strong> para reproducir una <strong data-start=\"1091\" data-end=\"1122\">nota de voz, foto o canci\u00f3n<\/strong>.<\/p>\n<p data-start=\"1125\" data-end=\"1144\"><strong data-start=\"1125\" data-end=\"1142\">\u00bfQu\u00e9 incluye?<\/strong><\/p>\n<ul data-start=\"1145\" data-end=\"1372\">\n<li data-start=\"1145\" data-end=\"1213\">\n<p data-start=\"1147\" data-end=\"1213\">Dise\u00f1o en <strong data-start=\"1157\" data-end=\"1168\">coraz\u00f3n<\/strong> con flores naturales (colores a elecci\u00f3n).<\/p>\n<\/li>\n<li data-start=\"1214\" data-end=\"1279\">\n<p data-start=\"1216\" data-end=\"1279\">Compartimento central con <strong data-start=\"1242\" data-end=\"1262\">sorpresa o frase<\/strong> personalizada.<\/p>\n<\/li>\n<li data-start=\"1280\" data-end=\"1335\">\n<p data-start=\"1282\" data-end=\"1335\">Tarjeta dedicatoria (opci\u00f3n <strong data-start=\"1310\" data-end=\"1316\">QR<\/strong> con audio\/foto).<\/p>\n<\/li>\n<li data-start=\"1336\" data-end=\"1372\">\n<p data-start=\"1338\" data-end=\"1372\">Empaque premium listo para regalo.<\/p>\n<\/li>\n<\/ul>\n<p data-start=\"1374\" data-end=\"1386\"><strong data-start=\"1374\" data-end=\"1384\">Env\u00edos<\/strong><\/p>\n<ul data-start=\"1387\" data-end=\"1583\">\n<li data-start=\"1387\" data-end=\"1484\">\n<p data-start=\"1389\" data-end=\"1484\"><strong data-start=\"1389\" data-end=\"1413\">Entrega el mismo d\u00eda<\/strong> en Medell\u00edn y municipios del Valle de Aburr\u00e1 (seg\u00fan disponibilidad).<\/p>\n<\/li>\n<li data-start=\"1485\" data-end=\"1545\">\n<p data-start=\"1487\" data-end=\"1545\">Compartimos <strong data-start=\"1499\" data-end=\"1524\">foto\/video de entrega<\/strong> como confirmaci\u00f3n.<\/p>\n<\/li>\n<li data-start=\"1546\" data-end=\"1583\">\n<p data-start=\"1548\" data-end=\"1583\">Pagos desde Colombia o el exterior.<\/p>\n<\/li>\n<\/ul>\n<p data-start=\"1585\" data-end=\"1822\"><strong data-start=\"1585\" data-end=\"1618\">Recomendaciones de uso seguro<\/strong><br data-start=\"1618\" data-end=\"1621\" \/>Enciende el centro <strong data-start=\"1640\" data-end=\"1668\">sobre superficie estable<\/strong>, en <strong data-start=\"1673\" data-end=\"1694\">espacio ventilado<\/strong> y <strong data-start=\"1697\" data-end=\"1732\">lejos de materiales inflamables<\/strong>. Mant\u00e9n <strong data-start=\"1741\" data-end=\"1754\">distancia<\/strong>, no lo uses con <strong data-start=\"1771\" data-end=\"1782\">menores<\/strong> y <strong data-start=\"1785\" data-end=\"1808\">apaga completamente<\/strong> al finalizar.<\/p>","protected":false},"excerpt":{"rendered":"<p>El Ramo de Fuego Santibella es la forma m\u00e1s emocionante de decir \u201cte amo\u201d. Un coraz\u00f3n elaborado con 100 rosas\u00a0frescas<\/p>","protected":false},"featured_media":31474,"comment_status":"open","ping_status":"closed","template":"","meta":[],"product_brand":[123],"product_cat":[122,73,74,75,72,78],"product_tag":[],"class_list":{"0":"post-31472","1":"product","2":"type-product","3":"status-publish","4":"has-post-thumbnail","6":"product_brand-floristeria-santibella","7":"product_cat-amor-y-amistad","8":"product_cat-amor-y-aniversario","9":"product_cat-cumpleanos","10":"product_cat-fechas-especiales","11":"product_cat-ocasiones","12":"product_cat-san-valentin","14":"first","15":"instock","16":"shipping-taxable","17":"purchasable","18":"product-type-simple"},"yoast_head":"<!-- This site is optimized with the Yoast SEO plugin v25.3.1 - https:\/\/yoast.com\/wordpress\/plugins\/seo\/ -->\n<title>Ramo de Fuego en Medell\u00edn \u2013 Coraz\u00f3n que revela sorpresa | Santibella - Floristeria Santibella<\/title>\n<meta name=\"description\" content=\"Un detalle impactante y rom\u00e1ntico. Nuestro Ramo de Fuego en forma de coraz\u00f3n se enciende en el centro y revela una sorpresa o frase especial. Hecho con flores 100% naturales, perfecto para aniversarios, cumplea\u00f1os o propuestas. Entrega hoy en Medell\u00edn y municipios. Personal\u00edzalo con tarjeta QR (nota de voz\/foto).\" \/>\n<meta name=\"robots\" content=\"index, follow, max-snippet:-1, max-image-preview:large, max-video-preview:-1\" \/>\n<link rel=\"canonical\" href=\"https:\/\/floristeriasantibella.com\/en\/product\/ramo-de-fuego-en-medellin-corazon-que-revela-sorpresa-santibella\/\" \/>\n<meta property=\"og:locale\" content=\"en_US\" \/>\n<meta property=\"og:type\" content=\"article\" \/>\n<meta property=\"og:title\" content=\"Ramo de Fuego en Medell\u00edn \u2013 Coraz\u00f3n que revela sorpresa | Santibella - Floristeria Santibella\" \/>\n<meta property=\"og:description\" content=\"Un detalle impactante y rom\u00e1ntico. Nuestro Ramo de Fuego en forma de coraz\u00f3n se enciende en el centro y revela una sorpresa o frase especial. Hecho con flores 100% naturales, perfecto para aniversarios, cumplea\u00f1os o propuestas. Entrega hoy en Medell\u00edn y municipios. Personal\u00edzalo con tarjeta QR (nota de voz\/foto).\" \/>\n<meta property=\"og:url\" content=\"https:\/\/floristeriasantibella.com\/en\/product\/ramo-de-fuego-en-medellin-corazon-que-revela-sorpresa-santibella\/\" \/>\n<meta property=\"og:site_name\" content=\"Floristeria Santibella\" \/>\n<meta property=\"article:modified_time\" content=\"2026-02-27T22:00:09+00:00\" \/>\n<meta property=\"og:image\" content=\"https:\/\/floristeriasantibella.com\/wp-content\/uploads\/2025\/11\/WhatsApp_Image_2025-11-10_at_12.04.27_PM-removebg-preview-2.png\" \/>\n\t<meta property=\"og:image:width\" content=\"500\" \/>\n\t<meta property=\"og:image:height\" content=\"500\" \/>\n\t<meta property=\"og:image:type\" content=\"image\/png\" \/>\n<meta name=\"twitter:card\" content=\"summary_large_image\" \/>\n<meta name=\"twitter:label1\" content=\"Est. reading time\" \/>\n\t<meta name=\"twitter:data1\" content=\"1 minute\" \/>\n<script type=\"application\/ld+json\" class=\"yoast-schema-graph\">{\"@context\":\"https:\/\/schema.org\",\"@graph\":[{\"@type\":\"WebPage\",\"@id\":\"https:\/\/floristeriasantibella.com\/producto\/ramo-de-fuego-en-medellin-corazon-que-revela-sorpresa-santibella\/\",\"url\":\"https:\/\/floristeriasantibella.com\/producto\/ramo-de-fuego-en-medellin-corazon-que-revela-sorpresa-santibella\/\",\"name\":\"Ramo de Fuego en Medell\u00edn \u2013 Coraz\u00f3n que revela sorpresa | Santibella - Floristeria Santibella\",\"isPartOf\":{\"@id\":\"https:\/\/floristeriasantibella.com\/#website\"},\"primaryImageOfPage\":{\"@id\":\"https:\/\/floristeriasantibella.com\/producto\/ramo-de-fuego-en-medellin-corazon-que-revela-sorpresa-santibella\/#primaryimage\"},\"image\":{\"@id\":\"https:\/\/floristeriasantibella.com\/producto\/ramo-de-fuego-en-medellin-corazon-que-revela-sorpresa-santibella\/#primaryimage\"},\"thumbnailUrl\":\"https:\/\/floristeriasantibella.com\/wp-content\/uploads\/2025\/11\/WhatsApp_Image_2025-11-10_at_12.04.27_PM-removebg-preview-2.png\",\"datePublished\":\"2025-11-10T17:45:09+00:00\",\"dateModified\":\"2026-02-27T22:00:09+00:00\",\"description\":\"Un detalle impactante y rom\u00e1ntico. Nuestro Ramo de Fuego en forma de coraz\u00f3n se enciende en el centro y revela una sorpresa o frase especial. Hecho con flores 100% naturales, perfecto para aniversarios, cumplea\u00f1os o propuestas. Entrega hoy en Medell\u00edn y municipios. Personal\u00edzalo con tarjeta QR (nota de voz\/foto).\",\"breadcrumb\":{\"@id\":\"https:\/\/floristeriasantibella.com\/producto\/ramo-de-fuego-en-medellin-corazon-que-revela-sorpresa-santibella\/#breadcrumb\"},\"inLanguage\":\"en-US\",\"potentialAction\":[{\"@type\":\"ReadAction\",\"target\":[\"https:\/\/floristeriasantibella.com\/producto\/ramo-de-fuego-en-medellin-corazon-que-revela-sorpresa-santibella\/\"]}]},{\"@type\":\"ImageObject\",\"inLanguage\":\"en-US\",\"@id\":\"https:\/\/floristeriasantibella.com\/producto\/ramo-de-fuego-en-medellin-corazon-que-revela-sorpresa-santibella\/#primaryimage\",\"url\":\"https:\/\/floristeriasantibella.com\/wp-content\/uploads\/2025\/11\/WhatsApp_Image_2025-11-10_at_12.04.27_PM-removebg-preview-2.png\",\"contentUrl\":\"https:\/\/floristeriasantibella.com\/wp-content\/uploads\/2025\/11\/WhatsApp_Image_2025-11-10_at_12.04.27_PM-removebg-preview-2.png\",\"width\":500,\"height\":500},{\"@type\":\"BreadcrumbList\",\"@id\":\"https:\/\/floristeriasantibella.com\/producto\/ramo-de-fuego-en-medellin-corazon-que-revela-sorpresa-santibella\/#breadcrumb\",\"itemListElement\":[{\"@type\":\"ListItem\",\"position\":1,\"name\":\"Home\",\"item\":\"https:\/\/floristeriasantibella.com\/\"},{\"@type\":\"ListItem\",\"position\":2,\"name\":\"Tienda\",\"item\":\"https:\/\/floristeriasantibella.com\/tienda\/\"},{\"@type\":\"ListItem\",\"position\":3,\"name\":\"Ramo de Fuego en Medell\u00edn \u2013 Coraz\u00f3n que revela sorpresa | Santibella\"}]},{\"@type\":\"WebSite\",\"@id\":\"https:\/\/floristeriasantibella.com\/#website\",\"url\":\"https:\/\/floristeriasantibella.com\/\",\"name\":\"Floristeria Santibella\",\"description\":\"Env\u00eda flores a Medell\u00edn desde cualquier parte del mundo. Entregas r\u00e1pidas, dise\u00f1os personalizados y atenci\u00f3n de calidad. \u00a1Compra ahora online!\",\"publisher\":{\"@id\":\"https:\/\/floristeriasantibella.com\/#organization\"},\"potentialAction\":[{\"@type\":\"SearchAction\",\"target\":{\"@type\":\"EntryPoint\",\"urlTemplate\":\"https:\/\/floristeriasantibella.com\/?s={search_term_string}\"},\"query-input\":{\"@type\":\"PropertyValueSpecification\",\"valueRequired\":true,\"valueName\":\"search_term_string\"}}],\"inLanguage\":\"en-US\"},{\"@type\":\"Organization\",\"@id\":\"https:\/\/floristeriasantibella.com\/#organization\",\"name\":\"Floristeria Santibella\",\"url\":\"https:\/\/floristeriasantibella.com\/\",\"logo\":{\"@type\":\"ImageObject\",\"inLanguage\":\"en-US\",\"@id\":\"https:\/\/floristeriasantibella.com\/#\/schema\/logo\/image\/\",\"url\":\"http:\/\/floristeriasantibella.com\/wp-content\/uploads\/2025\/07\/LOGO-SANTIBELLA-03.png\",\"contentUrl\":\"http:\/\/floristeriasantibella.com\/wp-content\/uploads\/2025\/07\/LOGO-SANTIBELLA-03.png\",\"width\":1080,\"height\":1080,\"caption\":\"Floristeria Santibella\"},\"image\":{\"@id\":\"https:\/\/floristeriasantibella.com\/#\/schema\/logo\/image\/\"}}]}<\/script>\n<!-- \/ Yoast SEO plugin. -->","yoast_head_json":{"title":"Ramo de Fuego en Medell\u00edn \u2013 Coraz\u00f3n que revela sorpresa | Santibella - Floristeria Santibella","description":"Un detalle impactante y rom\u00e1ntico. Nuestro Ramo de Fuego en forma de coraz\u00f3n se enciende en el centro y revela una sorpresa o frase especial. Hecho con flores 100% naturales, perfecto para aniversarios, cumplea\u00f1os o propuestas. Entrega hoy en Medell\u00edn y municipios. Personal\u00edzalo con tarjeta QR (nota de voz\/foto).","robots":{"index":"index","follow":"follow","max-snippet":"max-snippet:-1","max-image-preview":"max-image-preview:large","max-video-preview":"max-video-preview:-1"},"canonical":"https:\/\/floristeriasantibella.com\/en\/product\/ramo-de-fuego-en-medellin-corazon-que-revela-sorpresa-santibella\/","og_locale":"en_US","og_type":"article","og_title":"Ramo de Fuego en Medell\u00edn \u2013 Coraz\u00f3n que revela sorpresa | Santibella - Floristeria Santibella","og_description":"Un detalle impactante y rom\u00e1ntico. Nuestro Ramo de Fuego en forma de coraz\u00f3n se enciende en el centro y revela una sorpresa o frase especial. Hecho con flores 100% naturales, perfecto para aniversarios, cumplea\u00f1os o propuestas. Entrega hoy en Medell\u00edn y municipios. Personal\u00edzalo con tarjeta QR (nota de voz\/foto).","og_url":"https:\/\/floristeriasantibella.com\/en\/product\/ramo-de-fuego-en-medellin-corazon-que-revela-sorpresa-santibella\/","og_site_name":"Floristeria Santibella","article_modified_time":"2026-02-27T22:00:09+00:00","og_image":[{"width":500,"height":500,"url":"https:\/\/floristeriasantibella.com\/wp-content\/uploads\/2025\/11\/WhatsApp_Image_2025-11-10_at_12.04.27_PM-removebg-preview-2.png","type":"image\/png"}],"twitter_card":"summary_large_image","twitter_misc":{"Est. reading time":"1 minute"},"schema":{"@context":"https:\/\/schema.org","@graph":[{"@type":"WebPage","@id":"https:\/\/floristeriasantibella.com\/producto\/ramo-de-fuego-en-medellin-corazon-que-revela-sorpresa-santibella\/","url":"https:\/\/floristeriasantibella.com\/producto\/ramo-de-fuego-en-medellin-corazon-que-revela-sorpresa-santibella\/","name":"Ramo de Fuego en Medell\u00edn \u2013 Coraz\u00f3n que revela sorpresa | Santibella - Floristeria Santibella","isPartOf":{"@id":"https:\/\/floristeriasantibella.com\/#website"},"primaryImageOfPage":{"@id":"https:\/\/floristeriasantibella.com\/producto\/ramo-de-fuego-en-medellin-corazon-que-revela-sorpresa-santibella\/#primaryimage"},"image":{"@id":"https:\/\/floristeriasantibella.com\/producto\/ramo-de-fuego-en-medellin-corazon-que-revela-sorpresa-santibella\/#primaryimage"},"thumbnailUrl":"https:\/\/floristeriasantibella.com\/wp-content\/uploads\/2025\/11\/WhatsApp_Image_2025-11-10_at_12.04.27_PM-removebg-preview-2.png","datePublished":"2025-11-10T17:45:09+00:00","dateModified":"2026-02-27T22:00:09+00:00","description":"Un detalle impactante y rom\u00e1ntico. Nuestro Ramo de Fuego en forma de coraz\u00f3n se enciende en el centro y revela una sorpresa o frase especial. Hecho con flores 100% naturales, perfecto para aniversarios, cumplea\u00f1os o propuestas. Entrega hoy en Medell\u00edn y municipios. Personal\u00edzalo con tarjeta QR (nota de voz\/foto).","breadcrumb":{"@id":"https:\/\/floristeriasantibella.com\/producto\/ramo-de-fuego-en-medellin-corazon-que-revela-sorpresa-santibella\/#breadcrumb"},"inLanguage":"en-US","potentialAction":[{"@type":"ReadAction","target":["https:\/\/floristeriasantibella.com\/producto\/ramo-de-fuego-en-medellin-corazon-que-revela-sorpresa-santibella\/"]}]},{"@type":"ImageObject","inLanguage":"en-US","@id":"https:\/\/floristeriasantibella.com\/producto\/ramo-de-fuego-en-medellin-corazon-que-revela-sorpresa-santibella\/#primaryimage","url":"https:\/\/floristeriasantibella.com\/wp-content\/uploads\/2025\/11\/WhatsApp_Image_2025-11-10_at_12.04.27_PM-removebg-preview-2.png","contentUrl":"https:\/\/floristeriasantibella.com\/wp-content\/uploads\/2025\/11\/WhatsApp_Image_2025-11-10_at_12.04.27_PM-removebg-preview-2.png","width":500,"height":500},{"@type":"BreadcrumbList","@id":"https:\/\/floristeriasantibella.com\/producto\/ramo-de-fuego-en-medellin-corazon-que-revela-sorpresa-santibella\/#breadcrumb","itemListElement":[{"@type":"ListItem","position":1,"name":"Home","item":"https:\/\/floristeriasantibella.com\/"},{"@type":"ListItem","position":2,"name":"Tienda","item":"https:\/\/floristeriasantibella.com\/tienda\/"},{"@type":"ListItem","position":3,"name":"Ramo de Fuego en Medell\u00edn \u2013 Coraz\u00f3n que revela sorpresa | Santibella"}]},{"@type":"WebSite","@id":"https:\/\/floristeriasantibella.com\/#website","url":"https:\/\/floristeriasantibella.com\/","name":"Floristeria Santibella","description":"Env\u00eda flores a Medell\u00edn desde cualquier parte del mundo. Entregas r\u00e1pidas, dise\u00f1os personalizados y atenci\u00f3n de calidad. \u00a1Compra ahora online!","publisher":{"@id":"https:\/\/floristeriasantibella.com\/#organization"},"potentialAction":[{"@type":"SearchAction","target":{"@type":"EntryPoint","urlTemplate":"https:\/\/floristeriasantibella.com\/?s={search_term_string}"},"query-input":{"@type":"PropertyValueSpecification","valueRequired":true,"valueName":"search_term_string"}}],"inLanguage":"en-US"},{"@type":"Organization","@id":"https:\/\/floristeriasantibella.com\/#organization","name":"Floristeria Santibella","url":"https:\/\/floristeriasantibella.com\/","logo":{"@type":"ImageObject","inLanguage":"en-US","@id":"https:\/\/floristeriasantibella.com\/#\/schema\/logo\/image\/","url":"http:\/\/floristeriasantibella.com\/wp-content\/uploads\/2025\/07\/LOGO-SANTIBELLA-03.png","contentUrl":"http:\/\/floristeriasantibella.com\/wp-content\/uploads\/2025\/07\/LOGO-SANTIBELLA-03.png","width":1080,"height":1080,"caption":"Floristeria Santibella"},"image":{"@id":"https:\/\/floristeriasantibella.com\/#\/schema\/logo\/image\/"}}]}},"jetpack_sharing_enabled":true,"_links":{"self":[{"href":"https:\/\/floristeriasantibella.com\/en\/wp-json\/wp\/v2\/product\/31472","targetHints":{"allow":["GET"]}}],"collection":[{"href":"https:\/\/floristeriasantibella.com\/en\/wp-json\/wp\/v2\/product"}],"about":[{"href":"https:\/\/floristeriasantibella.com\/en\/wp-json\/wp\/v2\/types\/product"}],"replies":[{"embeddable":true,"href":"https:\/\/floristeriasantibella.com\/en\/wp-json\/wp\/v2\/comments?post=31472"}],"version-history":[{"count":1,"href":"https:\/\/floristeriasantibella.com\/en\/wp-json\/wp\/v2\/product\/31472\/revisions"}],"predecessor-version":[{"id":31477,"href":"https:\/\/floristeriasantibella.com\/en\/wp-json\/wp\/v2\/product\/31472\/revisions\/31477"}],"wp:featuredmedia":[{"embeddable":true,"href":"https:\/\/floristeriasantibella.com\/en\/wp-json\/wp\/v2\/media\/31474"}],"wp:attachment":[{"href":"https:\/\/floristeriasantibella.com\/en\/wp-json\/wp\/v2\/media?parent=31472"}],"wp:term":[{"taxonomy":"product_brand","embeddable":true,"href":"https:\/\/floristeriasantibella.com\/en\/wp-json\/wp\/v2\/product_brand?post=31472"},{"taxonomy":"product_cat","embeddable":true,"href":"https:\/\/floristeriasantibella.com\/en\/wp-json\/wp\/v2\/product_cat?post=31472"},{"taxonomy":"product_tag","embeddable":true,"href":"https:\/\/floristeriasantibella.com\/en\/wp-json\/wp\/v2\/product_tag?post=31472"}],"curies":[{"name":"wp","href":"https:\/\/api.w.org\/{rel}","templated":true}]}}