{"id":31536,"date":"2025-12-21T16:32:17","date_gmt":"2025-12-21T16:32:17","guid":{"rendered":"https:\/\/floristeriasantibella.com\/?post_type=product&#038;p=31536"},"modified":"2025-12-21T16:32:17","modified_gmt":"2025-12-21T16:32:17","slug":"ramo-navideno-merry-christmas","status":"publish","type":"product","link":"https:\/\/floristeriasantibella.com\/en\/product\/ramo-navideno-merry-christmas\/","title":{"rendered":"Ramo navide\u00f1o Merry Christmas"},"content":{"rendered":"<p>Celebra la temporada con un detalle inolvidable. Nuestro <strong data-start=\"541\" data-end=\"580\">Ramo Navide\u00f1o Santa Merry Christmas<\/strong> combina la elegancia de las 50 <strong data-start=\"609\" data-end=\"644\">rosas rojas y blancas naturales<\/strong> con un toque tierno y festivo: un <strong data-start=\"679\" data-end=\"699\">peluche de Santa<\/strong> y un letrero decorativo <strong data-start=\"724\" data-end=\"745\">\u201cMerry Christmas\u201d<\/strong>.<\/p>\n<h2 data-start=\"1225\" data-end=\"1242\">Nota de dise\u00f1o<\/h2>\n<p data-start=\"1243\" data-end=\"1411\">Arreglo elaborado artesanalmente. Puede presentar variaciones leves en el peluche o detalles decorativos seg\u00fan disponibilidad, manteniendo el estilo y valor del dise\u00f1o.<\/p>","protected":false},"excerpt":{"rendered":"<p>Celebra la temporada con un detalle inolvidable. Nuestro <strong data-start=\"541\" data-end=\"580\">Ramo Navide\u00f1o Santa Merry Christmas<\/strong> combina la elegancia de las 50 <strong data-start=\"609\" data-end=\"644\">rosas rojas y blancas naturales<\/strong> con un toque tierno y festivo: un <strong data-start=\"679\" data-end=\"699\">peluche de Santa<\/strong> y un letrero decorativo <strong data-start=\"724\" data-end=\"745\">\u201cMerry Christmas\u201d<\/strong>.<\/p>\n<h2 data-start=\"1225\" data-end=\"1242\">Nota de dise\u00f1o<\/h2>\n<p data-start=\"1243\" data-end=\"1411\">Arreglo elaborado artesanalmente. Puede presentar variaciones leves en el peluche o detalles decorativos seg\u00fan disponibilidad, manteniendo el estilo y valor del dise\u00f1o.<\/p>","protected":false},"featured_media":31535,"comment_status":"open","ping_status":"closed","template":"","meta":[],"product_brand":[],"product_cat":[125],"product_tag":[],"class_list":{"0":"post-31536","1":"product","2":"type-product","3":"status-publish","4":"has-post-thumbnail","6":"product_cat-arreglos-navidenos","8":"first","9":"instock","10":"shipping-taxable","11":"purchasable","12":"product-type-simple"},"yoast_head":"<!-- This site is optimized with the Yoast SEO plugin v25.3.1 - https:\/\/yoast.com\/wordpress\/plugins\/seo\/ -->\n<title>Ramo navide\u00f1o Merry Christmas - Floristeria Santibella<\/title>\n<meta name=\"description\" content=\"Celebra la temporada con un detalle inolvidable. Nuestro Ramo Navide\u00f1o Santa Merry Christmas combina la elegancia de las 50 rosas rojas y blancas naturales con un toque tierno y festivo: un peluche de Santa y un letrero decorativo \u201cMerry Christmas\u201d.Arreglo elaborado artesanalmente. Puede presentar variaciones leves en el peluche o detalles decorativos seg\u00fan disponibilidad, manteniendo el estilo y valor del dise\u00f1o.\" \/>\n<meta name=\"robots\" content=\"index, follow, max-snippet:-1, max-image-preview:large, max-video-preview:-1\" \/>\n<link rel=\"canonical\" href=\"https:\/\/floristeriasantibella.com\/en\/product\/ramo-navideno-merry-christmas\/\" \/>\n<meta property=\"og:locale\" content=\"en_US\" \/>\n<meta property=\"og:type\" content=\"article\" \/>\n<meta property=\"og:title\" content=\"Ramo navide\u00f1o Merry Christmas - Floristeria Santibella\" \/>\n<meta property=\"og:description\" content=\"Celebra la temporada con un detalle inolvidable. Nuestro Ramo Navide\u00f1o Santa Merry Christmas combina la elegancia de las 50 rosas rojas y blancas naturales con un toque tierno y festivo: un peluche de Santa y un letrero decorativo \u201cMerry Christmas\u201d.Arreglo elaborado artesanalmente. Puede presentar variaciones leves en el peluche o detalles decorativos seg\u00fan disponibilidad, manteniendo el estilo y valor del dise\u00f1o.\" \/>\n<meta property=\"og:url\" content=\"https:\/\/floristeriasantibella.com\/en\/product\/ramo-navideno-merry-christmas\/\" \/>\n<meta property=\"og:site_name\" content=\"Floristeria Santibella\" \/>\n<meta property=\"og:image\" content=\"https:\/\/floristeriasantibella.com\/wp-content\/uploads\/2025\/12\/1732461614158-removebg-preview-1.png\" \/>\n\t<meta property=\"og:image:width\" content=\"1200\" \/>\n\t<meta property=\"og:image:height\" content=\"1200\" \/>\n\t<meta property=\"og:image:type\" content=\"image\/png\" \/>\n<meta name=\"twitter:card\" content=\"summary_large_image\" \/>\n<meta name=\"twitter:label1\" content=\"Est. reading time\" \/>\n\t<meta name=\"twitter:data1\" content=\"1 minute\" \/>\n<script type=\"application\/ld+json\" class=\"yoast-schema-graph\">{\"@context\":\"https:\/\/schema.org\",\"@graph\":[{\"@type\":\"WebPage\",\"@id\":\"https:\/\/floristeriasantibella.com\/producto\/ramo-navideno-merry-christmas\/\",\"url\":\"https:\/\/floristeriasantibella.com\/producto\/ramo-navideno-merry-christmas\/\",\"name\":\"Ramo navide\u00f1o Merry Christmas - Floristeria Santibella\",\"isPartOf\":{\"@id\":\"https:\/\/floristeriasantibella.com\/#website\"},\"primaryImageOfPage\":{\"@id\":\"https:\/\/floristeriasantibella.com\/producto\/ramo-navideno-merry-christmas\/#primaryimage\"},\"image\":{\"@id\":\"https:\/\/floristeriasantibella.com\/producto\/ramo-navideno-merry-christmas\/#primaryimage\"},\"thumbnailUrl\":\"https:\/\/floristeriasantibella.com\/wp-content\/uploads\/2025\/12\/1732461614158-removebg-preview-1.png\",\"datePublished\":\"2025-12-21T16:32:17+00:00\",\"description\":\"Celebra la temporada con un detalle inolvidable. Nuestro Ramo Navide\u00f1o Santa Merry Christmas combina la elegancia de las 50 rosas rojas y blancas naturales con un toque tierno y festivo: un peluche de Santa y un letrero decorativo \u201cMerry Christmas\u201d.Arreglo elaborado artesanalmente. Puede presentar variaciones leves en el peluche o detalles decorativos seg\u00fan disponibilidad, manteniendo el estilo y valor del dise\u00f1o.\",\"breadcrumb\":{\"@id\":\"https:\/\/floristeriasantibella.com\/producto\/ramo-navideno-merry-christmas\/#breadcrumb\"},\"inLanguage\":\"en-US\",\"potentialAction\":[{\"@type\":\"ReadAction\",\"target\":[\"https:\/\/floristeriasantibella.com\/producto\/ramo-navideno-merry-christmas\/\"]}]},{\"@type\":\"ImageObject\",\"inLanguage\":\"en-US\",\"@id\":\"https:\/\/floristeriasantibella.com\/producto\/ramo-navideno-merry-christmas\/#primaryimage\",\"url\":\"https:\/\/floristeriasantibella.com\/wp-content\/uploads\/2025\/12\/1732461614158-removebg-preview-1.png\",\"contentUrl\":\"https:\/\/floristeriasantibella.com\/wp-content\/uploads\/2025\/12\/1732461614158-removebg-preview-1.png\",\"width\":1200,\"height\":1200},{\"@type\":\"BreadcrumbList\",\"@id\":\"https:\/\/floristeriasantibella.com\/producto\/ramo-navideno-merry-christmas\/#breadcrumb\",\"itemListElement\":[{\"@type\":\"ListItem\",\"position\":1,\"name\":\"Home\",\"item\":\"https:\/\/floristeriasantibella.com\/\"},{\"@type\":\"ListItem\",\"position\":2,\"name\":\"Tienda\",\"item\":\"https:\/\/floristeriasantibella.com\/tienda\/\"},{\"@type\":\"ListItem\",\"position\":3,\"name\":\"Ramo navide\u00f1o Merry Christmas\"}]},{\"@type\":\"WebSite\",\"@id\":\"https:\/\/floristeriasantibella.com\/#website\",\"url\":\"https:\/\/floristeriasantibella.com\/\",\"name\":\"Floristeria Santibella\",\"description\":\"Env\u00eda flores a Medell\u00edn desde cualquier parte del mundo. Entregas r\u00e1pidas, dise\u00f1os personalizados y atenci\u00f3n de calidad. \u00a1Compra ahora online!\",\"publisher\":{\"@id\":\"https:\/\/floristeriasantibella.com\/#organization\"},\"potentialAction\":[{\"@type\":\"SearchAction\",\"target\":{\"@type\":\"EntryPoint\",\"urlTemplate\":\"https:\/\/floristeriasantibella.com\/?s={search_term_string}\"},\"query-input\":{\"@type\":\"PropertyValueSpecification\",\"valueRequired\":true,\"valueName\":\"search_term_string\"}}],\"inLanguage\":\"en-US\"},{\"@type\":\"Organization\",\"@id\":\"https:\/\/floristeriasantibella.com\/#organization\",\"name\":\"Floristeria Santibella\",\"url\":\"https:\/\/floristeriasantibella.com\/\",\"logo\":{\"@type\":\"ImageObject\",\"inLanguage\":\"en-US\",\"@id\":\"https:\/\/floristeriasantibella.com\/#\/schema\/logo\/image\/\",\"url\":\"http:\/\/floristeriasantibella.com\/wp-content\/uploads\/2025\/07\/LOGO-SANTIBELLA-03.png\",\"contentUrl\":\"http:\/\/floristeriasantibella.com\/wp-content\/uploads\/2025\/07\/LOGO-SANTIBELLA-03.png\",\"width\":1080,\"height\":1080,\"caption\":\"Floristeria Santibella\"},\"image\":{\"@id\":\"https:\/\/floristeriasantibella.com\/#\/schema\/logo\/image\/\"}}]}<\/script>\n<!-- \/ Yoast SEO plugin. -->","yoast_head_json":{"title":"Ramo navide\u00f1o Merry Christmas - Floristeria Santibella","description":"Celebra la temporada con un detalle inolvidable. Nuestro Ramo Navide\u00f1o Santa Merry Christmas combina la elegancia de las 50 rosas rojas y blancas naturales con un toque tierno y festivo: un peluche de Santa y un letrero decorativo \u201cMerry Christmas\u201d.Arreglo elaborado artesanalmente. Puede presentar variaciones leves en el peluche o detalles decorativos seg\u00fan disponibilidad, manteniendo el estilo y valor del dise\u00f1o.","robots":{"index":"index","follow":"follow","max-snippet":"max-snippet:-1","max-image-preview":"max-image-preview:large","max-video-preview":"max-video-preview:-1"},"canonical":"https:\/\/floristeriasantibella.com\/en\/product\/ramo-navideno-merry-christmas\/","og_locale":"en_US","og_type":"article","og_title":"Ramo navide\u00f1o Merry Christmas - Floristeria Santibella","og_description":"Celebra la temporada con un detalle inolvidable. Nuestro Ramo Navide\u00f1o Santa Merry Christmas combina la elegancia de las 50 rosas rojas y blancas naturales con un toque tierno y festivo: un peluche de Santa y un letrero decorativo \u201cMerry Christmas\u201d.Arreglo elaborado artesanalmente. Puede presentar variaciones leves en el peluche o detalles decorativos seg\u00fan disponibilidad, manteniendo el estilo y valor del dise\u00f1o.","og_url":"https:\/\/floristeriasantibella.com\/en\/product\/ramo-navideno-merry-christmas\/","og_site_name":"Floristeria Santibella","og_image":[{"width":1200,"height":1200,"url":"https:\/\/floristeriasantibella.com\/wp-content\/uploads\/2025\/12\/1732461614158-removebg-preview-1.png","type":"image\/png"}],"twitter_card":"summary_large_image","twitter_misc":{"Est. reading time":"1 minute"},"schema":{"@context":"https:\/\/schema.org","@graph":[{"@type":"WebPage","@id":"https:\/\/floristeriasantibella.com\/producto\/ramo-navideno-merry-christmas\/","url":"https:\/\/floristeriasantibella.com\/producto\/ramo-navideno-merry-christmas\/","name":"Ramo navide\u00f1o Merry Christmas - Floristeria Santibella","isPartOf":{"@id":"https:\/\/floristeriasantibella.com\/#website"},"primaryImageOfPage":{"@id":"https:\/\/floristeriasantibella.com\/producto\/ramo-navideno-merry-christmas\/#primaryimage"},"image":{"@id":"https:\/\/floristeriasantibella.com\/producto\/ramo-navideno-merry-christmas\/#primaryimage"},"thumbnailUrl":"https:\/\/floristeriasantibella.com\/wp-content\/uploads\/2025\/12\/1732461614158-removebg-preview-1.png","datePublished":"2025-12-21T16:32:17+00:00","description":"Celebra la temporada con un detalle inolvidable. Nuestro Ramo Navide\u00f1o Santa Merry Christmas combina la elegancia de las 50 rosas rojas y blancas naturales con un toque tierno y festivo: un peluche de Santa y un letrero decorativo \u201cMerry Christmas\u201d.Arreglo elaborado artesanalmente. Puede presentar variaciones leves en el peluche o detalles decorativos seg\u00fan disponibilidad, manteniendo el estilo y valor del dise\u00f1o.","breadcrumb":{"@id":"https:\/\/floristeriasantibella.com\/producto\/ramo-navideno-merry-christmas\/#breadcrumb"},"inLanguage":"en-US","potentialAction":[{"@type":"ReadAction","target":["https:\/\/floristeriasantibella.com\/producto\/ramo-navideno-merry-christmas\/"]}]},{"@type":"ImageObject","inLanguage":"en-US","@id":"https:\/\/floristeriasantibella.com\/producto\/ramo-navideno-merry-christmas\/#primaryimage","url":"https:\/\/floristeriasantibella.com\/wp-content\/uploads\/2025\/12\/1732461614158-removebg-preview-1.png","contentUrl":"https:\/\/floristeriasantibella.com\/wp-content\/uploads\/2025\/12\/1732461614158-removebg-preview-1.png","width":1200,"height":1200},{"@type":"BreadcrumbList","@id":"https:\/\/floristeriasantibella.com\/producto\/ramo-navideno-merry-christmas\/#breadcrumb","itemListElement":[{"@type":"ListItem","position":1,"name":"Home","item":"https:\/\/floristeriasantibella.com\/"},{"@type":"ListItem","position":2,"name":"Tienda","item":"https:\/\/floristeriasantibella.com\/tienda\/"},{"@type":"ListItem","position":3,"name":"Ramo navide\u00f1o Merry Christmas"}]},{"@type":"WebSite","@id":"https:\/\/floristeriasantibella.com\/#website","url":"https:\/\/floristeriasantibella.com\/","name":"Floristeria Santibella","description":"Env\u00eda flores a Medell\u00edn desde cualquier parte del mundo. Entregas r\u00e1pidas, dise\u00f1os personalizados y atenci\u00f3n de calidad. \u00a1Compra ahora online!","publisher":{"@id":"https:\/\/floristeriasantibella.com\/#organization"},"potentialAction":[{"@type":"SearchAction","target":{"@type":"EntryPoint","urlTemplate":"https:\/\/floristeriasantibella.com\/?s={search_term_string}"},"query-input":{"@type":"PropertyValueSpecification","valueRequired":true,"valueName":"search_term_string"}}],"inLanguage":"en-US"},{"@type":"Organization","@id":"https:\/\/floristeriasantibella.com\/#organization","name":"Floristeria Santibella","url":"https:\/\/floristeriasantibella.com\/","logo":{"@type":"ImageObject","inLanguage":"en-US","@id":"https:\/\/floristeriasantibella.com\/#\/schema\/logo\/image\/","url":"http:\/\/floristeriasantibella.com\/wp-content\/uploads\/2025\/07\/LOGO-SANTIBELLA-03.png","contentUrl":"http:\/\/floristeriasantibella.com\/wp-content\/uploads\/2025\/07\/LOGO-SANTIBELLA-03.png","width":1080,"height":1080,"caption":"Floristeria Santibella"},"image":{"@id":"https:\/\/floristeriasantibella.com\/#\/schema\/logo\/image\/"}}]}},"jetpack_sharing_enabled":true,"_links":{"self":[{"href":"https:\/\/floristeriasantibella.com\/en\/wp-json\/wp\/v2\/product\/31536","targetHints":{"allow":["GET"]}}],"collection":[{"href":"https:\/\/floristeriasantibella.com\/en\/wp-json\/wp\/v2\/product"}],"about":[{"href":"https:\/\/floristeriasantibella.com\/en\/wp-json\/wp\/v2\/types\/product"}],"replies":[{"embeddable":true,"href":"https:\/\/floristeriasantibella.com\/en\/wp-json\/wp\/v2\/comments?post=31536"}],"version-history":[{"count":1,"href":"https:\/\/floristeriasantibella.com\/en\/wp-json\/wp\/v2\/product\/31536\/revisions"}],"predecessor-version":[{"id":31537,"href":"https:\/\/floristeriasantibella.com\/en\/wp-json\/wp\/v2\/product\/31536\/revisions\/31537"}],"wp:featuredmedia":[{"embeddable":true,"href":"https:\/\/floristeriasantibella.com\/en\/wp-json\/wp\/v2\/media\/31535"}],"wp:attachment":[{"href":"https:\/\/floristeriasantibella.com\/en\/wp-json\/wp\/v2\/media?parent=31536"}],"wp:term":[{"taxonomy":"product_brand","embeddable":true,"href":"https:\/\/floristeriasantibella.com\/en\/wp-json\/wp\/v2\/product_brand?post=31536"},{"taxonomy":"product_cat","embeddable":true,"href":"https:\/\/floristeriasantibella.com\/en\/wp-json\/wp\/v2\/product_cat?post=31536"},{"taxonomy":"product_tag","embeddable":true,"href":"https:\/\/floristeriasantibella.com\/en\/wp-json\/wp\/v2\/product_tag?post=31536"}],"curies":[{"name":"wp","href":"https:\/\/api.w.org\/{rel}","templated":true}]}}