{"id":31596,"date":"2026-01-24T16:25:50","date_gmt":"2026-01-24T16:25:50","guid":{"rendered":"https:\/\/floristeriasantibella.com\/?post_type=product&#038;p=31596"},"modified":"2026-01-24T16:46:13","modified_gmt":"2026-01-24T16:46:13","slug":"arreglo-floral-corazon-rojo-blanco-edicion-san-valentin","status":"publish","type":"product","link":"https:\/\/floristeriasantibella.com\/en\/product\/arreglo-floral-corazon-rojo-blanco-edicion-san-valentin\/","title":{"rendered":"Arreglo Floral Coraz\u00f3n Rojo &#038; Blanco (Edici\u00f3n San Valent\u00edn)"},"content":{"rendered":"<p><strong data-start=\"141\" data-end=\"182\">Coraz\u00f3n floral de\u00a0 150 rosas en tonos rojo y blanco<\/strong>, enmarcado con envoltura negra premium y mo\u00f1o decorativo. Ideal para decir <em data-start=\"258\" data-end=\"268\">\u201cte amo\u201d<\/em> sin palabras. Domicilio en <strong data-start=\"728\" data-end=\"758\">Medell\u00edn y Valle de Aburr\u00e1<\/strong>. Puedes pedirlo desde el exterior y, si lo deseas, enviamos <strong data-start=\"819\" data-end=\"864\">confirmaci\u00f3n con foto\/video de la entrega<\/strong>.<\/p>","protected":false},"excerpt":{"rendered":"<p>Arreglo floral de 150 rosas en forma de coraz\u00f3n rojo y blanco con envoltura negra premium. Un regalo rom\u00e1ntico y elegante para San Valent\u00edn y aniversarios. Domicilios en Medellin y Valle de Aburra.<\/p>","protected":false},"featured_media":31602,"comment_status":"open","ping_status":"closed","template":"","meta":[],"product_brand":[],"product_cat":[75,78],"product_tag":[],"class_list":{"0":"post-31596","1":"product","2":"type-product","3":"status-publish","4":"has-post-thumbnail","6":"product_cat-fechas-especiales","7":"product_cat-san-valentin","9":"first","10":"instock","11":"shipping-taxable","12":"purchasable","13":"product-type-simple"},"yoast_head":"<!-- This site is optimized with the Yoast SEO plugin v25.3.1 - https:\/\/yoast.com\/wordpress\/plugins\/seo\/ -->\n<title>Arreglo Floral Coraz\u00f3n Rojo &amp; Blanco (Edici\u00f3n San Valent\u00edn) - Floristeria Santibella<\/title>\n<meta name=\"description\" content=\"Arreglo floral de 150 rosas, coraz\u00f3n rojo y blanco con envoltura premium. Entregas en Medell\u00edn y Valle de Aburr\u00e1. Ideal para San Valent\u00edn y aniversarios.\" \/>\n<meta name=\"robots\" content=\"index, follow, max-snippet:-1, max-image-preview:large, max-video-preview:-1\" \/>\n<link rel=\"canonical\" href=\"https:\/\/floristeriasantibella.com\/en\/product\/arreglo-floral-corazon-rojo-blanco-edicion-san-valentin\/\" \/>\n<meta property=\"og:locale\" content=\"en_US\" \/>\n<meta property=\"og:type\" content=\"article\" \/>\n<meta property=\"og:title\" content=\"Arreglo Floral Coraz\u00f3n Rojo &amp; Blanco (Edici\u00f3n San Valent\u00edn) - Floristeria Santibella\" \/>\n<meta property=\"og:description\" content=\"Arreglo floral de 150 rosas, coraz\u00f3n rojo y blanco con envoltura premium. Entregas en Medell\u00edn y Valle de Aburr\u00e1. Ideal para San Valent\u00edn y aniversarios.\" \/>\n<meta property=\"og:url\" content=\"https:\/\/floristeriasantibella.com\/en\/product\/arreglo-floral-corazon-rojo-blanco-edicion-san-valentin\/\" \/>\n<meta property=\"og:site_name\" content=\"Floristeria Santibella\" \/>\n<meta property=\"article:modified_time\" content=\"2026-01-24T16:46:13+00:00\" \/>\n<meta property=\"og:image\" content=\"https:\/\/floristeriasantibella.com\/wp-content\/uploads\/2026\/01\/Floristeria-2-1.jpg\" \/>\n\t<meta property=\"og:image:width\" content=\"1200\" \/>\n\t<meta property=\"og:image:height\" content=\"1200\" \/>\n\t<meta property=\"og:image:type\" content=\"image\/jpeg\" \/>\n<meta name=\"twitter:card\" content=\"summary_large_image\" \/>\n<meta name=\"twitter:label1\" content=\"Est. reading time\" \/>\n\t<meta name=\"twitter:data1\" content=\"1 minute\" \/>\n<script type=\"application\/ld+json\" class=\"yoast-schema-graph\">{\"@context\":\"https:\/\/schema.org\",\"@graph\":[{\"@type\":\"WebPage\",\"@id\":\"https:\/\/floristeriasantibella.com\/producto\/arreglo-floral-corazon-rojo-blanco-edicion-san-valentin\/\",\"url\":\"https:\/\/floristeriasantibella.com\/producto\/arreglo-floral-corazon-rojo-blanco-edicion-san-valentin\/\",\"name\":\"Arreglo Floral Coraz\u00f3n Rojo & Blanco (Edici\u00f3n San Valent\u00edn) - Floristeria Santibella\",\"isPartOf\":{\"@id\":\"https:\/\/floristeriasantibella.com\/#website\"},\"primaryImageOfPage\":{\"@id\":\"https:\/\/floristeriasantibella.com\/producto\/arreglo-floral-corazon-rojo-blanco-edicion-san-valentin\/#primaryimage\"},\"image\":{\"@id\":\"https:\/\/floristeriasantibella.com\/producto\/arreglo-floral-corazon-rojo-blanco-edicion-san-valentin\/#primaryimage\"},\"thumbnailUrl\":\"https:\/\/floristeriasantibella.com\/wp-content\/uploads\/2026\/01\/Floristeria-2-1.jpg\",\"datePublished\":\"2026-01-24T16:25:50+00:00\",\"dateModified\":\"2026-01-24T16:46:13+00:00\",\"description\":\"Arreglo floral de 150 rosas, coraz\u00f3n rojo y blanco con envoltura premium. Entregas en Medell\u00edn y Valle de Aburr\u00e1. Ideal para San Valent\u00edn y aniversarios.\",\"breadcrumb\":{\"@id\":\"https:\/\/floristeriasantibella.com\/producto\/arreglo-floral-corazon-rojo-blanco-edicion-san-valentin\/#breadcrumb\"},\"inLanguage\":\"en-US\",\"potentialAction\":[{\"@type\":\"ReadAction\",\"target\":[\"https:\/\/floristeriasantibella.com\/producto\/arreglo-floral-corazon-rojo-blanco-edicion-san-valentin\/\"]}]},{\"@type\":\"ImageObject\",\"inLanguage\":\"en-US\",\"@id\":\"https:\/\/floristeriasantibella.com\/producto\/arreglo-floral-corazon-rojo-blanco-edicion-san-valentin\/#primaryimage\",\"url\":\"https:\/\/floristeriasantibella.com\/wp-content\/uploads\/2026\/01\/Floristeria-2-1.jpg\",\"contentUrl\":\"https:\/\/floristeriasantibella.com\/wp-content\/uploads\/2026\/01\/Floristeria-2-1.jpg\",\"width\":1200,\"height\":1200},{\"@type\":\"BreadcrumbList\",\"@id\":\"https:\/\/floristeriasantibella.com\/producto\/arreglo-floral-corazon-rojo-blanco-edicion-san-valentin\/#breadcrumb\",\"itemListElement\":[{\"@type\":\"ListItem\",\"position\":1,\"name\":\"Home\",\"item\":\"https:\/\/floristeriasantibella.com\/\"},{\"@type\":\"ListItem\",\"position\":2,\"name\":\"Tienda\",\"item\":\"https:\/\/floristeriasantibella.com\/tienda\/\"},{\"@type\":\"ListItem\",\"position\":3,\"name\":\"Arreglo Floral Coraz\u00f3n Rojo &#038; Blanco (Edici\u00f3n San Valent\u00edn)\"}]},{\"@type\":\"WebSite\",\"@id\":\"https:\/\/floristeriasantibella.com\/#website\",\"url\":\"https:\/\/floristeriasantibella.com\/\",\"name\":\"Floristeria Santibella\",\"description\":\"Env\u00eda flores a Medell\u00edn desde cualquier parte del mundo. Entregas r\u00e1pidas, dise\u00f1os personalizados y atenci\u00f3n de calidad. \u00a1Compra ahora online!\",\"publisher\":{\"@id\":\"https:\/\/floristeriasantibella.com\/#organization\"},\"potentialAction\":[{\"@type\":\"SearchAction\",\"target\":{\"@type\":\"EntryPoint\",\"urlTemplate\":\"https:\/\/floristeriasantibella.com\/?s={search_term_string}\"},\"query-input\":{\"@type\":\"PropertyValueSpecification\",\"valueRequired\":true,\"valueName\":\"search_term_string\"}}],\"inLanguage\":\"en-US\"},{\"@type\":\"Organization\",\"@id\":\"https:\/\/floristeriasantibella.com\/#organization\",\"name\":\"Floristeria Santibella\",\"url\":\"https:\/\/floristeriasantibella.com\/\",\"logo\":{\"@type\":\"ImageObject\",\"inLanguage\":\"en-US\",\"@id\":\"https:\/\/floristeriasantibella.com\/#\/schema\/logo\/image\/\",\"url\":\"http:\/\/floristeriasantibella.com\/wp-content\/uploads\/2025\/07\/LOGO-SANTIBELLA-03.png\",\"contentUrl\":\"http:\/\/floristeriasantibella.com\/wp-content\/uploads\/2025\/07\/LOGO-SANTIBELLA-03.png\",\"width\":1080,\"height\":1080,\"caption\":\"Floristeria Santibella\"},\"image\":{\"@id\":\"https:\/\/floristeriasantibella.com\/#\/schema\/logo\/image\/\"}}]}<\/script>\n<!-- \/ Yoast SEO plugin. -->","yoast_head_json":{"title":"Arreglo Floral Coraz\u00f3n Rojo & Blanco (Edici\u00f3n San Valent\u00edn) - Floristeria Santibella","description":"Arreglo floral de 150 rosas, coraz\u00f3n rojo y blanco con envoltura premium. Entregas en Medell\u00edn y Valle de Aburr\u00e1. Ideal para San Valent\u00edn y aniversarios.","robots":{"index":"index","follow":"follow","max-snippet":"max-snippet:-1","max-image-preview":"max-image-preview:large","max-video-preview":"max-video-preview:-1"},"canonical":"https:\/\/floristeriasantibella.com\/en\/product\/arreglo-floral-corazon-rojo-blanco-edicion-san-valentin\/","og_locale":"en_US","og_type":"article","og_title":"Arreglo Floral Coraz\u00f3n Rojo & Blanco (Edici\u00f3n San Valent\u00edn) - Floristeria Santibella","og_description":"Arreglo floral de 150 rosas, coraz\u00f3n rojo y blanco con envoltura premium. Entregas en Medell\u00edn y Valle de Aburr\u00e1. Ideal para San Valent\u00edn y aniversarios.","og_url":"https:\/\/floristeriasantibella.com\/en\/product\/arreglo-floral-corazon-rojo-blanco-edicion-san-valentin\/","og_site_name":"Floristeria Santibella","article_modified_time":"2026-01-24T16:46:13+00:00","og_image":[{"width":1200,"height":1200,"url":"https:\/\/floristeriasantibella.com\/wp-content\/uploads\/2026\/01\/Floristeria-2-1.jpg","type":"image\/jpeg"}],"twitter_card":"summary_large_image","twitter_misc":{"Est. reading time":"1 minute"},"schema":{"@context":"https:\/\/schema.org","@graph":[{"@type":"WebPage","@id":"https:\/\/floristeriasantibella.com\/producto\/arreglo-floral-corazon-rojo-blanco-edicion-san-valentin\/","url":"https:\/\/floristeriasantibella.com\/producto\/arreglo-floral-corazon-rojo-blanco-edicion-san-valentin\/","name":"Arreglo Floral Coraz\u00f3n Rojo & Blanco (Edici\u00f3n San Valent\u00edn) - Floristeria Santibella","isPartOf":{"@id":"https:\/\/floristeriasantibella.com\/#website"},"primaryImageOfPage":{"@id":"https:\/\/floristeriasantibella.com\/producto\/arreglo-floral-corazon-rojo-blanco-edicion-san-valentin\/#primaryimage"},"image":{"@id":"https:\/\/floristeriasantibella.com\/producto\/arreglo-floral-corazon-rojo-blanco-edicion-san-valentin\/#primaryimage"},"thumbnailUrl":"https:\/\/floristeriasantibella.com\/wp-content\/uploads\/2026\/01\/Floristeria-2-1.jpg","datePublished":"2026-01-24T16:25:50+00:00","dateModified":"2026-01-24T16:46:13+00:00","description":"Arreglo floral de 150 rosas, coraz\u00f3n rojo y blanco con envoltura premium. Entregas en Medell\u00edn y Valle de Aburr\u00e1. Ideal para San Valent\u00edn y aniversarios.","breadcrumb":{"@id":"https:\/\/floristeriasantibella.com\/producto\/arreglo-floral-corazon-rojo-blanco-edicion-san-valentin\/#breadcrumb"},"inLanguage":"en-US","potentialAction":[{"@type":"ReadAction","target":["https:\/\/floristeriasantibella.com\/producto\/arreglo-floral-corazon-rojo-blanco-edicion-san-valentin\/"]}]},{"@type":"ImageObject","inLanguage":"en-US","@id":"https:\/\/floristeriasantibella.com\/producto\/arreglo-floral-corazon-rojo-blanco-edicion-san-valentin\/#primaryimage","url":"https:\/\/floristeriasantibella.com\/wp-content\/uploads\/2026\/01\/Floristeria-2-1.jpg","contentUrl":"https:\/\/floristeriasantibella.com\/wp-content\/uploads\/2026\/01\/Floristeria-2-1.jpg","width":1200,"height":1200},{"@type":"BreadcrumbList","@id":"https:\/\/floristeriasantibella.com\/producto\/arreglo-floral-corazon-rojo-blanco-edicion-san-valentin\/#breadcrumb","itemListElement":[{"@type":"ListItem","position":1,"name":"Home","item":"https:\/\/floristeriasantibella.com\/"},{"@type":"ListItem","position":2,"name":"Tienda","item":"https:\/\/floristeriasantibella.com\/tienda\/"},{"@type":"ListItem","position":3,"name":"Arreglo Floral Coraz\u00f3n Rojo &#038; Blanco (Edici\u00f3n San Valent\u00edn)"}]},{"@type":"WebSite","@id":"https:\/\/floristeriasantibella.com\/#website","url":"https:\/\/floristeriasantibella.com\/","name":"Floristeria Santibella","description":"Env\u00eda flores a Medell\u00edn desde cualquier parte del mundo. Entregas r\u00e1pidas, dise\u00f1os personalizados y atenci\u00f3n de calidad. \u00a1Compra ahora online!","publisher":{"@id":"https:\/\/floristeriasantibella.com\/#organization"},"potentialAction":[{"@type":"SearchAction","target":{"@type":"EntryPoint","urlTemplate":"https:\/\/floristeriasantibella.com\/?s={search_term_string}"},"query-input":{"@type":"PropertyValueSpecification","valueRequired":true,"valueName":"search_term_string"}}],"inLanguage":"en-US"},{"@type":"Organization","@id":"https:\/\/floristeriasantibella.com\/#organization","name":"Floristeria Santibella","url":"https:\/\/floristeriasantibella.com\/","logo":{"@type":"ImageObject","inLanguage":"en-US","@id":"https:\/\/floristeriasantibella.com\/#\/schema\/logo\/image\/","url":"http:\/\/floristeriasantibella.com\/wp-content\/uploads\/2025\/07\/LOGO-SANTIBELLA-03.png","contentUrl":"http:\/\/floristeriasantibella.com\/wp-content\/uploads\/2025\/07\/LOGO-SANTIBELLA-03.png","width":1080,"height":1080,"caption":"Floristeria Santibella"},"image":{"@id":"https:\/\/floristeriasantibella.com\/#\/schema\/logo\/image\/"}}]}},"jetpack_sharing_enabled":true,"_links":{"self":[{"href":"https:\/\/floristeriasantibella.com\/en\/wp-json\/wp\/v2\/product\/31596","targetHints":{"allow":["GET"]}}],"collection":[{"href":"https:\/\/floristeriasantibella.com\/en\/wp-json\/wp\/v2\/product"}],"about":[{"href":"https:\/\/floristeriasantibella.com\/en\/wp-json\/wp\/v2\/types\/product"}],"replies":[{"embeddable":true,"href":"https:\/\/floristeriasantibella.com\/en\/wp-json\/wp\/v2\/comments?post=31596"}],"version-history":[{"count":1,"href":"https:\/\/floristeriasantibella.com\/en\/wp-json\/wp\/v2\/product\/31596\/revisions"}],"predecessor-version":[{"id":31598,"href":"https:\/\/floristeriasantibella.com\/en\/wp-json\/wp\/v2\/product\/31596\/revisions\/31598"}],"wp:featuredmedia":[{"embeddable":true,"href":"https:\/\/floristeriasantibella.com\/en\/wp-json\/wp\/v2\/media\/31602"}],"wp:attachment":[{"href":"https:\/\/floristeriasantibella.com\/en\/wp-json\/wp\/v2\/media?parent=31596"}],"wp:term":[{"taxonomy":"product_brand","embeddable":true,"href":"https:\/\/floristeriasantibella.com\/en\/wp-json\/wp\/v2\/product_brand?post=31596"},{"taxonomy":"product_cat","embeddable":true,"href":"https:\/\/floristeriasantibella.com\/en\/wp-json\/wp\/v2\/product_cat?post=31596"},{"taxonomy":"product_tag","embeddable":true,"href":"https:\/\/floristeriasantibella.com\/en\/wp-json\/wp\/v2\/product_tag?post=31596"}],"curies":[{"name":"wp","href":"https:\/\/api.w.org\/{rel}","templated":true}]}}