{"id":31612,"date":"2026-01-24T18:03:12","date_gmt":"2026-01-24T18:03:12","guid":{"rendered":"https:\/\/floristeriasantibella.com\/?post_type=product&#038;p=31612"},"modified":"2026-01-30T22:02:36","modified_gmt":"2026-01-30T22:02:36","slug":"corazon-de-250-rosas-rojas-globo-bouquet-oso-edicion-romantica","status":"publish","type":"product","link":"https:\/\/floristeriasantibella.com\/en\/product\/corazon-de-250-rosas-rojas-globo-bouquet-oso-edicion-romantica\/","title":{"rendered":"Coraz\u00f3n de 250 Rosas Rojas + Globo Bouquet + Oso"},"content":{"rendered":"<p>Un detalle completo y s\u00faper impactante para sorprender en San Valent\u00edn o en cualquier ocasi\u00f3n especial. Este dise\u00f1o incluye un <strong data-start=\"209\" data-end=\"247\">arreglo floral en forma de coraz\u00f3n<\/strong> con <strong data-start=\"252\" data-end=\"277\">rosas rojas naturales<\/strong>, acompa\u00f1ado de un <strong data-start=\"296\" data-end=\"347\">bouquet de globos\u00a0 en forma de coraz\u00f3n<\/strong> y un <strong data-start=\"353\" data-end=\"378\">tierno oso de peluche<\/strong> . Domicilio en <strong data-start=\"839\" data-end=\"869\">Medell\u00edn y Valle de Aburr\u00e1<\/strong>. Puedes comprar desde el exterior y solicitar <strong data-start=\"916\" data-end=\"947\">confirmaci\u00f3n con foto\/video<\/strong> de la entrega.<\/p>","protected":false},"excerpt":{"rendered":"<p>Arreglo de rosas rojas en forma de coraz\u00f3n con globos y oso de peluche. Entrega a domicilio en Medell\u00edn y Valle de Aburr\u00e1. Ideal para San Valent\u00edn.<\/p>","protected":false},"featured_media":31668,"comment_status":"open","ping_status":"closed","template":"","meta":[],"product_brand":[],"product_cat":[122,73,74,75,78],"product_tag":[],"class_list":{"0":"post-31612","1":"product","2":"type-product","3":"status-publish","4":"has-post-thumbnail","6":"product_cat-amor-y-amistad","7":"product_cat-amor-y-aniversario","8":"product_cat-cumpleanos","9":"product_cat-fechas-especiales","10":"product_cat-san-valentin","12":"first","13":"instock","14":"shipping-taxable","15":"purchasable","16":"product-type-simple"},"yoast_head":"<!-- This site is optimized with the Yoast SEO plugin v25.3.1 - https:\/\/yoast.com\/wordpress\/plugins\/seo\/ -->\n<title>Coraz\u00f3n de 250 Rosas Rojas + Globo Bouquet + Oso - Floristeria Santibella<\/title>\n<meta name=\"description\" content=\"Corazon de rosas rojas en forma de coraz\u00f3n con globos y oso de peluche. Entrega a domicilio en Medell\u00edn y Valle de Aburr\u00e1. Ideal para San Valent\u00edn.\" \/>\n<meta name=\"robots\" content=\"index, follow, max-snippet:-1, max-image-preview:large, max-video-preview:-1\" \/>\n<link rel=\"canonical\" href=\"https:\/\/floristeriasantibella.com\/en\/product\/corazon-de-250-rosas-rojas-globo-bouquet-oso-edicion-romantica\/\" \/>\n<meta property=\"og:locale\" content=\"en_US\" \/>\n<meta property=\"og:type\" content=\"article\" \/>\n<meta property=\"og:title\" content=\"Coraz\u00f3n de 250 Rosas Rojas + Globo Bouquet + Oso - Floristeria Santibella\" \/>\n<meta property=\"og:description\" content=\"Corazon de rosas rojas en forma de coraz\u00f3n con globos y oso de peluche. Entrega a domicilio en Medell\u00edn y Valle de Aburr\u00e1. Ideal para San Valent\u00edn.\" \/>\n<meta property=\"og:url\" content=\"https:\/\/floristeriasantibella.com\/en\/product\/corazon-de-250-rosas-rojas-globo-bouquet-oso-edicion-romantica\/\" \/>\n<meta property=\"og:site_name\" content=\"Floristeria Santibella\" \/>\n<meta property=\"article:modified_time\" content=\"2026-01-30T22:02:36+00:00\" \/>\n<meta property=\"og:image\" content=\"https:\/\/floristeriasantibella.com\/wp-content\/uploads\/2026\/01\/Floristeria-26.jpg\" \/>\n\t<meta property=\"og:image:width\" content=\"500\" \/>\n\t<meta property=\"og:image:height\" content=\"500\" \/>\n\t<meta property=\"og:image:type\" content=\"image\/jpeg\" \/>\n<meta name=\"twitter:card\" content=\"summary_large_image\" \/>\n<meta name=\"twitter:label1\" content=\"Est. reading time\" \/>\n\t<meta name=\"twitter:data1\" content=\"1 minute\" \/>\n<script type=\"application\/ld+json\" class=\"yoast-schema-graph\">{\"@context\":\"https:\/\/schema.org\",\"@graph\":[{\"@type\":\"WebPage\",\"@id\":\"https:\/\/floristeriasantibella.com\/producto\/corazon-de-250-rosas-rojas-globo-bouquet-oso-edicion-romantica\/\",\"url\":\"https:\/\/floristeriasantibella.com\/producto\/corazon-de-250-rosas-rojas-globo-bouquet-oso-edicion-romantica\/\",\"name\":\"Coraz\u00f3n de 250 Rosas Rojas + Globo Bouquet + Oso - Floristeria Santibella\",\"isPartOf\":{\"@id\":\"https:\/\/floristeriasantibella.com\/#website\"},\"primaryImageOfPage\":{\"@id\":\"https:\/\/floristeriasantibella.com\/producto\/corazon-de-250-rosas-rojas-globo-bouquet-oso-edicion-romantica\/#primaryimage\"},\"image\":{\"@id\":\"https:\/\/floristeriasantibella.com\/producto\/corazon-de-250-rosas-rojas-globo-bouquet-oso-edicion-romantica\/#primaryimage\"},\"thumbnailUrl\":\"https:\/\/floristeriasantibella.com\/wp-content\/uploads\/2026\/01\/Floristeria-26.jpg\",\"datePublished\":\"2026-01-24T18:03:12+00:00\",\"dateModified\":\"2026-01-30T22:02:36+00:00\",\"description\":\"Corazon de rosas rojas en forma de coraz\u00f3n con globos y oso de peluche. Entrega a domicilio en Medell\u00edn y Valle de Aburr\u00e1. Ideal para San Valent\u00edn.\",\"breadcrumb\":{\"@id\":\"https:\/\/floristeriasantibella.com\/producto\/corazon-de-250-rosas-rojas-globo-bouquet-oso-edicion-romantica\/#breadcrumb\"},\"inLanguage\":\"en-US\",\"potentialAction\":[{\"@type\":\"ReadAction\",\"target\":[\"https:\/\/floristeriasantibella.com\/producto\/corazon-de-250-rosas-rojas-globo-bouquet-oso-edicion-romantica\/\"]}]},{\"@type\":\"ImageObject\",\"inLanguage\":\"en-US\",\"@id\":\"https:\/\/floristeriasantibella.com\/producto\/corazon-de-250-rosas-rojas-globo-bouquet-oso-edicion-romantica\/#primaryimage\",\"url\":\"https:\/\/floristeriasantibella.com\/wp-content\/uploads\/2026\/01\/Floristeria-26.jpg\",\"contentUrl\":\"https:\/\/floristeriasantibella.com\/wp-content\/uploads\/2026\/01\/Floristeria-26.jpg\",\"width\":500,\"height\":500},{\"@type\":\"BreadcrumbList\",\"@id\":\"https:\/\/floristeriasantibella.com\/producto\/corazon-de-250-rosas-rojas-globo-bouquet-oso-edicion-romantica\/#breadcrumb\",\"itemListElement\":[{\"@type\":\"ListItem\",\"position\":1,\"name\":\"Home\",\"item\":\"https:\/\/floristeriasantibella.com\/\"},{\"@type\":\"ListItem\",\"position\":2,\"name\":\"Tienda\",\"item\":\"https:\/\/floristeriasantibella.com\/tienda\/\"},{\"@type\":\"ListItem\",\"position\":3,\"name\":\"Coraz\u00f3n de 250 Rosas Rojas + Globo Bouquet + Oso\"}]},{\"@type\":\"WebSite\",\"@id\":\"https:\/\/floristeriasantibella.com\/#website\",\"url\":\"https:\/\/floristeriasantibella.com\/\",\"name\":\"Floristeria Santibella\",\"description\":\"Env\u00eda flores a Medell\u00edn desde cualquier parte del mundo. Entregas r\u00e1pidas, dise\u00f1os personalizados y atenci\u00f3n de calidad. \u00a1Compra ahora online!\",\"publisher\":{\"@id\":\"https:\/\/floristeriasantibella.com\/#organization\"},\"potentialAction\":[{\"@type\":\"SearchAction\",\"target\":{\"@type\":\"EntryPoint\",\"urlTemplate\":\"https:\/\/floristeriasantibella.com\/?s={search_term_string}\"},\"query-input\":{\"@type\":\"PropertyValueSpecification\",\"valueRequired\":true,\"valueName\":\"search_term_string\"}}],\"inLanguage\":\"en-US\"},{\"@type\":\"Organization\",\"@id\":\"https:\/\/floristeriasantibella.com\/#organization\",\"name\":\"Floristeria Santibella\",\"url\":\"https:\/\/floristeriasantibella.com\/\",\"logo\":{\"@type\":\"ImageObject\",\"inLanguage\":\"en-US\",\"@id\":\"https:\/\/floristeriasantibella.com\/#\/schema\/logo\/image\/\",\"url\":\"http:\/\/floristeriasantibella.com\/wp-content\/uploads\/2025\/07\/LOGO-SANTIBELLA-03.png\",\"contentUrl\":\"http:\/\/floristeriasantibella.com\/wp-content\/uploads\/2025\/07\/LOGO-SANTIBELLA-03.png\",\"width\":1080,\"height\":1080,\"caption\":\"Floristeria Santibella\"},\"image\":{\"@id\":\"https:\/\/floristeriasantibella.com\/#\/schema\/logo\/image\/\"}}]}<\/script>\n<!-- \/ Yoast SEO plugin. -->","yoast_head_json":{"title":"Coraz\u00f3n de 250 Rosas Rojas + Globo Bouquet + Oso - Floristeria Santibella","description":"Corazon de rosas rojas en forma de coraz\u00f3n con globos y oso de peluche. Entrega a domicilio en Medell\u00edn y Valle de Aburr\u00e1. Ideal para San Valent\u00edn.","robots":{"index":"index","follow":"follow","max-snippet":"max-snippet:-1","max-image-preview":"max-image-preview:large","max-video-preview":"max-video-preview:-1"},"canonical":"https:\/\/floristeriasantibella.com\/en\/product\/corazon-de-250-rosas-rojas-globo-bouquet-oso-edicion-romantica\/","og_locale":"en_US","og_type":"article","og_title":"Coraz\u00f3n de 250 Rosas Rojas + Globo Bouquet + Oso - Floristeria Santibella","og_description":"Corazon de rosas rojas en forma de coraz\u00f3n con globos y oso de peluche. Entrega a domicilio en Medell\u00edn y Valle de Aburr\u00e1. Ideal para San Valent\u00edn.","og_url":"https:\/\/floristeriasantibella.com\/en\/product\/corazon-de-250-rosas-rojas-globo-bouquet-oso-edicion-romantica\/","og_site_name":"Floristeria Santibella","article_modified_time":"2026-01-30T22:02:36+00:00","og_image":[{"width":500,"height":500,"url":"https:\/\/floristeriasantibella.com\/wp-content\/uploads\/2026\/01\/Floristeria-26.jpg","type":"image\/jpeg"}],"twitter_card":"summary_large_image","twitter_misc":{"Est. reading time":"1 minute"},"schema":{"@context":"https:\/\/schema.org","@graph":[{"@type":"WebPage","@id":"https:\/\/floristeriasantibella.com\/producto\/corazon-de-250-rosas-rojas-globo-bouquet-oso-edicion-romantica\/","url":"https:\/\/floristeriasantibella.com\/producto\/corazon-de-250-rosas-rojas-globo-bouquet-oso-edicion-romantica\/","name":"Coraz\u00f3n de 250 Rosas Rojas + Globo Bouquet + Oso - Floristeria Santibella","isPartOf":{"@id":"https:\/\/floristeriasantibella.com\/#website"},"primaryImageOfPage":{"@id":"https:\/\/floristeriasantibella.com\/producto\/corazon-de-250-rosas-rojas-globo-bouquet-oso-edicion-romantica\/#primaryimage"},"image":{"@id":"https:\/\/floristeriasantibella.com\/producto\/corazon-de-250-rosas-rojas-globo-bouquet-oso-edicion-romantica\/#primaryimage"},"thumbnailUrl":"https:\/\/floristeriasantibella.com\/wp-content\/uploads\/2026\/01\/Floristeria-26.jpg","datePublished":"2026-01-24T18:03:12+00:00","dateModified":"2026-01-30T22:02:36+00:00","description":"Corazon de rosas rojas en forma de coraz\u00f3n con globos y oso de peluche. Entrega a domicilio en Medell\u00edn y Valle de Aburr\u00e1. Ideal para San Valent\u00edn.","breadcrumb":{"@id":"https:\/\/floristeriasantibella.com\/producto\/corazon-de-250-rosas-rojas-globo-bouquet-oso-edicion-romantica\/#breadcrumb"},"inLanguage":"en-US","potentialAction":[{"@type":"ReadAction","target":["https:\/\/floristeriasantibella.com\/producto\/corazon-de-250-rosas-rojas-globo-bouquet-oso-edicion-romantica\/"]}]},{"@type":"ImageObject","inLanguage":"en-US","@id":"https:\/\/floristeriasantibella.com\/producto\/corazon-de-250-rosas-rojas-globo-bouquet-oso-edicion-romantica\/#primaryimage","url":"https:\/\/floristeriasantibella.com\/wp-content\/uploads\/2026\/01\/Floristeria-26.jpg","contentUrl":"https:\/\/floristeriasantibella.com\/wp-content\/uploads\/2026\/01\/Floristeria-26.jpg","width":500,"height":500},{"@type":"BreadcrumbList","@id":"https:\/\/floristeriasantibella.com\/producto\/corazon-de-250-rosas-rojas-globo-bouquet-oso-edicion-romantica\/#breadcrumb","itemListElement":[{"@type":"ListItem","position":1,"name":"Home","item":"https:\/\/floristeriasantibella.com\/"},{"@type":"ListItem","position":2,"name":"Tienda","item":"https:\/\/floristeriasantibella.com\/tienda\/"},{"@type":"ListItem","position":3,"name":"Coraz\u00f3n de 250 Rosas Rojas + Globo Bouquet + Oso"}]},{"@type":"WebSite","@id":"https:\/\/floristeriasantibella.com\/#website","url":"https:\/\/floristeriasantibella.com\/","name":"Floristeria Santibella","description":"Env\u00eda flores a Medell\u00edn desde cualquier parte del mundo. Entregas r\u00e1pidas, dise\u00f1os personalizados y atenci\u00f3n de calidad. \u00a1Compra ahora online!","publisher":{"@id":"https:\/\/floristeriasantibella.com\/#organization"},"potentialAction":[{"@type":"SearchAction","target":{"@type":"EntryPoint","urlTemplate":"https:\/\/floristeriasantibella.com\/?s={search_term_string}"},"query-input":{"@type":"PropertyValueSpecification","valueRequired":true,"valueName":"search_term_string"}}],"inLanguage":"en-US"},{"@type":"Organization","@id":"https:\/\/floristeriasantibella.com\/#organization","name":"Floristeria Santibella","url":"https:\/\/floristeriasantibella.com\/","logo":{"@type":"ImageObject","inLanguage":"en-US","@id":"https:\/\/floristeriasantibella.com\/#\/schema\/logo\/image\/","url":"http:\/\/floristeriasantibella.com\/wp-content\/uploads\/2025\/07\/LOGO-SANTIBELLA-03.png","contentUrl":"http:\/\/floristeriasantibella.com\/wp-content\/uploads\/2025\/07\/LOGO-SANTIBELLA-03.png","width":1080,"height":1080,"caption":"Floristeria Santibella"},"image":{"@id":"https:\/\/floristeriasantibella.com\/#\/schema\/logo\/image\/"}}]}},"jetpack_sharing_enabled":true,"_links":{"self":[{"href":"https:\/\/floristeriasantibella.com\/en\/wp-json\/wp\/v2\/product\/31612","targetHints":{"allow":["GET"]}}],"collection":[{"href":"https:\/\/floristeriasantibella.com\/en\/wp-json\/wp\/v2\/product"}],"about":[{"href":"https:\/\/floristeriasantibella.com\/en\/wp-json\/wp\/v2\/types\/product"}],"replies":[{"embeddable":true,"href":"https:\/\/floristeriasantibella.com\/en\/wp-json\/wp\/v2\/comments?post=31612"}],"version-history":[{"count":3,"href":"https:\/\/floristeriasantibella.com\/en\/wp-json\/wp\/v2\/product\/31612\/revisions"}],"predecessor-version":[{"id":31669,"href":"https:\/\/floristeriasantibella.com\/en\/wp-json\/wp\/v2\/product\/31612\/revisions\/31669"}],"wp:featuredmedia":[{"embeddable":true,"href":"https:\/\/floristeriasantibella.com\/en\/wp-json\/wp\/v2\/media\/31668"}],"wp:attachment":[{"href":"https:\/\/floristeriasantibella.com\/en\/wp-json\/wp\/v2\/media?parent=31612"}],"wp:term":[{"taxonomy":"product_brand","embeddable":true,"href":"https:\/\/floristeriasantibella.com\/en\/wp-json\/wp\/v2\/product_brand?post=31612"},{"taxonomy":"product_cat","embeddable":true,"href":"https:\/\/floristeriasantibella.com\/en\/wp-json\/wp\/v2\/product_cat?post=31612"},{"taxonomy":"product_tag","embeddable":true,"href":"https:\/\/floristeriasantibella.com\/en\/wp-json\/wp\/v2\/product_tag?post=31612"}],"curies":[{"name":"wp","href":"https:\/\/api.w.org\/{rel}","templated":true}]}}