{"id":31625,"date":"2026-01-25T04:57:42","date_gmt":"2026-01-25T04:57:42","guid":{"rendered":"https:\/\/floristeriasantibella.com\/?post_type=product&#038;p=31625"},"modified":"2026-01-25T04:57:42","modified_gmt":"2026-01-25T04:57:42","slug":"ramo-corazon-50-rosas-25-rojas-25-rosadas-edicion-romantica-descripcion-para-pagina-web","status":"publish","type":"product","link":"https:\/\/floristeriasantibella.com\/en\/product\/ramo-corazon-50-rosas-25-rojas-25-rosadas-edicion-romantica-descripcion-para-pagina-web\/","title":{"rendered":"Ramo Coraz\u00f3n 50 Rosas \u2013 25 Rojas + 25 Rosadas (Edici\u00f3n Rom\u00e1ntica)  Descripci\u00f3n para p\u00e1gina web"},"content":{"rendered":"<p>Un detalle delicado y rom\u00e1ntico que combina lo mejor de dos mundos: <strong data-start=\"201\" data-end=\"219\">25 rosas rojas<\/strong> (pasi\u00f3n y amor) y <strong data-start=\"238\" data-end=\"258\">25 rosas rosadas<\/strong> (ternura y dulzura), organizadas en un hermoso <strong data-start=\"306\" data-end=\"336\">dise\u00f1o en forma de coraz\u00f3n<\/strong>. Su envoltura premium en tonos suaves y mo\u00f1o elegante lo convierten en un regalo perfecto para sorprender a esa persona especial. <strong data-start=\"638\" data-end=\"655\">\ud83d\udc9d Ideal para <\/strong>San Valent\u00edn, aniversarios, cumplea\u00f1os, \u201cte extra\u00f1o\u201d, o simplemente para decir <em data-start=\"735\" data-end=\"745\">\u201cte amo\u201d<\/em>.<\/p>","protected":false},"excerpt":{"rendered":"<p>Un detalle delicado y rom\u00e1ntico que combina lo mejor de dos mundos: <strong data-start=\"201\" data-end=\"219\">25 rosas rojas<\/strong> (pasi\u00f3n y amor) y <strong data-start=\"238\" data-end=\"258\">25 rosas rosadas<\/strong> (ternura y dulzura), organizadas en un hermoso <strong data-start=\"306\" data-end=\"336\">dise\u00f1o en forma de coraz\u00f3n<\/strong>. Su envoltura premium en tonos suaves y mo\u00f1o elegante lo convierten en un regalo perfecto para sorprender a esa persona especial. <strong data-start=\"638\" data-end=\"655\">\ud83d\udc9d Ideal para <\/strong>San Valent\u00edn, aniversarios, cumplea\u00f1os, \u201cte extra\u00f1o\u201d, o simplemente para decir <em data-start=\"735\" data-end=\"745\">\u201cte amo\u201d<\/em>.<\/p>","protected":false},"featured_media":31626,"comment_status":"open","ping_status":"closed","template":"","meta":[],"product_brand":[],"product_cat":[122,73,74,76,77,75,72,78],"product_tag":[],"class_list":{"0":"post-31625","1":"product","2":"type-product","3":"status-publish","4":"has-post-thumbnail","6":"product_cat-amor-y-amistad","7":"product_cat-amor-y-aniversario","8":"product_cat-cumpleanos","9":"product_cat-dia-de-la-madre","10":"product_cat-dia-de-la-mujer","11":"product_cat-fechas-especiales","12":"product_cat-ocasiones","13":"product_cat-san-valentin","15":"first","16":"instock","17":"shipping-taxable","18":"purchasable","19":"product-type-simple"},"yoast_head":"<!-- This site is optimized with the Yoast SEO plugin v25.3.1 - https:\/\/yoast.com\/wordpress\/plugins\/seo\/ -->\n<title>Ramo Coraz\u00f3n 50 Rosas \u2013 25 Rojas + 25 Rosadas (Edici\u00f3n Rom\u00e1ntica) Descripci\u00f3n para p\u00e1gina web - Floristeria Santibella<\/title>\n<meta name=\"description\" content=\"Ramo coraz\u00f3n con 25 rosas rojas y 25 rosadas. Entrega a domicilio en Medell\u00edn y Valle de Aburr\u00e1. Regalo ideal para San Valent\u00edn.\" \/>\n<meta name=\"robots\" content=\"index, follow, max-snippet:-1, max-image-preview:large, max-video-preview:-1\" \/>\n<link rel=\"canonical\" href=\"https:\/\/floristeriasantibella.com\/en\/product\/ramo-corazon-50-rosas-25-rojas-25-rosadas-edicion-romantica-descripcion-para-pagina-web\/\" \/>\n<meta property=\"og:locale\" content=\"en_US\" \/>\n<meta property=\"og:type\" content=\"article\" \/>\n<meta property=\"og:title\" content=\"Ramo Coraz\u00f3n 50 Rosas \u2013 25 Rojas + 25 Rosadas (Edici\u00f3n Rom\u00e1ntica) Descripci\u00f3n para p\u00e1gina web - Floristeria Santibella\" \/>\n<meta property=\"og:description\" content=\"Ramo coraz\u00f3n con 25 rosas rojas y 25 rosadas. Entrega a domicilio en Medell\u00edn y Valle de Aburr\u00e1. Regalo ideal para San Valent\u00edn.\" \/>\n<meta property=\"og:url\" content=\"https:\/\/floristeriasantibella.com\/en\/product\/ramo-corazon-50-rosas-25-rojas-25-rosadas-edicion-romantica-descripcion-para-pagina-web\/\" \/>\n<meta property=\"og:site_name\" content=\"Floristeria Santibella\" \/>\n<meta property=\"og:image\" content=\"https:\/\/floristeriasantibella.com\/wp-content\/uploads\/2026\/01\/WhatsApp_Image_2026-01-24_at_1.21.35_PM-removebg-preview.png\" \/>\n\t<meta property=\"og:image:width\" content=\"500\" \/>\n\t<meta property=\"og:image:height\" content=\"499\" \/>\n\t<meta property=\"og:image:type\" content=\"image\/png\" \/>\n<meta name=\"twitter:card\" content=\"summary_large_image\" \/>\n<meta name=\"twitter:label1\" content=\"Est. reading time\" \/>\n\t<meta name=\"twitter:data1\" content=\"1 minute\" \/>\n<script type=\"application\/ld+json\" class=\"yoast-schema-graph\">{\"@context\":\"https:\/\/schema.org\",\"@graph\":[{\"@type\":\"WebPage\",\"@id\":\"https:\/\/floristeriasantibella.com\/producto\/ramo-corazon-50-rosas-25-rojas-25-rosadas-edicion-romantica-descripcion-para-pagina-web\/\",\"url\":\"https:\/\/floristeriasantibella.com\/producto\/ramo-corazon-50-rosas-25-rojas-25-rosadas-edicion-romantica-descripcion-para-pagina-web\/\",\"name\":\"Ramo Coraz\u00f3n 50 Rosas \u2013 25 Rojas + 25 Rosadas (Edici\u00f3n Rom\u00e1ntica) Descripci\u00f3n para p\u00e1gina web - Floristeria Santibella\",\"isPartOf\":{\"@id\":\"https:\/\/floristeriasantibella.com\/#website\"},\"primaryImageOfPage\":{\"@id\":\"https:\/\/floristeriasantibella.com\/producto\/ramo-corazon-50-rosas-25-rojas-25-rosadas-edicion-romantica-descripcion-para-pagina-web\/#primaryimage\"},\"image\":{\"@id\":\"https:\/\/floristeriasantibella.com\/producto\/ramo-corazon-50-rosas-25-rojas-25-rosadas-edicion-romantica-descripcion-para-pagina-web\/#primaryimage\"},\"thumbnailUrl\":\"https:\/\/floristeriasantibella.com\/wp-content\/uploads\/2026\/01\/WhatsApp_Image_2026-01-24_at_1.21.35_PM-removebg-preview.png\",\"datePublished\":\"2026-01-25T04:57:42+00:00\",\"description\":\"Ramo coraz\u00f3n con 25 rosas rojas y 25 rosadas. Entrega a domicilio en Medell\u00edn y Valle de Aburr\u00e1. Regalo ideal para San Valent\u00edn.\",\"breadcrumb\":{\"@id\":\"https:\/\/floristeriasantibella.com\/producto\/ramo-corazon-50-rosas-25-rojas-25-rosadas-edicion-romantica-descripcion-para-pagina-web\/#breadcrumb\"},\"inLanguage\":\"en-US\",\"potentialAction\":[{\"@type\":\"ReadAction\",\"target\":[\"https:\/\/floristeriasantibella.com\/producto\/ramo-corazon-50-rosas-25-rojas-25-rosadas-edicion-romantica-descripcion-para-pagina-web\/\"]}]},{\"@type\":\"ImageObject\",\"inLanguage\":\"en-US\",\"@id\":\"https:\/\/floristeriasantibella.com\/producto\/ramo-corazon-50-rosas-25-rojas-25-rosadas-edicion-romantica-descripcion-para-pagina-web\/#primaryimage\",\"url\":\"https:\/\/floristeriasantibella.com\/wp-content\/uploads\/2026\/01\/WhatsApp_Image_2026-01-24_at_1.21.35_PM-removebg-preview.png\",\"contentUrl\":\"https:\/\/floristeriasantibella.com\/wp-content\/uploads\/2026\/01\/WhatsApp_Image_2026-01-24_at_1.21.35_PM-removebg-preview.png\",\"width\":500,\"height\":499},{\"@type\":\"BreadcrumbList\",\"@id\":\"https:\/\/floristeriasantibella.com\/producto\/ramo-corazon-50-rosas-25-rojas-25-rosadas-edicion-romantica-descripcion-para-pagina-web\/#breadcrumb\",\"itemListElement\":[{\"@type\":\"ListItem\",\"position\":1,\"name\":\"Home\",\"item\":\"https:\/\/floristeriasantibella.com\/\"},{\"@type\":\"ListItem\",\"position\":2,\"name\":\"Tienda\",\"item\":\"https:\/\/floristeriasantibella.com\/tienda\/\"},{\"@type\":\"ListItem\",\"position\":3,\"name\":\"Ramo Coraz\u00f3n 50 Rosas \u2013 25 Rojas + 25 Rosadas (Edici\u00f3n Rom\u00e1ntica) Descripci\u00f3n para p\u00e1gina web\"}]},{\"@type\":\"WebSite\",\"@id\":\"https:\/\/floristeriasantibella.com\/#website\",\"url\":\"https:\/\/floristeriasantibella.com\/\",\"name\":\"Floristeria Santibella\",\"description\":\"Env\u00eda flores a Medell\u00edn desde cualquier parte del mundo. Entregas r\u00e1pidas, dise\u00f1os personalizados y atenci\u00f3n de calidad. \u00a1Compra ahora online!\",\"publisher\":{\"@id\":\"https:\/\/floristeriasantibella.com\/#organization\"},\"potentialAction\":[{\"@type\":\"SearchAction\",\"target\":{\"@type\":\"EntryPoint\",\"urlTemplate\":\"https:\/\/floristeriasantibella.com\/?s={search_term_string}\"},\"query-input\":{\"@type\":\"PropertyValueSpecification\",\"valueRequired\":true,\"valueName\":\"search_term_string\"}}],\"inLanguage\":\"en-US\"},{\"@type\":\"Organization\",\"@id\":\"https:\/\/floristeriasantibella.com\/#organization\",\"name\":\"Floristeria Santibella\",\"url\":\"https:\/\/floristeriasantibella.com\/\",\"logo\":{\"@type\":\"ImageObject\",\"inLanguage\":\"en-US\",\"@id\":\"https:\/\/floristeriasantibella.com\/#\/schema\/logo\/image\/\",\"url\":\"http:\/\/floristeriasantibella.com\/wp-content\/uploads\/2025\/07\/LOGO-SANTIBELLA-03.png\",\"contentUrl\":\"http:\/\/floristeriasantibella.com\/wp-content\/uploads\/2025\/07\/LOGO-SANTIBELLA-03.png\",\"width\":1080,\"height\":1080,\"caption\":\"Floristeria Santibella\"},\"image\":{\"@id\":\"https:\/\/floristeriasantibella.com\/#\/schema\/logo\/image\/\"}}]}<\/script>\n<!-- \/ Yoast SEO plugin. -->","yoast_head_json":{"title":"Ramo Coraz\u00f3n 50 Rosas \u2013 25 Rojas + 25 Rosadas (Edici\u00f3n Rom\u00e1ntica) Descripci\u00f3n para p\u00e1gina web - Floristeria Santibella","description":"Ramo coraz\u00f3n con 25 rosas rojas y 25 rosadas. Entrega a domicilio en Medell\u00edn y Valle de Aburr\u00e1. Regalo ideal para San Valent\u00edn.","robots":{"index":"index","follow":"follow","max-snippet":"max-snippet:-1","max-image-preview":"max-image-preview:large","max-video-preview":"max-video-preview:-1"},"canonical":"https:\/\/floristeriasantibella.com\/en\/product\/ramo-corazon-50-rosas-25-rojas-25-rosadas-edicion-romantica-descripcion-para-pagina-web\/","og_locale":"en_US","og_type":"article","og_title":"Ramo Coraz\u00f3n 50 Rosas \u2013 25 Rojas + 25 Rosadas (Edici\u00f3n Rom\u00e1ntica) Descripci\u00f3n para p\u00e1gina web - Floristeria Santibella","og_description":"Ramo coraz\u00f3n con 25 rosas rojas y 25 rosadas. Entrega a domicilio en Medell\u00edn y Valle de Aburr\u00e1. Regalo ideal para San Valent\u00edn.","og_url":"https:\/\/floristeriasantibella.com\/en\/product\/ramo-corazon-50-rosas-25-rojas-25-rosadas-edicion-romantica-descripcion-para-pagina-web\/","og_site_name":"Floristeria Santibella","og_image":[{"width":500,"height":499,"url":"https:\/\/floristeriasantibella.com\/wp-content\/uploads\/2026\/01\/WhatsApp_Image_2026-01-24_at_1.21.35_PM-removebg-preview.png","type":"image\/png"}],"twitter_card":"summary_large_image","twitter_misc":{"Est. reading time":"1 minute"},"schema":{"@context":"https:\/\/schema.org","@graph":[{"@type":"WebPage","@id":"https:\/\/floristeriasantibella.com\/producto\/ramo-corazon-50-rosas-25-rojas-25-rosadas-edicion-romantica-descripcion-para-pagina-web\/","url":"https:\/\/floristeriasantibella.com\/producto\/ramo-corazon-50-rosas-25-rojas-25-rosadas-edicion-romantica-descripcion-para-pagina-web\/","name":"Ramo Coraz\u00f3n 50 Rosas \u2013 25 Rojas + 25 Rosadas (Edici\u00f3n Rom\u00e1ntica) Descripci\u00f3n para p\u00e1gina web - Floristeria Santibella","isPartOf":{"@id":"https:\/\/floristeriasantibella.com\/#website"},"primaryImageOfPage":{"@id":"https:\/\/floristeriasantibella.com\/producto\/ramo-corazon-50-rosas-25-rojas-25-rosadas-edicion-romantica-descripcion-para-pagina-web\/#primaryimage"},"image":{"@id":"https:\/\/floristeriasantibella.com\/producto\/ramo-corazon-50-rosas-25-rojas-25-rosadas-edicion-romantica-descripcion-para-pagina-web\/#primaryimage"},"thumbnailUrl":"https:\/\/floristeriasantibella.com\/wp-content\/uploads\/2026\/01\/WhatsApp_Image_2026-01-24_at_1.21.35_PM-removebg-preview.png","datePublished":"2026-01-25T04:57:42+00:00","description":"Ramo coraz\u00f3n con 25 rosas rojas y 25 rosadas. Entrega a domicilio en Medell\u00edn y Valle de Aburr\u00e1. Regalo ideal para San Valent\u00edn.","breadcrumb":{"@id":"https:\/\/floristeriasantibella.com\/producto\/ramo-corazon-50-rosas-25-rojas-25-rosadas-edicion-romantica-descripcion-para-pagina-web\/#breadcrumb"},"inLanguage":"en-US","potentialAction":[{"@type":"ReadAction","target":["https:\/\/floristeriasantibella.com\/producto\/ramo-corazon-50-rosas-25-rojas-25-rosadas-edicion-romantica-descripcion-para-pagina-web\/"]}]},{"@type":"ImageObject","inLanguage":"en-US","@id":"https:\/\/floristeriasantibella.com\/producto\/ramo-corazon-50-rosas-25-rojas-25-rosadas-edicion-romantica-descripcion-para-pagina-web\/#primaryimage","url":"https:\/\/floristeriasantibella.com\/wp-content\/uploads\/2026\/01\/WhatsApp_Image_2026-01-24_at_1.21.35_PM-removebg-preview.png","contentUrl":"https:\/\/floristeriasantibella.com\/wp-content\/uploads\/2026\/01\/WhatsApp_Image_2026-01-24_at_1.21.35_PM-removebg-preview.png","width":500,"height":499},{"@type":"BreadcrumbList","@id":"https:\/\/floristeriasantibella.com\/producto\/ramo-corazon-50-rosas-25-rojas-25-rosadas-edicion-romantica-descripcion-para-pagina-web\/#breadcrumb","itemListElement":[{"@type":"ListItem","position":1,"name":"Home","item":"https:\/\/floristeriasantibella.com\/"},{"@type":"ListItem","position":2,"name":"Tienda","item":"https:\/\/floristeriasantibella.com\/tienda\/"},{"@type":"ListItem","position":3,"name":"Ramo Coraz\u00f3n 50 Rosas \u2013 25 Rojas + 25 Rosadas (Edici\u00f3n Rom\u00e1ntica) Descripci\u00f3n para p\u00e1gina web"}]},{"@type":"WebSite","@id":"https:\/\/floristeriasantibella.com\/#website","url":"https:\/\/floristeriasantibella.com\/","name":"Floristeria Santibella","description":"Env\u00eda flores a Medell\u00edn desde cualquier parte del mundo. Entregas r\u00e1pidas, dise\u00f1os personalizados y atenci\u00f3n de calidad. \u00a1Compra ahora online!","publisher":{"@id":"https:\/\/floristeriasantibella.com\/#organization"},"potentialAction":[{"@type":"SearchAction","target":{"@type":"EntryPoint","urlTemplate":"https:\/\/floristeriasantibella.com\/?s={search_term_string}"},"query-input":{"@type":"PropertyValueSpecification","valueRequired":true,"valueName":"search_term_string"}}],"inLanguage":"en-US"},{"@type":"Organization","@id":"https:\/\/floristeriasantibella.com\/#organization","name":"Floristeria Santibella","url":"https:\/\/floristeriasantibella.com\/","logo":{"@type":"ImageObject","inLanguage":"en-US","@id":"https:\/\/floristeriasantibella.com\/#\/schema\/logo\/image\/","url":"http:\/\/floristeriasantibella.com\/wp-content\/uploads\/2025\/07\/LOGO-SANTIBELLA-03.png","contentUrl":"http:\/\/floristeriasantibella.com\/wp-content\/uploads\/2025\/07\/LOGO-SANTIBELLA-03.png","width":1080,"height":1080,"caption":"Floristeria Santibella"},"image":{"@id":"https:\/\/floristeriasantibella.com\/#\/schema\/logo\/image\/"}}]}},"jetpack_sharing_enabled":true,"_links":{"self":[{"href":"https:\/\/floristeriasantibella.com\/en\/wp-json\/wp\/v2\/product\/31625","targetHints":{"allow":["GET"]}}],"collection":[{"href":"https:\/\/floristeriasantibella.com\/en\/wp-json\/wp\/v2\/product"}],"about":[{"href":"https:\/\/floristeriasantibella.com\/en\/wp-json\/wp\/v2\/types\/product"}],"replies":[{"embeddable":true,"href":"https:\/\/floristeriasantibella.com\/en\/wp-json\/wp\/v2\/comments?post=31625"}],"version-history":[{"count":1,"href":"https:\/\/floristeriasantibella.com\/en\/wp-json\/wp\/v2\/product\/31625\/revisions"}],"predecessor-version":[{"id":31627,"href":"https:\/\/floristeriasantibella.com\/en\/wp-json\/wp\/v2\/product\/31625\/revisions\/31627"}],"wp:featuredmedia":[{"embeddable":true,"href":"https:\/\/floristeriasantibella.com\/en\/wp-json\/wp\/v2\/media\/31626"}],"wp:attachment":[{"href":"https:\/\/floristeriasantibella.com\/en\/wp-json\/wp\/v2\/media?parent=31625"}],"wp:term":[{"taxonomy":"product_brand","embeddable":true,"href":"https:\/\/floristeriasantibella.com\/en\/wp-json\/wp\/v2\/product_brand?post=31625"},{"taxonomy":"product_cat","embeddable":true,"href":"https:\/\/floristeriasantibella.com\/en\/wp-json\/wp\/v2\/product_cat?post=31625"},{"taxonomy":"product_tag","embeddable":true,"href":"https:\/\/floristeriasantibella.com\/en\/wp-json\/wp\/v2\/product_tag?post=31625"}],"curies":[{"name":"wp","href":"https:\/\/api.w.org\/{rel}","templated":true}]}}