{"id":31645,"date":"2026-01-29T02:56:55","date_gmt":"2026-01-29T02:56:55","guid":{"rendered":"https:\/\/floristeriasantibella.com\/?post_type=product&#038;p=31645"},"modified":"2026-04-21T12:17:31","modified_gmt":"2026-04-21T12:17:31","slug":"caja-romantica-corazon-de-rosas-rojas-oso-dulces-surtidos","status":"publish","type":"product","link":"https:\/\/floristeriasantibella.com\/en\/product\/caja-romantica-corazon-de-rosas-rojas-oso-dulces-surtidos\/","title":{"rendered":"Caja Rom\u00e1ntica: Coraz\u00f3n de Rosas Rojas + Oso + Dulces Surtidos"},"content":{"rendered":"<p>Sorprende con un combo irresistible de <strong data-start=\"678\" data-end=\"704\">Santibella Florist<\/strong>. Este dise\u00f1o incluye un elegante <strong data-start=\"738\" data-end=\"775\">coraz\u00f3n elaborado con 72 rosas rojas<\/strong>, acompa\u00f1ado de un <strong data-start=\"794\" data-end=\"816\">oso peluche blanco<\/strong> con detalles rojos que le da un toque tierno y rom\u00e1ntico. En la base, una <strong data-start=\"891\" data-end=\"940\">caja premium con dulces y chocolates surtidos<\/strong> (tipo Nutella, KitKat, Hershey\u2019s, M&amp;M\u2019s y chocolates tipo Ferrero) para hacer la sorpresa a\u00fan m\u00e1s especial.<br data-start=\"1070\" data-end=\"1073\" \/>Incluye <strong data-start=\"1081\" data-end=\"1108\">tarjeta con dedicatoria<\/strong> y opci\u00f3n de <strong data-start=\"1121\" data-end=\"1144\">entrega a domicilio<\/strong> en Medell\u00edn y Valle de Aburr\u00e1.<\/p>","protected":false},"excerpt":{"rendered":"<p>Coraz\u00f3n de 72 rosas rojas con oso y caja de dulces surtidos y chocolates fererro. Incluye tarjeta. Env\u00edos en Medell\u00edn y Valle de Aburr\u00e1 con Santibella.<\/p>","protected":false},"featured_media":31646,"comment_status":"open","ping_status":"closed","template":"","meta":[],"product_brand":[],"product_cat":[122,73,74,76,75,72,78],"product_tag":[],"class_list":{"0":"post-31645","1":"product","2":"type-product","3":"status-publish","4":"has-post-thumbnail","6":"product_cat-amor-y-amistad","7":"product_cat-amor-y-aniversario","8":"product_cat-cumpleanos","9":"product_cat-dia-de-la-madre","10":"product_cat-fechas-especiales","11":"product_cat-ocasiones","12":"product_cat-san-valentin","14":"first","15":"instock","16":"shipping-taxable","17":"purchasable","18":"product-type-simple"},"yoast_head":"<!-- This site is optimized with the Yoast SEO plugin v25.3.1 - https:\/\/yoast.com\/wordpress\/plugins\/seo\/ -->\n<title>Caja Rom\u00e1ntica: Coraz\u00f3n de Rosas Rojas + Oso + Dulces Surtidos - Floristeria Santibella<\/title>\n<meta name=\"description\" content=\"Coraz\u00f3n de 72 rosas rojas, peluche y dulces surtidos. Ideal para San Valent\u00edn, aniversarios y cumplea\u00f1os. Domicilio en Medell\u00edn y valle de aburra.\" \/>\n<meta name=\"robots\" content=\"index, follow, max-snippet:-1, max-image-preview:large, max-video-preview:-1\" \/>\n<link rel=\"canonical\" href=\"https:\/\/floristeriasantibella.com\/en\/product\/caja-romantica-corazon-de-rosas-rojas-oso-dulces-surtidos\/\" \/>\n<meta property=\"og:locale\" content=\"en_US\" \/>\n<meta property=\"og:type\" content=\"article\" \/>\n<meta property=\"og:title\" content=\"Caja Rom\u00e1ntica: Coraz\u00f3n de Rosas Rojas + Oso + Dulces Surtidos - Floristeria Santibella\" \/>\n<meta property=\"og:description\" content=\"Coraz\u00f3n de 72 rosas rojas, peluche y dulces surtidos. Ideal para San Valent\u00edn, aniversarios y cumplea\u00f1os. Domicilio en Medell\u00edn y valle de aburra.\" \/>\n<meta property=\"og:url\" content=\"https:\/\/floristeriasantibella.com\/en\/product\/caja-romantica-corazon-de-rosas-rojas-oso-dulces-surtidos\/\" \/>\n<meta property=\"og:site_name\" content=\"Floristeria Santibella\" \/>\n<meta property=\"article:modified_time\" content=\"2026-04-21T12:17:31+00:00\" \/>\n<meta property=\"og:image\" content=\"https:\/\/floristeriasantibella.com\/wp-content\/uploads\/2026\/01\/Floristeria-20.jpg\" \/>\n\t<meta property=\"og:image:width\" content=\"500\" \/>\n\t<meta property=\"og:image:height\" content=\"500\" \/>\n\t<meta property=\"og:image:type\" content=\"image\/jpeg\" \/>\n<meta name=\"twitter:card\" content=\"summary_large_image\" \/>\n<meta name=\"twitter:label1\" content=\"Est. reading time\" \/>\n\t<meta name=\"twitter:data1\" content=\"1 minute\" \/>\n<script type=\"application\/ld+json\" class=\"yoast-schema-graph\">{\"@context\":\"https:\/\/schema.org\",\"@graph\":[{\"@type\":\"WebPage\",\"@id\":\"https:\/\/floristeriasantibella.com\/producto\/caja-romantica-corazon-de-rosas-rojas-oso-dulces-surtidos\/\",\"url\":\"https:\/\/floristeriasantibella.com\/producto\/caja-romantica-corazon-de-rosas-rojas-oso-dulces-surtidos\/\",\"name\":\"Caja Rom\u00e1ntica: Coraz\u00f3n de Rosas Rojas + Oso + Dulces Surtidos - Floristeria Santibella\",\"isPartOf\":{\"@id\":\"https:\/\/floristeriasantibella.com\/#website\"},\"primaryImageOfPage\":{\"@id\":\"https:\/\/floristeriasantibella.com\/producto\/caja-romantica-corazon-de-rosas-rojas-oso-dulces-surtidos\/#primaryimage\"},\"image\":{\"@id\":\"https:\/\/floristeriasantibella.com\/producto\/caja-romantica-corazon-de-rosas-rojas-oso-dulces-surtidos\/#primaryimage\"},\"thumbnailUrl\":\"https:\/\/floristeriasantibella.com\/wp-content\/uploads\/2026\/01\/Floristeria-20.jpg\",\"datePublished\":\"2026-01-29T02:56:55+00:00\",\"dateModified\":\"2026-04-21T12:17:31+00:00\",\"description\":\"Coraz\u00f3n de 72 rosas rojas, peluche y dulces surtidos. Ideal para San Valent\u00edn, aniversarios y cumplea\u00f1os. Domicilio en Medell\u00edn y valle de aburra.\",\"breadcrumb\":{\"@id\":\"https:\/\/floristeriasantibella.com\/producto\/caja-romantica-corazon-de-rosas-rojas-oso-dulces-surtidos\/#breadcrumb\"},\"inLanguage\":\"en-US\",\"potentialAction\":[{\"@type\":\"ReadAction\",\"target\":[\"https:\/\/floristeriasantibella.com\/producto\/caja-romantica-corazon-de-rosas-rojas-oso-dulces-surtidos\/\"]}]},{\"@type\":\"ImageObject\",\"inLanguage\":\"en-US\",\"@id\":\"https:\/\/floristeriasantibella.com\/producto\/caja-romantica-corazon-de-rosas-rojas-oso-dulces-surtidos\/#primaryimage\",\"url\":\"https:\/\/floristeriasantibella.com\/wp-content\/uploads\/2026\/01\/Floristeria-20.jpg\",\"contentUrl\":\"https:\/\/floristeriasantibella.com\/wp-content\/uploads\/2026\/01\/Floristeria-20.jpg\",\"width\":500,\"height\":500},{\"@type\":\"BreadcrumbList\",\"@id\":\"https:\/\/floristeriasantibella.com\/producto\/caja-romantica-corazon-de-rosas-rojas-oso-dulces-surtidos\/#breadcrumb\",\"itemListElement\":[{\"@type\":\"ListItem\",\"position\":1,\"name\":\"Home\",\"item\":\"https:\/\/floristeriasantibella.com\/\"},{\"@type\":\"ListItem\",\"position\":2,\"name\":\"Tienda\",\"item\":\"https:\/\/floristeriasantibella.com\/tienda\/\"},{\"@type\":\"ListItem\",\"position\":3,\"name\":\"Caja Rom\u00e1ntica: Coraz\u00f3n de Rosas Rojas + Oso + Dulces Surtidos\"}]},{\"@type\":\"WebSite\",\"@id\":\"https:\/\/floristeriasantibella.com\/#website\",\"url\":\"https:\/\/floristeriasantibella.com\/\",\"name\":\"Floristeria Santibella\",\"description\":\"Env\u00eda flores a Medell\u00edn desde cualquier parte del mundo. Entregas r\u00e1pidas, dise\u00f1os personalizados y atenci\u00f3n de calidad. \u00a1Compra ahora online!\",\"publisher\":{\"@id\":\"https:\/\/floristeriasantibella.com\/#organization\"},\"potentialAction\":[{\"@type\":\"SearchAction\",\"target\":{\"@type\":\"EntryPoint\",\"urlTemplate\":\"https:\/\/floristeriasantibella.com\/?s={search_term_string}\"},\"query-input\":{\"@type\":\"PropertyValueSpecification\",\"valueRequired\":true,\"valueName\":\"search_term_string\"}}],\"inLanguage\":\"en-US\"},{\"@type\":\"Organization\",\"@id\":\"https:\/\/floristeriasantibella.com\/#organization\",\"name\":\"Floristeria Santibella\",\"url\":\"https:\/\/floristeriasantibella.com\/\",\"logo\":{\"@type\":\"ImageObject\",\"inLanguage\":\"en-US\",\"@id\":\"https:\/\/floristeriasantibella.com\/#\/schema\/logo\/image\/\",\"url\":\"http:\/\/floristeriasantibella.com\/wp-content\/uploads\/2025\/07\/LOGO-SANTIBELLA-03.png\",\"contentUrl\":\"http:\/\/floristeriasantibella.com\/wp-content\/uploads\/2025\/07\/LOGO-SANTIBELLA-03.png\",\"width\":1080,\"height\":1080,\"caption\":\"Floristeria Santibella\"},\"image\":{\"@id\":\"https:\/\/floristeriasantibella.com\/#\/schema\/logo\/image\/\"}}]}<\/script>\n<!-- \/ Yoast SEO plugin. -->","yoast_head_json":{"title":"Caja Rom\u00e1ntica: Coraz\u00f3n de Rosas Rojas + Oso + Dulces Surtidos - Floristeria Santibella","description":"Coraz\u00f3n de 72 rosas rojas, peluche y dulces surtidos. Ideal para San Valent\u00edn, aniversarios y cumplea\u00f1os. Domicilio en Medell\u00edn y valle de aburra.","robots":{"index":"index","follow":"follow","max-snippet":"max-snippet:-1","max-image-preview":"max-image-preview:large","max-video-preview":"max-video-preview:-1"},"canonical":"https:\/\/floristeriasantibella.com\/en\/product\/caja-romantica-corazon-de-rosas-rojas-oso-dulces-surtidos\/","og_locale":"en_US","og_type":"article","og_title":"Caja Rom\u00e1ntica: Coraz\u00f3n de Rosas Rojas + Oso + Dulces Surtidos - Floristeria Santibella","og_description":"Coraz\u00f3n de 72 rosas rojas, peluche y dulces surtidos. Ideal para San Valent\u00edn, aniversarios y cumplea\u00f1os. Domicilio en Medell\u00edn y valle de aburra.","og_url":"https:\/\/floristeriasantibella.com\/en\/product\/caja-romantica-corazon-de-rosas-rojas-oso-dulces-surtidos\/","og_site_name":"Floristeria Santibella","article_modified_time":"2026-04-21T12:17:31+00:00","og_image":[{"width":500,"height":500,"url":"https:\/\/floristeriasantibella.com\/wp-content\/uploads\/2026\/01\/Floristeria-20.jpg","type":"image\/jpeg"}],"twitter_card":"summary_large_image","twitter_misc":{"Est. reading time":"1 minute"},"schema":{"@context":"https:\/\/schema.org","@graph":[{"@type":"WebPage","@id":"https:\/\/floristeriasantibella.com\/producto\/caja-romantica-corazon-de-rosas-rojas-oso-dulces-surtidos\/","url":"https:\/\/floristeriasantibella.com\/producto\/caja-romantica-corazon-de-rosas-rojas-oso-dulces-surtidos\/","name":"Caja Rom\u00e1ntica: Coraz\u00f3n de Rosas Rojas + Oso + Dulces Surtidos - Floristeria Santibella","isPartOf":{"@id":"https:\/\/floristeriasantibella.com\/#website"},"primaryImageOfPage":{"@id":"https:\/\/floristeriasantibella.com\/producto\/caja-romantica-corazon-de-rosas-rojas-oso-dulces-surtidos\/#primaryimage"},"image":{"@id":"https:\/\/floristeriasantibella.com\/producto\/caja-romantica-corazon-de-rosas-rojas-oso-dulces-surtidos\/#primaryimage"},"thumbnailUrl":"https:\/\/floristeriasantibella.com\/wp-content\/uploads\/2026\/01\/Floristeria-20.jpg","datePublished":"2026-01-29T02:56:55+00:00","dateModified":"2026-04-21T12:17:31+00:00","description":"Coraz\u00f3n de 72 rosas rojas, peluche y dulces surtidos. Ideal para San Valent\u00edn, aniversarios y cumplea\u00f1os. Domicilio en Medell\u00edn y valle de aburra.","breadcrumb":{"@id":"https:\/\/floristeriasantibella.com\/producto\/caja-romantica-corazon-de-rosas-rojas-oso-dulces-surtidos\/#breadcrumb"},"inLanguage":"en-US","potentialAction":[{"@type":"ReadAction","target":["https:\/\/floristeriasantibella.com\/producto\/caja-romantica-corazon-de-rosas-rojas-oso-dulces-surtidos\/"]}]},{"@type":"ImageObject","inLanguage":"en-US","@id":"https:\/\/floristeriasantibella.com\/producto\/caja-romantica-corazon-de-rosas-rojas-oso-dulces-surtidos\/#primaryimage","url":"https:\/\/floristeriasantibella.com\/wp-content\/uploads\/2026\/01\/Floristeria-20.jpg","contentUrl":"https:\/\/floristeriasantibella.com\/wp-content\/uploads\/2026\/01\/Floristeria-20.jpg","width":500,"height":500},{"@type":"BreadcrumbList","@id":"https:\/\/floristeriasantibella.com\/producto\/caja-romantica-corazon-de-rosas-rojas-oso-dulces-surtidos\/#breadcrumb","itemListElement":[{"@type":"ListItem","position":1,"name":"Home","item":"https:\/\/floristeriasantibella.com\/"},{"@type":"ListItem","position":2,"name":"Tienda","item":"https:\/\/floristeriasantibella.com\/tienda\/"},{"@type":"ListItem","position":3,"name":"Caja Rom\u00e1ntica: Coraz\u00f3n de Rosas Rojas + Oso + Dulces Surtidos"}]},{"@type":"WebSite","@id":"https:\/\/floristeriasantibella.com\/#website","url":"https:\/\/floristeriasantibella.com\/","name":"Floristeria Santibella","description":"Env\u00eda flores a Medell\u00edn desde cualquier parte del mundo. Entregas r\u00e1pidas, dise\u00f1os personalizados y atenci\u00f3n de calidad. \u00a1Compra ahora online!","publisher":{"@id":"https:\/\/floristeriasantibella.com\/#organization"},"potentialAction":[{"@type":"SearchAction","target":{"@type":"EntryPoint","urlTemplate":"https:\/\/floristeriasantibella.com\/?s={search_term_string}"},"query-input":{"@type":"PropertyValueSpecification","valueRequired":true,"valueName":"search_term_string"}}],"inLanguage":"en-US"},{"@type":"Organization","@id":"https:\/\/floristeriasantibella.com\/#organization","name":"Floristeria Santibella","url":"https:\/\/floristeriasantibella.com\/","logo":{"@type":"ImageObject","inLanguage":"en-US","@id":"https:\/\/floristeriasantibella.com\/#\/schema\/logo\/image\/","url":"http:\/\/floristeriasantibella.com\/wp-content\/uploads\/2025\/07\/LOGO-SANTIBELLA-03.png","contentUrl":"http:\/\/floristeriasantibella.com\/wp-content\/uploads\/2025\/07\/LOGO-SANTIBELLA-03.png","width":1080,"height":1080,"caption":"Floristeria Santibella"},"image":{"@id":"https:\/\/floristeriasantibella.com\/#\/schema\/logo\/image\/"}}]}},"jetpack_sharing_enabled":true,"_links":{"self":[{"href":"https:\/\/floristeriasantibella.com\/en\/wp-json\/wp\/v2\/product\/31645","targetHints":{"allow":["GET"]}}],"collection":[{"href":"https:\/\/floristeriasantibella.com\/en\/wp-json\/wp\/v2\/product"}],"about":[{"href":"https:\/\/floristeriasantibella.com\/en\/wp-json\/wp\/v2\/types\/product"}],"replies":[{"embeddable":true,"href":"https:\/\/floristeriasantibella.com\/en\/wp-json\/wp\/v2\/comments?post=31645"}],"version-history":[{"count":1,"href":"https:\/\/floristeriasantibella.com\/en\/wp-json\/wp\/v2\/product\/31645\/revisions"}],"predecessor-version":[{"id":31647,"href":"https:\/\/floristeriasantibella.com\/en\/wp-json\/wp\/v2\/product\/31645\/revisions\/31647"}],"wp:featuredmedia":[{"embeddable":true,"href":"https:\/\/floristeriasantibella.com\/en\/wp-json\/wp\/v2\/media\/31646"}],"wp:attachment":[{"href":"https:\/\/floristeriasantibella.com\/en\/wp-json\/wp\/v2\/media?parent=31645"}],"wp:term":[{"taxonomy":"product_brand","embeddable":true,"href":"https:\/\/floristeriasantibella.com\/en\/wp-json\/wp\/v2\/product_brand?post=31645"},{"taxonomy":"product_cat","embeddable":true,"href":"https:\/\/floristeriasantibella.com\/en\/wp-json\/wp\/v2\/product_cat?post=31645"},{"taxonomy":"product_tag","embeddable":true,"href":"https:\/\/floristeriasantibella.com\/en\/wp-json\/wp\/v2\/product_tag?post=31645"}],"curies":[{"name":"wp","href":"https:\/\/api.w.org\/{rel}","templated":true}]}}