{"id":31648,"date":"2026-01-29T03:02:17","date_gmt":"2026-01-29T03:02:17","guid":{"rendered":"https:\/\/floristeriasantibella.com\/?post_type=product&#038;p=31648"},"modified":"2026-04-20T19:21:54","modified_gmt":"2026-04-20T19:21:54","slug":"regalo-romantico-premium-corazon-con-rosas-y-ferrero-santibella","status":"publish","type":"product","link":"https:\/\/floristeriasantibella.com\/en\/product\/regalo-romantico-premium-corazon-con-rosas-y-ferrero-santibella\/","title":{"rendered":"Regalo Rom\u00e1ntico Premium: Coraz\u00f3n con Rosas y Ferrero | Santibella"},"content":{"rendered":"<p>Sorprende en grande con este dise\u00f1o exclusivo de <strong data-start=\"687\" data-end=\"713\">Santibella Florist<\/strong>. Un elegante <strong data-start=\"727\" data-end=\"746\">coraz\u00f3n premium<\/strong> que combina <strong data-start=\"759\" data-end=\"787\">36 rosas rojas naturales<\/strong> en una composici\u00f3n rom\u00e1ntica, acompa\u00f1ado de <strong data-start=\"832\" data-end=\"864\">50 chocolates Ferrero Rocher<\/strong> que enmarcan el dise\u00f1o y le dan un toque irresistible. En la parte superior, un <strong data-start=\"945\" data-end=\"960\">oso peluche<\/strong> complementa la sorpresa con ternura y encanto, creando un regalo completo, ideal para celebrar el amor.<br data-start=\"1064\" data-end=\"1067\" \/>Incluye <strong data-start=\"1075\" data-end=\"1102\">tarjeta con dedicatoria<\/strong> y opci\u00f3n de <strong data-start=\"1115\" data-end=\"1138\">entrega a domicilio<\/strong> en Medell\u00edn y Valle de Aburr\u00e1<\/p>","protected":false},"excerpt":{"rendered":"<p>Regalo rom\u00e1ntico Santibella: 36 rosas rojas + 50 Ferrero y peluche en estructura de coraz\u00f3n. Ideal San Valent\u00edn. Domicilio Medell\u00edn y Valle de Aburra.<\/p>","protected":false},"featured_media":31649,"comment_status":"open","ping_status":"closed","template":"","meta":[],"product_brand":[],"product_cat":[73,74,75,72,78],"product_tag":[],"class_list":{"0":"post-31648","1":"product","2":"type-product","3":"status-publish","4":"has-post-thumbnail","6":"product_cat-amor-y-aniversario","7":"product_cat-cumpleanos","8":"product_cat-fechas-especiales","9":"product_cat-ocasiones","10":"product_cat-san-valentin","12":"first","13":"instock","14":"shipping-taxable","15":"purchasable","16":"product-type-simple"},"yoast_head":"<!-- This site is optimized with the Yoast SEO plugin v25.3.1 - https:\/\/yoast.com\/wordpress\/plugins\/seo\/ -->\n<title>Regalo Rom\u00e1ntico Premium: Coraz\u00f3n con Rosas y Ferrero | Santibella - Floristeria Santibella<\/title>\n<meta name=\"description\" content=\"Coraz\u00f3n premium con 36 rosas rojas, 50 Ferrero Rocher y oso peluche. Incluye tarjeta. Env\u00edos en Medell\u00edn y Valle de Aburr\u00e1.\" \/>\n<meta name=\"robots\" content=\"index, follow, max-snippet:-1, max-image-preview:large, max-video-preview:-1\" \/>\n<link rel=\"canonical\" href=\"https:\/\/floristeriasantibella.com\/en\/product\/regalo-romantico-premium-corazon-con-rosas-y-ferrero-santibella\/\" \/>\n<meta property=\"og:locale\" content=\"en_US\" \/>\n<meta property=\"og:type\" content=\"article\" \/>\n<meta property=\"og:title\" content=\"Regalo Rom\u00e1ntico Premium: Coraz\u00f3n con Rosas y Ferrero | Santibella - Floristeria Santibella\" \/>\n<meta property=\"og:description\" content=\"Coraz\u00f3n premium con 36 rosas rojas, 50 Ferrero Rocher y oso peluche. Incluye tarjeta. Env\u00edos en Medell\u00edn y Valle de Aburr\u00e1.\" \/>\n<meta property=\"og:url\" content=\"https:\/\/floristeriasantibella.com\/en\/product\/regalo-romantico-premium-corazon-con-rosas-y-ferrero-santibella\/\" \/>\n<meta property=\"og:site_name\" content=\"Floristeria Santibella\" \/>\n<meta property=\"article:modified_time\" content=\"2026-04-20T19:21:54+00:00\" \/>\n<meta property=\"og:image\" content=\"https:\/\/floristeriasantibella.com\/wp-content\/uploads\/2026\/01\/Floristeria-19.jpg\" \/>\n\t<meta property=\"og:image:width\" content=\"500\" \/>\n\t<meta property=\"og:image:height\" content=\"500\" \/>\n\t<meta property=\"og:image:type\" content=\"image\/jpeg\" \/>\n<meta name=\"twitter:card\" content=\"summary_large_image\" \/>\n<meta name=\"twitter:label1\" content=\"Est. reading time\" \/>\n\t<meta name=\"twitter:data1\" content=\"1 minute\" \/>\n<script type=\"application\/ld+json\" class=\"yoast-schema-graph\">{\"@context\":\"https:\/\/schema.org\",\"@graph\":[{\"@type\":\"WebPage\",\"@id\":\"https:\/\/floristeriasantibella.com\/producto\/regalo-romantico-premium-corazon-con-rosas-y-ferrero-santibella\/\",\"url\":\"https:\/\/floristeriasantibella.com\/producto\/regalo-romantico-premium-corazon-con-rosas-y-ferrero-santibella\/\",\"name\":\"Regalo Rom\u00e1ntico Premium: Coraz\u00f3n con Rosas y Ferrero | Santibella - Floristeria Santibella\",\"isPartOf\":{\"@id\":\"https:\/\/floristeriasantibella.com\/#website\"},\"primaryImageOfPage\":{\"@id\":\"https:\/\/floristeriasantibella.com\/producto\/regalo-romantico-premium-corazon-con-rosas-y-ferrero-santibella\/#primaryimage\"},\"image\":{\"@id\":\"https:\/\/floristeriasantibella.com\/producto\/regalo-romantico-premium-corazon-con-rosas-y-ferrero-santibella\/#primaryimage\"},\"thumbnailUrl\":\"https:\/\/floristeriasantibella.com\/wp-content\/uploads\/2026\/01\/Floristeria-19.jpg\",\"datePublished\":\"2026-01-29T03:02:17+00:00\",\"dateModified\":\"2026-04-20T19:21:54+00:00\",\"description\":\"Coraz\u00f3n premium con 36 rosas rojas, 50 Ferrero Rocher y oso peluche. Incluye tarjeta. Env\u00edos en Medell\u00edn y Valle de Aburr\u00e1.\",\"breadcrumb\":{\"@id\":\"https:\/\/floristeriasantibella.com\/producto\/regalo-romantico-premium-corazon-con-rosas-y-ferrero-santibella\/#breadcrumb\"},\"inLanguage\":\"en-US\",\"potentialAction\":[{\"@type\":\"ReadAction\",\"target\":[\"https:\/\/floristeriasantibella.com\/producto\/regalo-romantico-premium-corazon-con-rosas-y-ferrero-santibella\/\"]}]},{\"@type\":\"ImageObject\",\"inLanguage\":\"en-US\",\"@id\":\"https:\/\/floristeriasantibella.com\/producto\/regalo-romantico-premium-corazon-con-rosas-y-ferrero-santibella\/#primaryimage\",\"url\":\"https:\/\/floristeriasantibella.com\/wp-content\/uploads\/2026\/01\/Floristeria-19.jpg\",\"contentUrl\":\"https:\/\/floristeriasantibella.com\/wp-content\/uploads\/2026\/01\/Floristeria-19.jpg\",\"width\":500,\"height\":500},{\"@type\":\"BreadcrumbList\",\"@id\":\"https:\/\/floristeriasantibella.com\/producto\/regalo-romantico-premium-corazon-con-rosas-y-ferrero-santibella\/#breadcrumb\",\"itemListElement\":[{\"@type\":\"ListItem\",\"position\":1,\"name\":\"Home\",\"item\":\"https:\/\/floristeriasantibella.com\/\"},{\"@type\":\"ListItem\",\"position\":2,\"name\":\"Tienda\",\"item\":\"https:\/\/floristeriasantibella.com\/tienda\/\"},{\"@type\":\"ListItem\",\"position\":3,\"name\":\"Regalo Rom\u00e1ntico Premium: Coraz\u00f3n con Rosas y Ferrero | Santibella\"}]},{\"@type\":\"WebSite\",\"@id\":\"https:\/\/floristeriasantibella.com\/#website\",\"url\":\"https:\/\/floristeriasantibella.com\/\",\"name\":\"Floristeria Santibella\",\"description\":\"Env\u00eda flores a Medell\u00edn desde cualquier parte del mundo. Entregas r\u00e1pidas, dise\u00f1os personalizados y atenci\u00f3n de calidad. \u00a1Compra ahora online!\",\"publisher\":{\"@id\":\"https:\/\/floristeriasantibella.com\/#organization\"},\"potentialAction\":[{\"@type\":\"SearchAction\",\"target\":{\"@type\":\"EntryPoint\",\"urlTemplate\":\"https:\/\/floristeriasantibella.com\/?s={search_term_string}\"},\"query-input\":{\"@type\":\"PropertyValueSpecification\",\"valueRequired\":true,\"valueName\":\"search_term_string\"}}],\"inLanguage\":\"en-US\"},{\"@type\":\"Organization\",\"@id\":\"https:\/\/floristeriasantibella.com\/#organization\",\"name\":\"Floristeria Santibella\",\"url\":\"https:\/\/floristeriasantibella.com\/\",\"logo\":{\"@type\":\"ImageObject\",\"inLanguage\":\"en-US\",\"@id\":\"https:\/\/floristeriasantibella.com\/#\/schema\/logo\/image\/\",\"url\":\"http:\/\/floristeriasantibella.com\/wp-content\/uploads\/2025\/07\/LOGO-SANTIBELLA-03.png\",\"contentUrl\":\"http:\/\/floristeriasantibella.com\/wp-content\/uploads\/2025\/07\/LOGO-SANTIBELLA-03.png\",\"width\":1080,\"height\":1080,\"caption\":\"Floristeria Santibella\"},\"image\":{\"@id\":\"https:\/\/floristeriasantibella.com\/#\/schema\/logo\/image\/\"}}]}<\/script>\n<!-- \/ Yoast SEO plugin. -->","yoast_head_json":{"title":"Regalo Rom\u00e1ntico Premium: Coraz\u00f3n con Rosas y Ferrero | Santibella - Floristeria Santibella","description":"Coraz\u00f3n premium con 36 rosas rojas, 50 Ferrero Rocher y oso peluche. Incluye tarjeta. Env\u00edos en Medell\u00edn y Valle de Aburr\u00e1.","robots":{"index":"index","follow":"follow","max-snippet":"max-snippet:-1","max-image-preview":"max-image-preview:large","max-video-preview":"max-video-preview:-1"},"canonical":"https:\/\/floristeriasantibella.com\/en\/product\/regalo-romantico-premium-corazon-con-rosas-y-ferrero-santibella\/","og_locale":"en_US","og_type":"article","og_title":"Regalo Rom\u00e1ntico Premium: Coraz\u00f3n con Rosas y Ferrero | Santibella - Floristeria Santibella","og_description":"Coraz\u00f3n premium con 36 rosas rojas, 50 Ferrero Rocher y oso peluche. Incluye tarjeta. Env\u00edos en Medell\u00edn y Valle de Aburr\u00e1.","og_url":"https:\/\/floristeriasantibella.com\/en\/product\/regalo-romantico-premium-corazon-con-rosas-y-ferrero-santibella\/","og_site_name":"Floristeria Santibella","article_modified_time":"2026-04-20T19:21:54+00:00","og_image":[{"width":500,"height":500,"url":"https:\/\/floristeriasantibella.com\/wp-content\/uploads\/2026\/01\/Floristeria-19.jpg","type":"image\/jpeg"}],"twitter_card":"summary_large_image","twitter_misc":{"Est. reading time":"1 minute"},"schema":{"@context":"https:\/\/schema.org","@graph":[{"@type":"WebPage","@id":"https:\/\/floristeriasantibella.com\/producto\/regalo-romantico-premium-corazon-con-rosas-y-ferrero-santibella\/","url":"https:\/\/floristeriasantibella.com\/producto\/regalo-romantico-premium-corazon-con-rosas-y-ferrero-santibella\/","name":"Regalo Rom\u00e1ntico Premium: Coraz\u00f3n con Rosas y Ferrero | Santibella - Floristeria Santibella","isPartOf":{"@id":"https:\/\/floristeriasantibella.com\/#website"},"primaryImageOfPage":{"@id":"https:\/\/floristeriasantibella.com\/producto\/regalo-romantico-premium-corazon-con-rosas-y-ferrero-santibella\/#primaryimage"},"image":{"@id":"https:\/\/floristeriasantibella.com\/producto\/regalo-romantico-premium-corazon-con-rosas-y-ferrero-santibella\/#primaryimage"},"thumbnailUrl":"https:\/\/floristeriasantibella.com\/wp-content\/uploads\/2026\/01\/Floristeria-19.jpg","datePublished":"2026-01-29T03:02:17+00:00","dateModified":"2026-04-20T19:21:54+00:00","description":"Coraz\u00f3n premium con 36 rosas rojas, 50 Ferrero Rocher y oso peluche. Incluye tarjeta. Env\u00edos en Medell\u00edn y Valle de Aburr\u00e1.","breadcrumb":{"@id":"https:\/\/floristeriasantibella.com\/producto\/regalo-romantico-premium-corazon-con-rosas-y-ferrero-santibella\/#breadcrumb"},"inLanguage":"en-US","potentialAction":[{"@type":"ReadAction","target":["https:\/\/floristeriasantibella.com\/producto\/regalo-romantico-premium-corazon-con-rosas-y-ferrero-santibella\/"]}]},{"@type":"ImageObject","inLanguage":"en-US","@id":"https:\/\/floristeriasantibella.com\/producto\/regalo-romantico-premium-corazon-con-rosas-y-ferrero-santibella\/#primaryimage","url":"https:\/\/floristeriasantibella.com\/wp-content\/uploads\/2026\/01\/Floristeria-19.jpg","contentUrl":"https:\/\/floristeriasantibella.com\/wp-content\/uploads\/2026\/01\/Floristeria-19.jpg","width":500,"height":500},{"@type":"BreadcrumbList","@id":"https:\/\/floristeriasantibella.com\/producto\/regalo-romantico-premium-corazon-con-rosas-y-ferrero-santibella\/#breadcrumb","itemListElement":[{"@type":"ListItem","position":1,"name":"Home","item":"https:\/\/floristeriasantibella.com\/"},{"@type":"ListItem","position":2,"name":"Tienda","item":"https:\/\/floristeriasantibella.com\/tienda\/"},{"@type":"ListItem","position":3,"name":"Regalo Rom\u00e1ntico Premium: Coraz\u00f3n con Rosas y Ferrero | Santibella"}]},{"@type":"WebSite","@id":"https:\/\/floristeriasantibella.com\/#website","url":"https:\/\/floristeriasantibella.com\/","name":"Floristeria Santibella","description":"Env\u00eda flores a Medell\u00edn desde cualquier parte del mundo. Entregas r\u00e1pidas, dise\u00f1os personalizados y atenci\u00f3n de calidad. \u00a1Compra ahora online!","publisher":{"@id":"https:\/\/floristeriasantibella.com\/#organization"},"potentialAction":[{"@type":"SearchAction","target":{"@type":"EntryPoint","urlTemplate":"https:\/\/floristeriasantibella.com\/?s={search_term_string}"},"query-input":{"@type":"PropertyValueSpecification","valueRequired":true,"valueName":"search_term_string"}}],"inLanguage":"en-US"},{"@type":"Organization","@id":"https:\/\/floristeriasantibella.com\/#organization","name":"Floristeria Santibella","url":"https:\/\/floristeriasantibella.com\/","logo":{"@type":"ImageObject","inLanguage":"en-US","@id":"https:\/\/floristeriasantibella.com\/#\/schema\/logo\/image\/","url":"http:\/\/floristeriasantibella.com\/wp-content\/uploads\/2025\/07\/LOGO-SANTIBELLA-03.png","contentUrl":"http:\/\/floristeriasantibella.com\/wp-content\/uploads\/2025\/07\/LOGO-SANTIBELLA-03.png","width":1080,"height":1080,"caption":"Floristeria Santibella"},"image":{"@id":"https:\/\/floristeriasantibella.com\/#\/schema\/logo\/image\/"}}]}},"jetpack_sharing_enabled":true,"_links":{"self":[{"href":"https:\/\/floristeriasantibella.com\/en\/wp-json\/wp\/v2\/product\/31648","targetHints":{"allow":["GET"]}}],"collection":[{"href":"https:\/\/floristeriasantibella.com\/en\/wp-json\/wp\/v2\/product"}],"about":[{"href":"https:\/\/floristeriasantibella.com\/en\/wp-json\/wp\/v2\/types\/product"}],"replies":[{"embeddable":true,"href":"https:\/\/floristeriasantibella.com\/en\/wp-json\/wp\/v2\/comments?post=31648"}],"version-history":[{"count":1,"href":"https:\/\/floristeriasantibella.com\/en\/wp-json\/wp\/v2\/product\/31648\/revisions"}],"predecessor-version":[{"id":31650,"href":"https:\/\/floristeriasantibella.com\/en\/wp-json\/wp\/v2\/product\/31648\/revisions\/31650"}],"wp:featuredmedia":[{"embeddable":true,"href":"https:\/\/floristeriasantibella.com\/en\/wp-json\/wp\/v2\/media\/31649"}],"wp:attachment":[{"href":"https:\/\/floristeriasantibella.com\/en\/wp-json\/wp\/v2\/media?parent=31648"}],"wp:term":[{"taxonomy":"product_brand","embeddable":true,"href":"https:\/\/floristeriasantibella.com\/en\/wp-json\/wp\/v2\/product_brand?post=31648"},{"taxonomy":"product_cat","embeddable":true,"href":"https:\/\/floristeriasantibella.com\/en\/wp-json\/wp\/v2\/product_cat?post=31648"},{"taxonomy":"product_tag","embeddable":true,"href":"https:\/\/floristeriasantibella.com\/en\/wp-json\/wp\/v2\/product_tag?post=31648"}],"curies":[{"name":"wp","href":"https:\/\/api.w.org\/{rel}","templated":true}]}}