{"id":31728,"date":"2026-04-21T12:53:01","date_gmt":"2026-04-21T12:53:01","guid":{"rendered":"https:\/\/floristeriasantibella.com\/?post_type=product&#038;p=31728"},"modified":"2026-04-21T12:57:52","modified_gmt":"2026-04-21T12:57:52","slug":"ramo-de-rosas-rosadas-y-blancas-dia-de-la-madre","status":"publish","type":"product","link":"https:\/\/floristeriasantibella.com\/en\/product\/ramo-de-rosas-rosadas-y-blancas-dia-de-la-madre\/","title":{"rendered":"Ramo de Rosas Rosadas y Blancas D\u00eda de la Madre"},"content":{"rendered":"<p>Celebra el amor m\u00e1s grande con este hermoso ramo de 72 rosas rosadas y blancas, dise\u00f1ado especialmente para sorprender en el D\u00eda de la Madre con un detalle elegante, delicado y lleno de ternura. Su combinaci\u00f3n de tonos suaves transmite amor, gratitud, admiraci\u00f3n y dulzura, convirti\u00e9ndolo en un regalo perfecto para homenajear a mam\u00e1 en su d\u00eda.<\/p>\n<p>Realizamos <strong data-start=\"982\" data-end=\"1026\">domicilios en Medell\u00edn y Valle de Aburr\u00e1<\/strong>, para que puedas enviar este hermoso detalle a mam\u00e1 y sorprenderla con amor, aun cuando est\u00e9s lejos.<\/p>","protected":false},"excerpt":{"rendered":"<p>Hermoso ramo de 72 rosas rosadas y blancas, ideal para sorprender a mam\u00e1 con un detalle elegante, delicado y lleno de amor. Elaborado con flores naturales. Domicilios en Medell\u00edn y Valle de Aburr\u00e1.<\/p>","protected":false},"featured_media":32077,"comment_status":"open","ping_status":"closed","template":"","meta":[],"product_brand":[],"product_cat":[76,75],"product_tag":[],"class_list":{"0":"post-31728","1":"product","2":"type-product","3":"status-publish","4":"has-post-thumbnail","6":"product_cat-dia-de-la-madre","7":"product_cat-fechas-especiales","9":"first","10":"instock","11":"shipping-taxable","12":"purchasable","13":"product-type-simple"},"yoast_head":"<!-- This site is optimized with the Yoast SEO plugin v25.3.1 - https:\/\/yoast.com\/wordpress\/plugins\/seo\/ -->\n<title>Ramo de Rosas Rosadas y Blancas D\u00eda de la Madre - Floristeria Santibella<\/title>\n<meta name=\"description\" content=\"Ramo de rosas 72 rosadas y blancas para el D\u00eda de la Madre, elegante y delicado, ideal para sorprender a mam\u00e1. Domicilios en Medell\u00edn y Valle de Aburr\u00e1.\" \/>\n<meta name=\"robots\" content=\"index, follow, max-snippet:-1, max-image-preview:large, max-video-preview:-1\" \/>\n<link rel=\"canonical\" href=\"https:\/\/floristeriasantibella.com\/en\/product\/ramo-de-rosas-rosadas-y-blancas-dia-de-la-madre\/\" \/>\n<meta property=\"og:locale\" content=\"en_US\" \/>\n<meta property=\"og:type\" content=\"article\" \/>\n<meta property=\"og:title\" content=\"Ramo de Rosas Rosadas y Blancas D\u00eda de la Madre - Floristeria Santibella\" \/>\n<meta property=\"og:description\" content=\"Ramo de rosas 72 rosadas y blancas para el D\u00eda de la Madre, elegante y delicado, ideal para sorprender a mam\u00e1. Domicilios en Medell\u00edn y Valle de Aburr\u00e1.\" \/>\n<meta property=\"og:url\" content=\"https:\/\/floristeriasantibella.com\/en\/product\/ramo-de-rosas-rosadas-y-blancas-dia-de-la-madre\/\" \/>\n<meta property=\"og:site_name\" content=\"Floristeria Santibella\" \/>\n<meta property=\"article:modified_time\" content=\"2026-04-21T12:57:52+00:00\" \/>\n<meta property=\"og:image\" content=\"https:\/\/floristeriasantibella.com\/wp-content\/uploads\/2026\/04\/Floristeria-9.jpg\" \/>\n\t<meta property=\"og:image:width\" content=\"500\" \/>\n\t<meta property=\"og:image:height\" content=\"500\" \/>\n\t<meta property=\"og:image:type\" content=\"image\/jpeg\" \/>\n<meta name=\"twitter:card\" content=\"summary_large_image\" \/>\n<meta name=\"twitter:label1\" content=\"Est. reading time\" \/>\n\t<meta name=\"twitter:data1\" content=\"1 minute\" \/>\n<script type=\"application\/ld+json\" class=\"yoast-schema-graph\">{\"@context\":\"https:\/\/schema.org\",\"@graph\":[{\"@type\":\"WebPage\",\"@id\":\"https:\/\/floristeriasantibella.com\/producto\/ramo-de-rosas-rosadas-y-blancas-dia-de-la-madre\/\",\"url\":\"https:\/\/floristeriasantibella.com\/producto\/ramo-de-rosas-rosadas-y-blancas-dia-de-la-madre\/\",\"name\":\"Ramo de Rosas Rosadas y Blancas D\u00eda de la Madre - Floristeria Santibella\",\"isPartOf\":{\"@id\":\"https:\/\/floristeriasantibella.com\/#website\"},\"primaryImageOfPage\":{\"@id\":\"https:\/\/floristeriasantibella.com\/producto\/ramo-de-rosas-rosadas-y-blancas-dia-de-la-madre\/#primaryimage\"},\"image\":{\"@id\":\"https:\/\/floristeriasantibella.com\/producto\/ramo-de-rosas-rosadas-y-blancas-dia-de-la-madre\/#primaryimage\"},\"thumbnailUrl\":\"https:\/\/floristeriasantibella.com\/wp-content\/uploads\/2026\/04\/Floristeria-9.jpg\",\"datePublished\":\"2026-04-21T12:53:01+00:00\",\"dateModified\":\"2026-04-21T12:57:52+00:00\",\"description\":\"Ramo de rosas 72 rosadas y blancas para el D\u00eda de la Madre, elegante y delicado, ideal para sorprender a mam\u00e1. Domicilios en Medell\u00edn y Valle de Aburr\u00e1.\",\"breadcrumb\":{\"@id\":\"https:\/\/floristeriasantibella.com\/producto\/ramo-de-rosas-rosadas-y-blancas-dia-de-la-madre\/#breadcrumb\"},\"inLanguage\":\"en-US\",\"potentialAction\":[{\"@type\":\"ReadAction\",\"target\":[\"https:\/\/floristeriasantibella.com\/producto\/ramo-de-rosas-rosadas-y-blancas-dia-de-la-madre\/\"]}]},{\"@type\":\"ImageObject\",\"inLanguage\":\"en-US\",\"@id\":\"https:\/\/floristeriasantibella.com\/producto\/ramo-de-rosas-rosadas-y-blancas-dia-de-la-madre\/#primaryimage\",\"url\":\"https:\/\/floristeriasantibella.com\/wp-content\/uploads\/2026\/04\/Floristeria-9.jpg\",\"contentUrl\":\"https:\/\/floristeriasantibella.com\/wp-content\/uploads\/2026\/04\/Floristeria-9.jpg\",\"width\":500,\"height\":500},{\"@type\":\"BreadcrumbList\",\"@id\":\"https:\/\/floristeriasantibella.com\/producto\/ramo-de-rosas-rosadas-y-blancas-dia-de-la-madre\/#breadcrumb\",\"itemListElement\":[{\"@type\":\"ListItem\",\"position\":1,\"name\":\"Home\",\"item\":\"https:\/\/floristeriasantibella.com\/\"},{\"@type\":\"ListItem\",\"position\":2,\"name\":\"Tienda\",\"item\":\"https:\/\/floristeriasantibella.com\/tienda\/\"},{\"@type\":\"ListItem\",\"position\":3,\"name\":\"Ramo de Rosas Rosadas y Blancas D\u00eda de la Madre\"}]},{\"@type\":\"WebSite\",\"@id\":\"https:\/\/floristeriasantibella.com\/#website\",\"url\":\"https:\/\/floristeriasantibella.com\/\",\"name\":\"Floristeria Santibella\",\"description\":\"Env\u00eda flores a Medell\u00edn desde cualquier parte del mundo. Entregas r\u00e1pidas, dise\u00f1os personalizados y atenci\u00f3n de calidad. \u00a1Compra ahora online!\",\"publisher\":{\"@id\":\"https:\/\/floristeriasantibella.com\/#organization\"},\"potentialAction\":[{\"@type\":\"SearchAction\",\"target\":{\"@type\":\"EntryPoint\",\"urlTemplate\":\"https:\/\/floristeriasantibella.com\/?s={search_term_string}\"},\"query-input\":{\"@type\":\"PropertyValueSpecification\",\"valueRequired\":true,\"valueName\":\"search_term_string\"}}],\"inLanguage\":\"en-US\"},{\"@type\":\"Organization\",\"@id\":\"https:\/\/floristeriasantibella.com\/#organization\",\"name\":\"Floristeria Santibella\",\"url\":\"https:\/\/floristeriasantibella.com\/\",\"logo\":{\"@type\":\"ImageObject\",\"inLanguage\":\"en-US\",\"@id\":\"https:\/\/floristeriasantibella.com\/#\/schema\/logo\/image\/\",\"url\":\"http:\/\/floristeriasantibella.com\/wp-content\/uploads\/2025\/07\/LOGO-SANTIBELLA-03.png\",\"contentUrl\":\"http:\/\/floristeriasantibella.com\/wp-content\/uploads\/2025\/07\/LOGO-SANTIBELLA-03.png\",\"width\":1080,\"height\":1080,\"caption\":\"Floristeria Santibella\"},\"image\":{\"@id\":\"https:\/\/floristeriasantibella.com\/#\/schema\/logo\/image\/\"}}]}<\/script>\n<!-- \/ Yoast SEO plugin. -->","yoast_head_json":{"title":"Ramo de Rosas Rosadas y Blancas D\u00eda de la Madre - Floristeria Santibella","description":"Ramo de rosas 72 rosadas y blancas para el D\u00eda de la Madre, elegante y delicado, ideal para sorprender a mam\u00e1. Domicilios en Medell\u00edn y Valle de Aburr\u00e1.","robots":{"index":"index","follow":"follow","max-snippet":"max-snippet:-1","max-image-preview":"max-image-preview:large","max-video-preview":"max-video-preview:-1"},"canonical":"https:\/\/floristeriasantibella.com\/en\/product\/ramo-de-rosas-rosadas-y-blancas-dia-de-la-madre\/","og_locale":"en_US","og_type":"article","og_title":"Ramo de Rosas Rosadas y Blancas D\u00eda de la Madre - Floristeria Santibella","og_description":"Ramo de rosas 72 rosadas y blancas para el D\u00eda de la Madre, elegante y delicado, ideal para sorprender a mam\u00e1. Domicilios en Medell\u00edn y Valle de Aburr\u00e1.","og_url":"https:\/\/floristeriasantibella.com\/en\/product\/ramo-de-rosas-rosadas-y-blancas-dia-de-la-madre\/","og_site_name":"Floristeria Santibella","article_modified_time":"2026-04-21T12:57:52+00:00","og_image":[{"width":500,"height":500,"url":"https:\/\/floristeriasantibella.com\/wp-content\/uploads\/2026\/04\/Floristeria-9.jpg","type":"image\/jpeg"}],"twitter_card":"summary_large_image","twitter_misc":{"Est. reading time":"1 minute"},"schema":{"@context":"https:\/\/schema.org","@graph":[{"@type":"WebPage","@id":"https:\/\/floristeriasantibella.com\/producto\/ramo-de-rosas-rosadas-y-blancas-dia-de-la-madre\/","url":"https:\/\/floristeriasantibella.com\/producto\/ramo-de-rosas-rosadas-y-blancas-dia-de-la-madre\/","name":"Ramo de Rosas Rosadas y Blancas D\u00eda de la Madre - Floristeria Santibella","isPartOf":{"@id":"https:\/\/floristeriasantibella.com\/#website"},"primaryImageOfPage":{"@id":"https:\/\/floristeriasantibella.com\/producto\/ramo-de-rosas-rosadas-y-blancas-dia-de-la-madre\/#primaryimage"},"image":{"@id":"https:\/\/floristeriasantibella.com\/producto\/ramo-de-rosas-rosadas-y-blancas-dia-de-la-madre\/#primaryimage"},"thumbnailUrl":"https:\/\/floristeriasantibella.com\/wp-content\/uploads\/2026\/04\/Floristeria-9.jpg","datePublished":"2026-04-21T12:53:01+00:00","dateModified":"2026-04-21T12:57:52+00:00","description":"Ramo de rosas 72 rosadas y blancas para el D\u00eda de la Madre, elegante y delicado, ideal para sorprender a mam\u00e1. Domicilios en Medell\u00edn y Valle de Aburr\u00e1.","breadcrumb":{"@id":"https:\/\/floristeriasantibella.com\/producto\/ramo-de-rosas-rosadas-y-blancas-dia-de-la-madre\/#breadcrumb"},"inLanguage":"en-US","potentialAction":[{"@type":"ReadAction","target":["https:\/\/floristeriasantibella.com\/producto\/ramo-de-rosas-rosadas-y-blancas-dia-de-la-madre\/"]}]},{"@type":"ImageObject","inLanguage":"en-US","@id":"https:\/\/floristeriasantibella.com\/producto\/ramo-de-rosas-rosadas-y-blancas-dia-de-la-madre\/#primaryimage","url":"https:\/\/floristeriasantibella.com\/wp-content\/uploads\/2026\/04\/Floristeria-9.jpg","contentUrl":"https:\/\/floristeriasantibella.com\/wp-content\/uploads\/2026\/04\/Floristeria-9.jpg","width":500,"height":500},{"@type":"BreadcrumbList","@id":"https:\/\/floristeriasantibella.com\/producto\/ramo-de-rosas-rosadas-y-blancas-dia-de-la-madre\/#breadcrumb","itemListElement":[{"@type":"ListItem","position":1,"name":"Home","item":"https:\/\/floristeriasantibella.com\/"},{"@type":"ListItem","position":2,"name":"Tienda","item":"https:\/\/floristeriasantibella.com\/tienda\/"},{"@type":"ListItem","position":3,"name":"Ramo de Rosas Rosadas y Blancas D\u00eda de la Madre"}]},{"@type":"WebSite","@id":"https:\/\/floristeriasantibella.com\/#website","url":"https:\/\/floristeriasantibella.com\/","name":"Floristeria Santibella","description":"Env\u00eda flores a Medell\u00edn desde cualquier parte del mundo. Entregas r\u00e1pidas, dise\u00f1os personalizados y atenci\u00f3n de calidad. \u00a1Compra ahora online!","publisher":{"@id":"https:\/\/floristeriasantibella.com\/#organization"},"potentialAction":[{"@type":"SearchAction","target":{"@type":"EntryPoint","urlTemplate":"https:\/\/floristeriasantibella.com\/?s={search_term_string}"},"query-input":{"@type":"PropertyValueSpecification","valueRequired":true,"valueName":"search_term_string"}}],"inLanguage":"en-US"},{"@type":"Organization","@id":"https:\/\/floristeriasantibella.com\/#organization","name":"Floristeria Santibella","url":"https:\/\/floristeriasantibella.com\/","logo":{"@type":"ImageObject","inLanguage":"en-US","@id":"https:\/\/floristeriasantibella.com\/#\/schema\/logo\/image\/","url":"http:\/\/floristeriasantibella.com\/wp-content\/uploads\/2025\/07\/LOGO-SANTIBELLA-03.png","contentUrl":"http:\/\/floristeriasantibella.com\/wp-content\/uploads\/2025\/07\/LOGO-SANTIBELLA-03.png","width":1080,"height":1080,"caption":"Floristeria Santibella"},"image":{"@id":"https:\/\/floristeriasantibella.com\/#\/schema\/logo\/image\/"}}]}},"jetpack_sharing_enabled":true,"_links":{"self":[{"href":"https:\/\/floristeriasantibella.com\/en\/wp-json\/wp\/v2\/product\/31728","targetHints":{"allow":["GET"]}}],"collection":[{"href":"https:\/\/floristeriasantibella.com\/en\/wp-json\/wp\/v2\/product"}],"about":[{"href":"https:\/\/floristeriasantibella.com\/en\/wp-json\/wp\/v2\/types\/product"}],"replies":[{"embeddable":true,"href":"https:\/\/floristeriasantibella.com\/en\/wp-json\/wp\/v2\/comments?post=31728"}],"version-history":[{"count":1,"href":"https:\/\/floristeriasantibella.com\/en\/wp-json\/wp\/v2\/product\/31728\/revisions"}],"predecessor-version":[{"id":32076,"href":"https:\/\/floristeriasantibella.com\/en\/wp-json\/wp\/v2\/product\/31728\/revisions\/32076"}],"wp:featuredmedia":[{"embeddable":true,"href":"https:\/\/floristeriasantibella.com\/en\/wp-json\/wp\/v2\/media\/32077"}],"wp:attachment":[{"href":"https:\/\/floristeriasantibella.com\/en\/wp-json\/wp\/v2\/media?parent=31728"}],"wp:term":[{"taxonomy":"product_brand","embeddable":true,"href":"https:\/\/floristeriasantibella.com\/en\/wp-json\/wp\/v2\/product_brand?post=31728"},{"taxonomy":"product_cat","embeddable":true,"href":"https:\/\/floristeriasantibella.com\/en\/wp-json\/wp\/v2\/product_cat?post=31728"},{"taxonomy":"product_tag","embeddable":true,"href":"https:\/\/floristeriasantibella.com\/en\/wp-json\/wp\/v2\/product_tag?post=31728"}],"curies":[{"name":"wp","href":"https:\/\/api.w.org\/{rel}","templated":true}]}}