{"id":31730,"date":"2026-02-09T10:56:04","date_gmt":"2026-02-09T10:56:04","guid":{"rendered":"https:\/\/floristeriasantibella.com\/?post_type=product&#038;p=31730"},"modified":"2026-02-09T10:56:04","modified_gmt":"2026-02-09T10:56:04","slug":"peluche-rosas-cake-peluche-50-cm-12-rosas-cake-con-corazones-2","status":"publish","type":"product","link":"https:\/\/floristeriasantibella.com\/en\/product\/peluche-rosas-cake-peluche-50-cm-12-rosas-cake-con-corazones-2\/","title":{"rendered":"Peluche 50 cm + Docena de Rosas + Cake con Corazones"},"content":{"rendered":"<p data-start=\"1368\" data-end=\"1678\">Sorprende con un detalle que lo tiene todo: ternura, romance y un toque delicioso. Nuestro combo <strong data-start=\"1465\" data-end=\"1530\">peluche 50 cm + docena de rosas + cake decorado con corazones<\/strong> es una opci\u00f3n perfecta para celebrar <strong data-start=\"1568\" data-end=\"1584\">San Valent\u00edn<\/strong> y cualquier ocasi\u00f3n especial en la que quieras decir \u201cte amo\u201d, \u201cte extra\u00f1o\u201d o \u201cpienso en ti\u201d.<\/p>\n<p data-start=\"1680\" data-end=\"2058\">Este regalo incluye un <strong data-start=\"1703\" data-end=\"1730\">peluche grande de 50 cm<\/strong>, suave y adorable, ideal para abrazar y conservar como recuerdo. Viene acompa\u00f1ado de una <strong data-start=\"1820\" data-end=\"1861\">docena de rosas frescas (12 unidades)<\/strong>, seleccionadas para lograr un arreglo elegante y rom\u00e1ntico. Para completar la experiencia, sumamos un <strong data-start=\"1964\" data-end=\"1995\">cake decorado con corazones<\/strong>, pensado para endulzar el momento y hacerlo a\u00fan m\u00e1s memorable.<\/p>\n<p data-start=\"1680\" data-end=\"2058\">Domicilios en Medellin y Valle de Aburra<\/p>","protected":false},"excerpt":{"rendered":"<p>Un regalo que enamora: <strong data-start=\"1119\" data-end=\"1139\">peluche de 50 cm<\/strong>, <strong data-start=\"1141\" data-end=\"1168\">docena de rosas frescas<\/strong> y <strong data-start=\"1171\" data-end=\"1202\">cake decorado con corazones<\/strong>. Ideal para <strong data-start=\"1215\" data-end=\"1231\">San Valent\u00edn<\/strong> y momentos especiales, con <strong data-start=\"1259\" data-end=\"1302\">domicilio en Medell\u00edn y Valle de Aburr\u00e1<\/strong>.<\/p>","protected":false},"featured_media":31729,"comment_status":"open","ping_status":"closed","template":"","meta":[],"product_brand":[],"product_cat":[122,73,74,76,77,75,72,78],"product_tag":[],"class_list":{"0":"post-31730","1":"product","2":"type-product","3":"status-publish","4":"has-post-thumbnail","6":"product_cat-amor-y-amistad","7":"product_cat-amor-y-aniversario","8":"product_cat-cumpleanos","9":"product_cat-dia-de-la-madre","10":"product_cat-dia-de-la-mujer","11":"product_cat-fechas-especiales","12":"product_cat-ocasiones","13":"product_cat-san-valentin","15":"first","16":"instock","17":"shipping-taxable","18":"purchasable","19":"product-type-simple"},"yoast_head":"<!-- This site is optimized with the Yoast SEO plugin v25.3.1 - https:\/\/yoast.com\/wordpress\/plugins\/seo\/ -->\n<title>Peluche 50 cm + Docena de Rosas + Cake con Corazones - Floristeria Santibella<\/title>\n<meta name=\"description\" content=\"Peluche rosas cake: peluche de 50 cm, docena de rosas frescas y cake decorado con corazones. Domicilio en Medell\u00edn y Valle de Aburr\u00e1.\" \/>\n<meta name=\"robots\" content=\"index, follow, max-snippet:-1, max-image-preview:large, max-video-preview:-1\" \/>\n<link rel=\"canonical\" href=\"https:\/\/floristeriasantibella.com\/en\/product\/peluche-rosas-cake-peluche-50-cm-12-rosas-cake-con-corazones-2\/\" \/>\n<meta property=\"og:locale\" content=\"en_US\" \/>\n<meta property=\"og:type\" content=\"article\" \/>\n<meta property=\"og:title\" content=\"Peluche 50 cm + Docena de Rosas + Cake con Corazones - Floristeria Santibella\" \/>\n<meta property=\"og:description\" content=\"Peluche rosas cake: peluche de 50 cm, docena de rosas frescas y cake decorado con corazones. Domicilio en Medell\u00edn y Valle de Aburr\u00e1.\" \/>\n<meta property=\"og:url\" content=\"https:\/\/floristeriasantibella.com\/en\/product\/peluche-rosas-cake-peluche-50-cm-12-rosas-cake-con-corazones-2\/\" \/>\n<meta property=\"og:site_name\" content=\"Floristeria Santibella\" \/>\n<meta property=\"og:image\" content=\"https:\/\/floristeriasantibella.com\/wp-content\/uploads\/2026\/02\/Floristeria-34.jpg\" \/>\n\t<meta property=\"og:image:width\" content=\"500\" \/>\n\t<meta property=\"og:image:height\" content=\"500\" \/>\n\t<meta property=\"og:image:type\" content=\"image\/jpeg\" \/>\n<meta name=\"twitter:card\" content=\"summary_large_image\" \/>\n<meta name=\"twitter:label1\" content=\"Est. reading time\" \/>\n\t<meta name=\"twitter:data1\" content=\"1 minute\" \/>\n<script type=\"application\/ld+json\" class=\"yoast-schema-graph\">{\"@context\":\"https:\/\/schema.org\",\"@graph\":[{\"@type\":\"WebPage\",\"@id\":\"https:\/\/floristeriasantibella.com\/producto\/peluche-rosas-cake-peluche-50-cm-12-rosas-cake-con-corazones-2\/\",\"url\":\"https:\/\/floristeriasantibella.com\/producto\/peluche-rosas-cake-peluche-50-cm-12-rosas-cake-con-corazones-2\/\",\"name\":\"Peluche 50 cm + Docena de Rosas + Cake con Corazones - Floristeria Santibella\",\"isPartOf\":{\"@id\":\"https:\/\/floristeriasantibella.com\/#website\"},\"primaryImageOfPage\":{\"@id\":\"https:\/\/floristeriasantibella.com\/producto\/peluche-rosas-cake-peluche-50-cm-12-rosas-cake-con-corazones-2\/#primaryimage\"},\"image\":{\"@id\":\"https:\/\/floristeriasantibella.com\/producto\/peluche-rosas-cake-peluche-50-cm-12-rosas-cake-con-corazones-2\/#primaryimage\"},\"thumbnailUrl\":\"https:\/\/floristeriasantibella.com\/wp-content\/uploads\/2026\/02\/Floristeria-34.jpg\",\"datePublished\":\"2026-02-09T10:56:04+00:00\",\"description\":\"Peluche rosas cake: peluche de 50 cm, docena de rosas frescas y cake decorado con corazones. Domicilio en Medell\u00edn y Valle de Aburr\u00e1.\",\"breadcrumb\":{\"@id\":\"https:\/\/floristeriasantibella.com\/producto\/peluche-rosas-cake-peluche-50-cm-12-rosas-cake-con-corazones-2\/#breadcrumb\"},\"inLanguage\":\"en-US\",\"potentialAction\":[{\"@type\":\"ReadAction\",\"target\":[\"https:\/\/floristeriasantibella.com\/producto\/peluche-rosas-cake-peluche-50-cm-12-rosas-cake-con-corazones-2\/\"]}]},{\"@type\":\"ImageObject\",\"inLanguage\":\"en-US\",\"@id\":\"https:\/\/floristeriasantibella.com\/producto\/peluche-rosas-cake-peluche-50-cm-12-rosas-cake-con-corazones-2\/#primaryimage\",\"url\":\"https:\/\/floristeriasantibella.com\/wp-content\/uploads\/2026\/02\/Floristeria-34.jpg\",\"contentUrl\":\"https:\/\/floristeriasantibella.com\/wp-content\/uploads\/2026\/02\/Floristeria-34.jpg\",\"width\":500,\"height\":500},{\"@type\":\"BreadcrumbList\",\"@id\":\"https:\/\/floristeriasantibella.com\/producto\/peluche-rosas-cake-peluche-50-cm-12-rosas-cake-con-corazones-2\/#breadcrumb\",\"itemListElement\":[{\"@type\":\"ListItem\",\"position\":1,\"name\":\"Home\",\"item\":\"https:\/\/floristeriasantibella.com\/\"},{\"@type\":\"ListItem\",\"position\":2,\"name\":\"Tienda\",\"item\":\"https:\/\/floristeriasantibella.com\/tienda\/\"},{\"@type\":\"ListItem\",\"position\":3,\"name\":\"Peluche 50 cm + Docena de Rosas + Cake con Corazones\"}]},{\"@type\":\"WebSite\",\"@id\":\"https:\/\/floristeriasantibella.com\/#website\",\"url\":\"https:\/\/floristeriasantibella.com\/\",\"name\":\"Floristeria Santibella\",\"description\":\"Env\u00eda flores a Medell\u00edn desde cualquier parte del mundo. Entregas r\u00e1pidas, dise\u00f1os personalizados y atenci\u00f3n de calidad. \u00a1Compra ahora online!\",\"publisher\":{\"@id\":\"https:\/\/floristeriasantibella.com\/#organization\"},\"potentialAction\":[{\"@type\":\"SearchAction\",\"target\":{\"@type\":\"EntryPoint\",\"urlTemplate\":\"https:\/\/floristeriasantibella.com\/?s={search_term_string}\"},\"query-input\":{\"@type\":\"PropertyValueSpecification\",\"valueRequired\":true,\"valueName\":\"search_term_string\"}}],\"inLanguage\":\"en-US\"},{\"@type\":\"Organization\",\"@id\":\"https:\/\/floristeriasantibella.com\/#organization\",\"name\":\"Floristeria Santibella\",\"url\":\"https:\/\/floristeriasantibella.com\/\",\"logo\":{\"@type\":\"ImageObject\",\"inLanguage\":\"en-US\",\"@id\":\"https:\/\/floristeriasantibella.com\/#\/schema\/logo\/image\/\",\"url\":\"http:\/\/floristeriasantibella.com\/wp-content\/uploads\/2025\/07\/LOGO-SANTIBELLA-03.png\",\"contentUrl\":\"http:\/\/floristeriasantibella.com\/wp-content\/uploads\/2025\/07\/LOGO-SANTIBELLA-03.png\",\"width\":1080,\"height\":1080,\"caption\":\"Floristeria Santibella\"},\"image\":{\"@id\":\"https:\/\/floristeriasantibella.com\/#\/schema\/logo\/image\/\"}}]}<\/script>\n<!-- \/ Yoast SEO plugin. -->","yoast_head_json":{"title":"Peluche 50 cm + Docena de Rosas + Cake con Corazones - Floristeria Santibella","description":"Peluche rosas cake: peluche de 50 cm, docena de rosas frescas y cake decorado con corazones. Domicilio en Medell\u00edn y Valle de Aburr\u00e1.","robots":{"index":"index","follow":"follow","max-snippet":"max-snippet:-1","max-image-preview":"max-image-preview:large","max-video-preview":"max-video-preview:-1"},"canonical":"https:\/\/floristeriasantibella.com\/en\/product\/peluche-rosas-cake-peluche-50-cm-12-rosas-cake-con-corazones-2\/","og_locale":"en_US","og_type":"article","og_title":"Peluche 50 cm + Docena de Rosas + Cake con Corazones - Floristeria Santibella","og_description":"Peluche rosas cake: peluche de 50 cm, docena de rosas frescas y cake decorado con corazones. Domicilio en Medell\u00edn y Valle de Aburr\u00e1.","og_url":"https:\/\/floristeriasantibella.com\/en\/product\/peluche-rosas-cake-peluche-50-cm-12-rosas-cake-con-corazones-2\/","og_site_name":"Floristeria Santibella","og_image":[{"width":500,"height":500,"url":"https:\/\/floristeriasantibella.com\/wp-content\/uploads\/2026\/02\/Floristeria-34.jpg","type":"image\/jpeg"}],"twitter_card":"summary_large_image","twitter_misc":{"Est. reading time":"1 minute"},"schema":{"@context":"https:\/\/schema.org","@graph":[{"@type":"WebPage","@id":"https:\/\/floristeriasantibella.com\/producto\/peluche-rosas-cake-peluche-50-cm-12-rosas-cake-con-corazones-2\/","url":"https:\/\/floristeriasantibella.com\/producto\/peluche-rosas-cake-peluche-50-cm-12-rosas-cake-con-corazones-2\/","name":"Peluche 50 cm + Docena de Rosas + Cake con Corazones - Floristeria Santibella","isPartOf":{"@id":"https:\/\/floristeriasantibella.com\/#website"},"primaryImageOfPage":{"@id":"https:\/\/floristeriasantibella.com\/producto\/peluche-rosas-cake-peluche-50-cm-12-rosas-cake-con-corazones-2\/#primaryimage"},"image":{"@id":"https:\/\/floristeriasantibella.com\/producto\/peluche-rosas-cake-peluche-50-cm-12-rosas-cake-con-corazones-2\/#primaryimage"},"thumbnailUrl":"https:\/\/floristeriasantibella.com\/wp-content\/uploads\/2026\/02\/Floristeria-34.jpg","datePublished":"2026-02-09T10:56:04+00:00","description":"Peluche rosas cake: peluche de 50 cm, docena de rosas frescas y cake decorado con corazones. Domicilio en Medell\u00edn y Valle de Aburr\u00e1.","breadcrumb":{"@id":"https:\/\/floristeriasantibella.com\/producto\/peluche-rosas-cake-peluche-50-cm-12-rosas-cake-con-corazones-2\/#breadcrumb"},"inLanguage":"en-US","potentialAction":[{"@type":"ReadAction","target":["https:\/\/floristeriasantibella.com\/producto\/peluche-rosas-cake-peluche-50-cm-12-rosas-cake-con-corazones-2\/"]}]},{"@type":"ImageObject","inLanguage":"en-US","@id":"https:\/\/floristeriasantibella.com\/producto\/peluche-rosas-cake-peluche-50-cm-12-rosas-cake-con-corazones-2\/#primaryimage","url":"https:\/\/floristeriasantibella.com\/wp-content\/uploads\/2026\/02\/Floristeria-34.jpg","contentUrl":"https:\/\/floristeriasantibella.com\/wp-content\/uploads\/2026\/02\/Floristeria-34.jpg","width":500,"height":500},{"@type":"BreadcrumbList","@id":"https:\/\/floristeriasantibella.com\/producto\/peluche-rosas-cake-peluche-50-cm-12-rosas-cake-con-corazones-2\/#breadcrumb","itemListElement":[{"@type":"ListItem","position":1,"name":"Home","item":"https:\/\/floristeriasantibella.com\/"},{"@type":"ListItem","position":2,"name":"Tienda","item":"https:\/\/floristeriasantibella.com\/tienda\/"},{"@type":"ListItem","position":3,"name":"Peluche 50 cm + Docena de Rosas + Cake con Corazones"}]},{"@type":"WebSite","@id":"https:\/\/floristeriasantibella.com\/#website","url":"https:\/\/floristeriasantibella.com\/","name":"Floristeria Santibella","description":"Env\u00eda flores a Medell\u00edn desde cualquier parte del mundo. Entregas r\u00e1pidas, dise\u00f1os personalizados y atenci\u00f3n de calidad. \u00a1Compra ahora online!","publisher":{"@id":"https:\/\/floristeriasantibella.com\/#organization"},"potentialAction":[{"@type":"SearchAction","target":{"@type":"EntryPoint","urlTemplate":"https:\/\/floristeriasantibella.com\/?s={search_term_string}"},"query-input":{"@type":"PropertyValueSpecification","valueRequired":true,"valueName":"search_term_string"}}],"inLanguage":"en-US"},{"@type":"Organization","@id":"https:\/\/floristeriasantibella.com\/#organization","name":"Floristeria Santibella","url":"https:\/\/floristeriasantibella.com\/","logo":{"@type":"ImageObject","inLanguage":"en-US","@id":"https:\/\/floristeriasantibella.com\/#\/schema\/logo\/image\/","url":"http:\/\/floristeriasantibella.com\/wp-content\/uploads\/2025\/07\/LOGO-SANTIBELLA-03.png","contentUrl":"http:\/\/floristeriasantibella.com\/wp-content\/uploads\/2025\/07\/LOGO-SANTIBELLA-03.png","width":1080,"height":1080,"caption":"Floristeria Santibella"},"image":{"@id":"https:\/\/floristeriasantibella.com\/#\/schema\/logo\/image\/"}}]}},"jetpack_sharing_enabled":true,"_links":{"self":[{"href":"https:\/\/floristeriasantibella.com\/en\/wp-json\/wp\/v2\/product\/31730","targetHints":{"allow":["GET"]}}],"collection":[{"href":"https:\/\/floristeriasantibella.com\/en\/wp-json\/wp\/v2\/product"}],"about":[{"href":"https:\/\/floristeriasantibella.com\/en\/wp-json\/wp\/v2\/types\/product"}],"replies":[{"embeddable":true,"href":"https:\/\/floristeriasantibella.com\/en\/wp-json\/wp\/v2\/comments?post=31730"}],"version-history":[{"count":2,"href":"https:\/\/floristeriasantibella.com\/en\/wp-json\/wp\/v2\/product\/31730\/revisions"}],"predecessor-version":[{"id":31732,"href":"https:\/\/floristeriasantibella.com\/en\/wp-json\/wp\/v2\/product\/31730\/revisions\/31732"}],"wp:featuredmedia":[{"embeddable":true,"href":"https:\/\/floristeriasantibella.com\/en\/wp-json\/wp\/v2\/media\/31729"}],"wp:attachment":[{"href":"https:\/\/floristeriasantibella.com\/en\/wp-json\/wp\/v2\/media?parent=31730"}],"wp:term":[{"taxonomy":"product_brand","embeddable":true,"href":"https:\/\/floristeriasantibella.com\/en\/wp-json\/wp\/v2\/product_brand?post=31730"},{"taxonomy":"product_cat","embeddable":true,"href":"https:\/\/floristeriasantibella.com\/en\/wp-json\/wp\/v2\/product_cat?post=31730"},{"taxonomy":"product_tag","embeddable":true,"href":"https:\/\/floristeriasantibella.com\/en\/wp-json\/wp\/v2\/product_tag?post=31730"}],"curies":[{"name":"wp","href":"https:\/\/api.w.org\/{rel}","templated":true}]}}