{"id":31883,"date":"2026-03-08T02:12:34","date_gmt":"2026-03-08T02:12:34","guid":{"rendered":"https:\/\/floristeriasantibella.com\/?post_type=product&#038;p=31883"},"modified":"2026-04-20T21:16:51","modified_gmt":"2026-04-20T21:16:51","slug":"ramo-de-girasoles-y-rosas-rosadas","status":"publish","type":"product","link":"https:\/\/floristeriasantibella.com\/en\/product\/ramo-de-girasoles-y-rosas-rosadas\/","title":{"rendered":"Ramo de Girasoles y Rosas Rosadas con Domicilio en Medell\u00edn"},"content":{"rendered":"<p data-start=\"393\" data-end=\"844\">Sorprende con este hermoso ramo de girasoles y rosas rosadas, un dise\u00f1o floral delicado, alegre y elegante, ideal para expresar amor, admiraci\u00f3n, gratitud o cari\u00f1o en una fecha especial. Su combinaci\u00f3n de tonos suaves y flores vibrantes crea una presentaci\u00f3n encantadora, perfecta para cumplea\u00f1os, aniversarios, celebraciones especiales o simplemente para alegrarle el d\u00eda a alguien importante.<\/p>\n<p data-start=\"393\" data-end=\"844\"><strong data-start=\"1007\" data-end=\"1074\">Realizamos domicilios en Medell\u00edn y en todo el Valle de Aburr\u00e1.<\/strong><\/p>","protected":false},"excerpt":{"rendered":"<p>Delicado ramo de girasoles y rosas rosadas, elaborado con flores naturales y una presentaci\u00f3n elegante. Ideal para sorprender en cumplea\u00f1os, aniversarios y ocasiones especiales. Disponible con domicilios en Medell\u00edn y Valle de Aburr\u00e1.<\/p>","protected":false},"featured_media":32032,"comment_status":"open","ping_status":"closed","template":"","meta":[],"product_brand":[],"product_cat":[122,73,74,76,77,75,72],"product_tag":[],"class_list":{"0":"post-31883","1":"product","2":"type-product","3":"status-publish","4":"has-post-thumbnail","6":"product_cat-amor-y-amistad","7":"product_cat-amor-y-aniversario","8":"product_cat-cumpleanos","9":"product_cat-dia-de-la-madre","10":"product_cat-dia-de-la-mujer","11":"product_cat-fechas-especiales","12":"product_cat-ocasiones","14":"first","15":"instock","16":"shipping-taxable","17":"purchasable","18":"product-type-simple"},"yoast_head":"<!-- This site is optimized with the Yoast SEO plugin v25.3.1 - https:\/\/yoast.com\/wordpress\/plugins\/seo\/ -->\n<title>Ramo de Girasoles y Rosas Rosadas con Domicilio en Medell\u00edn - Floristeria Santibella<\/title>\n<meta name=\"description\" content=\"Hermoso ramo de girasoles y rosas rosadas, delicado y elegante, ideal para sorprender en cualquier ocasi\u00f3n. Domicilios en Medell\u00edn y Valle de Aburr\u00e1.\" \/>\n<meta name=\"robots\" content=\"index, follow, max-snippet:-1, max-image-preview:large, max-video-preview:-1\" \/>\n<link rel=\"canonical\" href=\"https:\/\/floristeriasantibella.com\/en\/product\/ramo-de-girasoles-y-rosas-rosadas\/\" \/>\n<meta property=\"og:locale\" content=\"en_US\" \/>\n<meta property=\"og:type\" content=\"article\" \/>\n<meta property=\"og:title\" content=\"Ramo de Girasoles y Rosas Rosadas con Domicilio en Medell\u00edn - Floristeria Santibella\" \/>\n<meta property=\"og:description\" content=\"Hermoso ramo de girasoles y rosas rosadas, delicado y elegante, ideal para sorprender en cualquier ocasi\u00f3n. Domicilios en Medell\u00edn y Valle de Aburr\u00e1.\" \/>\n<meta property=\"og:url\" content=\"https:\/\/floristeriasantibella.com\/en\/product\/ramo-de-girasoles-y-rosas-rosadas\/\" \/>\n<meta property=\"og:site_name\" content=\"Floristeria Santibella\" \/>\n<meta property=\"article:modified_time\" content=\"2026-04-20T21:16:51+00:00\" \/>\n<meta property=\"og:image\" content=\"https:\/\/floristeriasantibella.com\/wp-content\/uploads\/2026\/03\/Floristeria-8.jpg\" \/>\n\t<meta property=\"og:image:width\" content=\"500\" \/>\n\t<meta property=\"og:image:height\" content=\"500\" \/>\n\t<meta property=\"og:image:type\" content=\"image\/jpeg\" \/>\n<meta name=\"twitter:card\" content=\"summary_large_image\" \/>\n<meta name=\"twitter:label1\" content=\"Est. reading time\" \/>\n\t<meta name=\"twitter:data1\" content=\"1 minute\" \/>\n<script type=\"application\/ld+json\" class=\"yoast-schema-graph\">{\"@context\":\"https:\/\/schema.org\",\"@graph\":[{\"@type\":\"WebPage\",\"@id\":\"https:\/\/floristeriasantibella.com\/producto\/ramo-de-girasoles-y-rosas-rosadas\/\",\"url\":\"https:\/\/floristeriasantibella.com\/producto\/ramo-de-girasoles-y-rosas-rosadas\/\",\"name\":\"Ramo de Girasoles y Rosas Rosadas con Domicilio en Medell\u00edn - Floristeria Santibella\",\"isPartOf\":{\"@id\":\"https:\/\/floristeriasantibella.com\/#website\"},\"primaryImageOfPage\":{\"@id\":\"https:\/\/floristeriasantibella.com\/producto\/ramo-de-girasoles-y-rosas-rosadas\/#primaryimage\"},\"image\":{\"@id\":\"https:\/\/floristeriasantibella.com\/producto\/ramo-de-girasoles-y-rosas-rosadas\/#primaryimage\"},\"thumbnailUrl\":\"https:\/\/floristeriasantibella.com\/wp-content\/uploads\/2026\/03\/Floristeria-8.jpg\",\"datePublished\":\"2026-03-08T02:12:34+00:00\",\"dateModified\":\"2026-04-20T21:16:51+00:00\",\"description\":\"Hermoso ramo de girasoles y rosas rosadas, delicado y elegante, ideal para sorprender en cualquier ocasi\u00f3n. Domicilios en Medell\u00edn y Valle de Aburr\u00e1.\",\"breadcrumb\":{\"@id\":\"https:\/\/floristeriasantibella.com\/producto\/ramo-de-girasoles-y-rosas-rosadas\/#breadcrumb\"},\"inLanguage\":\"en-US\",\"potentialAction\":[{\"@type\":\"ReadAction\",\"target\":[\"https:\/\/floristeriasantibella.com\/producto\/ramo-de-girasoles-y-rosas-rosadas\/\"]}]},{\"@type\":\"ImageObject\",\"inLanguage\":\"en-US\",\"@id\":\"https:\/\/floristeriasantibella.com\/producto\/ramo-de-girasoles-y-rosas-rosadas\/#primaryimage\",\"url\":\"https:\/\/floristeriasantibella.com\/wp-content\/uploads\/2026\/03\/Floristeria-8.jpg\",\"contentUrl\":\"https:\/\/floristeriasantibella.com\/wp-content\/uploads\/2026\/03\/Floristeria-8.jpg\",\"width\":500,\"height\":500},{\"@type\":\"BreadcrumbList\",\"@id\":\"https:\/\/floristeriasantibella.com\/producto\/ramo-de-girasoles-y-rosas-rosadas\/#breadcrumb\",\"itemListElement\":[{\"@type\":\"ListItem\",\"position\":1,\"name\":\"Home\",\"item\":\"https:\/\/floristeriasantibella.com\/\"},{\"@type\":\"ListItem\",\"position\":2,\"name\":\"Tienda\",\"item\":\"https:\/\/floristeriasantibella.com\/tienda\/\"},{\"@type\":\"ListItem\",\"position\":3,\"name\":\"Ramo de Girasoles y Rosas Rosadas con Domicilio en Medell\u00edn\"}]},{\"@type\":\"WebSite\",\"@id\":\"https:\/\/floristeriasantibella.com\/#website\",\"url\":\"https:\/\/floristeriasantibella.com\/\",\"name\":\"Floristeria Santibella\",\"description\":\"Env\u00eda flores a Medell\u00edn desde cualquier parte del mundo. Entregas r\u00e1pidas, dise\u00f1os personalizados y atenci\u00f3n de calidad. \u00a1Compra ahora online!\",\"publisher\":{\"@id\":\"https:\/\/floristeriasantibella.com\/#organization\"},\"potentialAction\":[{\"@type\":\"SearchAction\",\"target\":{\"@type\":\"EntryPoint\",\"urlTemplate\":\"https:\/\/floristeriasantibella.com\/?s={search_term_string}\"},\"query-input\":{\"@type\":\"PropertyValueSpecification\",\"valueRequired\":true,\"valueName\":\"search_term_string\"}}],\"inLanguage\":\"en-US\"},{\"@type\":\"Organization\",\"@id\":\"https:\/\/floristeriasantibella.com\/#organization\",\"name\":\"Floristeria Santibella\",\"url\":\"https:\/\/floristeriasantibella.com\/\",\"logo\":{\"@type\":\"ImageObject\",\"inLanguage\":\"en-US\",\"@id\":\"https:\/\/floristeriasantibella.com\/#\/schema\/logo\/image\/\",\"url\":\"http:\/\/floristeriasantibella.com\/wp-content\/uploads\/2025\/07\/LOGO-SANTIBELLA-03.png\",\"contentUrl\":\"http:\/\/floristeriasantibella.com\/wp-content\/uploads\/2025\/07\/LOGO-SANTIBELLA-03.png\",\"width\":1080,\"height\":1080,\"caption\":\"Floristeria Santibella\"},\"image\":{\"@id\":\"https:\/\/floristeriasantibella.com\/#\/schema\/logo\/image\/\"}}]}<\/script>\n<!-- \/ Yoast SEO plugin. -->","yoast_head_json":{"title":"Ramo de Girasoles y Rosas Rosadas con Domicilio en Medell\u00edn - Floristeria Santibella","description":"Hermoso ramo de girasoles y rosas rosadas, delicado y elegante, ideal para sorprender en cualquier ocasi\u00f3n. Domicilios en Medell\u00edn y Valle de Aburr\u00e1.","robots":{"index":"index","follow":"follow","max-snippet":"max-snippet:-1","max-image-preview":"max-image-preview:large","max-video-preview":"max-video-preview:-1"},"canonical":"https:\/\/floristeriasantibella.com\/en\/product\/ramo-de-girasoles-y-rosas-rosadas\/","og_locale":"en_US","og_type":"article","og_title":"Ramo de Girasoles y Rosas Rosadas con Domicilio en Medell\u00edn - Floristeria Santibella","og_description":"Hermoso ramo de girasoles y rosas rosadas, delicado y elegante, ideal para sorprender en cualquier ocasi\u00f3n. Domicilios en Medell\u00edn y Valle de Aburr\u00e1.","og_url":"https:\/\/floristeriasantibella.com\/en\/product\/ramo-de-girasoles-y-rosas-rosadas\/","og_site_name":"Floristeria Santibella","article_modified_time":"2026-04-20T21:16:51+00:00","og_image":[{"width":500,"height":500,"url":"https:\/\/floristeriasantibella.com\/wp-content\/uploads\/2026\/03\/Floristeria-8.jpg","type":"image\/jpeg"}],"twitter_card":"summary_large_image","twitter_misc":{"Est. reading time":"1 minute"},"schema":{"@context":"https:\/\/schema.org","@graph":[{"@type":"WebPage","@id":"https:\/\/floristeriasantibella.com\/producto\/ramo-de-girasoles-y-rosas-rosadas\/","url":"https:\/\/floristeriasantibella.com\/producto\/ramo-de-girasoles-y-rosas-rosadas\/","name":"Ramo de Girasoles y Rosas Rosadas con Domicilio en Medell\u00edn - Floristeria Santibella","isPartOf":{"@id":"https:\/\/floristeriasantibella.com\/#website"},"primaryImageOfPage":{"@id":"https:\/\/floristeriasantibella.com\/producto\/ramo-de-girasoles-y-rosas-rosadas\/#primaryimage"},"image":{"@id":"https:\/\/floristeriasantibella.com\/producto\/ramo-de-girasoles-y-rosas-rosadas\/#primaryimage"},"thumbnailUrl":"https:\/\/floristeriasantibella.com\/wp-content\/uploads\/2026\/03\/Floristeria-8.jpg","datePublished":"2026-03-08T02:12:34+00:00","dateModified":"2026-04-20T21:16:51+00:00","description":"Hermoso ramo de girasoles y rosas rosadas, delicado y elegante, ideal para sorprender en cualquier ocasi\u00f3n. Domicilios en Medell\u00edn y Valle de Aburr\u00e1.","breadcrumb":{"@id":"https:\/\/floristeriasantibella.com\/producto\/ramo-de-girasoles-y-rosas-rosadas\/#breadcrumb"},"inLanguage":"en-US","potentialAction":[{"@type":"ReadAction","target":["https:\/\/floristeriasantibella.com\/producto\/ramo-de-girasoles-y-rosas-rosadas\/"]}]},{"@type":"ImageObject","inLanguage":"en-US","@id":"https:\/\/floristeriasantibella.com\/producto\/ramo-de-girasoles-y-rosas-rosadas\/#primaryimage","url":"https:\/\/floristeriasantibella.com\/wp-content\/uploads\/2026\/03\/Floristeria-8.jpg","contentUrl":"https:\/\/floristeriasantibella.com\/wp-content\/uploads\/2026\/03\/Floristeria-8.jpg","width":500,"height":500},{"@type":"BreadcrumbList","@id":"https:\/\/floristeriasantibella.com\/producto\/ramo-de-girasoles-y-rosas-rosadas\/#breadcrumb","itemListElement":[{"@type":"ListItem","position":1,"name":"Home","item":"https:\/\/floristeriasantibella.com\/"},{"@type":"ListItem","position":2,"name":"Tienda","item":"https:\/\/floristeriasantibella.com\/tienda\/"},{"@type":"ListItem","position":3,"name":"Ramo de Girasoles y Rosas Rosadas con Domicilio en Medell\u00edn"}]},{"@type":"WebSite","@id":"https:\/\/floristeriasantibella.com\/#website","url":"https:\/\/floristeriasantibella.com\/","name":"Floristeria Santibella","description":"Env\u00eda flores a Medell\u00edn desde cualquier parte del mundo. Entregas r\u00e1pidas, dise\u00f1os personalizados y atenci\u00f3n de calidad. \u00a1Compra ahora online!","publisher":{"@id":"https:\/\/floristeriasantibella.com\/#organization"},"potentialAction":[{"@type":"SearchAction","target":{"@type":"EntryPoint","urlTemplate":"https:\/\/floristeriasantibella.com\/?s={search_term_string}"},"query-input":{"@type":"PropertyValueSpecification","valueRequired":true,"valueName":"search_term_string"}}],"inLanguage":"en-US"},{"@type":"Organization","@id":"https:\/\/floristeriasantibella.com\/#organization","name":"Floristeria Santibella","url":"https:\/\/floristeriasantibella.com\/","logo":{"@type":"ImageObject","inLanguage":"en-US","@id":"https:\/\/floristeriasantibella.com\/#\/schema\/logo\/image\/","url":"http:\/\/floristeriasantibella.com\/wp-content\/uploads\/2025\/07\/LOGO-SANTIBELLA-03.png","contentUrl":"http:\/\/floristeriasantibella.com\/wp-content\/uploads\/2025\/07\/LOGO-SANTIBELLA-03.png","width":1080,"height":1080,"caption":"Floristeria Santibella"},"image":{"@id":"https:\/\/floristeriasantibella.com\/#\/schema\/logo\/image\/"}}]}},"jetpack_sharing_enabled":true,"_links":{"self":[{"href":"https:\/\/floristeriasantibella.com\/en\/wp-json\/wp\/v2\/product\/31883","targetHints":{"allow":["GET"]}}],"collection":[{"href":"https:\/\/floristeriasantibella.com\/en\/wp-json\/wp\/v2\/product"}],"about":[{"href":"https:\/\/floristeriasantibella.com\/en\/wp-json\/wp\/v2\/types\/product"}],"replies":[{"embeddable":true,"href":"https:\/\/floristeriasantibella.com\/en\/wp-json\/wp\/v2\/comments?post=31883"}],"version-history":[{"count":3,"href":"https:\/\/floristeriasantibella.com\/en\/wp-json\/wp\/v2\/product\/31883\/revisions"}],"predecessor-version":[{"id":32033,"href":"https:\/\/floristeriasantibella.com\/en\/wp-json\/wp\/v2\/product\/31883\/revisions\/32033"}],"wp:featuredmedia":[{"embeddable":true,"href":"https:\/\/floristeriasantibella.com\/en\/wp-json\/wp\/v2\/media\/32032"}],"wp:attachment":[{"href":"https:\/\/floristeriasantibella.com\/en\/wp-json\/wp\/v2\/media?parent=31883"}],"wp:term":[{"taxonomy":"product_brand","embeddable":true,"href":"https:\/\/floristeriasantibella.com\/en\/wp-json\/wp\/v2\/product_brand?post=31883"},{"taxonomy":"product_cat","embeddable":true,"href":"https:\/\/floristeriasantibella.com\/en\/wp-json\/wp\/v2\/product_cat?post=31883"},{"taxonomy":"product_tag","embeddable":true,"href":"https:\/\/floristeriasantibella.com\/en\/wp-json\/wp\/v2\/product_tag?post=31883"}],"curies":[{"name":"wp","href":"https:\/\/api.w.org\/{rel}","templated":true}]}}