{"id":32058,"date":"2026-04-20T23:36:12","date_gmt":"2026-04-20T23:36:12","guid":{"rendered":"https:\/\/floristeriasantibella.com\/?post_type=product&#038;p=32058"},"modified":"2026-04-20T23:36:12","modified_gmt":"2026-04-20T23:36:12","slug":"ramo-para-grado-de-medicina","status":"publish","type":"product","link":"https:\/\/floristeriasantibella.com\/en\/product\/ramo-para-grado-de-medicina\/","title":{"rendered":"Ramo para grado de medicina"},"content":{"rendered":"<p>Sorprende con este impactante ramo de 100 rosas rojas personalizado, un dise\u00f1o floral elegante y significativo, ideal para celebrar logros, graduaciones y momentos especiales relacionados con la profesi\u00f3n m\u00e9dica. Su composici\u00f3n de rosas rojas naturales, acompa\u00f1ada de detalles decorativos en tonos blancos y negros, crea una presentaci\u00f3n sofisticada, emotiva y de gran impacto visual.<\/p>\n<p>Realizamos <strong data-start=\"985\" data-end=\"1029\">domicilios en Medell\u00edn y Valle de Aburr\u00e1<\/strong>, para que puedas enviar este hermoso ramo con confianza y sorprender a esa persona especial con un detalle lleno de elegancia, emoci\u00f3n y significado.<\/p>","protected":false},"excerpt":{"rendered":"<p>Hermoso ramo de 100 rosas rojas personalizado para doctor, ideal para grados, homenajes y celebraciones especiales. Domicilios en Medell\u00edn y Valle de Aburr\u00e1.<\/p>","protected":false},"featured_media":32059,"comment_status":"open","ping_status":"closed","template":"","meta":[],"product_brand":[],"product_cat":[97,72],"product_tag":[],"class_list":{"0":"post-32058","1":"product","2":"type-product","3":"status-publish","4":"has-post-thumbnail","6":"product_cat-grados","7":"product_cat-ocasiones","9":"first","10":"instock","11":"shipping-taxable","12":"purchasable","13":"product-type-simple"},"yoast_head":"<!-- This site is optimized with the Yoast SEO plugin v25.3.1 - https:\/\/yoast.com\/wordpress\/plugins\/seo\/ -->\n<title>Ramo para grado de medicina - Floristeria Santibella<\/title>\n<meta name=\"description\" content=\"Ramo de 100 rosas rojas personalizado para doctor, ideal para graduaciones y celebraciones especiales. Domicilios en Medell\u00edn y Valle de Aburr\u00e1.\" \/>\n<meta name=\"robots\" content=\"index, follow, max-snippet:-1, max-image-preview:large, max-video-preview:-1\" \/>\n<link rel=\"canonical\" href=\"https:\/\/floristeriasantibella.com\/en\/product\/ramo-para-grado-de-medicina\/\" \/>\n<meta property=\"og:locale\" content=\"en_US\" \/>\n<meta property=\"og:type\" content=\"article\" \/>\n<meta property=\"og:title\" content=\"Ramo para grado de medicina - Floristeria Santibella\" \/>\n<meta property=\"og:description\" content=\"Ramo de 100 rosas rojas personalizado para doctor, ideal para graduaciones y celebraciones especiales. Domicilios en Medell\u00edn y Valle de Aburr\u00e1.\" \/>\n<meta property=\"og:url\" content=\"https:\/\/floristeriasantibella.com\/en\/product\/ramo-para-grado-de-medicina\/\" \/>\n<meta property=\"og:site_name\" content=\"Floristeria Santibella\" \/>\n<meta property=\"og:image\" content=\"https:\/\/floristeriasantibella.com\/wp-content\/uploads\/2026\/04\/Floristeria-70.jpg\" \/>\n\t<meta property=\"og:image:width\" content=\"500\" \/>\n\t<meta property=\"og:image:height\" content=\"500\" \/>\n\t<meta property=\"og:image:type\" content=\"image\/jpeg\" \/>\n<meta name=\"twitter:card\" content=\"summary_large_image\" \/>\n<meta name=\"twitter:label1\" content=\"Est. reading time\" \/>\n\t<meta name=\"twitter:data1\" content=\"1 minute\" \/>\n<script type=\"application\/ld+json\" class=\"yoast-schema-graph\">{\"@context\":\"https:\/\/schema.org\",\"@graph\":[{\"@type\":\"WebPage\",\"@id\":\"https:\/\/floristeriasantibella.com\/producto\/ramo-para-grado-de-medicina\/\",\"url\":\"https:\/\/floristeriasantibella.com\/producto\/ramo-para-grado-de-medicina\/\",\"name\":\"Ramo para grado de medicina - Floristeria Santibella\",\"isPartOf\":{\"@id\":\"https:\/\/floristeriasantibella.com\/#website\"},\"primaryImageOfPage\":{\"@id\":\"https:\/\/floristeriasantibella.com\/producto\/ramo-para-grado-de-medicina\/#primaryimage\"},\"image\":{\"@id\":\"https:\/\/floristeriasantibella.com\/producto\/ramo-para-grado-de-medicina\/#primaryimage\"},\"thumbnailUrl\":\"https:\/\/floristeriasantibella.com\/wp-content\/uploads\/2026\/04\/Floristeria-70.jpg\",\"datePublished\":\"2026-04-20T23:36:12+00:00\",\"description\":\"Ramo de 100 rosas rojas personalizado para doctor, ideal para graduaciones y celebraciones especiales. Domicilios en Medell\u00edn y Valle de Aburr\u00e1.\",\"breadcrumb\":{\"@id\":\"https:\/\/floristeriasantibella.com\/producto\/ramo-para-grado-de-medicina\/#breadcrumb\"},\"inLanguage\":\"en-US\",\"potentialAction\":[{\"@type\":\"ReadAction\",\"target\":[\"https:\/\/floristeriasantibella.com\/producto\/ramo-para-grado-de-medicina\/\"]}]},{\"@type\":\"ImageObject\",\"inLanguage\":\"en-US\",\"@id\":\"https:\/\/floristeriasantibella.com\/producto\/ramo-para-grado-de-medicina\/#primaryimage\",\"url\":\"https:\/\/floristeriasantibella.com\/wp-content\/uploads\/2026\/04\/Floristeria-70.jpg\",\"contentUrl\":\"https:\/\/floristeriasantibella.com\/wp-content\/uploads\/2026\/04\/Floristeria-70.jpg\",\"width\":500,\"height\":500},{\"@type\":\"BreadcrumbList\",\"@id\":\"https:\/\/floristeriasantibella.com\/producto\/ramo-para-grado-de-medicina\/#breadcrumb\",\"itemListElement\":[{\"@type\":\"ListItem\",\"position\":1,\"name\":\"Home\",\"item\":\"https:\/\/floristeriasantibella.com\/\"},{\"@type\":\"ListItem\",\"position\":2,\"name\":\"Tienda\",\"item\":\"https:\/\/floristeriasantibella.com\/tienda\/\"},{\"@type\":\"ListItem\",\"position\":3,\"name\":\"Ramo para grado de medicina\"}]},{\"@type\":\"WebSite\",\"@id\":\"https:\/\/floristeriasantibella.com\/#website\",\"url\":\"https:\/\/floristeriasantibella.com\/\",\"name\":\"Floristeria Santibella\",\"description\":\"Env\u00eda flores a Medell\u00edn desde cualquier parte del mundo. Entregas r\u00e1pidas, dise\u00f1os personalizados y atenci\u00f3n de calidad. \u00a1Compra ahora online!\",\"publisher\":{\"@id\":\"https:\/\/floristeriasantibella.com\/#organization\"},\"potentialAction\":[{\"@type\":\"SearchAction\",\"target\":{\"@type\":\"EntryPoint\",\"urlTemplate\":\"https:\/\/floristeriasantibella.com\/?s={search_term_string}\"},\"query-input\":{\"@type\":\"PropertyValueSpecification\",\"valueRequired\":true,\"valueName\":\"search_term_string\"}}],\"inLanguage\":\"en-US\"},{\"@type\":\"Organization\",\"@id\":\"https:\/\/floristeriasantibella.com\/#organization\",\"name\":\"Floristeria Santibella\",\"url\":\"https:\/\/floristeriasantibella.com\/\",\"logo\":{\"@type\":\"ImageObject\",\"inLanguage\":\"en-US\",\"@id\":\"https:\/\/floristeriasantibella.com\/#\/schema\/logo\/image\/\",\"url\":\"http:\/\/floristeriasantibella.com\/wp-content\/uploads\/2025\/07\/LOGO-SANTIBELLA-03.png\",\"contentUrl\":\"http:\/\/floristeriasantibella.com\/wp-content\/uploads\/2025\/07\/LOGO-SANTIBELLA-03.png\",\"width\":1080,\"height\":1080,\"caption\":\"Floristeria Santibella\"},\"image\":{\"@id\":\"https:\/\/floristeriasantibella.com\/#\/schema\/logo\/image\/\"}}]}<\/script>\n<!-- \/ Yoast SEO plugin. -->","yoast_head_json":{"title":"Ramo para grado de medicina - Floristeria Santibella","description":"Ramo de 100 rosas rojas personalizado para doctor, ideal para graduaciones y celebraciones especiales. Domicilios en Medell\u00edn y Valle de Aburr\u00e1.","robots":{"index":"index","follow":"follow","max-snippet":"max-snippet:-1","max-image-preview":"max-image-preview:large","max-video-preview":"max-video-preview:-1"},"canonical":"https:\/\/floristeriasantibella.com\/en\/product\/ramo-para-grado-de-medicina\/","og_locale":"en_US","og_type":"article","og_title":"Ramo para grado de medicina - Floristeria Santibella","og_description":"Ramo de 100 rosas rojas personalizado para doctor, ideal para graduaciones y celebraciones especiales. Domicilios en Medell\u00edn y Valle de Aburr\u00e1.","og_url":"https:\/\/floristeriasantibella.com\/en\/product\/ramo-para-grado-de-medicina\/","og_site_name":"Floristeria Santibella","og_image":[{"width":500,"height":500,"url":"https:\/\/floristeriasantibella.com\/wp-content\/uploads\/2026\/04\/Floristeria-70.jpg","type":"image\/jpeg"}],"twitter_card":"summary_large_image","twitter_misc":{"Est. reading time":"1 minute"},"schema":{"@context":"https:\/\/schema.org","@graph":[{"@type":"WebPage","@id":"https:\/\/floristeriasantibella.com\/producto\/ramo-para-grado-de-medicina\/","url":"https:\/\/floristeriasantibella.com\/producto\/ramo-para-grado-de-medicina\/","name":"Ramo para grado de medicina - Floristeria Santibella","isPartOf":{"@id":"https:\/\/floristeriasantibella.com\/#website"},"primaryImageOfPage":{"@id":"https:\/\/floristeriasantibella.com\/producto\/ramo-para-grado-de-medicina\/#primaryimage"},"image":{"@id":"https:\/\/floristeriasantibella.com\/producto\/ramo-para-grado-de-medicina\/#primaryimage"},"thumbnailUrl":"https:\/\/floristeriasantibella.com\/wp-content\/uploads\/2026\/04\/Floristeria-70.jpg","datePublished":"2026-04-20T23:36:12+00:00","description":"Ramo de 100 rosas rojas personalizado para doctor, ideal para graduaciones y celebraciones especiales. Domicilios en Medell\u00edn y Valle de Aburr\u00e1.","breadcrumb":{"@id":"https:\/\/floristeriasantibella.com\/producto\/ramo-para-grado-de-medicina\/#breadcrumb"},"inLanguage":"en-US","potentialAction":[{"@type":"ReadAction","target":["https:\/\/floristeriasantibella.com\/producto\/ramo-para-grado-de-medicina\/"]}]},{"@type":"ImageObject","inLanguage":"en-US","@id":"https:\/\/floristeriasantibella.com\/producto\/ramo-para-grado-de-medicina\/#primaryimage","url":"https:\/\/floristeriasantibella.com\/wp-content\/uploads\/2026\/04\/Floristeria-70.jpg","contentUrl":"https:\/\/floristeriasantibella.com\/wp-content\/uploads\/2026\/04\/Floristeria-70.jpg","width":500,"height":500},{"@type":"BreadcrumbList","@id":"https:\/\/floristeriasantibella.com\/producto\/ramo-para-grado-de-medicina\/#breadcrumb","itemListElement":[{"@type":"ListItem","position":1,"name":"Home","item":"https:\/\/floristeriasantibella.com\/"},{"@type":"ListItem","position":2,"name":"Tienda","item":"https:\/\/floristeriasantibella.com\/tienda\/"},{"@type":"ListItem","position":3,"name":"Ramo para grado de medicina"}]},{"@type":"WebSite","@id":"https:\/\/floristeriasantibella.com\/#website","url":"https:\/\/floristeriasantibella.com\/","name":"Floristeria Santibella","description":"Env\u00eda flores a Medell\u00edn desde cualquier parte del mundo. Entregas r\u00e1pidas, dise\u00f1os personalizados y atenci\u00f3n de calidad. \u00a1Compra ahora online!","publisher":{"@id":"https:\/\/floristeriasantibella.com\/#organization"},"potentialAction":[{"@type":"SearchAction","target":{"@type":"EntryPoint","urlTemplate":"https:\/\/floristeriasantibella.com\/?s={search_term_string}"},"query-input":{"@type":"PropertyValueSpecification","valueRequired":true,"valueName":"search_term_string"}}],"inLanguage":"en-US"},{"@type":"Organization","@id":"https:\/\/floristeriasantibella.com\/#organization","name":"Floristeria Santibella","url":"https:\/\/floristeriasantibella.com\/","logo":{"@type":"ImageObject","inLanguage":"en-US","@id":"https:\/\/floristeriasantibella.com\/#\/schema\/logo\/image\/","url":"http:\/\/floristeriasantibella.com\/wp-content\/uploads\/2025\/07\/LOGO-SANTIBELLA-03.png","contentUrl":"http:\/\/floristeriasantibella.com\/wp-content\/uploads\/2025\/07\/LOGO-SANTIBELLA-03.png","width":1080,"height":1080,"caption":"Floristeria Santibella"},"image":{"@id":"https:\/\/floristeriasantibella.com\/#\/schema\/logo\/image\/"}}]}},"jetpack_sharing_enabled":true,"_links":{"self":[{"href":"https:\/\/floristeriasantibella.com\/en\/wp-json\/wp\/v2\/product\/32058","targetHints":{"allow":["GET"]}}],"collection":[{"href":"https:\/\/floristeriasantibella.com\/en\/wp-json\/wp\/v2\/product"}],"about":[{"href":"https:\/\/floristeriasantibella.com\/en\/wp-json\/wp\/v2\/types\/product"}],"replies":[{"embeddable":true,"href":"https:\/\/floristeriasantibella.com\/en\/wp-json\/wp\/v2\/comments?post=32058"}],"version-history":[{"count":1,"href":"https:\/\/floristeriasantibella.com\/en\/wp-json\/wp\/v2\/product\/32058\/revisions"}],"predecessor-version":[{"id":32060,"href":"https:\/\/floristeriasantibella.com\/en\/wp-json\/wp\/v2\/product\/32058\/revisions\/32060"}],"wp:featuredmedia":[{"embeddable":true,"href":"https:\/\/floristeriasantibella.com\/en\/wp-json\/wp\/v2\/media\/32059"}],"wp:attachment":[{"href":"https:\/\/floristeriasantibella.com\/en\/wp-json\/wp\/v2\/media?parent=32058"}],"wp:term":[{"taxonomy":"product_brand","embeddable":true,"href":"https:\/\/floristeriasantibella.com\/en\/wp-json\/wp\/v2\/product_brand?post=32058"},{"taxonomy":"product_cat","embeddable":true,"href":"https:\/\/floristeriasantibella.com\/en\/wp-json\/wp\/v2\/product_cat?post=32058"},{"taxonomy":"product_tag","embeddable":true,"href":"https:\/\/floristeriasantibella.com\/en\/wp-json\/wp\/v2\/product_tag?post=32058"}],"curies":[{"name":"wp","href":"https:\/\/api.w.org\/{rel}","templated":true}]}}