{"id":32064,"date":"2026-04-20T23:45:31","date_gmt":"2026-04-20T23:45:31","guid":{"rendered":"https:\/\/floristeriasantibella.com\/?post_type=product&#038;p=32064"},"modified":"2026-04-21T02:09:13","modified_gmt":"2026-04-21T02:09:13","slug":"ramo-de-graduacion-con-rosas-rosadas-y-blancas","status":"publish","type":"product","link":"https:\/\/floristeriasantibella.com\/en\/product\/ramo-de-graduacion-con-rosas-rosadas-y-blancas\/","title":{"rendered":"Ramo de Graduaci\u00f3n con Rosas Rosadas y Blancas"},"content":{"rendered":"<p>Celebra un logro inolvidable con este hermoso ramo de graduaci\u00f3n elaborado con 36 rosas rosadas y blancas, un dise\u00f1o floral elegante, delicado y lleno de significado. Su combinaci\u00f3n de tonos suaves transmite admiraci\u00f3n, orgullo, ternura y alegr\u00eda, convirti\u00e9ndolo en el detalle perfecto para felicitar a esa persona especial en uno de los momentos m\u00e1s importantes de su vida.<\/p>\n<p>Realizamos <strong data-start=\"1056\" data-end=\"1100\">domicilios en Medell\u00edn y Valle de Aburr\u00e1<\/strong>, para que puedas enviar este hermoso ramo de graduaci\u00f3n con confianza y sorprender con un detalle lleno de emoci\u00f3n, belleza y significado.<\/p>","protected":false},"excerpt":{"rendered":"<p>Hermoso ramo de graduaci\u00f3n con 36 rosas rosadas y blancas, ideal para felicitar con un detalle elegante, delicado y especial. Domicilios en Medell\u00edn y Valle de Aburr\u00e1.<\/p>","protected":false},"featured_media":32067,"comment_status":"open","ping_status":"closed","template":"","meta":[],"product_brand":[],"product_cat":[97,72],"product_tag":[],"class_list":{"0":"post-32064","1":"product","2":"type-product","3":"status-publish","4":"has-post-thumbnail","6":"product_cat-grados","7":"product_cat-ocasiones","9":"first","10":"instock","11":"shipping-taxable","12":"purchasable","13":"product-type-simple"},"yoast_head":"<!-- This site is optimized with the Yoast SEO plugin v25.3.1 - https:\/\/yoast.com\/wordpress\/plugins\/seo\/ -->\n<title>Ramo de Graduaci\u00f3n con Rosas Rosadas y Blancas - Floristeria Santibella<\/title>\n<meta name=\"description\" content=\"Ramo de graduaci\u00f3n con 36 rosas rosadas y blancas, ideal para celebrar logros acad\u00e9micos con elegancia. Domicilios en Medell\u00edn y Valle de Aburr\u00e1.\" \/>\n<meta name=\"robots\" content=\"index, follow, max-snippet:-1, max-image-preview:large, max-video-preview:-1\" \/>\n<link rel=\"canonical\" href=\"https:\/\/floristeriasantibella.com\/en\/product\/ramo-de-graduacion-con-rosas-rosadas-y-blancas\/\" \/>\n<meta property=\"og:locale\" content=\"en_US\" \/>\n<meta property=\"og:type\" content=\"article\" \/>\n<meta property=\"og:title\" content=\"Ramo de Graduaci\u00f3n con Rosas Rosadas y Blancas - Floristeria Santibella\" \/>\n<meta property=\"og:description\" content=\"Ramo de graduaci\u00f3n con 36 rosas rosadas y blancas, ideal para celebrar logros acad\u00e9micos con elegancia. Domicilios en Medell\u00edn y Valle de Aburr\u00e1.\" \/>\n<meta property=\"og:url\" content=\"https:\/\/floristeriasantibella.com\/en\/product\/ramo-de-graduacion-con-rosas-rosadas-y-blancas\/\" \/>\n<meta property=\"og:site_name\" content=\"Floristeria Santibella\" \/>\n<meta property=\"article:modified_time\" content=\"2026-04-21T02:09:13+00:00\" \/>\n<meta property=\"og:image\" content=\"https:\/\/floristeriasantibella.com\/wp-content\/uploads\/2026\/04\/Floristeria-74.jpg\" \/>\n\t<meta property=\"og:image:width\" content=\"500\" \/>\n\t<meta property=\"og:image:height\" content=\"500\" \/>\n\t<meta property=\"og:image:type\" content=\"image\/jpeg\" \/>\n<meta name=\"twitter:card\" content=\"summary_large_image\" \/>\n<meta name=\"twitter:label1\" content=\"Est. reading time\" \/>\n\t<meta name=\"twitter:data1\" content=\"1 minute\" \/>\n<script type=\"application\/ld+json\" class=\"yoast-schema-graph\">{\"@context\":\"https:\/\/schema.org\",\"@graph\":[{\"@type\":\"WebPage\",\"@id\":\"https:\/\/floristeriasantibella.com\/producto\/ramo-de-graduacion-con-rosas-rosadas-y-blancas\/\",\"url\":\"https:\/\/floristeriasantibella.com\/producto\/ramo-de-graduacion-con-rosas-rosadas-y-blancas\/\",\"name\":\"Ramo de Graduaci\u00f3n con Rosas Rosadas y Blancas - Floristeria Santibella\",\"isPartOf\":{\"@id\":\"https:\/\/floristeriasantibella.com\/#website\"},\"primaryImageOfPage\":{\"@id\":\"https:\/\/floristeriasantibella.com\/producto\/ramo-de-graduacion-con-rosas-rosadas-y-blancas\/#primaryimage\"},\"image\":{\"@id\":\"https:\/\/floristeriasantibella.com\/producto\/ramo-de-graduacion-con-rosas-rosadas-y-blancas\/#primaryimage\"},\"thumbnailUrl\":\"https:\/\/floristeriasantibella.com\/wp-content\/uploads\/2026\/04\/Floristeria-74.jpg\",\"datePublished\":\"2026-04-20T23:45:31+00:00\",\"dateModified\":\"2026-04-21T02:09:13+00:00\",\"description\":\"Ramo de graduaci\u00f3n con 36 rosas rosadas y blancas, ideal para celebrar logros acad\u00e9micos con elegancia. Domicilios en Medell\u00edn y Valle de Aburr\u00e1.\",\"breadcrumb\":{\"@id\":\"https:\/\/floristeriasantibella.com\/producto\/ramo-de-graduacion-con-rosas-rosadas-y-blancas\/#breadcrumb\"},\"inLanguage\":\"en-US\",\"potentialAction\":[{\"@type\":\"ReadAction\",\"target\":[\"https:\/\/floristeriasantibella.com\/producto\/ramo-de-graduacion-con-rosas-rosadas-y-blancas\/\"]}]},{\"@type\":\"ImageObject\",\"inLanguage\":\"en-US\",\"@id\":\"https:\/\/floristeriasantibella.com\/producto\/ramo-de-graduacion-con-rosas-rosadas-y-blancas\/#primaryimage\",\"url\":\"https:\/\/floristeriasantibella.com\/wp-content\/uploads\/2026\/04\/Floristeria-74.jpg\",\"contentUrl\":\"https:\/\/floristeriasantibella.com\/wp-content\/uploads\/2026\/04\/Floristeria-74.jpg\",\"width\":500,\"height\":500},{\"@type\":\"BreadcrumbList\",\"@id\":\"https:\/\/floristeriasantibella.com\/producto\/ramo-de-graduacion-con-rosas-rosadas-y-blancas\/#breadcrumb\",\"itemListElement\":[{\"@type\":\"ListItem\",\"position\":1,\"name\":\"Home\",\"item\":\"https:\/\/floristeriasantibella.com\/\"},{\"@type\":\"ListItem\",\"position\":2,\"name\":\"Tienda\",\"item\":\"https:\/\/floristeriasantibella.com\/tienda\/\"},{\"@type\":\"ListItem\",\"position\":3,\"name\":\"Ramo de Graduaci\u00f3n con Rosas Rosadas y Blancas\"}]},{\"@type\":\"WebSite\",\"@id\":\"https:\/\/floristeriasantibella.com\/#website\",\"url\":\"https:\/\/floristeriasantibella.com\/\",\"name\":\"Floristeria Santibella\",\"description\":\"Env\u00eda flores a Medell\u00edn desde cualquier parte del mundo. Entregas r\u00e1pidas, dise\u00f1os personalizados y atenci\u00f3n de calidad. \u00a1Compra ahora online!\",\"publisher\":{\"@id\":\"https:\/\/floristeriasantibella.com\/#organization\"},\"potentialAction\":[{\"@type\":\"SearchAction\",\"target\":{\"@type\":\"EntryPoint\",\"urlTemplate\":\"https:\/\/floristeriasantibella.com\/?s={search_term_string}\"},\"query-input\":{\"@type\":\"PropertyValueSpecification\",\"valueRequired\":true,\"valueName\":\"search_term_string\"}}],\"inLanguage\":\"en-US\"},{\"@type\":\"Organization\",\"@id\":\"https:\/\/floristeriasantibella.com\/#organization\",\"name\":\"Floristeria Santibella\",\"url\":\"https:\/\/floristeriasantibella.com\/\",\"logo\":{\"@type\":\"ImageObject\",\"inLanguage\":\"en-US\",\"@id\":\"https:\/\/floristeriasantibella.com\/#\/schema\/logo\/image\/\",\"url\":\"http:\/\/floristeriasantibella.com\/wp-content\/uploads\/2025\/07\/LOGO-SANTIBELLA-03.png\",\"contentUrl\":\"http:\/\/floristeriasantibella.com\/wp-content\/uploads\/2025\/07\/LOGO-SANTIBELLA-03.png\",\"width\":1080,\"height\":1080,\"caption\":\"Floristeria Santibella\"},\"image\":{\"@id\":\"https:\/\/floristeriasantibella.com\/#\/schema\/logo\/image\/\"}}]}<\/script>\n<!-- \/ Yoast SEO plugin. -->","yoast_head_json":{"title":"Ramo de Graduaci\u00f3n con Rosas Rosadas y Blancas - Floristeria Santibella","description":"Ramo de graduaci\u00f3n con 36 rosas rosadas y blancas, ideal para celebrar logros acad\u00e9micos con elegancia. Domicilios en Medell\u00edn y Valle de Aburr\u00e1.","robots":{"index":"index","follow":"follow","max-snippet":"max-snippet:-1","max-image-preview":"max-image-preview:large","max-video-preview":"max-video-preview:-1"},"canonical":"https:\/\/floristeriasantibella.com\/en\/product\/ramo-de-graduacion-con-rosas-rosadas-y-blancas\/","og_locale":"en_US","og_type":"article","og_title":"Ramo de Graduaci\u00f3n con Rosas Rosadas y Blancas - Floristeria Santibella","og_description":"Ramo de graduaci\u00f3n con 36 rosas rosadas y blancas, ideal para celebrar logros acad\u00e9micos con elegancia. Domicilios en Medell\u00edn y Valle de Aburr\u00e1.","og_url":"https:\/\/floristeriasantibella.com\/en\/product\/ramo-de-graduacion-con-rosas-rosadas-y-blancas\/","og_site_name":"Floristeria Santibella","article_modified_time":"2026-04-21T02:09:13+00:00","og_image":[{"width":500,"height":500,"url":"https:\/\/floristeriasantibella.com\/wp-content\/uploads\/2026\/04\/Floristeria-74.jpg","type":"image\/jpeg"}],"twitter_card":"summary_large_image","twitter_misc":{"Est. reading time":"1 minute"},"schema":{"@context":"https:\/\/schema.org","@graph":[{"@type":"WebPage","@id":"https:\/\/floristeriasantibella.com\/producto\/ramo-de-graduacion-con-rosas-rosadas-y-blancas\/","url":"https:\/\/floristeriasantibella.com\/producto\/ramo-de-graduacion-con-rosas-rosadas-y-blancas\/","name":"Ramo de Graduaci\u00f3n con Rosas Rosadas y Blancas - Floristeria Santibella","isPartOf":{"@id":"https:\/\/floristeriasantibella.com\/#website"},"primaryImageOfPage":{"@id":"https:\/\/floristeriasantibella.com\/producto\/ramo-de-graduacion-con-rosas-rosadas-y-blancas\/#primaryimage"},"image":{"@id":"https:\/\/floristeriasantibella.com\/producto\/ramo-de-graduacion-con-rosas-rosadas-y-blancas\/#primaryimage"},"thumbnailUrl":"https:\/\/floristeriasantibella.com\/wp-content\/uploads\/2026\/04\/Floristeria-74.jpg","datePublished":"2026-04-20T23:45:31+00:00","dateModified":"2026-04-21T02:09:13+00:00","description":"Ramo de graduaci\u00f3n con 36 rosas rosadas y blancas, ideal para celebrar logros acad\u00e9micos con elegancia. Domicilios en Medell\u00edn y Valle de Aburr\u00e1.","breadcrumb":{"@id":"https:\/\/floristeriasantibella.com\/producto\/ramo-de-graduacion-con-rosas-rosadas-y-blancas\/#breadcrumb"},"inLanguage":"en-US","potentialAction":[{"@type":"ReadAction","target":["https:\/\/floristeriasantibella.com\/producto\/ramo-de-graduacion-con-rosas-rosadas-y-blancas\/"]}]},{"@type":"ImageObject","inLanguage":"en-US","@id":"https:\/\/floristeriasantibella.com\/producto\/ramo-de-graduacion-con-rosas-rosadas-y-blancas\/#primaryimage","url":"https:\/\/floristeriasantibella.com\/wp-content\/uploads\/2026\/04\/Floristeria-74.jpg","contentUrl":"https:\/\/floristeriasantibella.com\/wp-content\/uploads\/2026\/04\/Floristeria-74.jpg","width":500,"height":500},{"@type":"BreadcrumbList","@id":"https:\/\/floristeriasantibella.com\/producto\/ramo-de-graduacion-con-rosas-rosadas-y-blancas\/#breadcrumb","itemListElement":[{"@type":"ListItem","position":1,"name":"Home","item":"https:\/\/floristeriasantibella.com\/"},{"@type":"ListItem","position":2,"name":"Tienda","item":"https:\/\/floristeriasantibella.com\/tienda\/"},{"@type":"ListItem","position":3,"name":"Ramo de Graduaci\u00f3n con Rosas Rosadas y Blancas"}]},{"@type":"WebSite","@id":"https:\/\/floristeriasantibella.com\/#website","url":"https:\/\/floristeriasantibella.com\/","name":"Floristeria Santibella","description":"Env\u00eda flores a Medell\u00edn desde cualquier parte del mundo. Entregas r\u00e1pidas, dise\u00f1os personalizados y atenci\u00f3n de calidad. \u00a1Compra ahora online!","publisher":{"@id":"https:\/\/floristeriasantibella.com\/#organization"},"potentialAction":[{"@type":"SearchAction","target":{"@type":"EntryPoint","urlTemplate":"https:\/\/floristeriasantibella.com\/?s={search_term_string}"},"query-input":{"@type":"PropertyValueSpecification","valueRequired":true,"valueName":"search_term_string"}}],"inLanguage":"en-US"},{"@type":"Organization","@id":"https:\/\/floristeriasantibella.com\/#organization","name":"Floristeria Santibella","url":"https:\/\/floristeriasantibella.com\/","logo":{"@type":"ImageObject","inLanguage":"en-US","@id":"https:\/\/floristeriasantibella.com\/#\/schema\/logo\/image\/","url":"http:\/\/floristeriasantibella.com\/wp-content\/uploads\/2025\/07\/LOGO-SANTIBELLA-03.png","contentUrl":"http:\/\/floristeriasantibella.com\/wp-content\/uploads\/2025\/07\/LOGO-SANTIBELLA-03.png","width":1080,"height":1080,"caption":"Floristeria Santibella"},"image":{"@id":"https:\/\/floristeriasantibella.com\/#\/schema\/logo\/image\/"}}]}},"jetpack_sharing_enabled":true,"_links":{"self":[{"href":"https:\/\/floristeriasantibella.com\/en\/wp-json\/wp\/v2\/product\/32064","targetHints":{"allow":["GET"]}}],"collection":[{"href":"https:\/\/floristeriasantibella.com\/en\/wp-json\/wp\/v2\/product"}],"about":[{"href":"https:\/\/floristeriasantibella.com\/en\/wp-json\/wp\/v2\/types\/product"}],"replies":[{"embeddable":true,"href":"https:\/\/floristeriasantibella.com\/en\/wp-json\/wp\/v2\/comments?post=32064"}],"version-history":[{"count":1,"href":"https:\/\/floristeriasantibella.com\/en\/wp-json\/wp\/v2\/product\/32064\/revisions"}],"predecessor-version":[{"id":32066,"href":"https:\/\/floristeriasantibella.com\/en\/wp-json\/wp\/v2\/product\/32064\/revisions\/32066"}],"wp:featuredmedia":[{"embeddable":true,"href":"https:\/\/floristeriasantibella.com\/en\/wp-json\/wp\/v2\/media\/32067"}],"wp:attachment":[{"href":"https:\/\/floristeriasantibella.com\/en\/wp-json\/wp\/v2\/media?parent=32064"}],"wp:term":[{"taxonomy":"product_brand","embeddable":true,"href":"https:\/\/floristeriasantibella.com\/en\/wp-json\/wp\/v2\/product_brand?post=32064"},{"taxonomy":"product_cat","embeddable":true,"href":"https:\/\/floristeriasantibella.com\/en\/wp-json\/wp\/v2\/product_cat?post=32064"},{"taxonomy":"product_tag","embeddable":true,"href":"https:\/\/floristeriasantibella.com\/en\/wp-json\/wp\/v2\/product_tag?post=32064"}],"curies":[{"name":"wp","href":"https:\/\/api.w.org\/{rel}","templated":true}]}}